{"id":592,"date":"2018-12-27T12:29:37","date_gmt":"2018-12-27T11:29:37","guid":{"rendered":"http:\/\/agora.xtec.cat\/escolasetelsis\/?page_id=592"},"modified":"2026-04-15T12:07:34","modified_gmt":"2026-04-15T10:07:34","slug":"documents-de-centre","status":"publish","type":"page","link":"https:\/\/agora.xtec.cat\/escolasetelsis\/organitzacio-i-gestio\/documents-de-centre\/","title":{"rendered":"DOCUMENTS DE CENTRE"},"content":{"rendered":"<p style=\"text-align: center;\"><strong><a href=\"https:\/\/drive.google.com\/file\/d\/1vkRqZ7B-hPt8QC7Jm0JwJmwTkAqjz47R\/view?usp=sharing\">PROJECTE DE DIRECCI\u00d3 24\/25 &#8211; 27\/28<\/a><\/strong><\/p>\n<p style=\"text-align: center;\"><strong><a href=\"https:\/\/drive.google.com\/file\/d\/1O_Y_u0I4ODlfjroodJZ5gCI_G25NLzLk\/view?usp=sharing\">PROJECTE EDUCATIU<\/a><\/strong><\/p>\n<p style=\"text-align: center;\"><strong><a href=\"https:\/\/drive.google.com\/file\/d\/1IPULTo15Pfuv2KjnuvuynUjPpHV_t02O\/view?usp=sharing\">PROJECTE LING\u00dc\u00cdSTIC<\/a><\/strong><\/p>\n<p style=\"text-align: center;\"><a href=\"https:\/\/drive.google.com\/file\/d\/1bqWeEZrGzWWLge6WW-bmfn5zocS2tRJl\/view?usp=sharing\"><strong>NOFC<\/strong><\/a><\/p>\n<p style=\"text-align: center;\"><a href=\"https:\/\/agora.xtec.cat\/escolasetelsis\/wp-content\/uploads\/usu1650\/2023\/09\/20230924_151231_0000-e1695561299587.png\"><img loading=\"lazy\" decoding=\"async\" class=\"aligncenter wp-image-9356\" src=\"https:\/\/agora.xtec.cat\/escolasetelsis\/wp-content\/uploads\/usu1650\/2023\/09\/20230924_151231_0000-e1695561299587-1024x264.png\" alt=\"\" width=\"194\" height=\"50\" srcset=\"https:\/\/agora.xtec.cat\/escolasetelsis\/wp-content\/uploads\/usu1650\/2023\/09\/20230924_151231_0000-e1695561299587-1024x264.png 1024w, https:\/\/agora.xtec.cat\/escolasetelsis\/wp-content\/uploads\/usu1650\/2023\/09\/20230924_151231_0000-e1695561299587-300x77.png 300w, https:\/\/agora.xtec.cat\/escolasetelsis\/wp-content\/uploads\/usu1650\/2023\/09\/20230924_151231_0000-e1695561299587-768x198.png 768w, https:\/\/agora.xtec.cat\/escolasetelsis\/wp-content\/uploads\/usu1650\/2023\/09\/20230924_151231_0000-e1695561299587.png 1080w\" sizes=\"auto, (max-width: 194px) 100vw, 194px\" \/><\/a><\/p>\n<p style=\"text-align: center;\"><a href=\"https:\/\/drive.google.com\/file\/d\/1rGWHsn9-kRhh4vBtIMB6GLzK4MUELaQN\/view?usp=sharing\"><strong>PLA DE COMUNICACI\u00d3 DE CENTRE<\/strong><\/a><\/p>\n<p style=\"text-align: center;\"><strong><a href=\"https:\/\/drive.google.com\/file\/d\/1f4V1BNYr88jPZ4LLij5fVd71sK9INGap\/view?usp=sharing\">PLA D&#8217;ACOLLIDA DOCENTS<\/a><\/strong><\/p>\n<p style=\"text-align: center;\"><strong><a href=\"https:\/\/drive.google.com\/file\/d\/1JTL8NU1zLpwXRBZKNx1SoQubVY3b9y2O\/view?usp=sharing\">PLA D&#8217;ACOLLIDA ALUMNAT \/ FAM\u00cdLIES<\/a><\/strong><\/p>\n<p style=\"text-align: center;\"><a href=\"https:\/\/drive.google.com\/file\/d\/1JxWb6uH_hS3zs4vKlcM4sAcVeYYAhVpT\/view?usp=sharing\"><strong>PLA DE FUNCIONAMENT DE MENJADOR<\/strong><\/a><\/p>\n<p style=\"text-align: center;\"><a href=\"https:\/\/drive.google.com\/file\/d\/19CX1zEBfXlTAsOMwBJpoxYaBKCIdhqtQ\/view?usp=sharing\"><strong>PLA DE FUNCIONAMENT DE TRANSPORT ESCOLAR<\/strong><\/a><\/p>\n<p style=\"text-align: center;\"><strong><a href=\"https:\/\/drive.google.com\/file\/d\/1WAHpx_5V57stqjuCVHDlX7C4qQOSnLxp\/view?usp=sharing\">PLA DE FUNCIONAMENT DE SERVEIS EXTRAESCOLARS<\/a><\/strong><\/p>\n<p style=\"text-align: center;\"><strong><a href=\"https:\/\/drive.google.com\/file\/d\/1bUZSclFislUH2o38jSnO28EZ3TFDKn8x\/view?usp=sharing\">PLA PR\u00c0CTICUM<\/a><\/strong><\/p>\n<p style=\"text-align: center;\"><strong><a href=\"https:\/\/drive.google.com\/file\/d\/1P7dOftDveNkWSlcDlCxIRilap1FkklIt\/view?usp=sharing\">PLA LECTOR<\/a><\/strong><\/p>\n<p style=\"text-align: center;\"><img loading=\"lazy\" decoding=\"async\" class=\"aligncenter wp-image-9356\" src=\"https:\/\/agora.xtec.cat\/escolasetelsis\/wp-content\/uploads\/usu1650\/2023\/09\/20230924_151231_0000-e1695561299587-1024x264.png\" alt=\"\" width=\"210\" height=\"54\" srcset=\"https:\/\/agora.xtec.cat\/escolasetelsis\/wp-content\/uploads\/usu1650\/2023\/09\/20230924_151231_0000-e1695561299587-1024x264.png 1024w, https:\/\/agora.xtec.cat\/escolasetelsis\/wp-content\/uploads\/usu1650\/2023\/09\/20230924_151231_0000-e1695561299587-300x77.png 300w, https:\/\/agora.xtec.cat\/escolasetelsis\/wp-content\/uploads\/usu1650\/2023\/09\/20230924_151231_0000-e1695561299587-768x198.png 768w, https:\/\/agora.xtec.cat\/escolasetelsis\/wp-content\/uploads\/usu1650\/2023\/09\/20230924_151231_0000-e1695561299587.png 1080w\" sizes=\"auto, (max-width: 210px) 100vw, 210px\" \/><\/p>\n<p style=\"text-align: center;\">SABERS \/ COMPET\u00c8NCIES \/ CRITERIS D&#8217;AVALUACI\u00d3<\/p>\n<p style=\"text-align: center;\"><strong>* <a href=\"https:\/\/drive.google.com\/file\/d\/1lfH6fnRfV8facbe_RbsSk7h69govl9oB\/view?usp=sharing\">LLENGUA CATALANA \/ CASTELLANA<\/a><\/strong><\/p>\n<p style=\"text-align: center;\"><strong>* <a href=\"https:\/\/drive.google.com\/file\/d\/1LXLs7EB-yPrFZHMI25pqAeYTvHWTGGUa\/view?usp=sharing\">LLENGUA ANGLESA<\/a><\/strong><\/p>\n<p style=\"text-align: center;\"><strong><a href=\"https:\/\/drive.google.com\/file\/d\/1MRxNKZpHsJokgSb8vI1MNuAOYkMebze7\/view?usp=sharing\">* MATEM\u00c0TIQUES<\/a><\/strong><\/p>\n<p style=\"text-align: center;\"><strong><a href=\"https:\/\/drive.google.com\/file\/d\/1uyTbq5vnuuhKaFqZn_hzu6aFIdpoKQ_A\/view?usp=sharing\">* MEDI NATURAL, SOCIAL I CULTURAL<\/a><\/strong><\/p>\n<p style=\"text-align: center;\"><strong>* <a href=\"https:\/\/drive.google.com\/file\/d\/16e2W5SX6W5vIolIl4AnaL-bViWnyazi6\/view?usp=sharing\">EDUCACI\u00d3 F\u00cdSICA<\/a><\/strong><\/p>\n<p style=\"text-align: center;\"><strong><a href=\"https:\/\/drive.google.com\/file\/d\/19w8xZeXY8dKB5Fpd4DbhWersepZLr5rR\/view?usp=sharing\">* EDUCACI\u00d3 ART\u00cdSTICA<\/a><\/strong><\/p>\n<p style=\"text-align: center;\"><a href=\"https:\/\/drive.google.com\/file\/d\/1sNnQ6Q3DXZFonUNH8GKWUNFsA_oupk18\/view?usp=sharing\"><strong>* COMPET\u00c8NCIA PERSONAL<\/strong><\/a><\/p>\n<p style=\"text-align: center;\"><a href=\"https:\/\/drive.google.com\/file\/d\/1xAaBsfCyH1VuKy4gSIEvl1AspE6uIVFt\/view?usp=sharing\"><strong>* COMPET\u00c8NCIA EMPRENEDORA<\/strong><\/a><\/p>\n<p style=\"text-align: center;\"><strong><a href=\"https:\/\/drive.google.com\/file\/d\/1mee3OSkdN19DfiOiHL1l9h6JbtyAC3Te\/view?usp=sharing\">* COMPET\u00c8NCIA DIGITAL<\/a><\/strong><\/p>\n<p style=\"text-align: center;\"><a href=\"https:\/\/drive.google.com\/file\/d\/11cVgXMVk0ySH4y2vVslWj-4v4Gr7MwTo\/view?usp=sharing\"><strong>* COMPET\u00c8NCIA CIUTADANA<\/strong><\/a><\/p>\n<p style=\"text-align: center;\"><a href=\"https:\/\/agora.xtec.cat\/escolasetelsis\/wp-content\/uploads\/usu1650\/2023\/09\/20230924_151231_0000-e1695561299587.png\"><img loading=\"lazy\" decoding=\"async\" class=\"aligncenter wp-image-9356\" src=\"https:\/\/agora.xtec.cat\/escolasetelsis\/wp-content\/uploads\/usu1650\/2023\/09\/20230924_151231_0000-e1695561299587-1024x264.png\" alt=\"\" width=\"209\" height=\"54\" srcset=\"https:\/\/agora.xtec.cat\/escolasetelsis\/wp-content\/uploads\/usu1650\/2023\/09\/20230924_151231_0000-e1695561299587-1024x264.png 1024w, https:\/\/agora.xtec.cat\/escolasetelsis\/wp-content\/uploads\/usu1650\/2023\/09\/20230924_151231_0000-e1695561299587-300x77.png 300w, https:\/\/agora.xtec.cat\/escolasetelsis\/wp-content\/uploads\/usu1650\/2023\/09\/20230924_151231_0000-e1695561299587-768x198.png 768w, https:\/\/agora.xtec.cat\/escolasetelsis\/wp-content\/uploads\/usu1650\/2023\/09\/20230924_151231_0000-e1695561299587.png 1080w\" sizes=\"auto, (max-width: 209px) 100vw, 209px\" \/><\/a><\/p>\n<p style=\"text-align: center;\">\n","protected":false},"excerpt":{"rendered":"<p>PROJECTE DE DIRECCI\u00d3 24\/25 &#8211; 27\/28 PROJECTE EDUCATIU PROJECTE LING\u00dc\u00cdSTIC NOFC PLA DE COMUNICACI\u00d3 DE CENTRE PLA D&#8217;ACOLLIDA DOCENTS PLA D&#8217;ACOLLIDA ALUMNAT \/ FAM\u00cdLIES PLA DE FUNCIONAMENT DE MENJADOR PLA DE FUNCIONAMENT DE TRANSPORT ESCOLAR PLA DE FUNCIONAMENT DE SERVEIS EXTRAESCOLARS PLA PR\u00c0CTICUM PLA LECTOR SABERS \/ COMPET\u00c8NCIES \/ CRITERIS D&#8217;AVALUACI\u00d3 * LLENGUA CATALANA \/ [&hellip;]<\/p>\n","protected":false},"author":1,"featured_media":0,"parent":587,"menu_order":5,"comment_status":"closed","ping_status":"closed","template":"","meta":{"_bbp_topic_count":0,"_bbp_reply_count":0,"_bbp_total_topic_count":0,"_bbp_total_reply_count":0,"_bbp_voice_count":0,"_bbp_anonymous_reply_count":0,"_bbp_topic_count_hidden":0,"_bbp_reply_count_hidden":0,"_bbp_forum_subforum_count":0,"site-sidebar-layout":"default","site-content-layout":"","ast-site-content-layout":"default","site-content-style":"default","site-sidebar-style":"default","ast-global-header-display":"","ast-banner-title-visibility":"","ast-main-header-display":"","ast-hfb-above-header-display":"","ast-hfb-below-header-display":"","ast-hfb-mobile-header-display":"","site-post-title":"","ast-breadcrumbs-content":"","ast-featured-img":"","footer-sml-layout":"","theme-transparent-header-meta":"default","adv-header-id-meta":"","stick-header-meta":"","header-above-stick-meta":"","header-main-stick-meta":"","header-below-stick-meta":"","astra-migrate-meta-layouts":"set","ast-page-background-enabled":"default","ast-page-background-meta":{"desktop":{"background-color":"var(--ast-global-color-4)","background-image":"","background-repeat":"repeat","background-position":"center center","background-size":"auto","background-attachment":"scroll","background-type":"","background-media":"","overlay-type":"","overlay-color":"","overlay-opacity":"","overlay-gradient":""},"tablet":{"background-color":"","background-image":"","background-repeat":"repeat","background-position":"center center","background-size":"auto","background-attachment":"scroll","background-type":"","background-media":"","overlay-type":"","overlay-color":"","overlay-opacity":"","overlay-gradient":""},"mobile":{"background-color":"","background-image":"","background-repeat":"repeat","background-position":"center center","background-size":"auto","background-attachment":"scroll","background-type":"","background-media":"","overlay-type":"","overlay-color":"","overlay-opacity":"","overlay-gradient":""}},"ast-content-background-meta":{"desktop":{"background-color":"var(--ast-global-color-5)","background-image":"","background-repeat":"repeat","background-position":"center center","background-size":"auto","background-attachment":"scroll","background-type":"","background-media":"","overlay-type":"","overlay-color":"","overlay-opacity":"","overlay-gradient":""},"tablet":{"background-color":"var(--ast-global-color-5)","background-image":"","background-repeat":"repeat","background-position":"center center","background-size":"auto","background-attachment":"scroll","background-type":"","background-media":"","overlay-type":"","overlay-color":"","overlay-opacity":"","overlay-gradient":""},"mobile":{"background-color":"var(--ast-global-color-5)","background-image":"","background-repeat":"repeat","background-position":"center center","background-size":"auto","background-attachment":"scroll","background-type":"","background-media":"","overlay-type":"","overlay-color":"","overlay-opacity":"","overlay-gradient":""}},"footnotes":""},"class_list":["post-592","page","type-page","status-publish","hentry"],"post_mailing_queue_ids":[],"_links":{"self":[{"href":"https:\/\/agora.xtec.cat\/escolasetelsis\/wp-json\/wp\/v2\/pages\/592","targetHints":{"allow":["GET"]}}],"collection":[{"href":"https:\/\/agora.xtec.cat\/escolasetelsis\/wp-json\/wp\/v2\/pages"}],"about":[{"href":"https:\/\/agora.xtec.cat\/escolasetelsis\/wp-json\/wp\/v2\/types\/page"}],"author":[{"embeddable":true,"href":"https:\/\/agora.xtec.cat\/escolasetelsis\/wp-json\/wp\/v2\/users\/1"}],"replies":[{"embeddable":true,"href":"https:\/\/agora.xtec.cat\/escolasetelsis\/wp-json\/wp\/v2\/comments?post=592"}],"version-history":[{"count":7,"href":"https:\/\/agora.xtec.cat\/escolasetelsis\/wp-json\/wp\/v2\/pages\/592\/revisions"}],"predecessor-version":[{"id":14080,"href":"https:\/\/agora.xtec.cat\/escolasetelsis\/wp-json\/wp\/v2\/pages\/592\/revisions\/14080"}],"up":[{"embeddable":true,"href":"https:\/\/agora.xtec.cat\/escolasetelsis\/wp-json\/wp\/v2\/pages\/587"}],"wp:attachment":[{"href":"https:\/\/agora.xtec.cat\/escolasetelsis\/wp-json\/wp\/v2\/media?parent=592"}],"curies":[{"name":"wp","href":"https:\/\/api.w.org\/{rel}","templated":true}]}}