{"id":3274,"date":"2020-03-06T17:08:05","date_gmt":"2020-03-06T16:08:05","guid":{"rendered":"http:\/\/agora.xtec.cat\/escolasetelsis\/?page_id=3274"},"modified":"2026-04-13T11:37:26","modified_gmt":"2026-04-13T09:37:26","slug":"menjador","status":"publish","type":"page","link":"https:\/\/agora.xtec.cat\/escolasetelsis\/ampa\/menjador\/","title":{"rendered":"MENJADOR"},"content":{"rendered":"<p style=\"text-align: justify;\"><span style=\"font-weight: 400;\">El servei de menjador de l\u2019Escola Setelsis de Solsona \u00e9s un servei que ofereix el centre i es gestionat per l\u2019AFA. Per poder fer \u00fas del servei de menjador cal ser<\/span><b> soci<\/b><span style=\"font-weight: 400;\"> de l\u2019AFA.<\/span><\/p>\n<p style=\"text-align: justify;\"><span style=\"font-weight: 400;\">Els <\/span><a href=\"https:\/\/agora.xtec.cat\/escolasetelsis\/serveis\/menjador-escolar\/\"><b>men\u00fas<\/b><\/a><span style=\"font-weight: 400;\"> de menjador es podran consultar al <\/span><b>Web<\/b><span style=\"font-weight: 400;\"> de l\u2019Escola.<\/span><\/p>\n<p style=\"text-align: justify;\"><span style=\"font-weight: 400;\">Aquest curs 2024-25 el servei de menjador s\u2019organitza mitjan\u00e7ant una <\/span><b>entrada esglaonada<\/b><span style=\"font-weight: 400;\"> dels grups classe, comen\u00e7ant pels m\u00e9s petits d\u2019I3 i acabant pels infants de 6\u00e8.\u00a0<\/span><\/p>\n<table style=\"width: 40.3751%; height: 298px;\">\n<tbody>\n<tr style=\"height: 10px;\">\n<td style=\"height: 10px; width: 14.8104%; text-align: left;\"><b>CURS<\/b><\/td>\n<td style=\"height: 10px; width: 34.5972%; text-align: left;\"><b>HORARI TORNS DE MENJADOR<\/b><\/td>\n<\/tr>\n<tr style=\"height: 32px;\">\n<td style=\"width: 14.8104%; text-align: left; height: 32px;\"><b>I3<\/b><\/td>\n<td style=\"height: 32px; width: 34.5972%;\">12.30 &#8211; 13.00<\/td>\n<\/tr>\n<tr style=\"height: 32px;\">\n<td style=\"width: 14.8104%; text-align: left; height: 32px;\"><b>I4<\/b><\/td>\n<td style=\"height: 32px; width: 34.5972%;\">12.30 &#8211; 13.00<\/td>\n<\/tr>\n<tr style=\"height: 32px;\">\n<td style=\"width: 14.8104%; text-align: left; height: 32px;\"><b>I5<\/b><\/td>\n<td style=\"height: 32px; width: 34.5972%;\">12.30 &#8211; 13.00<\/td>\n<\/tr>\n<tr style=\"height: 32px;\">\n<td style=\"width: 14.8104%; text-align: left; height: 32px;\"><b>1r<\/b><\/td>\n<td style=\"height: 32px; width: 34.5972%;\">12.30 &#8211; 13.00<\/td>\n<\/tr>\n<tr style=\"height: 32px;\">\n<td style=\"width: 14.8104%; text-align: left; height: 32px;\"><b>2n<\/b><\/td>\n<td style=\"height: 32px; width: 34.5972%;\">12.30 &#8211; 13.00<\/td>\n<\/tr>\n<tr style=\"height: 32px;\">\n<td style=\"width: 14.8104%; text-align: left; height: 32px;\"><b>3r<\/b><\/td>\n<td style=\"height: 32px; width: 34.5972%;\">13.00<\/td>\n<\/tr>\n<tr style=\"height: 32px;\">\n<td style=\"width: 14.8104%; text-align: left; height: 32px;\"><b>4t<\/b><\/td>\n<td style=\"height: 32px; width: 34.5972%;\">13.15<\/td>\n<\/tr>\n<tr style=\"height: 32px;\">\n<td style=\"width: 14.8104%; text-align: left; height: 32px;\"><b>5\u00e8<\/b><\/td>\n<td style=\"height: 32px; width: 34.5972%;\">13.30<\/td>\n<\/tr>\n<tr style=\"height: 32px;\">\n<td style=\"width: 14.8104%; text-align: left; height: 32px;\"><b>6\u00e8<\/b><\/td>\n<td style=\"height: 32px; width: 34.5972%;\">13.30<\/td>\n<\/tr>\n<\/tbody>\n<\/table>\n<p style=\"text-align: justify;\"><span style=\"font-weight: 400;\">L\u2019alumnat podr\u00e0 fer \u00fas del servei de menjador de manera <\/span><b>fixa<\/b><span style=\"font-weight: 400;\"> o <\/span><b>espor\u00e0dica<\/b><span style=\"font-weight: 400;\">:\u00a0<\/span><\/p>\n<p><b>a) Servei de menjador de FORMA FIXA:\u00a0<\/b><\/p>\n<p>S\u2019hi acull l\u2019alumnat que utilitza el servei 3, 4 o 5 dies per setmana, de manera continuada i<br \/>\namb dies definits, durant com a m\u00ednim un mes sencer.<\/p>\n<ul>\n<li>En el cas dels usuaris fixos de 3 o 4 dies, els dies de la setmana es definiran en el<br \/>\nmoment de la preinscripci\u00f3 a trav\u00e9s d\u2019AMPASOFT.<\/li>\n<li>El servei es pagar\u00e0 mitjan\u00e7ant domiciliaci\u00f3 banc\u00e0ria.<\/li>\n<\/ul>\n<p><b>b) Servei de menjador de FORMA ESPOR\u00c0DICA:\u00a0<\/b><\/p>\n<p>S\u2019hi acull l\u2019alumnat que utilitza el servei en qualsevol d\u2019aquests casos:<\/p>\n<p>&#8211; 1 o 2 dies a la setmana, ja sigui de manera fixa o espor\u00e0dica.<br \/>\n&#8211; 3, 4 o 5 dies a la setmana, per\u00f2 de manera espor\u00e0dica.<\/p>\n<p><strong>Procediment d&#8217;inscripci\u00f3<\/strong><\/p>\n<p>Abans de fer \u00fas del servei de menjador de forma espor\u00e0dica, cal realitzar la <strong>preinscripci\u00f3 mitjan\u00e7ant AMPASOFT<\/strong>. Es recomana fer-la a l\u2019inici de curs.<br \/>\nUn cop validada la preinscripci\u00f3 per part de l\u2019AFA, es podran seleccionar les assist\u00e8ncies al menjador des d\u2019AMPASOFT.<br \/>\nEl servei es pagar\u00e0 mitjan\u00e7ant <strong>domiciliaci\u00f3 banc\u00e0ria.<\/strong><\/p>\n<table>\n<tbody>\n<tr style=\"text-align: justify;\">\n<td><b>SERVEI DE MENJADOR<\/b><\/td>\n<td><b>PREUS<\/b><\/td>\n<\/tr>\n<tr style=\"text-align: justify;\">\n<td><b>DE MANERA FIXA (3, 4 o 5 dies)<\/b><\/td>\n<td><b> 6,90\u20ac \/alumne \/dia<\/b><span style=\"font-weight: 400;\">\u00a0 (domiciliaci\u00f3 banc\u00e0ria mensual)<\/span><\/td>\n<\/tr>\n<tr>\n<td style=\"text-align: justify;\"><b>DE MANERA ESPOR\u00c0DICA<\/b><\/td>\n<td><b>7,40\u20ac \/alumne \/dia<\/b><span style=\"font-weight: 400;\"> (domiciliaci\u00f3 banc\u00e0ria mensual)<\/span><\/td>\n<\/tr>\n<\/tbody>\n<\/table>\n<p style=\"text-align: justify;\">Els usuaris fixos que no puguin assistir a l\u2019escola i que comuniquin la seva abs\u00e8ncia <strong>abans de<\/strong><br \/>\n<strong>les 9:00 h no hauran de pagar el men\u00fa<\/strong> d\u2019aquell dia.<\/p>\n<p><strong>Com comunicar una abs\u00e8ncia al servei de menjador<\/strong><\/p>\n<p>Per informar de l\u2019abs\u00e8ncia, cal eliminar l\u2019assist\u00e8ncia dins de l\u2019aplicatiu AMPASOFT seguint aquests passos:<br \/>\n1. Anar a Serveis<br \/>\n2. Accedir a Gesti\u00f3 Assist\u00e8ncia Menjador<br \/>\n3. Seleccionar Assist\u00e8ncies<br \/>\n4. Eliminar l\u2019assist\u00e8ncia del dia corresponent<\/p>\n<p>\u26a0\ufe0f Si l\u2019assist\u00e8ncia no s\u2019elimina abans de les 9:00 h, es cobrar\u00e0 el men\u00fa \u00edntegre.<\/p>\n<p><strong>Al\u00b7l\u00e8rgies i intoler\u00e0ncies aliment\u00e0ries<\/strong><\/p>\n<p>En cas d\u2019al\u00b7l\u00e8rgia o intoler\u00e0ncia a determinats aliments, cal comunicar-ho via AMPASOFT mitjan\u00e7ant el formulari que trobareu a la fitxa personal de cada alumne.<br \/>\nA m\u00e9s, ser\u00e0 necessari enviar al correu de l\u2019AFA (afa@escolasetelsis.cat) la corresponent certificaci\u00f3 m\u00e8dica. Sense aquest document, no es podran oferir men\u00fas especials.<br \/>\n\ufffd Important: El certificat m\u00e8dic s\u2019ha de renovar cada curs.<\/p>\n<p><strong>Material necessari per als alumnes m\u00e9s petits<\/strong><\/p>\n<p>\u25cf Comunitat de Petits (I3, I4 i I5): Els alumnes que es quedin a dinar hauran de portar una bata per l\u2019hora de dinar.<br \/>\n\u25cb La bata es portar\u00e0 a casa els divendres per rentar-la i caldr\u00e0 tornar-la els dilluns.<br \/>\n\u25cf Alumnes d\u2019I3:<br \/>\n\u25cb Els dilluns han de portar de casa una bossa amb un llen\u00e7ol per a la migdiada.<br \/>\n\u25cb El llitet fa 53 \u00d7 130 cm, i el llen\u00e7ol haur\u00e0 de ser una mica m\u00e9s gran per cobrir-lo.<br \/>\n\u25cb Els divendres es retornar\u00e0 el llen\u00e7ol a les fam\u00edlies per rentar-lo. Si es taca durant la setmana, es lliurar\u00e0 abans i es posar\u00e0 un de net a l\u2019infant.<br \/>\n\u25cb El llen\u00e7ol ha d\u2019anar dins una bossa amb el nom de l\u2019infant marcat tant al llen\u00e7ol com a l\u2019exterior de la bossa.<\/p>\n<p><strong>Contacte per consultes o dubtes<\/strong><br \/>\n&#8211; Correu electr\u00f2nic: afa@escolasetelsis.cat<br \/>\n&#8211; Tel\u00e8fon: 647 740 670 (de 9:15 h a 11:15 h)<\/p>\n<p style=\"text-align: justify;\"><span style=\"font-weight: 400;\">Per a m\u00e9s informaci\u00f3 podeu consultar el <\/span><span style=\"font-weight: 400;\"><a href=\"https:\/\/drive.google.com\/file\/d\/12orfRlFgiNBP84Dn3nkNMVqQZi1KCfqw\/view?usp=sharing\">PLA DE FUNCIONAMENT DE MENJADOR<\/a>.<\/span><\/p>\n<p><a href=\"https:\/\/agora.xtec.cat\/escolasetelsis\/wp-content\/uploads\/usu1650\/2023\/09\/baixa-1.png\"><img loading=\"lazy\" decoding=\"async\" class=\" wp-image-9192 alignleft\" src=\"https:\/\/agora.xtec.cat\/escolasetelsis\/wp-content\/uploads\/usu1650\/2023\/09\/baixa-1.png\" alt=\"\" width=\"45\" height=\"80\" srcset=\"https:\/\/agora.xtec.cat\/escolasetelsis\/wp-content\/uploads\/usu1650\/2023\/09\/baixa-1.png 234w, https:\/\/agora.xtec.cat\/escolasetelsis\/wp-content\/uploads\/usu1650\/2023\/09\/baixa-1-167x300.png 167w\" sizes=\"auto, (max-width: 45px) 100vw, 45px\" \/><\/a><\/p>\n","protected":false},"excerpt":{"rendered":"<p>El servei de menjador de l\u2019Escola Setelsis de Solsona \u00e9s un servei que ofereix el centre i es gestionat per l\u2019AFA. Per poder fer \u00fas del servei de menjador cal ser soci de l\u2019AFA. Els men\u00fas de menjador es podran consultar al Web de l\u2019Escola. Aquest curs 2024-25 el servei de menjador s\u2019organitza mitjan\u00e7ant una [&hellip;]<\/p>\n","protected":false},"author":1,"featured_media":0,"parent":645,"menu_order":3,"comment_status":"closed","ping_status":"closed","template":"","meta":{"_bbp_topic_count":0,"_bbp_reply_count":0,"_bbp_total_topic_count":0,"_bbp_total_reply_count":0,"_bbp_voice_count":0,"_bbp_anonymous_reply_count":0,"_bbp_topic_count_hidden":0,"_bbp_reply_count_hidden":0,"_bbp_forum_subforum_count":0,"site-sidebar-layout":"default","site-content-layout":"","ast-site-content-layout":"default","site-content-style":"default","site-sidebar-style":"default","ast-global-header-display":"","ast-banner-title-visibility":"","ast-main-header-display":"","ast-hfb-above-header-display":"","ast-hfb-below-header-display":"","ast-hfb-mobile-header-display":"","site-post-title":"","ast-breadcrumbs-content":"","ast-featured-img":"","footer-sml-layout":"","theme-transparent-header-meta":"default","adv-header-id-meta":"","stick-header-meta":"","header-above-stick-meta":"","header-main-stick-meta":"","header-below-stick-meta":"","astra-migrate-meta-layouts":"set","ast-page-background-enabled":"default","ast-page-background-meta":{"desktop":{"background-color":"var(--ast-global-color-4)","background-image":"","background-repeat":"repeat","background-position":"center center","background-size":"auto","background-attachment":"scroll","background-type":"","background-media":"","overlay-type":"","overlay-color":"","overlay-opacity":"","overlay-gradient":""},"tablet":{"background-color":"","background-image":"","background-repeat":"repeat","background-position":"center center","background-size":"auto","background-attachment":"scroll","background-type":"","background-media":"","overlay-type":"","overlay-color":"","overlay-opacity":"","overlay-gradient":""},"mobile":{"background-color":"","background-image":"","background-repeat":"repeat","background-position":"center center","background-size":"auto","background-attachment":"scroll","background-type":"","background-media":"","overlay-type":"","overlay-color":"","overlay-opacity":"","overlay-gradient":""}},"ast-content-background-meta":{"desktop":{"background-color":"var(--ast-global-color-5)","background-image":"","background-repeat":"repeat","background-position":"center center","background-size":"auto","background-attachment":"scroll","background-type":"","background-media":"","overlay-type":"","overlay-color":"","overlay-opacity":"","overlay-gradient":""},"tablet":{"background-color":"var(--ast-global-color-5)","background-image":"","background-repeat":"repeat","background-position":"center center","background-size":"auto","background-attachment":"scroll","background-type":"","background-media":"","overlay-type":"","overlay-color":"","overlay-opacity":"","overlay-gradient":""},"mobile":{"background-color":"var(--ast-global-color-5)","background-image":"","background-repeat":"repeat","background-position":"center center","background-size":"auto","background-attachment":"scroll","background-type":"","background-media":"","overlay-type":"","overlay-color":"","overlay-opacity":"","overlay-gradient":""}},"footnotes":""},"class_list":["post-3274","page","type-page","status-publish","hentry"],"post_mailing_queue_ids":[],"_links":{"self":[{"href":"https:\/\/agora.xtec.cat\/escolasetelsis\/wp-json\/wp\/v2\/pages\/3274","targetHints":{"allow":["GET"]}}],"collection":[{"href":"https:\/\/agora.xtec.cat\/escolasetelsis\/wp-json\/wp\/v2\/pages"}],"about":[{"href":"https:\/\/agora.xtec.cat\/escolasetelsis\/wp-json\/wp\/v2\/types\/page"}],"author":[{"embeddable":true,"href":"https:\/\/agora.xtec.cat\/escolasetelsis\/wp-json\/wp\/v2\/users\/1"}],"replies":[{"embeddable":true,"href":"https:\/\/agora.xtec.cat\/escolasetelsis\/wp-json\/wp\/v2\/comments?post=3274"}],"version-history":[{"count":7,"href":"https:\/\/agora.xtec.cat\/escolasetelsis\/wp-json\/wp\/v2\/pages\/3274\/revisions"}],"predecessor-version":[{"id":13943,"href":"https:\/\/agora.xtec.cat\/escolasetelsis\/wp-json\/wp\/v2\/pages\/3274\/revisions\/13943"}],"up":[{"embeddable":true,"href":"https:\/\/agora.xtec.cat\/escolasetelsis\/wp-json\/wp\/v2\/pages\/645"}],"wp:attachment":[{"href":"https:\/\/agora.xtec.cat\/escolasetelsis\/wp-json\/wp\/v2\/media?parent=3274"}],"curies":[{"name":"wp","href":"https:\/\/api.w.org\/{rel}","templated":true}]}}