{"id":3225,"date":"2020-03-06T15:54:41","date_gmt":"2020-03-06T14:54:41","guid":{"rendered":"http:\/\/agora.xtec.cat\/escolasetelsis\/?page_id=3225"},"modified":"2026-04-13T11:37:45","modified_gmt":"2026-04-13T09:37:45","slug":"extraescolars","status":"publish","type":"page","link":"https:\/\/agora.xtec.cat\/escolasetelsis\/ampa\/extraescolars\/","title":{"rendered":"EXTRAESCOLARS"},"content":{"rendered":"<p>Fora de l\u2019horari lectiu s\u2019ofereix un ventall d\u2019activitats adaptades a totes les edats. Aquest curs es realitzen\u00a0 les seg\u00fcents activitats:<\/p>\n<p><a href=\"https:\/\/agora.xtec.cat\/escolasetelsis\/wp-content\/uploads\/usu1650\/2025\/09\/Horari-Extraescolars-2025_26-2025-2026_page-0001-1-1.jpg\"><img loading=\"lazy\" decoding=\"async\" class=\"aligncenter size-large wp-image-13042\" src=\"https:\/\/agora.xtec.cat\/escolasetelsis\/wp-content\/uploads\/usu1650\/2025\/09\/Horari-Extraescolars-2025_26-2025-2026_page-0001-1-1-1024x477.jpg\" alt=\"\" width=\"1024\" height=\"477\" srcset=\"https:\/\/agora.xtec.cat\/escolasetelsis\/wp-content\/uploads\/usu1650\/2025\/09\/Horari-Extraescolars-2025_26-2025-2026_page-0001-1-1-1024x477.jpg 1024w, https:\/\/agora.xtec.cat\/escolasetelsis\/wp-content\/uploads\/usu1650\/2025\/09\/Horari-Extraescolars-2025_26-2025-2026_page-0001-1-1-300x140.jpg 300w, https:\/\/agora.xtec.cat\/escolasetelsis\/wp-content\/uploads\/usu1650\/2025\/09\/Horari-Extraescolars-2025_26-2025-2026_page-0001-1-1-768x358.jpg 768w, https:\/\/agora.xtec.cat\/escolasetelsis\/wp-content\/uploads\/usu1650\/2025\/09\/Horari-Extraescolars-2025_26-2025-2026_page-0001-1-1-1536x716.jpg 1536w, https:\/\/agora.xtec.cat\/escolasetelsis\/wp-content\/uploads\/usu1650\/2025\/09\/Horari-Extraescolars-2025_26-2025-2026_page-0001-1-1.jpg 1750w\" sizes=\"auto, (max-width: 1024px) 100vw, 1024px\" \/><\/a><\/p>\n<p>M\u00e9s informaci\u00f3: <a href=\"https:\/\/drive.google.com\/file\/d\/1JF8s6xyAFkZNOyC6slAeb9ZGQ2h4LEFV\/view?usp=drivesdk\">Presentaci\u00f3 extraescolars 2025-2026<\/a><\/p>\n<p><strong>Inscripcions<\/strong><\/p>\n<p>Les inscripcions per al curs 2024-2025 es realitzaran del 8 de juliol de 2024 a les 8:00 del mat\u00ed fins al 10 d\u2019agost de 2024 a les 23:59. Les places s&#8217;assignen per ordre d\u2019inscripci\u00f3, i nom\u00e9s s&#8217;acceptaran inscripcions fora de termini si queden places lliures.<\/p>\n<p><strong>Prioritat d&#8217;inscripci\u00f3<\/strong><br \/>\nEls infants que ja feien nataci\u00f3 el curs 2023-2024 a trav\u00e9s de l\u2019AFA Setelsis tindran prioritat per reservar la pla\u00e7a el curs 2024-2025.<\/p>\n<p><strong>Com fer la inscripci\u00f3<\/strong><br \/>\n\u25cf A trav\u00e9s de l\u2019Ampasoft (cal ser soci de l\u2019AFA).<br \/>\n\u25cf Les noves fam\u00edlies podran fer-se s\u00f2cies a partir de l\u20191 de juliol.<br \/>\n\u25cf Les fam\u00edlies que ja s\u00f3n s\u00f2cies renovaran la inscripci\u00f3 autom\u00e0ticament.<\/p>\n<p><strong>Durada de les activitats<\/strong><br \/>\n\u25cf Del 16\/09\/2024 al 06\/06\/2025.<br \/>\n\u25cf Excepci\u00f3: Nataci\u00f3, del 16\/09\/2024 al 20\/06\/2025.<br \/>\n\u25cf El transport durant la jornada continuada anir\u00e0 a c\u00e0rrec de les fam\u00edlies.<\/p>\n<p><strong>Cancel\u00b7laci\u00f3 d\u2019activitats<\/strong><br \/>\nLes activitats nom\u00e9s es duran a terme si hi ha un m\u00ednim d\u2019alumnes inscrits. L\u2019AFA es reserva el dret a cancel\u00b7lar activitats abans de l\u2019inici de curs si la demanda no assoleix el m\u00ednim<br \/>\nd\u2019alumnes.<\/p>\n<p><strong>Baixes durant el curs<\/strong><br \/>\n\u25cf Activitats amb pagament mensual: es podr\u00e0 donar de baixa a finals de trimestre (finals de novembre i finals de febrer). S\u2019haur\u00e0 de pagar el trimestre en curs.<br \/>\n\u25cf Activitats amb dos pagaments: es podr\u00e0 donar de baixa durant el mes de gener.<\/p>\n<p><strong>Cobraments<\/strong><br \/>\n\u25cf Activitats amb pagament mensual: es cobrar\u00e0 a mes ven\u00e7ut (9 cobraments en total).<br \/>\n\u25cf Activitats amb dos pagaments: es duran a terme els mesos d\u2019octubre i febrer.<br \/>\n\u25cf El transport i monitoratge de Nataci\u00f3 es cobrar\u00e0 durant el mes d\u2019octubre.<\/p>\n<p><strong>Ajuts individuals<\/strong><br \/>\nPer a m\u00e9s informaci\u00f3, contactar amb Serveis Socials del Consell Comarcal del Solson\u00e8s.<\/p>\n<p><strong>Documents<\/strong><\/p>\n<p><a href=\"https:\/\/drive.google.com\/file\/d\/1NnkQWsWnXLgNr-W-et18-2ZfL1v56P7Y\/view\">AUTORITZACI\u00d3 PER SORTIR SOL D\u2019EXTRAESCOLARS<\/a><\/p>\n<p>&nbsp;<\/p>\n<div dir=\"ltr\">\n<div dir=\"ltr\">\n<p><a href=\"https:\/\/agora.xtec.cat\/escolasetelsis\/wp-content\/uploads\/usu1650\/2023\/09\/Copia-de-Copia-de-CARTELLS-GRUPS-CLASSE-1-e1694438378174.png\"><img loading=\"lazy\" decoding=\"async\" class=\"aligncenter wp-image-9223\" src=\"https:\/\/agora.xtec.cat\/escolasetelsis\/wp-content\/uploads\/usu1650\/2023\/09\/Copia-de-Copia-de-CARTELLS-GRUPS-CLASSE-1-e1694438378174-1024x218.png\" alt=\"\" width=\"234\" height=\"50\" srcset=\"https:\/\/agora.xtec.cat\/escolasetelsis\/wp-content\/uploads\/usu1650\/2023\/09\/Copia-de-Copia-de-CARTELLS-GRUPS-CLASSE-1-e1694438378174-1024x218.png 1024w, https:\/\/agora.xtec.cat\/escolasetelsis\/wp-content\/uploads\/usu1650\/2023\/09\/Copia-de-Copia-de-CARTELLS-GRUPS-CLASSE-1-e1694438378174-300x64.png 300w, https:\/\/agora.xtec.cat\/escolasetelsis\/wp-content\/uploads\/usu1650\/2023\/09\/Copia-de-Copia-de-CARTELLS-GRUPS-CLASSE-1-e1694438378174-768x163.png 768w, https:\/\/agora.xtec.cat\/escolasetelsis\/wp-content\/uploads\/usu1650\/2023\/09\/Copia-de-Copia-de-CARTELLS-GRUPS-CLASSE-1-e1694438378174-1536x326.png 1536w, https:\/\/agora.xtec.cat\/escolasetelsis\/wp-content\/uploads\/usu1650\/2023\/09\/Copia-de-Copia-de-CARTELLS-GRUPS-CLASSE-1-e1694438378174.png 1920w\" sizes=\"auto, (max-width: 234px) 100vw, 234px\" \/><\/a><\/p>\n<\/div>\n<\/div>\n","protected":false},"excerpt":{"rendered":"<p>Fora de l\u2019horari lectiu s\u2019ofereix un ventall d\u2019activitats adaptades a totes les edats. Aquest curs es realitzen\u00a0 les seg\u00fcents activitats: M\u00e9s informaci\u00f3: Presentaci\u00f3 extraescolars 2025-2026 Inscripcions Les inscripcions per al curs 2024-2025 es realitzaran del 8 de juliol de 2024 a les 8:00 del mat\u00ed fins al 10 d\u2019agost de 2024 a les 23:59. Les [&hellip;]<\/p>\n","protected":false},"author":1,"featured_media":0,"parent":645,"menu_order":5,"comment_status":"closed","ping_status":"closed","template":"","meta":{"_bbp_topic_count":0,"_bbp_reply_count":0,"_bbp_total_topic_count":0,"_bbp_total_reply_count":0,"_bbp_voice_count":0,"_bbp_anonymous_reply_count":0,"_bbp_topic_count_hidden":0,"_bbp_reply_count_hidden":0,"_bbp_forum_subforum_count":0,"site-sidebar-layout":"default","site-content-layout":"","ast-site-content-layout":"default","site-content-style":"default","site-sidebar-style":"default","ast-global-header-display":"","ast-banner-title-visibility":"","ast-main-header-display":"","ast-hfb-above-header-display":"","ast-hfb-below-header-display":"","ast-hfb-mobile-header-display":"","site-post-title":"","ast-breadcrumbs-content":"","ast-featured-img":"","footer-sml-layout":"","theme-transparent-header-meta":"default","adv-header-id-meta":"","stick-header-meta":"","header-above-stick-meta":"","header-main-stick-meta":"","header-below-stick-meta":"","astra-migrate-meta-layouts":"set","ast-page-background-enabled":"default","ast-page-background-meta":{"desktop":{"background-color":"var(--ast-global-color-4)","background-image":"","background-repeat":"repeat","background-position":"center center","background-size":"auto","background-attachment":"scroll","background-type":"","background-media":"","overlay-type":"","overlay-color":"","overlay-opacity":"","overlay-gradient":""},"tablet":{"background-color":"","background-image":"","background-repeat":"repeat","background-position":"center center","background-size":"auto","background-attachment":"scroll","background-type":"","background-media":"","overlay-type":"","overlay-color":"","overlay-opacity":"","overlay-gradient":""},"mobile":{"background-color":"","background-image":"","background-repeat":"repeat","background-position":"center center","background-size":"auto","background-attachment":"scroll","background-type":"","background-media":"","overlay-type":"","overlay-color":"","overlay-opacity":"","overlay-gradient":""}},"ast-content-background-meta":{"desktop":{"background-color":"var(--ast-global-color-5)","background-image":"","background-repeat":"repeat","background-position":"center center","background-size":"auto","background-attachment":"scroll","background-type":"","background-media":"","overlay-type":"","overlay-color":"","overlay-opacity":"","overlay-gradient":""},"tablet":{"background-color":"var(--ast-global-color-5)","background-image":"","background-repeat":"repeat","background-position":"center center","background-size":"auto","background-attachment":"scroll","background-type":"","background-media":"","overlay-type":"","overlay-color":"","overlay-opacity":"","overlay-gradient":""},"mobile":{"background-color":"var(--ast-global-color-5)","background-image":"","background-repeat":"repeat","background-position":"center center","background-size":"auto","background-attachment":"scroll","background-type":"","background-media":"","overlay-type":"","overlay-color":"","overlay-opacity":"","overlay-gradient":""}},"footnotes":""},"class_list":["post-3225","page","type-page","status-publish","hentry"],"post_mailing_queue_ids":[],"_links":{"self":[{"href":"https:\/\/agora.xtec.cat\/escolasetelsis\/wp-json\/wp\/v2\/pages\/3225","targetHints":{"allow":["GET"]}}],"collection":[{"href":"https:\/\/agora.xtec.cat\/escolasetelsis\/wp-json\/wp\/v2\/pages"}],"about":[{"href":"https:\/\/agora.xtec.cat\/escolasetelsis\/wp-json\/wp\/v2\/types\/page"}],"author":[{"embeddable":true,"href":"https:\/\/agora.xtec.cat\/escolasetelsis\/wp-json\/wp\/v2\/users\/1"}],"replies":[{"embeddable":true,"href":"https:\/\/agora.xtec.cat\/escolasetelsis\/wp-json\/wp\/v2\/comments?post=3225"}],"version-history":[{"count":7,"href":"https:\/\/agora.xtec.cat\/escolasetelsis\/wp-json\/wp\/v2\/pages\/3225\/revisions"}],"predecessor-version":[{"id":13945,"href":"https:\/\/agora.xtec.cat\/escolasetelsis\/wp-json\/wp\/v2\/pages\/3225\/revisions\/13945"}],"up":[{"embeddable":true,"href":"https:\/\/agora.xtec.cat\/escolasetelsis\/wp-json\/wp\/v2\/pages\/645"}],"wp:attachment":[{"href":"https:\/\/agora.xtec.cat\/escolasetelsis\/wp-json\/wp\/v2\/media?parent=3225"}],"curies":[{"name":"wp","href":"https:\/\/api.w.org\/{rel}","templated":true}]}}