{"id":3224,"date":"2020-03-06T15:54:41","date_gmt":"2020-03-06T14:54:41","guid":{"rendered":"http:\/\/agora.xtec.cat\/escolasetelsis\/?page_id=3224"},"modified":"2026-04-13T11:37:35","modified_gmt":"2026-04-13T09:37:35","slug":"ludoteca","status":"publish","type":"page","link":"https:\/\/agora.xtec.cat\/escolasetelsis\/ampa\/ludoteca\/","title":{"rendered":"ACOLLIDA"},"content":{"rendered":"<p><strong>1.- ACOLLIDA DE MATINS<\/strong><br \/>\n\u00c9s un espai obert on els infants poden esmorzar (cal portar-lo de casa) i gaudir d\u2019un temps d\u2019esbarjo abans de comen\u00e7ar el dia.<br \/>\nImportant: L\u2019esmorzar ser\u00e0 supervisat nom\u00e9s si l\u2019infant arriba abans de les 08:45 h.<\/p>\n<p>Acc\u00e9s:<br \/>\n\u25cf L\u2019entrada es far\u00e0 per la porta del pati de l\u2019Avinguda Cardenal Taranc\u00f3n.<br \/>\n\u25cf Caldr\u00e0 dirigir-se pel passad\u00eds del menjador (espai entre la Rosa dels Vents i la Muntanyeta, on hi ha l\u2019aparcament de bicicletes) fins a la porta del menjador.<\/p>\n<p>Horaris i preus (mensual):<br \/>\nDe 7:45 h a 9:00 h 22 \u20ac<\/p>\n<p><strong>2.- ACOLLIDA DE MIGDIA<\/strong><br \/>\n\u00c9s un espai de lleure que t\u00e9 lloc en finalitzar l\u2019horari lectiu del mat\u00ed.<br \/>\n<strong>Recollida dels alumnes:<\/strong><br \/>\n\u25cf Es prioritza l\u2019\u00fas de l\u2019espai exterior de l\u2019escola. Per aquest motiu, la recollida es far\u00e0 per la porta del pati de l\u2019Avinguda Cardenal Taranc\u00f3n, preferiblement sense entrar al recinte escolar.<br \/>\n\u25cf En cas de pluja o mal temps, la recollida es far\u00e0 a la porta exterior de l\u2019aula SUM.<\/p>\n<p>Horaris i preus (mensual):<br \/>\nDe 12:30 h a 13:30 h 30 \u20ac<\/p>\n<p><strong>3.- ACOLLIDA DE TARDA<\/strong><br \/>\nLa tarda es divideix en tres moments:<br \/>\n1. Berenar (incl\u00f2s per a tots els alumnes del servei d\u2019acollida de tarda)<br \/>\n2. Esbarjo al pati (sempre que el temps ho permeti)<br \/>\n3. Activitats a diferents espais de l\u2019escola, com el menjador, la sala de psicomotricitat i l\u2019aula SUM.<\/p>\n<p><strong>El berenar<\/strong><br \/>\n\u25cf El berenar s\u2019ofereix a tot l\u2019alumnat que fa \u00fas de la franja de tarda.<br \/>\n\u25cf Aix\u00f2 permet que els infants que tamb\u00e9 utilitzen el servei d\u2019acollida matinal i\/o menjador no hagin de portar el berenar a la motxilla durant tot el dia i puguin gaudir d\u2019un menjar fresc i variat.<br \/>\n\u25cf Opcions de berenar<br \/>\nLes propostes s\u00f3n rotatives per garantir varietat als infants que assisteixen regularment un mateix dia de la setmana i es procura combinar amb les postres del menjador. Es tindran en compte al\u00b7l\u00e8rgies i intoler\u00e0ncies aliment\u00e0ries.<br \/>\n&#8211; Fruita de temporada i galetes<br \/>\n&#8211; Entrep\u00e0 de formatge o embotit<br \/>\n&#8211; Iogurt i cereals<br \/>\n&#8211; Pa amb xocolata o melmelada<br \/>\n&#8211; Dies especials i festius: coca i xocolata.<\/p>\n<p><strong>Recollida dels alumnes<\/strong><br \/>\n\u25cf Es prioritza l\u2019\u00fas de l\u2019espai exterior de l\u2019escola. Per aquest motiu, la recollida es far\u00e0 per la porta del pati de l\u2019Avinguda Cardenal Taranc\u00f3n, preferiblement sense entrar al recinte escolar.<br \/>\n\u25cf En cas de pluja o mal temps, la recollida es far\u00e0 a la porta exterior de l\u2019aula SUM.<\/p>\n<p><strong>Horaris i preus (mensual)<\/strong><br \/>\nDe 16:30 h a 18:30 h 40 \u20ac<\/p>\n<p><strong>4.- ALTRES TIPUS D\u2019ABONAMENT<\/strong><br \/>\n&#8211; MENSUAL: Dona dret a fer \u00fas del servei d\u2019acollida i ludoteca en l\u2019extensi\u00f3 de tot el seu horari (mat\u00ed, migdia i tarda) tots els dies, i inclou el berenar.<br \/>\nDe 7:45 h a 18:30 h 65 \u20ac<\/p>\n<p>&#8211; ESPOR\u00c0DIC:\u00a0Es pot fer \u00fas del servei per dies solts.<\/p>\n<p>* Espor\u00e0dic mat\u00ed de 7:45 h a 9:00 h: 3 \u20ac<\/p>\n<p>* Espor\u00e0dic migdia de 12:30 h a 13:30 h: 3 \u20ac<\/p>\n<p>* Espor\u00e0dic tarda de 16:30 h a 18:30 h:\u00a0 4 \u20ac<\/p>\n<p>* Espor\u00e0dic 1 dia sencer (m\u00e9s d&#8217;una franja &#8211; berenar incl\u00f2s):\u00a0 8 \u20ac\u00a0 \/ dia.<\/p>\n<p>En el moment de fer la inscripci\u00f3 via Ampasoft, cal especificar a observacions el tipus de modalitat.<\/p>\n<p>&#8211; HORARI INTENSIU JUNY, DIES DE LLIURE DISPOSICI\u00d3 I SUPORT PER A LA RECOLLIDA<br \/>\nD\u2019INFORMES: Per tal de conciliar la vida personal i laboral de les fam\u00edlies s\u2019ofereixen serveis\u00a0 addicionals de ludoteca. S\u2019envia a les fam\u00edlies cada proposta amb quinze dies<br \/>\nd\u2019antelaci\u00f3.<\/p>\n<p><strong>DOCUMENTS:<\/strong><\/p>\n<p>AUTORITZACI\u00d3 PER\u00a0SORTIR SOL DE LUDOTECA<\/p>\n","protected":false},"excerpt":{"rendered":"<p>1.- ACOLLIDA DE MATINS \u00c9s un espai obert on els infants poden esmorzar (cal portar-lo de casa) i gaudir d\u2019un temps d\u2019esbarjo abans de comen\u00e7ar el dia. Important: L\u2019esmorzar ser\u00e0 supervisat nom\u00e9s si l\u2019infant arriba abans de les 08:45 h. Acc\u00e9s: \u25cf L\u2019entrada es far\u00e0 per la porta del pati de l\u2019Avinguda Cardenal Taranc\u00f3n. \u25cf [&hellip;]<\/p>\n","protected":false},"author":1,"featured_media":0,"parent":645,"menu_order":4,"comment_status":"closed","ping_status":"closed","template":"","meta":{"_bbp_topic_count":0,"_bbp_reply_count":0,"_bbp_total_topic_count":0,"_bbp_total_reply_count":0,"_bbp_voice_count":0,"_bbp_anonymous_reply_count":0,"_bbp_topic_count_hidden":0,"_bbp_reply_count_hidden":0,"_bbp_forum_subforum_count":0,"site-sidebar-layout":"default","site-content-layout":"","ast-site-content-layout":"default","site-content-style":"default","site-sidebar-style":"default","ast-global-header-display":"","ast-banner-title-visibility":"","ast-main-header-display":"","ast-hfb-above-header-display":"","ast-hfb-below-header-display":"","ast-hfb-mobile-header-display":"","site-post-title":"","ast-breadcrumbs-content":"","ast-featured-img":"","footer-sml-layout":"","theme-transparent-header-meta":"default","adv-header-id-meta":"","stick-header-meta":"","header-above-stick-meta":"","header-main-stick-meta":"","header-below-stick-meta":"","astra-migrate-meta-layouts":"set","ast-page-background-enabled":"default","ast-page-background-meta":{"desktop":{"background-color":"var(--ast-global-color-4)","background-image":"","background-repeat":"repeat","background-position":"center center","background-size":"auto","background-attachment":"scroll","background-type":"","background-media":"","overlay-type":"","overlay-color":"","overlay-opacity":"","overlay-gradient":""},"tablet":{"background-color":"","background-image":"","background-repeat":"repeat","background-position":"center center","background-size":"auto","background-attachment":"scroll","background-type":"","background-media":"","overlay-type":"","overlay-color":"","overlay-opacity":"","overlay-gradient":""},"mobile":{"background-color":"","background-image":"","background-repeat":"repeat","background-position":"center center","background-size":"auto","background-attachment":"scroll","background-type":"","background-media":"","overlay-type":"","overlay-color":"","overlay-opacity":"","overlay-gradient":""}},"ast-content-background-meta":{"desktop":{"background-color":"var(--ast-global-color-5)","background-image":"","background-repeat":"repeat","background-position":"center center","background-size":"auto","background-attachment":"scroll","background-type":"","background-media":"","overlay-type":"","overlay-color":"","overlay-opacity":"","overlay-gradient":""},"tablet":{"background-color":"var(--ast-global-color-5)","background-image":"","background-repeat":"repeat","background-position":"center center","background-size":"auto","background-attachment":"scroll","background-type":"","background-media":"","overlay-type":"","overlay-color":"","overlay-opacity":"","overlay-gradient":""},"mobile":{"background-color":"var(--ast-global-color-5)","background-image":"","background-repeat":"repeat","background-position":"center center","background-size":"auto","background-attachment":"scroll","background-type":"","background-media":"","overlay-type":"","overlay-color":"","overlay-opacity":"","overlay-gradient":""}},"footnotes":""},"class_list":["post-3224","page","type-page","status-publish","hentry"],"post_mailing_queue_ids":[],"_links":{"self":[{"href":"https:\/\/agora.xtec.cat\/escolasetelsis\/wp-json\/wp\/v2\/pages\/3224","targetHints":{"allow":["GET"]}}],"collection":[{"href":"https:\/\/agora.xtec.cat\/escolasetelsis\/wp-json\/wp\/v2\/pages"}],"about":[{"href":"https:\/\/agora.xtec.cat\/escolasetelsis\/wp-json\/wp\/v2\/types\/page"}],"author":[{"embeddable":true,"href":"https:\/\/agora.xtec.cat\/escolasetelsis\/wp-json\/wp\/v2\/users\/1"}],"replies":[{"embeddable":true,"href":"https:\/\/agora.xtec.cat\/escolasetelsis\/wp-json\/wp\/v2\/comments?post=3224"}],"version-history":[{"count":6,"href":"https:\/\/agora.xtec.cat\/escolasetelsis\/wp-json\/wp\/v2\/pages\/3224\/revisions"}],"predecessor-version":[{"id":13944,"href":"https:\/\/agora.xtec.cat\/escolasetelsis\/wp-json\/wp\/v2\/pages\/3224\/revisions\/13944"}],"up":[{"embeddable":true,"href":"https:\/\/agora.xtec.cat\/escolasetelsis\/wp-json\/wp\/v2\/pages\/645"}],"wp:attachment":[{"href":"https:\/\/agora.xtec.cat\/escolasetelsis\/wp-json\/wp\/v2\/media?parent=3224"}],"curies":[{"name":"wp","href":"https:\/\/api.w.org\/{rel}","templated":true}]}}