{"id":3223,"date":"2020-03-06T15:54:40","date_gmt":"2020-03-06T14:54:40","guid":{"rendered":"http:\/\/agora.xtec.cat\/escolasetelsis\/?page_id=3223"},"modified":"2026-04-13T11:37:17","modified_gmt":"2026-04-13T09:37:17","slug":"junta","status":"publish","type":"page","link":"https:\/\/agora.xtec.cat\/escolasetelsis\/ampa\/junta\/","title":{"rendered":"LA JUNTA"},"content":{"rendered":"<table>\n<tbody>\n<tr style=\"height: 27px;\">\n<td style=\"height: 27px; width: 31.1446%;\"><strong>PRESIDENT<\/strong><\/td>\n<td style=\"height: 27px; width: 68.1455%;\">Llu\u00eds-Xavier Villar\u00f3<\/td>\n<\/tr>\n<tr style=\"height: 31px;\">\n<td style=\"height: 31px; width: 31.1446%;\"><strong>VICEPRESIDENT<\/strong><\/td>\n<td style=\"height: 31px; width: 68.1455%;\">Maite Gonz\u00e1lez, Albert Mangas<\/td>\n<\/tr>\n<tr style=\"height: 31px;\">\n<td style=\"height: 31px; width: 31.1446%;\"><strong>TRESORER<\/strong><\/td>\n<td style=\"height: 31px; width: 68.1455%;\">Aina Cases<\/td>\n<\/tr>\n<tr style=\"height: 31px;\">\n<td style=\"height: 31px; width: 31.1446%;\"><strong>SECRET\u00c0RIA<\/strong><\/td>\n<td style=\"height: 31px; width: 68.1455%;\">Ros\u00f3 Barrera<\/td>\n<\/tr>\n<tr style=\"height: 31px;\">\n<td style=\"height: 31px; width: 31.1446%;\"><strong>COMISSI\u00d3 MENJADOR<\/strong><\/td>\n<td style=\"height: 31px; width: 68.1455%;\">Maite Gonz\u00e1lez, Ester Berzosa, Anna Casserras, N\u00faria Serena<\/td>\n<\/tr>\n<tr style=\"height: 31px;\">\n<td style=\"height: 31px; width: 31.1446%;\"><strong>COMISSI\u00d3 LUDOTECA<\/strong><\/td>\n<td style=\"height: 31px; width: 68.1455%;\">Sandra Cases, Thais Huguet, Marcel Call<\/td>\n<\/tr>\n<tr style=\"height: 31px;\">\n<td style=\"height: 31px; width: 31.1446%;\"><strong>COMISSI\u00d3 EXTRAESCOLARS<\/strong><\/td>\n<td style=\"height: 31px; width: 68.1455%;\">Gl\u00f2ria Casas, Albert Mangas, Toni Llorens, Judit Bajona, Raquel Aubarell, Alba Bringues<\/td>\n<\/tr>\n<tr style=\"height: 31px;\">\n<td style=\"height: 31px; width: 31.1446%;\"><strong>COMISSI\u00d3 FORMACI\u00d3<\/strong><\/td>\n<td style=\"height: 31px; width: 68.1455%;\">T\u00e0nia Pujol, S\u00f2nia Pallar\u00e8s, Raquel Aubarell, Montse Angrill<\/td>\n<\/tr>\n<tr style=\"height: 31px;\">\n<td style=\"height: 31px; width: 31.1446%;\"><strong>PROJECTE PATI<\/strong><\/td>\n<td style=\"height: 31px; width: 68.1455%;\">Albert Mangas, Toni Llorens<\/td>\n<\/tr>\n<tr style=\"height: 31px;\">\n<td style=\"width: 31.1446%; height: 31px;\"><strong>ENLLA\u00c7 DELEGATS<\/strong><\/td>\n<td style=\"width: 68.1455%; height: 31px;\">Raquel Garcia<\/td>\n<\/tr>\n<\/tbody>\n<\/table>\n<p>&nbsp;<\/p>\n","protected":false},"excerpt":{"rendered":"<p>PRESIDENT Llu\u00eds-Xavier Villar\u00f3 VICEPRESIDENT Maite Gonz\u00e1lez, Albert Mangas TRESORER Aina Cases SECRET\u00c0RIA Ros\u00f3 Barrera COMISSI\u00d3 MENJADOR Maite Gonz\u00e1lez, Ester Berzosa, Anna Casserras, N\u00faria Serena COMISSI\u00d3 LUDOTECA Sandra Cases, Thais Huguet, Marcel Call COMISSI\u00d3 EXTRAESCOLARS Gl\u00f2ria Casas, Albert Mangas, Toni Llorens, Judit Bajona, Raquel Aubarell, Alba Bringues COMISSI\u00d3 FORMACI\u00d3 T\u00e0nia Pujol, S\u00f2nia Pallar\u00e8s, Raquel Aubarell, Montse [&hellip;]<\/p>\n","protected":false},"author":1,"featured_media":0,"parent":645,"menu_order":2,"comment_status":"closed","ping_status":"closed","template":"","meta":{"_bbp_topic_count":0,"_bbp_reply_count":0,"_bbp_total_topic_count":0,"_bbp_total_reply_count":0,"_bbp_voice_count":0,"_bbp_anonymous_reply_count":0,"_bbp_topic_count_hidden":0,"_bbp_reply_count_hidden":0,"_bbp_forum_subforum_count":0,"site-sidebar-layout":"default","site-content-layout":"","ast-site-content-layout":"default","site-content-style":"default","site-sidebar-style":"default","ast-global-header-display":"","ast-banner-title-visibility":"","ast-main-header-display":"","ast-hfb-above-header-display":"","ast-hfb-below-header-display":"","ast-hfb-mobile-header-display":"","site-post-title":"","ast-breadcrumbs-content":"","ast-featured-img":"","footer-sml-layout":"","theme-transparent-header-meta":"default","adv-header-id-meta":"","stick-header-meta":"","header-above-stick-meta":"","header-main-stick-meta":"","header-below-stick-meta":"","astra-migrate-meta-layouts":"set","ast-page-background-enabled":"default","ast-page-background-meta":{"desktop":{"background-color":"var(--ast-global-color-4)","background-image":"","background-repeat":"repeat","background-position":"center center","background-size":"auto","background-attachment":"scroll","background-type":"","background-media":"","overlay-type":"","overlay-color":"","overlay-opacity":"","overlay-gradient":""},"tablet":{"background-color":"","background-image":"","background-repeat":"repeat","background-position":"center center","background-size":"auto","background-attachment":"scroll","background-type":"","background-media":"","overlay-type":"","overlay-color":"","overlay-opacity":"","overlay-gradient":""},"mobile":{"background-color":"","background-image":"","background-repeat":"repeat","background-position":"center center","background-size":"auto","background-attachment":"scroll","background-type":"","background-media":"","overlay-type":"","overlay-color":"","overlay-opacity":"","overlay-gradient":""}},"ast-content-background-meta":{"desktop":{"background-color":"var(--ast-global-color-5)","background-image":"","background-repeat":"repeat","background-position":"center center","background-size":"auto","background-attachment":"scroll","background-type":"","background-media":"","overlay-type":"","overlay-color":"","overlay-opacity":"","overlay-gradient":""},"tablet":{"background-color":"var(--ast-global-color-5)","background-image":"","background-repeat":"repeat","background-position":"center center","background-size":"auto","background-attachment":"scroll","background-type":"","background-media":"","overlay-type":"","overlay-color":"","overlay-opacity":"","overlay-gradient":""},"mobile":{"background-color":"var(--ast-global-color-5)","background-image":"","background-repeat":"repeat","background-position":"center center","background-size":"auto","background-attachment":"scroll","background-type":"","background-media":"","overlay-type":"","overlay-color":"","overlay-opacity":"","overlay-gradient":""}},"footnotes":""},"class_list":["post-3223","page","type-page","status-publish","hentry"],"post_mailing_queue_ids":[],"_links":{"self":[{"href":"https:\/\/agora.xtec.cat\/escolasetelsis\/wp-json\/wp\/v2\/pages\/3223","targetHints":{"allow":["GET"]}}],"collection":[{"href":"https:\/\/agora.xtec.cat\/escolasetelsis\/wp-json\/wp\/v2\/pages"}],"about":[{"href":"https:\/\/agora.xtec.cat\/escolasetelsis\/wp-json\/wp\/v2\/types\/page"}],"author":[{"embeddable":true,"href":"https:\/\/agora.xtec.cat\/escolasetelsis\/wp-json\/wp\/v2\/users\/1"}],"replies":[{"embeddable":true,"href":"https:\/\/agora.xtec.cat\/escolasetelsis\/wp-json\/wp\/v2\/comments?post=3223"}],"version-history":[{"count":6,"href":"https:\/\/agora.xtec.cat\/escolasetelsis\/wp-json\/wp\/v2\/pages\/3223\/revisions"}],"predecessor-version":[{"id":13942,"href":"https:\/\/agora.xtec.cat\/escolasetelsis\/wp-json\/wp\/v2\/pages\/3223\/revisions\/13942"}],"up":[{"embeddable":true,"href":"https:\/\/agora.xtec.cat\/escolasetelsis\/wp-json\/wp\/v2\/pages\/645"}],"wp:attachment":[{"href":"https:\/\/agora.xtec.cat\/escolasetelsis\/wp-json\/wp\/v2\/media?parent=3223"}],"curies":[{"name":"wp","href":"https:\/\/api.w.org\/{rel}","templated":true}]}}