{"id":3222,"date":"2020-03-06T15:54:40","date_gmt":"2020-03-06T14:54:40","guid":{"rendered":"http:\/\/agora.xtec.cat\/escolasetelsis\/?page_id=3222"},"modified":"2026-04-13T11:37:00","modified_gmt":"2026-04-13T09:37:00","slug":"que-fem","status":"publish","type":"page","link":"https:\/\/agora.xtec.cat\/escolasetelsis\/ampa\/que-fem\/","title":{"rendered":"QU\u00c8 FEM"},"content":{"rendered":"<p>L\u2019AFA t\u00e9 com a primer objectiu vetllar, donar suport i assist\u00e8ncia en tot all\u00f2 que fa refer\u00e8ncia a l\u2019educaci\u00f3 dels nostres fills i filles a l\u2019escola.<\/p>\n<p>Promou la participaci\u00f3 dels pares i mares en la gesti\u00f3 del centre, col\u00b7labora en diferents activitats educatives i defensa els seus interessos davant la comunitat educativa.<\/p>\n<p>L\u2019AFA compta amb els seg\u00fcents \u00f2rgans de govern:<br \/>\n\u25cf Assemblea General: Formada per tots els pares i mares associats. Es reuneix una vegada cada curs.<br \/>\n\u25cf Junta Directiva: Actualment, est\u00e0 formada per una vintena de mares i pares. Es renova peri\u00f2dicament i es reuneix una vegada al mes.<\/p>\n<p>A m\u00e9s, comptem amb un representant directe en el m\u00e0xim \u00f2rgan de govern del centre, el Consell Escolar, aix\u00ed com un altre en el Consell Escolar Municipal i en el Territorial.<\/p>\n<p>L\u2019AFA organitza i promou activitats extraescolars, el servei d\u2019acollida i ludoteca, el menjador i participa en l\u2019organitzaci\u00f3 de la Festa de Final de Curs. Tamb\u00e9 s\u2019encarrega de la foto de final de curs, que \u00e9s gratu\u00efta per als socis de l\u2019AFA.<\/p>\n<p>Per poder fer \u00fas dels serveis que organitza l\u2019AFA, cal ser-ne soci.<br \/>\nQuota de soci:<br \/>\n\u25cf 1 fill\/a: 24 \u20ac<br \/>\n\u25cf 2 fills\/es: 30 \u20ac<br \/>\n\u25cf 3 fills\/es: 36 \u20ac<br \/>\nAquesta quota inclou l\u2019asseguran\u00e7a d\u2019accidents obligat\u00f2ria de 4 \u20ac per nen\/a.<\/p>\n<ol>\n<li style=\"list-style-type: none;\">\n<ol>\n<li style=\"list-style-type: none;\"><\/li>\n<\/ol>\n<\/li>\n<\/ol>\n<p><a href=\"https:\/\/agora.xtec.cat\/escolasetelsis\/wp-content\/uploads\/usu1650\/2023\/09\/Copia-de-CARTELLS-GRUPS-CLASSE.png\"><img loading=\"lazy\" decoding=\"async\" class=\"aligncenter wp-image-9170\" src=\"https:\/\/agora.xtec.cat\/escolasetelsis\/wp-content\/uploads\/usu1650\/2023\/09\/Copia-de-CARTELLS-GRUPS-CLASSE-1024x576.png\" alt=\"\" width=\"133\" height=\"75\" srcset=\"https:\/\/agora.xtec.cat\/escolasetelsis\/wp-content\/uploads\/usu1650\/2023\/09\/Copia-de-CARTELLS-GRUPS-CLASSE-1024x576.png 1024w, https:\/\/agora.xtec.cat\/escolasetelsis\/wp-content\/uploads\/usu1650\/2023\/09\/Copia-de-CARTELLS-GRUPS-CLASSE-300x169.png 300w, https:\/\/agora.xtec.cat\/escolasetelsis\/wp-content\/uploads\/usu1650\/2023\/09\/Copia-de-CARTELLS-GRUPS-CLASSE-768x432.png 768w, https:\/\/agora.xtec.cat\/escolasetelsis\/wp-content\/uploads\/usu1650\/2023\/09\/Copia-de-CARTELLS-GRUPS-CLASSE-1536x864.png 1536w, https:\/\/agora.xtec.cat\/escolasetelsis\/wp-content\/uploads\/usu1650\/2023\/09\/Copia-de-CARTELLS-GRUPS-CLASSE.png 1920w\" sizes=\"auto, (max-width: 133px) 100vw, 133px\" \/><\/a><em style=\"font-family: inherit; font-size: 1em;\"><strong>HORARI D\u2019ATENCI\u00d3:<\/strong><\/em><\/p>\n<p><strong>Horari d\u2019atenci\u00f3 al despatx de l\u2019AFA:<\/strong><br \/>\n\u25cf De dilluns a divendres de 9.15h a 11.15h<\/p>\n<p><strong>Correu electr\u00f2nic:<\/strong><br \/>\nafa@escolasetelsis.cat<\/p>\n<p><strong>Tel\u00e8fon:<\/strong><br \/>\n647 740 670<\/p>\n<p><strong>Link AMPASOFT:<\/strong><br \/>\nhttps:\/\/ampasetelsis.ampasoft.net\/<\/p>\n<p><strong>Informaci\u00f3:<\/strong>\u00a0correu electr\u00f2nic o via delegats.<\/p>\n","protected":false},"excerpt":{"rendered":"<p>L\u2019AFA t\u00e9 com a primer objectiu vetllar, donar suport i assist\u00e8ncia en tot all\u00f2 que fa refer\u00e8ncia a l\u2019educaci\u00f3 dels nostres fills i filles a l\u2019escola. Promou la participaci\u00f3 dels pares i mares en la gesti\u00f3 del centre, col\u00b7labora en diferents activitats educatives i defensa els seus interessos davant la comunitat educativa. L\u2019AFA compta amb [&hellip;]<\/p>\n","protected":false},"author":1,"featured_media":0,"parent":645,"menu_order":1,"comment_status":"closed","ping_status":"closed","template":"","meta":{"_bbp_topic_count":0,"_bbp_reply_count":0,"_bbp_total_topic_count":0,"_bbp_total_reply_count":0,"_bbp_voice_count":0,"_bbp_anonymous_reply_count":0,"_bbp_topic_count_hidden":0,"_bbp_reply_count_hidden":0,"_bbp_forum_subforum_count":0,"site-sidebar-layout":"default","site-content-layout":"","ast-site-content-layout":"default","site-content-style":"default","site-sidebar-style":"default","ast-global-header-display":"","ast-banner-title-visibility":"","ast-main-header-display":"","ast-hfb-above-header-display":"","ast-hfb-below-header-display":"","ast-hfb-mobile-header-display":"","site-post-title":"","ast-breadcrumbs-content":"","ast-featured-img":"","footer-sml-layout":"","theme-transparent-header-meta":"default","adv-header-id-meta":"","stick-header-meta":"","header-above-stick-meta":"","header-main-stick-meta":"","header-below-stick-meta":"","astra-migrate-meta-layouts":"set","ast-page-background-enabled":"default","ast-page-background-meta":{"desktop":{"background-color":"var(--ast-global-color-4)","background-image":"","background-repeat":"repeat","background-position":"center center","background-size":"auto","background-attachment":"scroll","background-type":"","background-media":"","overlay-type":"","overlay-color":"","overlay-opacity":"","overlay-gradient":""},"tablet":{"background-color":"","background-image":"","background-repeat":"repeat","background-position":"center center","background-size":"auto","background-attachment":"scroll","background-type":"","background-media":"","overlay-type":"","overlay-color":"","overlay-opacity":"","overlay-gradient":""},"mobile":{"background-color":"","background-image":"","background-repeat":"repeat","background-position":"center center","background-size":"auto","background-attachment":"scroll","background-type":"","background-media":"","overlay-type":"","overlay-color":"","overlay-opacity":"","overlay-gradient":""}},"ast-content-background-meta":{"desktop":{"background-color":"var(--ast-global-color-5)","background-image":"","background-repeat":"repeat","background-position":"center center","background-size":"auto","background-attachment":"scroll","background-type":"","background-media":"","overlay-type":"","overlay-color":"","overlay-opacity":"","overlay-gradient":""},"tablet":{"background-color":"var(--ast-global-color-5)","background-image":"","background-repeat":"repeat","background-position":"center center","background-size":"auto","background-attachment":"scroll","background-type":"","background-media":"","overlay-type":"","overlay-color":"","overlay-opacity":"","overlay-gradient":""},"mobile":{"background-color":"var(--ast-global-color-5)","background-image":"","background-repeat":"repeat","background-position":"center center","background-size":"auto","background-attachment":"scroll","background-type":"","background-media":"","overlay-type":"","overlay-color":"","overlay-opacity":"","overlay-gradient":""}},"footnotes":""},"class_list":["post-3222","page","type-page","status-publish","hentry"],"post_mailing_queue_ids":[],"_links":{"self":[{"href":"https:\/\/agora.xtec.cat\/escolasetelsis\/wp-json\/wp\/v2\/pages\/3222","targetHints":{"allow":["GET"]}}],"collection":[{"href":"https:\/\/agora.xtec.cat\/escolasetelsis\/wp-json\/wp\/v2\/pages"}],"about":[{"href":"https:\/\/agora.xtec.cat\/escolasetelsis\/wp-json\/wp\/v2\/types\/page"}],"author":[{"embeddable":true,"href":"https:\/\/agora.xtec.cat\/escolasetelsis\/wp-json\/wp\/v2\/users\/1"}],"replies":[{"embeddable":true,"href":"https:\/\/agora.xtec.cat\/escolasetelsis\/wp-json\/wp\/v2\/comments?post=3222"}],"version-history":[{"count":6,"href":"https:\/\/agora.xtec.cat\/escolasetelsis\/wp-json\/wp\/v2\/pages\/3222\/revisions"}],"predecessor-version":[{"id":13941,"href":"https:\/\/agora.xtec.cat\/escolasetelsis\/wp-json\/wp\/v2\/pages\/3222\/revisions\/13941"}],"up":[{"embeddable":true,"href":"https:\/\/agora.xtec.cat\/escolasetelsis\/wp-json\/wp\/v2\/pages\/645"}],"wp:attachment":[{"href":"https:\/\/agora.xtec.cat\/escolasetelsis\/wp-json\/wp\/v2\/media?parent=3222"}],"curies":[{"name":"wp","href":"https:\/\/api.w.org\/{rel}","templated":true}]}}