{"id":30,"date":"2014-09-18T12:30:23","date_gmt":"2014-09-18T11:30:23","guid":{"rendered":"http:\/\/agora.xtec.cat\/escolasetelsis\/?page_id=30"},"modified":"2026-04-13T11:23:37","modified_gmt":"2026-04-13T09:23:37","slug":"instal%c2%b7lacions","status":"publish","type":"page","link":"https:\/\/agora.xtec.cat\/escolasetelsis\/lescola\/instal%c2%b7lacions\/","title":{"rendered":"ESPAIS"},"content":{"rendered":"<p style=\"text-align: center;\"><em><strong>ESPAIS EXTERIORS<\/strong><\/em><\/p>\n<p style=\"text-align: center;\">GIMN\u00c0S<\/p>\n<p style=\"text-align: center;\">PISTA LLEVANT<\/p>\n<p style=\"text-align: center;\">PISTA PONENT<\/p>\n<p style=\"text-align: center;\">HORT<\/p>\n<p style=\"text-align: center;\">GALLINER<\/p>\n<p style=\"text-align: center;\">MUNTANYETA<\/p>\n<p style=\"text-align: center;\">GRAVETA<\/p>\n<p style=\"text-align: center;\">SORRAL<\/p>\n<p style=\"text-align: center;\">ZONA D&#8217;OMBRES<\/p>\n<p style=\"text-align: center;\">ESPAI PISSARRA<\/p>\n<p style=\"text-align: center;\">ROC\u00d2DROM<\/p>\n<p style=\"text-align: center;\"><img loading=\"lazy\" decoding=\"async\" class=\"\" src=\"https:\/\/agora.xtec.cat\/escolasetelsis\/wp-content\/uploads\/usu1650\/2023\/09\/Copia-de-CARTELLS-GRUPS-CLASSE-3-2-1024x576.png\" width=\"142\" height=\"80\" \/><\/p>\n<p style=\"text-align: center;\"><em><strong>ESPAIS INTERIORS<\/strong><\/em><\/p>\n<p style=\"text-align: center;\"><strong>PLANTA 0<\/strong><\/p>\n<p style=\"text-align: center;\">SUM<\/p>\n<p style=\"text-align: center;\">M\u00daSICA<\/p>\n<p style=\"text-align: center;\">PSICOMOTRICITAT<\/p>\n<p style=\"text-align: center;\">MENJADOR I CUINA<\/p>\n<p style=\"text-align: center;\">SENDER DELS SENTITS<\/p>\n<p style=\"text-align: center;\">COMUNITAT DE PETITS<\/p>\n<ul>\n<li style=\"text-align: center;\">Espai JOC<\/li>\n<\/ul>\n<p style=\"text-align: center;\">Espai ART<\/p>\n<p style=\"text-align: center;\">Espai LLUM i OMBRES<\/p>\n<p style=\"text-align: center;\">Espai CI\u00c8NCIA<\/p>\n<p style=\"text-align: center;\"><a href=\"https:\/\/agora.xtec.cat\/escolasetelsis\/wp-content\/uploads\/usu1650\/2023\/09\/20230924_151231_0000-e1695561299587.png\"><img loading=\"lazy\" decoding=\"async\" class=\"aligncenter size-large wp-image-9356\" src=\"https:\/\/agora.xtec.cat\/escolasetelsis\/wp-content\/uploads\/usu1650\/2023\/09\/20230924_151231_0000-e1695561299587-1024x264.png\" alt=\"\" width=\"1024\" height=\"264\" srcset=\"https:\/\/agora.xtec.cat\/escolasetelsis\/wp-content\/uploads\/usu1650\/2023\/09\/20230924_151231_0000-e1695561299587-1024x264.png 1024w, https:\/\/agora.xtec.cat\/escolasetelsis\/wp-content\/uploads\/usu1650\/2023\/09\/20230924_151231_0000-e1695561299587-300x77.png 300w, https:\/\/agora.xtec.cat\/escolasetelsis\/wp-content\/uploads\/usu1650\/2023\/09\/20230924_151231_0000-e1695561299587-768x198.png 768w, https:\/\/agora.xtec.cat\/escolasetelsis\/wp-content\/uploads\/usu1650\/2023\/09\/20230924_151231_0000-e1695561299587.png 1080w\" sizes=\"auto, (max-width: 1024px) 100vw, 1024px\" \/><\/a><\/p>\n<p style=\"text-align: center;\"><strong>PLANTA 1<\/strong><\/p>\n<p style=\"text-align: center;\">CONSERGERIA<\/p>\n<p style=\"text-align: center;\">SECRETARIA<\/p>\n<p style=\"text-align: center;\">DIRECCI\u00d3<\/p>\n<p style=\"text-align: center;\">SALA DE MESTRES<\/p>\n<p style=\"text-align: center;\">AFA<\/p>\n<p style=\"text-align: center;\">BIBLIOTECA<\/p>\n<p style=\"text-align: center;\">COMUNITAT DE MITJANS<\/p>\n<ul style=\"text-align: center;\">\n<li>Espai ART<\/li>\n<li>Espai GEOMETRIA<\/li>\n<\/ul>\n<p style=\"text-align: center;\"><a href=\"https:\/\/agora.xtec.cat\/escolasetelsis\/wp-content\/uploads\/usu1650\/2023\/09\/20230924_151231_0000-e1695561299587.png\"><img loading=\"lazy\" decoding=\"async\" class=\"aligncenter size-large wp-image-9356\" src=\"https:\/\/agora.xtec.cat\/escolasetelsis\/wp-content\/uploads\/usu1650\/2023\/09\/20230924_151231_0000-e1695561299587-1024x264.png\" alt=\"\" width=\"1024\" height=\"264\" srcset=\"https:\/\/agora.xtec.cat\/escolasetelsis\/wp-content\/uploads\/usu1650\/2023\/09\/20230924_151231_0000-e1695561299587-1024x264.png 1024w, https:\/\/agora.xtec.cat\/escolasetelsis\/wp-content\/uploads\/usu1650\/2023\/09\/20230924_151231_0000-e1695561299587-300x77.png 300w, https:\/\/agora.xtec.cat\/escolasetelsis\/wp-content\/uploads\/usu1650\/2023\/09\/20230924_151231_0000-e1695561299587-768x198.png 768w, https:\/\/agora.xtec.cat\/escolasetelsis\/wp-content\/uploads\/usu1650\/2023\/09\/20230924_151231_0000-e1695561299587.png 1080w\" sizes=\"auto, (max-width: 1024px) 100vw, 1024px\" \/><\/a><\/p>\n<p style=\"text-align: center;\"><strong>PLANTA 2<\/strong><\/p>\n<p style=\"text-align: center;\">EAP<\/p>\n<p style=\"text-align: center;\">CREDA<\/p>\n<p style=\"text-align: center;\">COMUNITAT DE GRANS<\/p>\n<ul style=\"text-align: center;\">\n<li>Laboratori<\/li>\n<li>Aula d&#8217;angl\u00e8s<\/li>\n<\/ul>\n<p style=\"text-align: center;\"><a href=\"https:\/\/agora.xtec.cat\/escolasetelsis\/wp-content\/uploads\/usu1650\/2023\/09\/20230924_151231_0000-e1695561299587.png\"><img loading=\"lazy\" decoding=\"async\" class=\"aligncenter size-large wp-image-9356\" src=\"https:\/\/agora.xtec.cat\/escolasetelsis\/wp-content\/uploads\/usu1650\/2023\/09\/20230924_151231_0000-e1695561299587-1024x264.png\" alt=\"\" width=\"1024\" height=\"264\" srcset=\"https:\/\/agora.xtec.cat\/escolasetelsis\/wp-content\/uploads\/usu1650\/2023\/09\/20230924_151231_0000-e1695561299587-1024x264.png 1024w, https:\/\/agora.xtec.cat\/escolasetelsis\/wp-content\/uploads\/usu1650\/2023\/09\/20230924_151231_0000-e1695561299587-300x77.png 300w, https:\/\/agora.xtec.cat\/escolasetelsis\/wp-content\/uploads\/usu1650\/2023\/09\/20230924_151231_0000-e1695561299587-768x198.png 768w, https:\/\/agora.xtec.cat\/escolasetelsis\/wp-content\/uploads\/usu1650\/2023\/09\/20230924_151231_0000-e1695561299587.png 1080w\" sizes=\"auto, (max-width: 1024px) 100vw, 1024px\" \/><\/a><\/p>\n<p style=\"text-align: center;\"><strong>PLANTA 3<\/strong><\/p>\n<p style=\"text-align: center;\">AULA MULTIUSOS<\/p>\n<p style=\"text-align: center;\">SIEI<\/p>\n<p style=\"text-align: center;\">Espai ART<\/p>\n","protected":false},"excerpt":{"rendered":"<p>ESPAIS EXTERIORS GIMN\u00c0S PISTA LLEVANT PISTA PONENT HORT GALLINER MUNTANYETA GRAVETA SORRAL ZONA D&#8217;OMBRES ESPAI PISSARRA ROC\u00d2DROM ESPAIS INTERIORS PLANTA 0 SUM M\u00daSICA PSICOMOTRICITAT MENJADOR I CUINA SENDER DELS SENTITS COMUNITAT DE PETITS Espai JOC Espai ART Espai LLUM i OMBRES Espai CI\u00c8NCIA PLANTA 1 CONSERGERIA SECRETARIA DIRECCI\u00d3 SALA DE MESTRES AFA BIBLIOTECA COMUNITAT DE [&hellip;]<\/p>\n","protected":false},"author":1,"featured_media":0,"parent":22,"menu_order":8,"comment_status":"closed","ping_status":"closed","template":"","meta":{"_bbp_topic_count":0,"_bbp_reply_count":0,"_bbp_total_topic_count":0,"_bbp_total_reply_count":0,"_bbp_voice_count":0,"_bbp_anonymous_reply_count":0,"_bbp_topic_count_hidden":0,"_bbp_reply_count_hidden":0,"_bbp_forum_subforum_count":0,"site-sidebar-layout":"default","site-content-layout":"","ast-site-content-layout":"default","site-content-style":"default","site-sidebar-style":"default","ast-global-header-display":"","ast-banner-title-visibility":"","ast-main-header-display":"","ast-hfb-above-header-display":"","ast-hfb-below-header-display":"","ast-hfb-mobile-header-display":"","site-post-title":"","ast-breadcrumbs-content":"","ast-featured-img":"","footer-sml-layout":"","theme-transparent-header-meta":"default","adv-header-id-meta":"","stick-header-meta":"","header-above-stick-meta":"","header-main-stick-meta":"","header-below-stick-meta":"","astra-migrate-meta-layouts":"set","ast-page-background-enabled":"default","ast-page-background-meta":{"desktop":{"background-color":"var(--ast-global-color-4)","background-image":"","background-repeat":"repeat","background-position":"center center","background-size":"auto","background-attachment":"scroll","background-type":"","background-media":"","overlay-type":"","overlay-color":"","overlay-opacity":"","overlay-gradient":""},"tablet":{"background-color":"","background-image":"","background-repeat":"repeat","background-position":"center center","background-size":"auto","background-attachment":"scroll","background-type":"","background-media":"","overlay-type":"","overlay-color":"","overlay-opacity":"","overlay-gradient":""},"mobile":{"background-color":"","background-image":"","background-repeat":"repeat","background-position":"center center","background-size":"auto","background-attachment":"scroll","background-type":"","background-media":"","overlay-type":"","overlay-color":"","overlay-opacity":"","overlay-gradient":""}},"ast-content-background-meta":{"desktop":{"background-color":"var(--ast-global-color-5)","background-image":"","background-repeat":"repeat","background-position":"center center","background-size":"auto","background-attachment":"scroll","background-type":"","background-media":"","overlay-type":"","overlay-color":"","overlay-opacity":"","overlay-gradient":""},"tablet":{"background-color":"var(--ast-global-color-5)","background-image":"","background-repeat":"repeat","background-position":"center center","background-size":"auto","background-attachment":"scroll","background-type":"","background-media":"","overlay-type":"","overlay-color":"","overlay-opacity":"","overlay-gradient":""},"mobile":{"background-color":"var(--ast-global-color-5)","background-image":"","background-repeat":"repeat","background-position":"center center","background-size":"auto","background-attachment":"scroll","background-type":"","background-media":"","overlay-type":"","overlay-color":"","overlay-opacity":"","overlay-gradient":""}},"footnotes":""},"class_list":["post-30","page","type-page","status-publish","hentry"],"post_mailing_queue_ids":[],"_links":{"self":[{"href":"https:\/\/agora.xtec.cat\/escolasetelsis\/wp-json\/wp\/v2\/pages\/30","targetHints":{"allow":["GET"]}}],"collection":[{"href":"https:\/\/agora.xtec.cat\/escolasetelsis\/wp-json\/wp\/v2\/pages"}],"about":[{"href":"https:\/\/agora.xtec.cat\/escolasetelsis\/wp-json\/wp\/v2\/types\/page"}],"author":[{"embeddable":true,"href":"https:\/\/agora.xtec.cat\/escolasetelsis\/wp-json\/wp\/v2\/users\/1"}],"replies":[{"embeddable":true,"href":"https:\/\/agora.xtec.cat\/escolasetelsis\/wp-json\/wp\/v2\/comments?post=30"}],"version-history":[{"count":5,"href":"https:\/\/agora.xtec.cat\/escolasetelsis\/wp-json\/wp\/v2\/pages\/30\/revisions"}],"predecessor-version":[{"id":13918,"href":"https:\/\/agora.xtec.cat\/escolasetelsis\/wp-json\/wp\/v2\/pages\/30\/revisions\/13918"}],"up":[{"embeddable":true,"href":"https:\/\/agora.xtec.cat\/escolasetelsis\/wp-json\/wp\/v2\/pages\/22"}],"wp:attachment":[{"href":"https:\/\/agora.xtec.cat\/escolasetelsis\/wp-json\/wp\/v2\/media?parent=30"}],"curies":[{"name":"wp","href":"https:\/\/api.w.org\/{rel}","templated":true}]}}