{"id":28,"date":"2014-09-18T12:29:35","date_gmt":"2014-09-18T11:29:35","guid":{"rendered":"http:\/\/agora.xtec.cat\/escolasetelsis\/?page_id=28"},"modified":"2026-04-13T11:21:31","modified_gmt":"2026-04-13T09:21:31","slug":"consell-escolar","status":"publish","type":"page","link":"https:\/\/agora.xtec.cat\/escolasetelsis\/lescola\/consell-escolar\/","title":{"rendered":"CONSELL ESCOLAR"},"content":{"rendered":"<p style=\"text-align: center;\"><b>Qu\u00e8 \u00e9s el Consell Escolar<\/b>?<\/p>\n<p style=\"text-align: center;\">El Consell Escolar del centre \u00e9s <b>l\u2019\u00f2rgan col\u00b7legiat de participaci\u00f3<\/b> de la comunitat educativa en el govern del centre. En el Consell Escolar hi ha representants tots els col\u00b7lectius que intervenen en la comunitat educativa: director o directora, mestres, alumnat, personal d\u2019administraci\u00f3 i serveis, fam\u00edlies i representant de l\u2019Ajuntament.<a href=\"https:\/\/educacio.gencat.cat\/ca\/arees-actuacio\/centres-serveis-educatius\/centres\/consells-escolars-centres\/\"><img loading=\"lazy\" decoding=\"async\" class=\"aligncenter wp-image-9170\" src=\"https:\/\/agora.xtec.cat\/escolasetelsis\/wp-content\/uploads\/usu1650\/2023\/09\/Copia-de-CARTELLS-GRUPS-CLASSE-1024x576.png\" alt=\"\" width=\"213\" height=\"120\" srcset=\"https:\/\/agora.xtec.cat\/escolasetelsis\/wp-content\/uploads\/usu1650\/2023\/09\/Copia-de-CARTELLS-GRUPS-CLASSE-1024x576.png 1024w, https:\/\/agora.xtec.cat\/escolasetelsis\/wp-content\/uploads\/usu1650\/2023\/09\/Copia-de-CARTELLS-GRUPS-CLASSE-300x169.png 300w, https:\/\/agora.xtec.cat\/escolasetelsis\/wp-content\/uploads\/usu1650\/2023\/09\/Copia-de-CARTELLS-GRUPS-CLASSE-768x432.png 768w, https:\/\/agora.xtec.cat\/escolasetelsis\/wp-content\/uploads\/usu1650\/2023\/09\/Copia-de-CARTELLS-GRUPS-CLASSE-1536x864.png 1536w, https:\/\/agora.xtec.cat\/escolasetelsis\/wp-content\/uploads\/usu1650\/2023\/09\/Copia-de-CARTELLS-GRUPS-CLASSE.png 1920w\" sizes=\"auto, (max-width: 213px) 100vw, 213px\" \/><\/a><a href=\"http:\/\/ensenyament.gencat.cat\/ca\/arees-actuacio\/centres-serveis-educatius\/centres\/consells-escolars-centres\/\" target=\"_blank\" rel=\"noopener\">PER SABER-NE M\u00c9S CLIQUEU AQU\u00cd<\/a><\/p>\n<p style=\"text-align: center;\"><b>Composici\u00f3 actual del nostre Consell Escolar<\/b><\/p>\n<table style=\"border-collapse: collapse; width: 100%; height: 270px;\" border=\"1\">\n<tbody>\n<tr style=\"height: 30px;\">\n<td style=\"width: 22.2404%; height: 30px;\"><b>Directora<\/b>:<\/td>\n<td style=\"width: 77.7596%; height: 30px;\">S\u00edlvia Boix<\/td>\n<\/tr>\n<tr style=\"height: 30px;\">\n<td style=\"width: 22.2404%; height: 30px;\"><b>Cap d\u2019Estudis<\/b>:<\/td>\n<td style=\"width: 77.7596%; height: 30px;\">Neus P\u00e9rez<\/td>\n<\/tr>\n<tr style=\"height: 30px;\">\n<td style=\"width: 22.2404%; height: 30px;\"><b>Secret\u00e0ria<\/b>:<\/td>\n<td style=\"width: 77.7596%; height: 30px;\">Raquel Solanellas<\/td>\n<\/tr>\n<tr style=\"height: 30px;\">\n<td style=\"width: 22.2404%; height: 30px;\"><b>Representants dels mestres<\/b>:<\/td>\n<td style=\"width: 77.7596%; height: 30px;\">\n<ul>\n<li>Adela Ruiz<\/li>\n<li>Rosa Vilaseca<\/li>\n<li>Begonya Gaya<\/li>\n<li>Gemma Torres<\/li>\n<li>Walter Cardona<\/li>\n<li>Sergi Beltran<\/li>\n<\/ul>\n<\/td>\n<\/tr>\n<tr style=\"height: 30px;\">\n<td style=\"width: 22.2404%; height: 30px;\"><b>Representant del personal PAS: <\/b><br \/>\n<b><\/b><\/td>\n<td style=\"width: 77.7596%; height: 30px;\">Miquel Mag\u00edn<\/td>\n<\/tr>\n<tr style=\"height: 30px;\">\n<td style=\"width: 22.2404%; height: 30px;\"><b>Representat del personal<\/b>\u00a0<b>d&#8217;Atenci\u00f3 Educativa:<\/b><br \/>\n<b><\/b><\/td>\n<td style=\"width: 77.7596%; height: 30px;\">S\u00edlvia Bard\u00e9s<\/td>\n<\/tr>\n<tr style=\"height: 30px;\">\n<td style=\"width: 22.2404%; height: 30px;\"><b>Representants del sector pares i mares<\/b>:<\/td>\n<td style=\"width: 77.7596%; height: 30px;\">\n<ul>\n<li>Maria Ariza<\/li>\n<li>Mireia Prado<\/li>\n<li>Maite Gonz\u00e1lez<\/li>\n<li>Raquel Aubarell<\/li>\n<li>Jordi Molner<\/li>\n<\/ul>\n<\/td>\n<\/tr>\n<tr style=\"height: 30px;\">\n<td style=\"width: 22.2404%; height: 30px;\"><b>Representant de l\u2019AMPA<\/b>:<\/td>\n<td style=\"width: 77.7596%; height: 30px;\">S\u00f2nia Pallar\u00e8s<\/td>\n<\/tr>\n<tr style=\"height: 30px;\">\n<td style=\"width: 22.2404%; height: 30px;\"><b>Representant de l\u2019Ajuntament<\/b>:<\/td>\n<td style=\"width: 77.7596%; height: 30px;\">Esther Espluga<\/td>\n<\/tr>\n<\/tbody>\n<\/table>\n<p>&nbsp;<\/p>\n<p>&nbsp;<\/p>\n","protected":false},"excerpt":{"rendered":"<p>Qu\u00e8 \u00e9s el Consell Escolar? El Consell Escolar del centre \u00e9s l\u2019\u00f2rgan col\u00b7legiat de participaci\u00f3 de la comunitat educativa en el govern del centre. En el Consell Escolar hi ha representants tots els col\u00b7lectius que intervenen en la comunitat educativa: director o directora, mestres, alumnat, personal d\u2019administraci\u00f3 i serveis, fam\u00edlies i representant de l\u2019Ajuntament.PER SABER-NE [&hellip;]<\/p>\n","protected":false},"author":1,"featured_media":0,"parent":22,"menu_order":4,"comment_status":"closed","ping_status":"closed","template":"","meta":{"_bbp_topic_count":0,"_bbp_reply_count":0,"_bbp_total_topic_count":0,"_bbp_total_reply_count":0,"_bbp_voice_count":0,"_bbp_anonymous_reply_count":0,"_bbp_topic_count_hidden":0,"_bbp_reply_count_hidden":0,"_bbp_forum_subforum_count":0,"site-sidebar-layout":"default","site-content-layout":"","ast-site-content-layout":"default","site-content-style":"default","site-sidebar-style":"default","ast-global-header-display":"","ast-banner-title-visibility":"","ast-main-header-display":"","ast-hfb-above-header-display":"","ast-hfb-below-header-display":"","ast-hfb-mobile-header-display":"","site-post-title":"","ast-breadcrumbs-content":"","ast-featured-img":"","footer-sml-layout":"","theme-transparent-header-meta":"default","adv-header-id-meta":"","stick-header-meta":"","header-above-stick-meta":"","header-main-stick-meta":"","header-below-stick-meta":"","astra-migrate-meta-layouts":"set","ast-page-background-enabled":"default","ast-page-background-meta":{"desktop":{"background-color":"var(--ast-global-color-4)","background-image":"","background-repeat":"repeat","background-position":"center center","background-size":"auto","background-attachment":"scroll","background-type":"","background-media":"","overlay-type":"","overlay-color":"","overlay-opacity":"","overlay-gradient":""},"tablet":{"background-color":"","background-image":"","background-repeat":"repeat","background-position":"center center","background-size":"auto","background-attachment":"scroll","background-type":"","background-media":"","overlay-type":"","overlay-color":"","overlay-opacity":"","overlay-gradient":""},"mobile":{"background-color":"","background-image":"","background-repeat":"repeat","background-position":"center center","background-size":"auto","background-attachment":"scroll","background-type":"","background-media":"","overlay-type":"","overlay-color":"","overlay-opacity":"","overlay-gradient":""}},"ast-content-background-meta":{"desktop":{"background-color":"var(--ast-global-color-5)","background-image":"","background-repeat":"repeat","background-position":"center center","background-size":"auto","background-attachment":"scroll","background-type":"","background-media":"","overlay-type":"","overlay-color":"","overlay-opacity":"","overlay-gradient":""},"tablet":{"background-color":"var(--ast-global-color-5)","background-image":"","background-repeat":"repeat","background-position":"center center","background-size":"auto","background-attachment":"scroll","background-type":"","background-media":"","overlay-type":"","overlay-color":"","overlay-opacity":"","overlay-gradient":""},"mobile":{"background-color":"var(--ast-global-color-5)","background-image":"","background-repeat":"repeat","background-position":"center center","background-size":"auto","background-attachment":"scroll","background-type":"","background-media":"","overlay-type":"","overlay-color":"","overlay-opacity":"","overlay-gradient":""}},"footnotes":""},"class_list":["post-28","page","type-page","status-publish","hentry"],"post_mailing_queue_ids":[],"_links":{"self":[{"href":"https:\/\/agora.xtec.cat\/escolasetelsis\/wp-json\/wp\/v2\/pages\/28","targetHints":{"allow":["GET"]}}],"collection":[{"href":"https:\/\/agora.xtec.cat\/escolasetelsis\/wp-json\/wp\/v2\/pages"}],"about":[{"href":"https:\/\/agora.xtec.cat\/escolasetelsis\/wp-json\/wp\/v2\/types\/page"}],"author":[{"embeddable":true,"href":"https:\/\/agora.xtec.cat\/escolasetelsis\/wp-json\/wp\/v2\/users\/1"}],"replies":[{"embeddable":true,"href":"https:\/\/agora.xtec.cat\/escolasetelsis\/wp-json\/wp\/v2\/comments?post=28"}],"version-history":[{"count":6,"href":"https:\/\/agora.xtec.cat\/escolasetelsis\/wp-json\/wp\/v2\/pages\/28\/revisions"}],"predecessor-version":[{"id":13915,"href":"https:\/\/agora.xtec.cat\/escolasetelsis\/wp-json\/wp\/v2\/pages\/28\/revisions\/13915"}],"up":[{"embeddable":true,"href":"https:\/\/agora.xtec.cat\/escolasetelsis\/wp-json\/wp\/v2\/pages\/22"}],"wp:attachment":[{"href":"https:\/\/agora.xtec.cat\/escolasetelsis\/wp-json\/wp\/v2\/media?parent=28"}],"curies":[{"name":"wp","href":"https:\/\/api.w.org\/{rel}","templated":true}]}}