{"id":26,"date":"2014-09-18T12:24:32","date_gmt":"2014-09-18T11:24:32","guid":{"rendered":"http:\/\/agora.xtec.cat\/escolasetelsis\/?page_id=26"},"modified":"2026-04-13T11:20:54","modified_gmt":"2026-04-13T09:20:54","slug":"historia","status":"publish","type":"page","link":"https:\/\/agora.xtec.cat\/escolasetelsis\/lescola\/historia\/","title":{"rendered":"HIST\u00d2RIA"},"content":{"rendered":"<p style=\"text-align: justify;\">Durant els anys 60 del segle XX, a Solsona hi va arribar una gran quantitat de persones vingudes de diferents indrets de l&#8217;estat espanyol. Sovint es tractava de persones joves amb fills petits, de manera que les necessitats d&#8217;escolaritzaci\u00f3 van cr\u00e9ixer exponencialment.<\/p>\n<p>En aquest context ens trobem quatre mestres treballant a l&#8217;escola p\u00fablica, les <em>Escuelas Nacionales<\/em> del moment, que estaven ubicades a l&#8217;edifici dels Escolapis, al Vall Fred. A la classe dels petits, la Maria va haver de dir que nom\u00e9s matriculava cinquanta infants perqu\u00e8 no ten\u00eda m\u00e9s taules ni cadires. Aquesta realitat va arribar a o\u00efdes de l&#8217;alcalde del moment, Josep Serra Forn que, quan va haver rebut prou pressi\u00f3 de fam\u00edlies i mestres, va fer un pensament: caldria construir una escola.<\/p>\n<p style=\"text-align: justify;\">El divuit de juliol de 1963 es va posar la primera pedra, per\u00f2 no va ser fins l&#8217;any 1968 que van arribar els primers alumnes. El primer curs nom\u00e9s hi havia tres grups de nens. Poc despr\u00e9s van arribar les nenes, per\u00f2 cadasc\u00fa al seu lloc: no compartien aula ni pati. L&#8217;edifici del mig, que t\u00e9 el mateix aspecte que el <em>Gran Hotel<\/em> de Jaca (caprici arquitect\u00f2nic de l&#8217;alcalde del moment), acollia els primers ocupants.<\/p>\n<p><a href=\"https:\/\/agora.xtec.cat\/escolasetelsis\/wp-content\/uploads\/usu1650\/2023\/12\/5.png\"><img loading=\"lazy\" decoding=\"async\" class=\"aligncenter size-large wp-image-9988\" src=\"https:\/\/agora.xtec.cat\/escolasetelsis\/wp-content\/uploads\/usu1650\/2023\/12\/5-1024x576.png\" alt=\"\" width=\"1024\" height=\"576\" srcset=\"https:\/\/agora.xtec.cat\/escolasetelsis\/wp-content\/uploads\/usu1650\/2023\/12\/5-1024x576.png 1024w, https:\/\/agora.xtec.cat\/escolasetelsis\/wp-content\/uploads\/usu1650\/2023\/12\/5-300x169.png 300w, https:\/\/agora.xtec.cat\/escolasetelsis\/wp-content\/uploads\/usu1650\/2023\/12\/5-768x432.png 768w, https:\/\/agora.xtec.cat\/escolasetelsis\/wp-content\/uploads\/usu1650\/2023\/12\/5-1536x864.png 1536w, https:\/\/agora.xtec.cat\/escolasetelsis\/wp-content\/uploads\/usu1650\/2023\/12\/5.png 1920w\" sizes=\"auto, (max-width: 1024px) 100vw, 1024px\" \/><\/a><\/p>\n<p style=\"text-align: justify;\">Tot just s&#8217;havia estrenat el nou edifici ja es va veure ben clar que no s&#8217;hi cabia. Els alumnes acabats d&#8217;arribar es van haver de traslladar al Casal perqu\u00e8 s&#8217;havien d&#8217;ampliar les aules.<\/p>\n<p style=\"text-align: justify;\">En els primers setanta, es va construir el parvulari i el gimn\u00e0s a la banda est, i un espai gran de dos pisos per aules, a la banda oest. Durant alguns cursos, hi va haver una aula de parvulari segregada al barri Josep Torregassa.<\/p>\n<p><a href=\"https:\/\/agora.xtec.cat\/escolasetelsis\/wp-content\/uploads\/usu1650\/2023\/12\/1.png\"><img loading=\"lazy\" decoding=\"async\" class=\"aligncenter size-large wp-image-9989\" src=\"https:\/\/agora.xtec.cat\/escolasetelsis\/wp-content\/uploads\/usu1650\/2023\/12\/1-1024x576.png\" alt=\"\" width=\"1024\" height=\"576\" srcset=\"https:\/\/agora.xtec.cat\/escolasetelsis\/wp-content\/uploads\/usu1650\/2023\/12\/1-1024x576.png 1024w, https:\/\/agora.xtec.cat\/escolasetelsis\/wp-content\/uploads\/usu1650\/2023\/12\/1-300x169.png 300w, https:\/\/agora.xtec.cat\/escolasetelsis\/wp-content\/uploads\/usu1650\/2023\/12\/1-768x432.png 768w, https:\/\/agora.xtec.cat\/escolasetelsis\/wp-content\/uploads\/usu1650\/2023\/12\/1-1536x864.png 1536w, https:\/\/agora.xtec.cat\/escolasetelsis\/wp-content\/uploads\/usu1650\/2023\/12\/1.png 1920w\" sizes=\"auto, (max-width: 1024px) 100vw, 1024px\" \/><\/a><\/p>\n<p style=\"text-align: justify;\">Tambe durant els anys setanta es va construir l&#8217;edifici escolar i parvulari del carrer Francesc Ribalta, al costat de l&#8217;Institut. Aquest edifici va ser concebut com una nova escola. L&#8217;any 1980, els alumnes de 6\u00e8, 7\u00e8 i 8\u00e8 juntament amb els seus mestres, van ocupar el nou edifici.<\/p>\n<p><a href=\"https:\/\/agora.xtec.cat\/escolasetelsis\/wp-content\/uploads\/usu1650\/2023\/12\/2.png\"><img loading=\"lazy\" decoding=\"async\" class=\"aligncenter size-large wp-image-9990\" src=\"https:\/\/agora.xtec.cat\/escolasetelsis\/wp-content\/uploads\/usu1650\/2023\/12\/2-1024x576.png\" alt=\"\" width=\"1024\" height=\"576\" srcset=\"https:\/\/agora.xtec.cat\/escolasetelsis\/wp-content\/uploads\/usu1650\/2023\/12\/2-1024x576.png 1024w, https:\/\/agora.xtec.cat\/escolasetelsis\/wp-content\/uploads\/usu1650\/2023\/12\/2-300x169.png 300w, https:\/\/agora.xtec.cat\/escolasetelsis\/wp-content\/uploads\/usu1650\/2023\/12\/2-768x432.png 768w, https:\/\/agora.xtec.cat\/escolasetelsis\/wp-content\/uploads\/usu1650\/2023\/12\/2-1536x864.png 1536w, https:\/\/agora.xtec.cat\/escolasetelsis\/wp-content\/uploads\/usu1650\/2023\/12\/2.png 1920w\" sizes=\"auto, (max-width: 1024px) 100vw, 1024px\" \/><\/a><\/p>\n<p>&nbsp;<\/p>\n<p><a href=\"https:\/\/agora.xtec.cat\/escolasetelsis\/wp-content\/uploads\/usu1650\/2023\/12\/4.png\"><img loading=\"lazy\" decoding=\"async\" class=\"aligncenter size-large wp-image-9991\" src=\"https:\/\/agora.xtec.cat\/escolasetelsis\/wp-content\/uploads\/usu1650\/2023\/12\/4-1024x576.png\" alt=\"\" width=\"1024\" height=\"576\" srcset=\"https:\/\/agora.xtec.cat\/escolasetelsis\/wp-content\/uploads\/usu1650\/2023\/12\/4-1024x576.png 1024w, https:\/\/agora.xtec.cat\/escolasetelsis\/wp-content\/uploads\/usu1650\/2023\/12\/4-300x169.png 300w, https:\/\/agora.xtec.cat\/escolasetelsis\/wp-content\/uploads\/usu1650\/2023\/12\/4-768x432.png 768w, https:\/\/agora.xtec.cat\/escolasetelsis\/wp-content\/uploads\/usu1650\/2023\/12\/4-1536x864.png 1536w, https:\/\/agora.xtec.cat\/escolasetelsis\/wp-content\/uploads\/usu1650\/2023\/12\/4.png 1920w\" sizes=\"auto, (max-width: 1024px) 100vw, 1024px\" \/><\/a><\/p>\n<p>Passaven els anys i s&#8217;anaven detectant les dificultats de tenir l&#8217;escola migpartida, de manera que les fam\u00edlies i mestres van reivindicar la reuni\u00f3 dels alumnes i, per tant, l&#8217;ampliaci\u00f3 i millora de l&#8217;edifici primigeni. Aquesta lluita es va iniciar a finals dels anys vuitanta i es va perllongar fins als dos mil.<\/p>\n<p><a href=\"https:\/\/agora.xtec.cat\/escolasetelsis\/wp-content\/uploads\/usu1650\/2023\/12\/3.png\"><img loading=\"lazy\" decoding=\"async\" class=\"aligncenter size-large wp-image-9992\" src=\"https:\/\/agora.xtec.cat\/escolasetelsis\/wp-content\/uploads\/usu1650\/2023\/12\/3-1024x576.png\" alt=\"\" width=\"1024\" height=\"576\" srcset=\"https:\/\/agora.xtec.cat\/escolasetelsis\/wp-content\/uploads\/usu1650\/2023\/12\/3-1024x576.png 1024w, https:\/\/agora.xtec.cat\/escolasetelsis\/wp-content\/uploads\/usu1650\/2023\/12\/3-300x169.png 300w, https:\/\/agora.xtec.cat\/escolasetelsis\/wp-content\/uploads\/usu1650\/2023\/12\/3-768x432.png 768w, https:\/\/agora.xtec.cat\/escolasetelsis\/wp-content\/uploads\/usu1650\/2023\/12\/3-1536x864.png 1536w, https:\/\/agora.xtec.cat\/escolasetelsis\/wp-content\/uploads\/usu1650\/2023\/12\/3.png 1920w\" sizes=\"auto, (max-width: 1024px) 100vw, 1024px\" \/><\/a><\/p>\n<p>No va ser fins el dia vint-i-vuit de novembre de 2001 que es va posar la primera pedra de la remodelaci\u00f3 de l&#8217;escola.<\/p>\n<p>&nbsp;<\/p>\n<h4 style=\"text-align: center;\">P\u00e0gina en construcci\u00f3<\/h4>\n<p style=\"text-align: left;\"><span style=\"color: #000000;\">Podeu fer un cop d&#8217;ull al llibre <\/span><span style=\"color: #000000;\">&#8220;JUNTS RECORDEM SETELSIS&#8221; editat en <\/span><span style=\"color: #000000;\">commemoraci\u00f3 dels 50 anys de la nostra escola<\/span><\/p>\n<div data-url=\"https:\/\/issuu.com\/escolasetelsis\/docs\/9maig_juntsrecordemsetelsis_sensesa\" style=\"width: 500px; height: 232px;\" class=\"issuuembed\"><\/div>\n<p><script type=\"text\/javascript\" src=\"\/\/e.issuu.com\/embed.js\" async=\"true\"><\/script><\/p>\n","protected":false},"excerpt":{"rendered":"<p>Durant els anys 60 del segle XX, a Solsona hi va arribar una gran quantitat de persones vingudes de diferents indrets de l&#8217;estat espanyol. Sovint es tractava de persones joves amb fills petits, de manera que les necessitats d&#8217;escolaritzaci\u00f3 van cr\u00e9ixer exponencialment. En aquest context ens trobem quatre mestres treballant a l&#8217;escola p\u00fablica, les Escuelas [&hellip;]<\/p>\n","protected":false},"author":1,"featured_media":0,"parent":22,"menu_order":2,"comment_status":"closed","ping_status":"closed","template":"","meta":{"_bbp_topic_count":0,"_bbp_reply_count":0,"_bbp_total_topic_count":0,"_bbp_total_reply_count":0,"_bbp_voice_count":0,"_bbp_anonymous_reply_count":0,"_bbp_topic_count_hidden":0,"_bbp_reply_count_hidden":0,"_bbp_forum_subforum_count":0,"site-sidebar-layout":"default","site-content-layout":"","ast-site-content-layout":"default","site-content-style":"default","site-sidebar-style":"default","ast-global-header-display":"","ast-banner-title-visibility":"","ast-main-header-display":"","ast-hfb-above-header-display":"","ast-hfb-below-header-display":"","ast-hfb-mobile-header-display":"","site-post-title":"","ast-breadcrumbs-content":"","ast-featured-img":"","footer-sml-layout":"","theme-transparent-header-meta":"default","adv-header-id-meta":"","stick-header-meta":"","header-above-stick-meta":"","header-main-stick-meta":"","header-below-stick-meta":"","astra-migrate-meta-layouts":"set","ast-page-background-enabled":"default","ast-page-background-meta":{"desktop":{"background-color":"var(--ast-global-color-4)","background-image":"","background-repeat":"repeat","background-position":"center center","background-size":"auto","background-attachment":"scroll","background-type":"","background-media":"","overlay-type":"","overlay-color":"","overlay-opacity":"","overlay-gradient":""},"tablet":{"background-color":"","background-image":"","background-repeat":"repeat","background-position":"center center","background-size":"auto","background-attachment":"scroll","background-type":"","background-media":"","overlay-type":"","overlay-color":"","overlay-opacity":"","overlay-gradient":""},"mobile":{"background-color":"","background-image":"","background-repeat":"repeat","background-position":"center center","background-size":"auto","background-attachment":"scroll","background-type":"","background-media":"","overlay-type":"","overlay-color":"","overlay-opacity":"","overlay-gradient":""}},"ast-content-background-meta":{"desktop":{"background-color":"var(--ast-global-color-5)","background-image":"","background-repeat":"repeat","background-position":"center center","background-size":"auto","background-attachment":"scroll","background-type":"","background-media":"","overlay-type":"","overlay-color":"","overlay-opacity":"","overlay-gradient":""},"tablet":{"background-color":"var(--ast-global-color-5)","background-image":"","background-repeat":"repeat","background-position":"center center","background-size":"auto","background-attachment":"scroll","background-type":"","background-media":"","overlay-type":"","overlay-color":"","overlay-opacity":"","overlay-gradient":""},"mobile":{"background-color":"var(--ast-global-color-5)","background-image":"","background-repeat":"repeat","background-position":"center center","background-size":"auto","background-attachment":"scroll","background-type":"","background-media":"","overlay-type":"","overlay-color":"","overlay-opacity":"","overlay-gradient":""}},"footnotes":""},"class_list":["post-26","page","type-page","status-publish","hentry"],"post_mailing_queue_ids":[],"_links":{"self":[{"href":"https:\/\/agora.xtec.cat\/escolasetelsis\/wp-json\/wp\/v2\/pages\/26","targetHints":{"allow":["GET"]}}],"collection":[{"href":"https:\/\/agora.xtec.cat\/escolasetelsis\/wp-json\/wp\/v2\/pages"}],"about":[{"href":"https:\/\/agora.xtec.cat\/escolasetelsis\/wp-json\/wp\/v2\/types\/page"}],"author":[{"embeddable":true,"href":"https:\/\/agora.xtec.cat\/escolasetelsis\/wp-json\/wp\/v2\/users\/1"}],"replies":[{"embeddable":true,"href":"https:\/\/agora.xtec.cat\/escolasetelsis\/wp-json\/wp\/v2\/comments?post=26"}],"version-history":[{"count":6,"href":"https:\/\/agora.xtec.cat\/escolasetelsis\/wp-json\/wp\/v2\/pages\/26\/revisions"}],"predecessor-version":[{"id":13913,"href":"https:\/\/agora.xtec.cat\/escolasetelsis\/wp-json\/wp\/v2\/pages\/26\/revisions\/13913"}],"up":[{"embeddable":true,"href":"https:\/\/agora.xtec.cat\/escolasetelsis\/wp-json\/wp\/v2\/pages\/22"}],"wp:attachment":[{"href":"https:\/\/agora.xtec.cat\/escolasetelsis\/wp-json\/wp\/v2\/media?parent=26"}],"curies":[{"name":"wp","href":"https:\/\/api.w.org\/{rel}","templated":true}]}}