{"id":751,"date":"2025-11-13T12:02:03","date_gmt":"2025-11-13T11:02:03","guid":{"rendered":"https:\/\/agora.xtec.cat\/escolaserenavall\/?page_id=751"},"modified":"2025-11-18T11:44:48","modified_gmt":"2025-11-18T10:44:48","slug":"sortides-curs-2025-26","status":"publish","type":"page","link":"https:\/\/agora.xtec.cat\/escolaserenavall\/sortides-curs-2025-26\/","title":{"rendered":"Sortides curs 2025-26"},"content":{"rendered":"<p><img loading=\"lazy\" decoding=\"async\" class=\"size-large wp-image-851 aligncenter\" src=\"https:\/\/agora.xtec.cat\/escolaserenavall\/wp-content\/uploads\/usu114\/2025\/11\/circ-1024x411.jpg\" alt=\"\" width=\"1024\" height=\"411\" srcset=\"https:\/\/agora.xtec.cat\/escolaserenavall\/wp-content\/uploads\/usu114\/2025\/11\/circ-1024x411.jpg 1024w, https:\/\/agora.xtec.cat\/escolaserenavall\/wp-content\/uploads\/usu114\/2025\/11\/circ-300x121.jpg 300w, https:\/\/agora.xtec.cat\/escolaserenavall\/wp-content\/uploads\/usu114\/2025\/11\/circ-768x308.jpg 768w, https:\/\/agora.xtec.cat\/escolaserenavall\/wp-content\/uploads\/usu114\/2025\/11\/circ.jpg 1200w\" sizes=\"auto, (max-width: 1024px) 100vw, 1024px\" \/><\/p>\n<p>&nbsp;<\/p>\n<p><strong>EDUCACI\u00d3 INFANTIL<\/strong><\/p>\n<p style=\"text-align: center;\"><strong>I3<\/strong><\/p>\n<p><img loading=\"lazy\" decoding=\"async\" class=\"size-full wp-image-856 aligncenter\" src=\"https:\/\/agora.xtec.cat\/escolaserenavall\/wp-content\/uploads\/usu114\/2025\/11\/I3A.png\" alt=\"\" width=\"714\" height=\"674\" srcset=\"https:\/\/agora.xtec.cat\/escolaserenavall\/wp-content\/uploads\/usu114\/2025\/11\/I3A.png 714w, https:\/\/agora.xtec.cat\/escolaserenavall\/wp-content\/uploads\/usu114\/2025\/11\/I3A-300x283.png 300w\" sizes=\"auto, (max-width: 714px) 100vw, 714px\" \/><\/p>\n<p style=\"text-align: center;\"><strong>I4<\/strong><\/p>\n<p><img loading=\"lazy\" decoding=\"async\" class=\"size-full wp-image-855 aligncenter\" src=\"https:\/\/agora.xtec.cat\/escolaserenavall\/wp-content\/uploads\/usu114\/2025\/11\/I4.png\" alt=\"\" width=\"748\" height=\"679\" srcset=\"https:\/\/agora.xtec.cat\/escolaserenavall\/wp-content\/uploads\/usu114\/2025\/11\/I4.png 748w, https:\/\/agora.xtec.cat\/escolaserenavall\/wp-content\/uploads\/usu114\/2025\/11\/I4-300x272.png 300w\" sizes=\"auto, (max-width: 748px) 100vw, 748px\" \/><\/p>\n<p style=\"text-align: center;\"><strong>I5<\/strong><\/p>\n<p><img loading=\"lazy\" decoding=\"async\" class=\"size-full wp-image-854 aligncenter\" src=\"https:\/\/agora.xtec.cat\/escolaserenavall\/wp-content\/uploads\/usu114\/2025\/11\/I5.png\" alt=\"\" width=\"648\" height=\"815\" srcset=\"https:\/\/agora.xtec.cat\/escolaserenavall\/wp-content\/uploads\/usu114\/2025\/11\/I5.png 648w, https:\/\/agora.xtec.cat\/escolaserenavall\/wp-content\/uploads\/usu114\/2025\/11\/I5-239x300.png 239w\" sizes=\"auto, (max-width: 648px) 100vw, 648px\" \/><\/p>\n<p><strong>EDUCACI\u00d3 PRIM\u00c0RIA<\/strong><\/p>\n<p style=\"text-align: center;\"><strong>1r<\/strong><\/p>\n<p>&nbsp;<\/p>\n<p><img loading=\"lazy\" decoding=\"async\" class=\"size-full wp-image-863 aligncenter\" src=\"https:\/\/agora.xtec.cat\/escolaserenavall\/wp-content\/uploads\/usu114\/2025\/11\/1r.png\" alt=\"\" width=\"764\" height=\"645\" srcset=\"https:\/\/agora.xtec.cat\/escolaserenavall\/wp-content\/uploads\/usu114\/2025\/11\/1r.png 764w, https:\/\/agora.xtec.cat\/escolaserenavall\/wp-content\/uploads\/usu114\/2025\/11\/1r-300x253.png 300w\" sizes=\"auto, (max-width: 764px) 100vw, 764px\" \/><\/p>\n<p style=\"text-align: center;\"><strong>2n<\/strong><\/p>\n<p><img loading=\"lazy\" decoding=\"async\" class=\"alignnone size-full wp-image-862 aligncenter\" src=\"https:\/\/agora.xtec.cat\/escolaserenavall\/wp-content\/uploads\/usu114\/2025\/11\/2n.png\" alt=\"\" width=\"655\" height=\"726\" srcset=\"https:\/\/agora.xtec.cat\/escolaserenavall\/wp-content\/uploads\/usu114\/2025\/11\/2n.png 655w, https:\/\/agora.xtec.cat\/escolaserenavall\/wp-content\/uploads\/usu114\/2025\/11\/2n-271x300.png 271w\" sizes=\"auto, (max-width: 655px) 100vw, 655px\" \/><\/p>\n<p style=\"text-align: center;\"><strong>3r<\/strong><\/p>\n<p><img loading=\"lazy\" decoding=\"async\" class=\"alignnone size-full wp-image-861 aligncenter\" src=\"https:\/\/agora.xtec.cat\/escolaserenavall\/wp-content\/uploads\/usu114\/2025\/11\/3r.png\" alt=\"\" width=\"631\" height=\"797\" srcset=\"https:\/\/agora.xtec.cat\/escolaserenavall\/wp-content\/uploads\/usu114\/2025\/11\/3r.png 631w, https:\/\/agora.xtec.cat\/escolaserenavall\/wp-content\/uploads\/usu114\/2025\/11\/3r-238x300.png 238w\" sizes=\"auto, (max-width: 631px) 100vw, 631px\" \/><\/p>\n<p style=\"text-align: center;\"><strong>4t<\/strong><\/p>\n<p><img loading=\"lazy\" decoding=\"async\" class=\"size-full wp-image-860 aligncenter\" src=\"https:\/\/agora.xtec.cat\/escolaserenavall\/wp-content\/uploads\/usu114\/2025\/11\/4t.png\" alt=\"\" width=\"653\" height=\"743\" srcset=\"https:\/\/agora.xtec.cat\/escolaserenavall\/wp-content\/uploads\/usu114\/2025\/11\/4t.png 653w, https:\/\/agora.xtec.cat\/escolaserenavall\/wp-content\/uploads\/usu114\/2025\/11\/4t-264x300.png 264w\" sizes=\"auto, (max-width: 653px) 100vw, 653px\" \/><\/p>\n<p style=\"text-align: center;\"><strong>5\u00e8<\/strong><\/p>\n<p><img loading=\"lazy\" decoding=\"async\" class=\"alignnone size-full wp-image-859 aligncenter\" src=\"https:\/\/agora.xtec.cat\/escolaserenavall\/wp-content\/uploads\/usu114\/2025\/11\/5e.png\" alt=\"\" width=\"658\" height=\"713\" srcset=\"https:\/\/agora.xtec.cat\/escolaserenavall\/wp-content\/uploads\/usu114\/2025\/11\/5e.png 658w, https:\/\/agora.xtec.cat\/escolaserenavall\/wp-content\/uploads\/usu114\/2025\/11\/5e-277x300.png 277w\" sizes=\"auto, (max-width: 658px) 100vw, 658px\" \/><\/p>\n<p>&nbsp;<\/p>\n<p style=\"text-align: center;\"><strong>6\u00e8<\/strong><\/p>\n<p><img loading=\"lazy\" decoding=\"async\" class=\"size-full wp-image-858 aligncenter\" src=\"https:\/\/agora.xtec.cat\/escolaserenavall\/wp-content\/uploads\/usu114\/2025\/11\/6e.png\" alt=\"\" width=\"591\" height=\"728\" srcset=\"https:\/\/agora.xtec.cat\/escolaserenavall\/wp-content\/uploads\/usu114\/2025\/11\/6e.png 591w, https:\/\/agora.xtec.cat\/escolaserenavall\/wp-content\/uploads\/usu114\/2025\/11\/6e-244x300.png 244w\" sizes=\"auto, (max-width: 591px) 100vw, 591px\" \/><\/p>\n<p>&nbsp;<\/p>\n<p>&nbsp;<\/p>\n<p>&nbsp;<\/p>\n","protected":false},"excerpt":{"rendered":"<p>&nbsp; EDUCACI\u00d3 INFANTIL I3 I4 I5 EDUCACI\u00d3 PRIM\u00c0RIA 1r &nbsp; 2n 3r 4t 5\u00e8 &nbsp; 6\u00e8 &nbsp; &nbsp; &nbsp;<\/p>\n","protected":false},"author":1,"featured_media":0,"parent":0,"menu_order":0,"comment_status":"closed","ping_status":"closed","template":"","meta":{"_bbp_topic_count":0,"_bbp_reply_count":0,"_bbp_total_topic_count":0,"_bbp_total_reply_count":0,"_bbp_voice_count":0,"_bbp_anonymous_reply_count":0,"_bbp_topic_count_hidden":0,"_bbp_reply_count_hidden":0,"_bbp_forum_subforum_count":0,"site-sidebar-layout":"default","site-content-layout":"","ast-site-content-layout":"default","site-content-style":"default","site-sidebar-style":"default","ast-global-header-display":"","ast-banner-title-visibility":"","ast-main-header-display":"","ast-hfb-above-header-display":"","ast-hfb-below-header-display":"","ast-hfb-mobile-header-display":"","site-post-title":"","ast-breadcrumbs-content":"","ast-featured-img":"","footer-sml-layout":"","theme-transparent-header-meta":"default","adv-header-id-meta":"","stick-header-meta":"","header-above-stick-meta":"","header-main-stick-meta":"","header-below-stick-meta":"","astra-migrate-meta-layouts":"set","ast-page-background-enabled":"default","ast-page-background-meta":{"desktop":{"background-color":"var(--ast-global-color-4)","background-image":"","background-repeat":"repeat","background-position":"center center","background-size":"auto","background-attachment":"scroll","background-type":"","background-media":"","overlay-type":"","overlay-color":"","overlay-opacity":"","overlay-gradient":""},"tablet":{"background-color":"","background-image":"","background-repeat":"repeat","background-position":"center center","background-size":"auto","background-attachment":"scroll","background-type":"","background-media":"","overlay-type":"","overlay-color":"","overlay-opacity":"","overlay-gradient":""},"mobile":{"background-color":"","background-image":"","background-repeat":"repeat","background-position":"center center","background-size":"auto","background-attachment":"scroll","background-type":"","background-media":"","overlay-type":"","overlay-color":"","overlay-opacity":"","overlay-gradient":""}},"ast-content-background-meta":{"desktop":{"background-color":"var(--ast-global-color-5)","background-image":"","background-repeat":"repeat","background-position":"center center","background-size":"auto","background-attachment":"scroll","background-type":"","background-media":"","overlay-type":"","overlay-color":"","overlay-opacity":"","overlay-gradient":""},"tablet":{"background-color":"var(--ast-global-color-5)","background-image":"","background-repeat":"repeat","background-position":"center center","background-size":"auto","background-attachment":"scroll","background-type":"","background-media":"","overlay-type":"","overlay-color":"","overlay-opacity":"","overlay-gradient":""},"mobile":{"background-color":"var(--ast-global-color-5)","background-image":"","background-repeat":"repeat","background-position":"center center","background-size":"auto","background-attachment":"scroll","background-type":"","background-media":"","overlay-type":"","overlay-color":"","overlay-opacity":"","overlay-gradient":""}},"footnotes":""},"class_list":["post-751","page","type-page","status-publish","hentry"],"post_mailing_queue_ids":[],"_links":{"self":[{"href":"https:\/\/agora.xtec.cat\/escolaserenavall\/wp-json\/wp\/v2\/pages\/751","targetHints":{"allow":["GET"]}}],"collection":[{"href":"https:\/\/agora.xtec.cat\/escolaserenavall\/wp-json\/wp\/v2\/pages"}],"about":[{"href":"https:\/\/agora.xtec.cat\/escolaserenavall\/wp-json\/wp\/v2\/types\/page"}],"author":[{"embeddable":true,"href":"https:\/\/agora.xtec.cat\/escolaserenavall\/wp-json\/wp\/v2\/users\/1"}],"replies":[{"embeddable":true,"href":"https:\/\/agora.xtec.cat\/escolaserenavall\/wp-json\/wp\/v2\/comments?post=751"}],"version-history":[{"count":6,"href":"https:\/\/agora.xtec.cat\/escolaserenavall\/wp-json\/wp\/v2\/pages\/751\/revisions"}],"predecessor-version":[{"id":865,"href":"https:\/\/agora.xtec.cat\/escolaserenavall\/wp-json\/wp\/v2\/pages\/751\/revisions\/865"}],"wp:attachment":[{"href":"https:\/\/agora.xtec.cat\/escolaserenavall\/wp-json\/wp\/v2\/media?parent=751"}],"curies":[{"name":"wp","href":"https:\/\/api.w.org\/{rel}","templated":true}]}}