{"id":7,"date":"2014-09-17T15:07:41","date_gmt":"2014-09-17T14:07:41","guid":{"rendered":"http:\/\/agora.xtec.cat\/escolaserenavall\/?page_id=7"},"modified":"2025-11-18T14:50:45","modified_gmt":"2025-11-18T13:50:45","slug":"pagines-dinici","status":"publish","type":"page","link":"https:\/\/agora.xtec.cat\/escolaserenavall\/pagines-dinici\/","title":{"rendered":"Extraescolars curs 2025-26"},"content":{"rendered":"<div class=\"CjVfdc\"><strong><span class=\"CGqCRe C9DxTc \">SECCI\u00d3 ESPORTIVA<\/span><\/strong><\/div>\n<div>\n<table style=\"border-collapse: collapse; width: 100%;\">\n<tbody>\n<tr>\n<td style=\"width: 100%;\"><\/td>\n<\/tr>\n<\/tbody>\n<\/table>\n<\/div>\n<div><img loading=\"lazy\" decoding=\"async\" class=\"alignnone size-large wp-image-882\" src=\"https:\/\/agora.xtec.cat\/escolaserenavall\/wp-content\/uploads\/usu114\/2025\/11\/SE1-1024x575.png\" alt=\"\" width=\"1024\" height=\"575\" srcset=\"https:\/\/agora.xtec.cat\/escolaserenavall\/wp-content\/uploads\/usu114\/2025\/11\/SE1-1024x575.png 1024w, https:\/\/agora.xtec.cat\/escolaserenavall\/wp-content\/uploads\/usu114\/2025\/11\/SE1-300x168.png 300w, https:\/\/agora.xtec.cat\/escolaserenavall\/wp-content\/uploads\/usu114\/2025\/11\/SE1-768x431.png 768w, https:\/\/agora.xtec.cat\/escolaserenavall\/wp-content\/uploads\/usu114\/2025\/11\/SE1.png 1094w\" sizes=\"auto, (max-width: 1024px) 100vw, 1024px\" \/><\/div>\n<div><\/div>\n<div><img loading=\"lazy\" decoding=\"async\" class=\"alignnone size-large wp-image-883\" src=\"https:\/\/agora.xtec.cat\/escolaserenavall\/wp-content\/uploads\/usu114\/2025\/11\/SE2-1024x575.png\" alt=\"\" width=\"1024\" height=\"575\" srcset=\"https:\/\/agora.xtec.cat\/escolaserenavall\/wp-content\/uploads\/usu114\/2025\/11\/SE2-1024x575.png 1024w, https:\/\/agora.xtec.cat\/escolaserenavall\/wp-content\/uploads\/usu114\/2025\/11\/SE2-300x168.png 300w, https:\/\/agora.xtec.cat\/escolaserenavall\/wp-content\/uploads\/usu114\/2025\/11\/SE2-768x431.png 768w, https:\/\/agora.xtec.cat\/escolaserenavall\/wp-content\/uploads\/usu114\/2025\/11\/SE2.png 1087w\" sizes=\"auto, (max-width: 1024px) 100vw, 1024px\" \/><\/div>\n<div><\/div>\n<div><\/div>\n<div><\/div>\n<div><a href=\"https:\/\/agora.xtec.cat\/escolaserenavall\/wp-content\/uploads\/usu114\/2025\/11\/Inscripcio.pdf\" target=\"_blank\" rel=\"noopener\">INSCRIPCI\u00d3<\/a><\/div>\n<div><\/div>\n<div><\/div>\n<div>\n<table style=\"border-collapse: collapse; width: 100%;\">\n<tbody>\n<tr>\n<td style=\"width: 100%;\"><\/td>\n<\/tr>\n<\/tbody>\n<\/table>\n<\/div>\n<div><\/div>\n<div><\/div>\n<div>\n<div class=\"CjVfdc\"><strong><span class=\"CGqCRe C9DxTc \">COLORS: menjador, perman\u00e8ncies, extraescolars\u00a0<\/span><\/strong><\/div>\n<div>\n<table style=\"border-collapse: collapse; width: 100%;\">\n<tbody>\n<tr>\n<td style=\"width: 100%;\"><\/td>\n<\/tr>\n<\/tbody>\n<\/table>\n<\/div>\n<\/div>\n<div><\/div>\n<div><img loading=\"lazy\" decoding=\"async\" class=\"alignnone size-full wp-image-886\" src=\"https:\/\/agora.xtec.cat\/escolaserenavall\/wp-content\/uploads\/usu114\/2025\/11\/Colors-1.png\" alt=\"\" width=\"821\" height=\"613\" srcset=\"https:\/\/agora.xtec.cat\/escolaserenavall\/wp-content\/uploads\/usu114\/2025\/11\/Colors-1.png 821w, https:\/\/agora.xtec.cat\/escolaserenavall\/wp-content\/uploads\/usu114\/2025\/11\/Colors-1-300x224.png 300w, https:\/\/agora.xtec.cat\/escolaserenavall\/wp-content\/uploads\/usu114\/2025\/11\/Colors-1-768x573.png 768w\" sizes=\"auto, (max-width: 821px) 100vw, 821px\" \/><\/div>\n<div><\/div>\n<div><\/div>\n<div><img loading=\"lazy\" decoding=\"async\" class=\"alignnone size-full wp-image-887\" src=\"https:\/\/agora.xtec.cat\/escolaserenavall\/wp-content\/uploads\/usu114\/2025\/11\/Colors-3.png\" alt=\"\" width=\"817\" height=\"612\" srcset=\"https:\/\/agora.xtec.cat\/escolaserenavall\/wp-content\/uploads\/usu114\/2025\/11\/Colors-3.png 817w, https:\/\/agora.xtec.cat\/escolaserenavall\/wp-content\/uploads\/usu114\/2025\/11\/Colors-3-300x225.png 300w, https:\/\/agora.xtec.cat\/escolaserenavall\/wp-content\/uploads\/usu114\/2025\/11\/Colors-3-768x575.png 768w\" sizes=\"auto, (max-width: 817px) 100vw, 817px\" \/><\/div>\n<div><\/div>\n<div><img loading=\"lazy\" decoding=\"async\" class=\"alignnone size-full wp-image-889\" src=\"https:\/\/agora.xtec.cat\/escolaserenavall\/wp-content\/uploads\/usu114\/2025\/11\/Colors-22.png\" alt=\"\" width=\"823\" height=\"615\" srcset=\"https:\/\/agora.xtec.cat\/escolaserenavall\/wp-content\/uploads\/usu114\/2025\/11\/Colors-22.png 823w, https:\/\/agora.xtec.cat\/escolaserenavall\/wp-content\/uploads\/usu114\/2025\/11\/Colors-22-300x224.png 300w, https:\/\/agora.xtec.cat\/escolaserenavall\/wp-content\/uploads\/usu114\/2025\/11\/Colors-22-768x574.png 768w\" sizes=\"auto, (max-width: 823px) 100vw, 823px\" \/><\/div>\n<div><\/div>\n<div><img loading=\"lazy\" decoding=\"async\" class=\"alignnone size-full wp-image-888\" src=\"https:\/\/agora.xtec.cat\/escolaserenavall\/wp-content\/uploads\/usu114\/2025\/11\/Colors-4.png\" alt=\"\" width=\"818\" height=\"612\" srcset=\"https:\/\/agora.xtec.cat\/escolaserenavall\/wp-content\/uploads\/usu114\/2025\/11\/Colors-4.png 818w, https:\/\/agora.xtec.cat\/escolaserenavall\/wp-content\/uploads\/usu114\/2025\/11\/Colors-4-300x224.png 300w, https:\/\/agora.xtec.cat\/escolaserenavall\/wp-content\/uploads\/usu114\/2025\/11\/Colors-4-768x575.png 768w\" sizes=\"auto, (max-width: 818px) 100vw, 818px\" \/><\/div>\n<div><\/div>\n<div><\/div>\n<div><\/div>\n<div><a href=\"https:\/\/agora.xtec.cat\/escolaserenavall\/wp-content\/uploads\/usu114\/2025\/11\/Inscripcio-de-Extra-I-PERMANENCIES-COLORS-25-26.pdf\" target=\"_blank\" rel=\"noopener\">INSCRIPCI\u00d3<\/a><\/div>\n<div>\n<table style=\"border-collapse: collapse; width: 100%;\">\n<tbody>\n<tr>\n<td style=\"width: 100%;\"><\/td>\n<\/tr>\n<\/tbody>\n<\/table>\n<\/div>\n<p>&nbsp;<\/p>\n<div class=\"CjVfdc\"><strong><span class=\"CGqCRe C9DxTc \">ESCOLA DE M\u00daSICA<\/span><\/strong><\/div>\n<div>\n<table style=\"border-collapse: collapse; width: 100%;\">\n<tbody>\n<tr>\n<td style=\"width: 100%;\"><\/td>\n<\/tr>\n<\/tbody>\n<\/table>\n<\/div>\n<div><\/div>\n<div><img loading=\"lazy\" decoding=\"async\" class=\"alignnone size-full wp-image-897\" src=\"https:\/\/agora.xtec.cat\/escolaserenavall\/wp-content\/uploads\/usu114\/2025\/11\/Musica.png\" alt=\"\" width=\"449\" height=\"636\" srcset=\"https:\/\/agora.xtec.cat\/escolaserenavall\/wp-content\/uploads\/usu114\/2025\/11\/Musica.png 449w, https:\/\/agora.xtec.cat\/escolaserenavall\/wp-content\/uploads\/usu114\/2025\/11\/Musica-212x300.png 212w\" sizes=\"auto, (max-width: 449px) 100vw, 449px\" \/><\/div>\n<div><\/div>\n<div><\/div>\n<div>\n<table style=\"border-collapse: collapse; width: 100%;\">\n<tbody>\n<tr>\n<td style=\"width: 100%;\"><\/td>\n<\/tr>\n<\/tbody>\n<\/table>\n<\/div>\n<div>\n<div class=\"CjVfdc\"><strong><span class=\"CGqCRe C9DxTc \">GIMN\u00c0STICA R\u00cdTMICA<\/span><\/strong><\/div>\n<\/div>\n<div><\/div>\n<div><img loading=\"lazy\" decoding=\"async\" class=\"alignnone size-full wp-image-899\" src=\"https:\/\/agora.xtec.cat\/escolaserenavall\/wp-content\/uploads\/usu114\/2025\/11\/GR.png\" alt=\"\" width=\"671\" height=\"886\" srcset=\"https:\/\/agora.xtec.cat\/escolaserenavall\/wp-content\/uploads\/usu114\/2025\/11\/GR.png 671w, https:\/\/agora.xtec.cat\/escolaserenavall\/wp-content\/uploads\/usu114\/2025\/11\/GR-227x300.png 227w\" sizes=\"auto, (max-width: 671px) 100vw, 671px\" \/><\/div>\n<div><\/div>\n<div><\/div>\n<div>\n<div class=\"CjVfdc\"><strong><span class=\"CGqCRe C9DxTc \">ROB\u00d2T<\/span><span class=\"CGqCRe C9DxTc \">ICA<\/span><\/strong><\/div>\n<\/div>\n<div><\/div>\n<div><a href=\"https:\/\/agora.xtec.cat\/escolaserenavall\/wp-content\/uploads\/usu114\/2025\/11\/Robotica-EDUKEM-NOS-2025-2026.pdf\" target=\"_blank\" rel=\"noopener\">INFORMACI\u00d3 I INSCRIPCI\u00d3<\/a><\/div>\n<div><\/div>\n","protected":false},"excerpt":{"rendered":"<p>SECCI\u00d3 ESPORTIVA INSCRIPCI\u00d3 COLORS: menjador, perman\u00e8ncies, extraescolars\u00a0 INSCRIPCI\u00d3 &nbsp; ESCOLA DE M\u00daSICA GIMN\u00c0STICA R\u00cdTMICA ROB\u00d2TICA INFORMACI\u00d3 I INSCRIPCI\u00d3<\/p>\n","protected":false},"author":1,"featured_media":0,"parent":0,"menu_order":0,"comment_status":"closed","ping_status":"closed","template":"","meta":{"_bbp_topic_count":0,"_bbp_reply_count":0,"_bbp_total_topic_count":0,"_bbp_total_reply_count":0,"_bbp_voice_count":0,"_bbp_anonymous_reply_count":0,"_bbp_topic_count_hidden":0,"_bbp_reply_count_hidden":0,"_bbp_forum_subforum_count":0,"site-sidebar-layout":"default","site-content-layout":"","ast-site-content-layout":"default","site-content-style":"default","site-sidebar-style":"default","ast-global-header-display":"","ast-banner-title-visibility":"","ast-main-header-display":"","ast-hfb-above-header-display":"","ast-hfb-below-header-display":"","ast-hfb-mobile-header-display":"","site-post-title":"","ast-breadcrumbs-content":"","ast-featured-img":"","footer-sml-layout":"","theme-transparent-header-meta":"default","adv-header-id-meta":"","stick-header-meta":"","header-above-stick-meta":"","header-main-stick-meta":"","header-below-stick-meta":"","astra-migrate-meta-layouts":"set","ast-page-background-enabled":"default","ast-page-background-meta":{"desktop":{"background-color":"var(--ast-global-color-4)","background-image":"","background-repeat":"repeat","background-position":"center center","background-size":"auto","background-attachment":"scroll","background-type":"","background-media":"","overlay-type":"","overlay-color":"","overlay-opacity":"","overlay-gradient":""},"tablet":{"background-color":"","background-image":"","background-repeat":"repeat","background-position":"center center","background-size":"auto","background-attachment":"scroll","background-type":"","background-media":"","overlay-type":"","overlay-color":"","overlay-opacity":"","overlay-gradient":""},"mobile":{"background-color":"","background-image":"","background-repeat":"repeat","background-position":"center center","background-size":"auto","background-attachment":"scroll","background-type":"","background-media":"","overlay-type":"","overlay-color":"","overlay-opacity":"","overlay-gradient":""}},"ast-content-background-meta":{"desktop":{"background-color":"var(--ast-global-color-5)","background-image":"","background-repeat":"repeat","background-position":"center center","background-size":"auto","background-attachment":"scroll","background-type":"","background-media":"","overlay-type":"","overlay-color":"","overlay-opacity":"","overlay-gradient":""},"tablet":{"background-color":"var(--ast-global-color-5)","background-image":"","background-repeat":"repeat","background-position":"center center","background-size":"auto","background-attachment":"scroll","background-type":"","background-media":"","overlay-type":"","overlay-color":"","overlay-opacity":"","overlay-gradient":""},"mobile":{"background-color":"var(--ast-global-color-5)","background-image":"","background-repeat":"repeat","background-position":"center center","background-size":"auto","background-attachment":"scroll","background-type":"","background-media":"","overlay-type":"","overlay-color":"","overlay-opacity":"","overlay-gradient":""}},"footnotes":""},"class_list":["post-7","page","type-page","status-publish","hentry"],"post_mailing_queue_ids":[],"_links":{"self":[{"href":"https:\/\/agora.xtec.cat\/escolaserenavall\/wp-json\/wp\/v2\/pages\/7","targetHints":{"allow":["GET"]}}],"collection":[{"href":"https:\/\/agora.xtec.cat\/escolaserenavall\/wp-json\/wp\/v2\/pages"}],"about":[{"href":"https:\/\/agora.xtec.cat\/escolaserenavall\/wp-json\/wp\/v2\/types\/page"}],"author":[{"embeddable":true,"href":"https:\/\/agora.xtec.cat\/escolaserenavall\/wp-json\/wp\/v2\/users\/1"}],"replies":[{"embeddable":true,"href":"https:\/\/agora.xtec.cat\/escolaserenavall\/wp-json\/wp\/v2\/comments?post=7"}],"version-history":[{"count":6,"href":"https:\/\/agora.xtec.cat\/escolaserenavall\/wp-json\/wp\/v2\/pages\/7\/revisions"}],"predecessor-version":[{"id":905,"href":"https:\/\/agora.xtec.cat\/escolaserenavall\/wp-json\/wp\/v2\/pages\/7\/revisions\/905"}],"wp:attachment":[{"href":"https:\/\/agora.xtec.cat\/escolaserenavall\/wp-json\/wp\/v2\/media?parent=7"}],"curies":[{"name":"wp","href":"https:\/\/api.w.org\/{rel}","templated":true}]}}