{"id":66,"date":"2014-09-18T12:40:47","date_gmt":"2014-09-18T11:40:47","guid":{"rendered":"http:\/\/agora.xtec.cat\/escolaserenavall\/?page_id=66"},"modified":"2026-01-26T10:42:01","modified_gmt":"2026-01-26T09:42:01","slug":"serveis","status":"publish","type":"page","link":"https:\/\/agora.xtec.cat\/escolaserenavall\/serveis\/","title":{"rendered":"Horari, Serveis i Espais"},"content":{"rendered":"<p><u>Horari i Serveis\u00a0 \u00a0 \u00a0 \u00a0 \u00a0 \u00a0 \u00a0 \u00a0 \u00a0 \u00a0 \u00a0 \u00a0 \u00a0 \u00a0 \u00a0 \u00a0 \u00a0 \u00a0 \u00a0 \u00a0 \u00a0 \u00a0 \u00a0 \u00a0 \u00a0 \u00a0 \u00a0 \u00a0 \u00a0 \u00a0 \u00a0 \u00a0 \u00a0 \u00a0 \u00a0 \u00a0 \u00a0 \u00a0 \u00a0 \u00a0 \u00a0 \u00a0 \u00a0 \u00a0 \u00a0 \u00a0 \u00a0 \u00a0\u00a0<\/u><\/p>\n<ul>\n<li>Servei de perman\u00e8ncies 7.45h a 9h i 16.30<img loading=\"lazy\" decoding=\"async\" class=\"wp-image-618 alignright\" src=\"https:\/\/agora.xtec.cat\/escolaserenavall\/wp-content\/uploads\/usu114\/2019\/11\/ceip1-300x225-e1574270234388.jpg\" alt=\"\" width=\"338\" height=\"215\" \/>h a 17h.<\/li>\n<li>Horari:\u00a0\u00a0 <strong>I3<\/strong> (de 9 a 12.30 i de 15 a 16.30h),<strong> I4 a 6\u00e8<\/strong> (de 9 a 12.30h dijous i dimarts i de 9 a 13h els dilluns, dimecres i divendres, i de 15 a 16.30h tots els dies)<\/li>\n<li>Ampliaci\u00f3 hor\u00e0ria a tot l&#8217;alumnat, des d&#8217;I4 fins a 6\u00e8\u00a0 (els alumnes d&#8217;I3 amb germans a prim\u00e0ria tenen servei d&#8217;acollida gratu\u00eft).<\/li>\n<li>Menjador amb cuina pr\u00f2pia.<\/li>\n<li>Activitats extraescolars de migdia i tarda 16.30h a 18.00h.<\/li>\n<li>Secci\u00f3 Esportiva de 16.30h a 19.00h.<\/li>\n<\/ul>\n<p><u>Espais\u00a0 \u00a0 \u00a0 \u00a0 \u00a0 \u00a0 \u00a0 \u00a0 \u00a0 \u00a0 \u00a0 \u00a0 \u00a0 \u00a0 \u00a0 \u00a0 \u00a0 \u00a0 \u00a0 \u00a0 \u00a0 \u00a0 \u00a0 \u00a0 \u00a0 \u00a0 \u00a0 \u00a0 \u00a0 \u00a0 \u00a0 \u00a0 \u00a0 \u00a0 \u00a0 \u00a0 \u00a0 \u00a0 \u00a0 \u00a0 \u00a0 \u00a0 \u00a0 \u00a0 \u00a0 \u00a0 \u00a0 \u00a0 \u00a0<\/u><\/p>\n<ul>\n<li>Aules equipades amb pissarres interactives<u><img loading=\"lazy\" decoding=\"async\" class=\"wp-image-629 alignright\" src=\"https:\/\/agora.xtec.cat\/escolaserenavall\/wp-content\/uploads\/usu114\/2019\/11\/ceip6-300x225-e1574271268499.jpg\" alt=\"\" width=\"342\" height=\"222\" \/><\/u><\/li>\n<li>Aules de refor\u00e7 o desdoblament<\/li>\n<li>Aula d&#8217;orientaci\u00f3 o suport<\/li>\n<li>Banda ampla a tots els espais<\/li>\n<li>Aula de m\u00fasica<\/li>\n<li>Biblioteca amb ordinadors (Mediateca)<\/li>\n<li>Aules a l&#8217;aire lliure<\/li>\n<li>Gimn\u00e0s\/Sala projecci\u00f3<\/li>\n<li>Sala de psicomotricitat<\/li>\n<li>Aula d&#8217;inform\u00e0tica<\/li>\n<li>Aula multim\u00e8dia (gravaci\u00f3, r\u00e0dio, croma&#8230;)<\/li>\n<li>Aula de pl\u00e0stica (usos m\u00faltiples)<\/li>\n<li>Menjador escolar<\/li>\n<li>Pistes esportives<\/li>\n<li>Zones d&#8217;esbarjo equipades amb jocs<\/li>\n<li>Hort a Ed. Infantil i Ed. Prim\u00e0ria<\/li>\n<\/ul>\n<p>&nbsp;<\/p>\n","protected":false},"excerpt":{"rendered":"<p>Horari i Serveis\u00a0 \u00a0 \u00a0 \u00a0 \u00a0 \u00a0 \u00a0 \u00a0 \u00a0 \u00a0 \u00a0 \u00a0 \u00a0 \u00a0 \u00a0 \u00a0 \u00a0 \u00a0 \u00a0 \u00a0 \u00a0 \u00a0 \u00a0 \u00a0 \u00a0 \u00a0 \u00a0 \u00a0 \u00a0 \u00a0 \u00a0 \u00a0 \u00a0 \u00a0 \u00a0 \u00a0 \u00a0 \u00a0 \u00a0 \u00a0 \u00a0 \u00a0 \u00a0 \u00a0 \u00a0 \u00a0 \u00a0 \u00a0\u00a0 Servei de perman\u00e8ncies 7.45h a [&hellip;]<\/p>\n","protected":false},"author":1,"featured_media":0,"parent":0,"menu_order":0,"comment_status":"closed","ping_status":"closed","template":"","meta":{"_bbp_topic_count":0,"_bbp_reply_count":0,"_bbp_total_topic_count":0,"_bbp_total_reply_count":0,"_bbp_voice_count":0,"_bbp_anonymous_reply_count":0,"_bbp_topic_count_hidden":0,"_bbp_reply_count_hidden":0,"_bbp_forum_subforum_count":0,"site-sidebar-layout":"default","site-content-layout":"","ast-site-content-layout":"default","site-content-style":"default","site-sidebar-style":"default","ast-global-header-display":"","ast-banner-title-visibility":"","ast-main-header-display":"","ast-hfb-above-header-display":"","ast-hfb-below-header-display":"","ast-hfb-mobile-header-display":"","site-post-title":"","ast-breadcrumbs-content":"","ast-featured-img":"","footer-sml-layout":"","theme-transparent-header-meta":"default","adv-header-id-meta":"","stick-header-meta":"","header-above-stick-meta":"","header-main-stick-meta":"","header-below-stick-meta":"","astra-migrate-meta-layouts":"set","ast-page-background-enabled":"default","ast-page-background-meta":{"desktop":{"background-color":"var(--ast-global-color-4)","background-image":"","background-repeat":"repeat","background-position":"center center","background-size":"auto","background-attachment":"scroll","background-type":"","background-media":"","overlay-type":"","overlay-color":"","overlay-opacity":"","overlay-gradient":""},"tablet":{"background-color":"","background-image":"","background-repeat":"repeat","background-position":"center center","background-size":"auto","background-attachment":"scroll","background-type":"","background-media":"","overlay-type":"","overlay-color":"","overlay-opacity":"","overlay-gradient":""},"mobile":{"background-color":"","background-image":"","background-repeat":"repeat","background-position":"center center","background-size":"auto","background-attachment":"scroll","background-type":"","background-media":"","overlay-type":"","overlay-color":"","overlay-opacity":"","overlay-gradient":""}},"ast-content-background-meta":{"desktop":{"background-color":"var(--ast-global-color-5)","background-image":"","background-repeat":"repeat","background-position":"center center","background-size":"auto","background-attachment":"scroll","background-type":"","background-media":"","overlay-type":"","overlay-color":"","overlay-opacity":"","overlay-gradient":""},"tablet":{"background-color":"var(--ast-global-color-5)","background-image":"","background-repeat":"repeat","background-position":"center center","background-size":"auto","background-attachment":"scroll","background-type":"","background-media":"","overlay-type":"","overlay-color":"","overlay-opacity":"","overlay-gradient":""},"mobile":{"background-color":"var(--ast-global-color-5)","background-image":"","background-repeat":"repeat","background-position":"center center","background-size":"auto","background-attachment":"scroll","background-type":"","background-media":"","overlay-type":"","overlay-color":"","overlay-opacity":"","overlay-gradient":""}},"footnotes":""},"class_list":["post-66","page","type-page","status-publish","hentry"],"post_mailing_queue_ids":[],"_links":{"self":[{"href":"https:\/\/agora.xtec.cat\/escolaserenavall\/wp-json\/wp\/v2\/pages\/66","targetHints":{"allow":["GET"]}}],"collection":[{"href":"https:\/\/agora.xtec.cat\/escolaserenavall\/wp-json\/wp\/v2\/pages"}],"about":[{"href":"https:\/\/agora.xtec.cat\/escolaserenavall\/wp-json\/wp\/v2\/types\/page"}],"author":[{"embeddable":true,"href":"https:\/\/agora.xtec.cat\/escolaserenavall\/wp-json\/wp\/v2\/users\/1"}],"replies":[{"embeddable":true,"href":"https:\/\/agora.xtec.cat\/escolaserenavall\/wp-json\/wp\/v2\/comments?post=66"}],"version-history":[{"count":6,"href":"https:\/\/agora.xtec.cat\/escolaserenavall\/wp-json\/wp\/v2\/pages\/66\/revisions"}],"predecessor-version":[{"id":1483,"href":"https:\/\/agora.xtec.cat\/escolaserenavall\/wp-json\/wp\/v2\/pages\/66\/revisions\/1483"}],"wp:attachment":[{"href":"https:\/\/agora.xtec.cat\/escolaserenavall\/wp-json\/wp\/v2\/media?parent=66"}],"curies":[{"name":"wp","href":"https:\/\/api.w.org\/{rel}","templated":true}]}}