{"id":26,"date":"2014-09-18T12:24:32","date_gmt":"2014-09-18T11:24:32","guid":{"rendered":"http:\/\/agora.xtec.cat\/escolaserenavall\/?page_id=26"},"modified":"2025-11-25T11:43:39","modified_gmt":"2025-11-25T10:43:39","slug":"historia","status":"publish","type":"page","link":"https:\/\/agora.xtec.cat\/escolaserenavall\/lescola\/historia\/","title":{"rendered":"Presentaci\u00f3"},"content":{"rendered":"<table style=\"height: 1892px; border-style: hidden; width: 65.2686%;\" width=\"881\">\n<tbody>\n<tr style=\"height: 312px;\">\n<td style=\"width: 94.874%; height: 376px; border-style: none;\">Som un centre de la xarxa p\u00fablica del Departament d&#8217;Educaci\u00f3 de la Generalitat de Catalunya que va comen\u00e7ar a funcionar durant el curs 1999-2000. L&#8217;actual edifici data de l&#8217;any 2005 i est\u00e0 ubicat al mig de la Natura.<\/p>\n<p>L&#8217;Escola Serena Vall creu que aprendre \u00e9s afavorir i possibilitar al m\u00e0xim el creixement intel\u00b7lectual, cultural, musical, art\u00edstic, emocional i social per aconseguir un desenvolupament harm\u00f2nic, coherent i integral.<\/p>\n<p>Propiciem l&#8217;arrelament al pa\u00eds, les tradicions i la cultura catalana.<\/p>\n<p>Com a prioritat, ens plantegem la qualitat educativa incidint en:<\/p>\n<p>&#8211; El saber<\/p>\n<p>&#8211; El saber fer<\/p>\n<p>&#8211; El saber estar<\/p>\n<p>&#8211; El saber actuar<\/td>\n<td style=\"width: 5.12601%; height: 376px; border-style: none;\"><\/td>\n<\/tr>\n<tr style=\"height: 294px;\">\n<td style=\"width: 94.874%; height: 352px; border-style: none;\">Som una escola pensada per facilitar la trobada dels infants mitjan\u00e7ant la descoberta del joc. Un lloc on l&#8217;infant pugui desenvolupar-se personal i socialment.<\/p>\n<p>El paper fonamental dels nostres mestres \u00e9s acompanyar els infants, per aix\u00ed, poder-los guiar en el seu cam\u00ed de construcci\u00f3 del coneixement.<\/p>\n<p>Promovem projectes educatius de tota la comunitat educativa amb un treball conjunt amb les fam\u00edlies: menjadors, activitats extraescolars, Secci\u00f3 Esportiva&#8230;<\/p>\n<p>Seguim els ex-alumnes en el seu pas a Secund\u00e0ria i potenciem la seva implicaci\u00f3 a l&#8217;escola en activitats esportives i culturals.<\/td>\n<td style=\"width: 5.12601%; height: 352px; border-style: none;\"><\/td>\n<\/tr>\n<tr style=\"height: 267px;\">\n<td style=\"width: 94.874%; height: 291px; border-style: none;\">\n<div>\n<p>&nbsp;<\/p>\n<\/div>\n<\/td>\n<td style=\"width: 5.12601%; height: 291px; border-style: none;\"><\/td>\n<\/tr>\n<tr style=\"height: 322px;\">\n<td style=\"width: 94.874%; height: 122px; border-style: none;\"><\/td>\n<td style=\"width: 5.12601%; height: 122px; border-style: none;\"><\/td>\n<\/tr>\n<tr style=\"height: 259px;\">\n<td style=\"width: 94.874%; height: 377px; border-style: none;\">\n<div>\n<p>&nbsp;<\/p>\n<\/div>\n<\/td>\n<td style=\"width: 5.12601%; height: 377px; border-style: none;\"><\/td>\n<\/tr>\n<tr style=\"height: 343px;\">\n<td style=\"width: 94.874%; height: 374px; border-style: none;\"><\/td>\n<td style=\"width: 5.12601%; height: 374px; border-style: none;\">\n<div>\n<p>&nbsp;<\/p>\n<\/div>\n<div><\/div>\n<\/td>\n<\/tr>\n<\/tbody>\n<\/table>\n<p>&nbsp;<\/p>\n","protected":false},"excerpt":{"rendered":"<p>Som un centre de la xarxa p\u00fablica del Departament d&#8217;Educaci\u00f3 de la Generalitat de Catalunya que va comen\u00e7ar a funcionar durant el curs 1999-2000. L&#8217;actual edifici data de l&#8217;any 2005 i est\u00e0 ubicat al mig de la Natura. L&#8217;Escola Serena Vall creu que aprendre \u00e9s afavorir i possibilitar al m\u00e0xim el creixement intel\u00b7lectual, cultural, musical, [&hellip;]<\/p>\n","protected":false},"author":1,"featured_media":0,"parent":22,"menu_order":20,"comment_status":"closed","ping_status":"closed","template":"","meta":{"_bbp_topic_count":0,"_bbp_reply_count":0,"_bbp_total_topic_count":0,"_bbp_total_reply_count":0,"_bbp_voice_count":0,"_bbp_anonymous_reply_count":0,"_bbp_topic_count_hidden":0,"_bbp_reply_count_hidden":0,"_bbp_forum_subforum_count":0,"site-sidebar-layout":"default","site-content-layout":"","ast-site-content-layout":"default","site-content-style":"default","site-sidebar-style":"default","ast-global-header-display":"","ast-banner-title-visibility":"","ast-main-header-display":"","ast-hfb-above-header-display":"","ast-hfb-below-header-display":"","ast-hfb-mobile-header-display":"","site-post-title":"","ast-breadcrumbs-content":"","ast-featured-img":"","footer-sml-layout":"","theme-transparent-header-meta":"default","adv-header-id-meta":"","stick-header-meta":"","header-above-stick-meta":"","header-main-stick-meta":"","header-below-stick-meta":"","astra-migrate-meta-layouts":"set","ast-page-background-enabled":"default","ast-page-background-meta":{"desktop":{"background-color":"var(--ast-global-color-4)","background-image":"","background-repeat":"repeat","background-position":"center center","background-size":"auto","background-attachment":"scroll","background-type":"","background-media":"","overlay-type":"","overlay-color":"","overlay-opacity":"","overlay-gradient":""},"tablet":{"background-color":"","background-image":"","background-repeat":"repeat","background-position":"center center","background-size":"auto","background-attachment":"scroll","background-type":"","background-media":"","overlay-type":"","overlay-color":"","overlay-opacity":"","overlay-gradient":""},"mobile":{"background-color":"","background-image":"","background-repeat":"repeat","background-position":"center center","background-size":"auto","background-attachment":"scroll","background-type":"","background-media":"","overlay-type":"","overlay-color":"","overlay-opacity":"","overlay-gradient":""}},"ast-content-background-meta":{"desktop":{"background-color":"var(--ast-global-color-5)","background-image":"","background-repeat":"repeat","background-position":"center center","background-size":"auto","background-attachment":"scroll","background-type":"","background-media":"","overlay-type":"","overlay-color":"","overlay-opacity":"","overlay-gradient":""},"tablet":{"background-color":"var(--ast-global-color-5)","background-image":"","background-repeat":"repeat","background-position":"center center","background-size":"auto","background-attachment":"scroll","background-type":"","background-media":"","overlay-type":"","overlay-color":"","overlay-opacity":"","overlay-gradient":""},"mobile":{"background-color":"var(--ast-global-color-5)","background-image":"","background-repeat":"repeat","background-position":"center center","background-size":"auto","background-attachment":"scroll","background-type":"","background-media":"","overlay-type":"","overlay-color":"","overlay-opacity":"","overlay-gradient":""}},"footnotes":""},"class_list":["post-26","page","type-page","status-publish","hentry"],"post_mailing_queue_ids":[],"_links":{"self":[{"href":"https:\/\/agora.xtec.cat\/escolaserenavall\/wp-json\/wp\/v2\/pages\/26","targetHints":{"allow":["GET"]}}],"collection":[{"href":"https:\/\/agora.xtec.cat\/escolaserenavall\/wp-json\/wp\/v2\/pages"}],"about":[{"href":"https:\/\/agora.xtec.cat\/escolaserenavall\/wp-json\/wp\/v2\/types\/page"}],"author":[{"embeddable":true,"href":"https:\/\/agora.xtec.cat\/escolaserenavall\/wp-json\/wp\/v2\/users\/1"}],"replies":[{"embeddable":true,"href":"https:\/\/agora.xtec.cat\/escolaserenavall\/wp-json\/wp\/v2\/comments?post=26"}],"version-history":[{"count":6,"href":"https:\/\/agora.xtec.cat\/escolaserenavall\/wp-json\/wp\/v2\/pages\/26\/revisions"}],"predecessor-version":[{"id":1085,"href":"https:\/\/agora.xtec.cat\/escolaserenavall\/wp-json\/wp\/v2\/pages\/26\/revisions\/1085"}],"up":[{"embeddable":true,"href":"https:\/\/agora.xtec.cat\/escolaserenavall\/wp-json\/wp\/v2\/pages\/22"}],"wp:attachment":[{"href":"https:\/\/agora.xtec.cat\/escolaserenavall\/wp-json\/wp\/v2\/media?parent=26"}],"curies":[{"name":"wp","href":"https:\/\/api.w.org\/{rel}","templated":true}]}}