{"id":1452,"date":"2026-01-22T11:06:12","date_gmt":"2026-01-22T10:06:12","guid":{"rendered":"https:\/\/agora.xtec.cat\/escolaserenavall\/?page_id=1452"},"modified":"2026-01-26T09:42:31","modified_gmt":"2026-01-26T08:42:31","slug":"preinscripcio-curs-2026-27-2","status":"publish","type":"page","link":"https:\/\/agora.xtec.cat\/escolaserenavall\/preinscripcio-curs-2026-27-2\/","title":{"rendered":"Preinscripci\u00f3 curs 2026-27"},"content":{"rendered":"<p style=\"text-align: center;\">US INFORMEM QUE LES PORTES OBERTES ES DURAN A TERME:<\/p>\n<p style=\"text-align: center;\"><strong>DISSABTE 21 de FEBRER<\/strong><\/p>\n<p style=\"text-align: center;\">(ED. INFANTIL I ED. PRIM\u00c0RIA)<\/p>\n<p style=\"text-align: center;\">SI ENS VOLEU ACOMPANYAR CAL QUE CONCERTEU CITA PR\u00c8VIA TRUCANT AL NOSTRE TEL\u00c8FON:<\/p>\n<p style=\"text-align: center;\">93 792 81 86<\/p>\n<p>&nbsp;<\/p>\n<p style=\"text-align: center;\">US HI ESPEREM!<\/p>\n<p>&nbsp;<\/p>\n<p>*El per\u00edode per formalitzar la preinscripci\u00f3 ser\u00e0 del <strong>4 al 18 de mar\u00e7<\/strong>.<\/p>\n","protected":false},"excerpt":{"rendered":"<p>US INFORMEM QUE LES PORTES OBERTES ES DURAN A TERME: DISSABTE 21 de FEBRER (ED. INFANTIL I ED. PRIM\u00c0RIA) SI ENS VOLEU ACOMPANYAR CAL QUE CONCERTEU CITA PR\u00c8VIA TRUCANT AL NOSTRE TEL\u00c8FON: 93 792 81 86 &nbsp; US HI ESPEREM! &nbsp; *El per\u00edode per formalitzar la preinscripci\u00f3 ser\u00e0 del 4 al 18 de mar\u00e7.<\/p>\n","protected":false},"author":1,"featured_media":0,"parent":0,"menu_order":0,"comment_status":"closed","ping_status":"closed","template":"","meta":{"_bbp_topic_count":0,"_bbp_reply_count":0,"_bbp_total_topic_count":0,"_bbp_total_reply_count":0,"_bbp_voice_count":0,"_bbp_anonymous_reply_count":0,"_bbp_topic_count_hidden":0,"_bbp_reply_count_hidden":0,"_bbp_forum_subforum_count":0,"site-sidebar-layout":"default","site-content-layout":"","ast-site-content-layout":"default","site-content-style":"default","site-sidebar-style":"default","ast-global-header-display":"","ast-banner-title-visibility":"","ast-main-header-display":"","ast-hfb-above-header-display":"","ast-hfb-below-header-display":"","ast-hfb-mobile-header-display":"","site-post-title":"","ast-breadcrumbs-content":"","ast-featured-img":"","footer-sml-layout":"","theme-transparent-header-meta":"default","adv-header-id-meta":"","stick-header-meta":"","header-above-stick-meta":"","header-main-stick-meta":"","header-below-stick-meta":"","astra-migrate-meta-layouts":"set","ast-page-background-enabled":"default","ast-page-background-meta":{"desktop":{"background-color":"var(--ast-global-color-4)","background-image":"","background-repeat":"repeat","background-position":"center center","background-size":"auto","background-attachment":"scroll","background-type":"","background-media":"","overlay-type":"","overlay-color":"","overlay-opacity":"","overlay-gradient":""},"tablet":{"background-color":"","background-image":"","background-repeat":"repeat","background-position":"center center","background-size":"auto","background-attachment":"scroll","background-type":"","background-media":"","overlay-type":"","overlay-color":"","overlay-opacity":"","overlay-gradient":""},"mobile":{"background-color":"","background-image":"","background-repeat":"repeat","background-position":"center center","background-size":"auto","background-attachment":"scroll","background-type":"","background-media":"","overlay-type":"","overlay-color":"","overlay-opacity":"","overlay-gradient":""}},"ast-content-background-meta":{"desktop":{"background-color":"var(--ast-global-color-5)","background-image":"","background-repeat":"repeat","background-position":"center center","background-size":"auto","background-attachment":"scroll","background-type":"","background-media":"","overlay-type":"","overlay-color":"","overlay-opacity":"","overlay-gradient":""},"tablet":{"background-color":"var(--ast-global-color-5)","background-image":"","background-repeat":"repeat","background-position":"center center","background-size":"auto","background-attachment":"scroll","background-type":"","background-media":"","overlay-type":"","overlay-color":"","overlay-opacity":"","overlay-gradient":""},"mobile":{"background-color":"var(--ast-global-color-5)","background-image":"","background-repeat":"repeat","background-position":"center center","background-size":"auto","background-attachment":"scroll","background-type":"","background-media":"","overlay-type":"","overlay-color":"","overlay-opacity":"","overlay-gradient":""}},"footnotes":""},"class_list":["post-1452","page","type-page","status-publish","hentry"],"post_mailing_queue_ids":[],"_links":{"self":[{"href":"https:\/\/agora.xtec.cat\/escolaserenavall\/wp-json\/wp\/v2\/pages\/1452","targetHints":{"allow":["GET"]}}],"collection":[{"href":"https:\/\/agora.xtec.cat\/escolaserenavall\/wp-json\/wp\/v2\/pages"}],"about":[{"href":"https:\/\/agora.xtec.cat\/escolaserenavall\/wp-json\/wp\/v2\/types\/page"}],"author":[{"embeddable":true,"href":"https:\/\/agora.xtec.cat\/escolaserenavall\/wp-json\/wp\/v2\/users\/1"}],"replies":[{"embeddable":true,"href":"https:\/\/agora.xtec.cat\/escolaserenavall\/wp-json\/wp\/v2\/comments?post=1452"}],"version-history":[{"count":5,"href":"https:\/\/agora.xtec.cat\/escolaserenavall\/wp-json\/wp\/v2\/pages\/1452\/revisions"}],"predecessor-version":[{"id":1464,"href":"https:\/\/agora.xtec.cat\/escolaserenavall\/wp-json\/wp\/v2\/pages\/1452\/revisions\/1464"}],"wp:attachment":[{"href":"https:\/\/agora.xtec.cat\/escolaserenavall\/wp-json\/wp\/v2\/media?parent=1452"}],"curies":[{"name":"wp","href":"https:\/\/api.w.org\/{rel}","templated":true}]}}