{"id":971,"date":"2024-11-28T17:05:19","date_gmt":"2024-11-28T16:05:19","guid":{"rendered":"https:\/\/agora.xtec.cat\/escolasegre\/?page_id=971"},"modified":"2024-11-28T17:05:19","modified_gmt":"2024-11-28T16:05:19","slug":"festes-escolars","status":"publish","type":"page","link":"https:\/\/agora.xtec.cat\/escolasegre\/projecte-educatiu\/festes-escolars\/","title":{"rendered":"Festes escolars"},"content":{"rendered":"<p><b>Una Escola Familiar i Plena de Vida<\/b><\/p>\n<p><span style=\"font-weight: 400;\">A la nostra escola, som una gran fam\u00edlia compromesa amb l&#8217;educaci\u00f3 i el benestar dels nostres alumnes. Som una escola p\u00fablica de barri, oberta i acollidora, on cada infant troba el seu espai per cr\u00e9ixer i aprendre en un ambient proper i de confian\u00e7a.<\/span><\/p>\n<p><span style=\"font-weight: 400;\">Les festes populars s\u00f3n una part fonamental de la nostra vida escolar. A cada \u00e8poca de l\u2019any celebrem amb il\u00b7lusi\u00f3 les tradicions m\u00e9s estimades com la <\/span><b>Castanyada, el Nadal, el Carnaval o Sant Jordi<\/b><span style=\"font-weight: 400;\">. A trav\u00e9s d\u2019aquestes celebracions, els nostres alumnes viuen l\u2019escola com un espai festiu, on el coneixement es fusiona amb la diversi\u00f3 i l\u2019aprenentatge compartit.<\/span><\/p>\n<p><span style=\"font-weight: 400;\">A m\u00e9s, fomentem valors essencials com la cooperaci\u00f3, el respecte i la solidaritat a trav\u00e9s de diverses activitats com el <\/span><b>Dia de la Pau<\/b><span style=\"font-weight: 400;\">, en qu\u00e8 els nens i nenes participen en din\u00e0miques per promoure la conviv\u00e8ncia pac\u00edfica. Tamb\u00e9 organitzem el<\/span><b> Dia de l&#8217;Esport<\/b><span style=\"font-weight: 400;\">, amb unes emocionants olimp\u00edades escolars, per incentivar l&#8217;activitat f\u00edsica i el treball en equip.<\/span><\/p>\n<p><span style=\"font-weight: 400;\">Per\u00f2 si hi ha una jornada que destaca per sobre de les altres, \u00e9s la <\/span><b>festa de final de curs<\/b><span style=\"font-weight: 400;\">. Al final de cada any escolar, tota la comunitat educativa es reuneix per compartir una tarda de diversi\u00f3 amb jocs, tallers i m\u00fasica, creant moments inoblidables. La jornada culmina amb un sopar de germanor en qu\u00e8 participen alumnes, mestres i fam\u00edlies, refor\u00e7ant els vincles que ens uneixen.<\/span><\/p>\n<p><span style=\"font-weight: 400;\">Per acomiadar els nostres alumnes de 6\u00e8, organitzem un <\/span><b>festival especial<\/b><span style=\"font-weight: 400;\"> on els desitgem molta sort en la seva nova etapa. \u00c9s un moment emotiu en qu\u00e8 els recordem que l&#8217;escola sempre ser\u00e0 casa seva, un lloc on sempre seran benvinguts.<\/span><\/p>\n<p><span style=\"font-weight: 400;\">A la nostra escola, el calendari escolar est\u00e0 marcat per una combinaci\u00f3 de coneixement, tradici\u00f3 i moments de celebraci\u00f3, creant un ambient alegre i estimulant per a tots els nostres alumnes.<\/span><\/p>\n","protected":false},"excerpt":{"rendered":"<p>Una Escola Familiar i Plena de Vida A la nostra escola, som una gran fam\u00edlia compromesa amb l&#8217;educaci\u00f3 i el benestar dels nostres alumnes. Som una escola p\u00fablica de barri, oberta i acollidora, on cada infant troba el seu espai per cr\u00e9ixer i aprendre en un ambient proper i de confian\u00e7a. Les festes populars s\u00f3n [&hellip;]<\/p>\n","protected":false},"author":1,"featured_media":0,"parent":64,"menu_order":8,"comment_status":"closed","ping_status":"closed","template":"page-templates\/side-menu.php","meta":{"_bbp_topic_count":0,"_bbp_reply_count":0,"_bbp_total_topic_count":0,"_bbp_total_reply_count":0,"_bbp_voice_count":0,"_bbp_anonymous_reply_count":0,"_bbp_topic_count_hidden":0,"_bbp_reply_count_hidden":0,"_bbp_forum_subforum_count":0,"site-sidebar-layout":"default","site-content-layout":"","ast-site-content-layout":"","site-content-style":"default","site-sidebar-style":"default","ast-global-header-display":"","ast-banner-title-visibility":"","ast-main-header-display":"","ast-hfb-above-header-display":"","ast-hfb-below-header-display":"","ast-hfb-mobile-header-display":"","site-post-title":"","ast-breadcrumbs-content":"","ast-featured-img":"","footer-sml-layout":"","theme-transparent-header-meta":"","adv-header-id-meta":"","stick-header-meta":"","header-above-stick-meta":"","header-main-stick-meta":"","header-below-stick-meta":"","astra-migrate-meta-layouts":"default","ast-page-background-enabled":"default","ast-page-background-meta":{"desktop":{"background-color":"var(--ast-global-color-4)","background-image":"","background-repeat":"repeat","background-position":"center center","background-size":"auto","background-attachment":"scroll","background-type":"","background-media":"","overlay-type":"","overlay-color":"","overlay-opacity":"","overlay-gradient":""},"tablet":{"background-color":"","background-image":"","background-repeat":"repeat","background-position":"center center","background-size":"auto","background-attachment":"scroll","background-type":"","background-media":"","overlay-type":"","overlay-color":"","overlay-opacity":"","overlay-gradient":""},"mobile":{"background-color":"","background-image":"","background-repeat":"repeat","background-position":"center center","background-size":"auto","background-attachment":"scroll","background-type":"","background-media":"","overlay-type":"","overlay-color":"","overlay-opacity":"","overlay-gradient":""}},"ast-content-background-meta":{"desktop":{"background-color":"var(--ast-global-color-5)","background-image":"","background-repeat":"repeat","background-position":"center center","background-size":"auto","background-attachment":"scroll","background-type":"","background-media":"","overlay-type":"","overlay-color":"","overlay-opacity":"","overlay-gradient":""},"tablet":{"background-color":"var(--ast-global-color-5)","background-image":"","background-repeat":"repeat","background-position":"center center","background-size":"auto","background-attachment":"scroll","background-type":"","background-media":"","overlay-type":"","overlay-color":"","overlay-opacity":"","overlay-gradient":""},"mobile":{"background-color":"var(--ast-global-color-5)","background-image":"","background-repeat":"repeat","background-position":"center center","background-size":"auto","background-attachment":"scroll","background-type":"","background-media":"","overlay-type":"","overlay-color":"","overlay-opacity":"","overlay-gradient":""}},"footnotes":""},"class_list":["post-971","page","type-page","status-publish","hentry"],"post_mailing_queue_ids":[],"_links":{"self":[{"href":"https:\/\/agora.xtec.cat\/escolasegre\/wp-json\/wp\/v2\/pages\/971","targetHints":{"allow":["GET"]}}],"collection":[{"href":"https:\/\/agora.xtec.cat\/escolasegre\/wp-json\/wp\/v2\/pages"}],"about":[{"href":"https:\/\/agora.xtec.cat\/escolasegre\/wp-json\/wp\/v2\/types\/page"}],"author":[{"embeddable":true,"href":"https:\/\/agora.xtec.cat\/escolasegre\/wp-json\/wp\/v2\/users\/1"}],"replies":[{"embeddable":true,"href":"https:\/\/agora.xtec.cat\/escolasegre\/wp-json\/wp\/v2\/comments?post=971"}],"version-history":[{"count":1,"href":"https:\/\/agora.xtec.cat\/escolasegre\/wp-json\/wp\/v2\/pages\/971\/revisions"}],"predecessor-version":[{"id":972,"href":"https:\/\/agora.xtec.cat\/escolasegre\/wp-json\/wp\/v2\/pages\/971\/revisions\/972"}],"up":[{"embeddable":true,"href":"https:\/\/agora.xtec.cat\/escolasegre\/wp-json\/wp\/v2\/pages\/64"}],"wp:attachment":[{"href":"https:\/\/agora.xtec.cat\/escolasegre\/wp-json\/wp\/v2\/media?parent=971"}],"curies":[{"name":"wp","href":"https:\/\/api.w.org\/{rel}","templated":true}]}}