{"id":956,"date":"2024-11-26T16:24:28","date_gmt":"2024-11-26T15:24:28","guid":{"rendered":"https:\/\/agora.xtec.cat\/escolasegre\/?page_id=956"},"modified":"2026-02-02T09:45:53","modified_gmt":"2026-02-02T08:45:53","slug":"pas-a-secundaria","status":"publish","type":"page","link":"https:\/\/agora.xtec.cat\/escolasegre\/projecte-educatiu\/pas-a-secundaria\/","title":{"rendered":"Pas a secund\u00e0ria"},"content":{"rendered":"<p>Centres d&#8217;educaci\u00f3 secund\u00e0ria adscrits:<\/p>\n<p><a href=\"https:\/\/agora.xtec.cat\/escolasegre\/wp-content\/uploads\/usu2393\/2024\/11\/logo-doctor-puigvert.png\"><img loading=\"lazy\" decoding=\"async\" class=\"wp-image-957 alignleft\" src=\"https:\/\/agora.xtec.cat\/escolasegre\/wp-content\/uploads\/usu2393\/2024\/11\/logo-doctor-puigvert.png\" alt=\"\" width=\"143\" height=\"60\" srcset=\"https:\/\/agora.xtec.cat\/escolasegre\/wp-content\/uploads\/usu2393\/2024\/11\/logo-doctor-puigvert.png 681w, https:\/\/agora.xtec.cat\/escolasegre\/wp-content\/uploads\/usu2393\/2024\/11\/logo-doctor-puigvert-300x126.png 300w\" sizes=\"auto, (max-width: 143px) 100vw, 143px\" \/><\/a><\/p>\n<p>&nbsp;<\/p>\n<p><a href=\"https:\/\/agora.xtec.cat\/iesdrpuigvert\/\">Institut Doctor Puigvert\u00a0\u00a0\u00a0<\/a><\/p>\n<p><a href=\"https:\/\/agora.xtec.cat\/escolasegre\/wp-content\/uploads\/usu2393\/2024\/11\/logo-marti-pous-scaled.jpg\"><img loading=\"lazy\" decoding=\"async\" class=\"wp-image-958 alignnone\" src=\"https:\/\/agora.xtec.cat\/escolasegre\/wp-content\/uploads\/usu2393\/2024\/11\/logo-marti-pous-1024x1024.jpg\" alt=\"\" width=\"96\" height=\"96\" srcset=\"https:\/\/agora.xtec.cat\/escolasegre\/wp-content\/uploads\/usu2393\/2024\/11\/logo-marti-pous-1024x1024.jpg 1024w, https:\/\/agora.xtec.cat\/escolasegre\/wp-content\/uploads\/usu2393\/2024\/11\/logo-marti-pous-300x300.jpg 300w, https:\/\/agora.xtec.cat\/escolasegre\/wp-content\/uploads\/usu2393\/2024\/11\/logo-marti-pous-150x150.jpg 150w, https:\/\/agora.xtec.cat\/escolasegre\/wp-content\/uploads\/usu2393\/2024\/11\/logo-marti-pous-768x768.jpg 768w, https:\/\/agora.xtec.cat\/escolasegre\/wp-content\/uploads\/usu2393\/2024\/11\/logo-marti-pous-1536x1536.jpg 1536w, https:\/\/agora.xtec.cat\/escolasegre\/wp-content\/uploads\/usu2393\/2024\/11\/logo-marti-pous-2048x2048.jpg 2048w\" sizes=\"auto, (max-width: 96px) 100vw, 96px\" \/><\/a><a href=\"https:\/\/agora.xtec.cat\/insmartipous\/\">\u00a0 \u00a0 \u00a0Institut Mart\u00ed Pous<\/a><\/p>\n<p>&nbsp;<\/p>\n","protected":false},"excerpt":{"rendered":"<p>Centres d&#8217;educaci\u00f3 secund\u00e0ria adscrits: &nbsp; Institut Doctor Puigvert\u00a0\u00a0\u00a0 \u00a0 \u00a0 \u00a0Institut Mart\u00ed Pous &nbsp;<\/p>\n","protected":false},"author":1,"featured_media":0,"parent":64,"menu_order":9,"comment_status":"closed","ping_status":"closed","template":"page-templates\/side-menu.php","meta":{"_bbp_topic_count":0,"_bbp_reply_count":0,"_bbp_total_topic_count":0,"_bbp_total_reply_count":0,"_bbp_voice_count":0,"_bbp_anonymous_reply_count":0,"_bbp_topic_count_hidden":0,"_bbp_reply_count_hidden":0,"_bbp_forum_subforum_count":0,"site-sidebar-layout":"default","site-content-layout":"","ast-site-content-layout":"","site-content-style":"default","site-sidebar-style":"default","ast-global-header-display":"","ast-banner-title-visibility":"","ast-main-header-display":"","ast-hfb-above-header-display":"","ast-hfb-below-header-display":"","ast-hfb-mobile-header-display":"","site-post-title":"","ast-breadcrumbs-content":"","ast-featured-img":"","footer-sml-layout":"","theme-transparent-header-meta":"","adv-header-id-meta":"","stick-header-meta":"","header-above-stick-meta":"","header-main-stick-meta":"","header-below-stick-meta":"","astra-migrate-meta-layouts":"default","ast-page-background-enabled":"default","ast-page-background-meta":{"desktop":{"background-color":"var(--ast-global-color-4)","background-image":"","background-repeat":"repeat","background-position":"center center","background-size":"auto","background-attachment":"scroll","background-type":"","background-media":"","overlay-type":"","overlay-color":"","overlay-opacity":"","overlay-gradient":""},"tablet":{"background-color":"","background-image":"","background-repeat":"repeat","background-position":"center center","background-size":"auto","background-attachment":"scroll","background-type":"","background-media":"","overlay-type":"","overlay-color":"","overlay-opacity":"","overlay-gradient":""},"mobile":{"background-color":"","background-image":"","background-repeat":"repeat","background-position":"center center","background-size":"auto","background-attachment":"scroll","background-type":"","background-media":"","overlay-type":"","overlay-color":"","overlay-opacity":"","overlay-gradient":""}},"ast-content-background-meta":{"desktop":{"background-color":"var(--ast-global-color-5)","background-image":"","background-repeat":"repeat","background-position":"center center","background-size":"auto","background-attachment":"scroll","background-type":"","background-media":"","overlay-type":"","overlay-color":"","overlay-opacity":"","overlay-gradient":""},"tablet":{"background-color":"var(--ast-global-color-5)","background-image":"","background-repeat":"repeat","background-position":"center center","background-size":"auto","background-attachment":"scroll","background-type":"","background-media":"","overlay-type":"","overlay-color":"","overlay-opacity":"","overlay-gradient":""},"mobile":{"background-color":"var(--ast-global-color-5)","background-image":"","background-repeat":"repeat","background-position":"center center","background-size":"auto","background-attachment":"scroll","background-type":"","background-media":"","overlay-type":"","overlay-color":"","overlay-opacity":"","overlay-gradient":""}},"footnotes":""},"class_list":["post-956","page","type-page","status-publish","hentry"],"post_mailing_queue_ids":[],"_links":{"self":[{"href":"https:\/\/agora.xtec.cat\/escolasegre\/wp-json\/wp\/v2\/pages\/956","targetHints":{"allow":["GET"]}}],"collection":[{"href":"https:\/\/agora.xtec.cat\/escolasegre\/wp-json\/wp\/v2\/pages"}],"about":[{"href":"https:\/\/agora.xtec.cat\/escolasegre\/wp-json\/wp\/v2\/types\/page"}],"author":[{"embeddable":true,"href":"https:\/\/agora.xtec.cat\/escolasegre\/wp-json\/wp\/v2\/users\/1"}],"replies":[{"embeddable":true,"href":"https:\/\/agora.xtec.cat\/escolasegre\/wp-json\/wp\/v2\/comments?post=956"}],"version-history":[{"count":7,"href":"https:\/\/agora.xtec.cat\/escolasegre\/wp-json\/wp\/v2\/pages\/956\/revisions"}],"predecessor-version":[{"id":1133,"href":"https:\/\/agora.xtec.cat\/escolasegre\/wp-json\/wp\/v2\/pages\/956\/revisions\/1133"}],"up":[{"embeddable":true,"href":"https:\/\/agora.xtec.cat\/escolasegre\/wp-json\/wp\/v2\/pages\/64"}],"wp:attachment":[{"href":"https:\/\/agora.xtec.cat\/escolasegre\/wp-json\/wp\/v2\/media?parent=956"}],"curies":[{"name":"wp","href":"https:\/\/api.w.org\/{rel}","templated":true}]}}