{"id":549,"date":"2023-07-10T16:05:15","date_gmt":"2023-07-10T14:05:15","guid":{"rendered":"https:\/\/agora.xtec.cat\/escolasegre\/?page_id=549"},"modified":"2024-11-28T17:07:21","modified_gmt":"2024-11-28T16:07:21","slug":"projecte-de-convivencia","status":"publish","type":"page","link":"https:\/\/agora.xtec.cat\/escolasegre\/projecte-educatiu\/projecte-de-convivencia\/","title":{"rendered":"Projecte de Conviv\u00e8ncia"},"content":{"rendered":"<p><span data-contrast=\"auto\">La Conviv\u00e8ncia en un centre educatiu \u00e9s un element imprescindible per poder dur a terme l\u2019acci\u00f3 educadora pr\u00f2pia de l\u2019escola i\u202ffinalitat fonamental de cara a la formaci\u00f3 integral dels seus alumnes.\u202f<\/span><\/p>\n<p><span data-contrast=\"auto\">L\u2019escola en aquest sentit, t\u00e9 com a missi\u00f3 educar per a la conviv\u00e8ncia en una societat cada vegada m\u00e9s heterog\u00e8nia i plural, amb el prop\u00f2sit de generar dins de\u202fla mateixa escola\u202fun clima adequat de conviv\u00e8ncia i toler\u00e0ncia entre els membres de la comunitat educativa. \u00c9s per aix\u00f2 pel que es pot considerar que t\u00e9 una doble finalitat; d\u2019una banda la creaci\u00f3 d\u2019un clima adequat per al desenvolupament de l\u2019acci\u00f3\u202feducativa i per altra banda, el sentit de preparar l\u2019alumne per a la vida.\u202f<\/span><\/p>\n<p><span data-contrast=\"auto\">Podem dir doncs, que la conviv\u00e8ncia, a m\u00e9s d\u2019un mitj\u00e0 per interactuar, \u00e9s un fi en si mateix i educar per a la conviv\u00e8ncia \u00e9s una de les finalitats fonamentals a l\u2019escola.<\/span><span data-ccp-props=\"{&quot;201341983&quot;:0,&quot;335559739&quot;:160,&quot;335559740&quot;:360}\">\u00a0<\/span><\/p>\n<p><span data-ccp-props=\"{&quot;201341983&quot;:0,&quot;335559739&quot;:160,&quot;335559740&quot;:360}\">\u00a0<\/span><\/p>\n<p><span data-contrast=\"auto\">El\u00a0<\/span><b><span data-contrast=\"auto\">Projecte de conviv\u00e8ncia<\/span><\/b><span data-contrast=\"auto\">\u00a0\u00e9s l\u2019instrument on es reflecteixen les accions que el centre docent desenvolupa per capacitar tot l\u2019alumnat i la resta de la comunitat educativa per a la conviv\u00e8ncia i la gesti\u00f3 positiva dels conflictes.\u00a0\u00a0\u00a0<\/span><span data-ccp-props=\"{&quot;201341983&quot;:0,&quot;335559739&quot;:160,&quot;335559740&quot;:360}\">\u00a0<\/span><\/p>\n<p><span data-contrast=\"auto\">L\u2019objectiu principal d\u2019aquest projecte \u00e9s millorar el clima escolar i contribuir aix\u00ed a l\u2019\u00e8xit personal, acad\u00e8mic, social i laboral de tot l\u2019alumnat i d\u2019aquesta<\/span><span data-contrast=\"auto\">\u00a0manera respondre a les necessitats de la nostra escola. Partint d\u2019un proc\u00e9s d\u2019aprenentatge col\u00b7lectiu i amb una organitzaci\u00f3 que gestioni, articuli i doni sentit tant a les actuacions com als processos.\u00a0\u00a0<\/span><span data-ccp-props=\"{&quot;201341983&quot;:0,&quot;335559739&quot;:405,&quot;335559740&quot;:360}\">\u00a0<\/span><\/p>\n<p><span data-contrast=\"auto\">Per aquest motiu, les accions que s\u2019hi proposen poden ser abordades des de nivells\u00a0 diferents (valors i actituds, resoluci\u00f3 de conflictes i marc organitzatiu) i adre\u00e7ades a l\u2019aula, al centre i a l\u2019entorn.\u00a0<\/span><span data-ccp-props=\"{&quot;201341983&quot;:0,&quot;335559739&quot;:405,&quot;335559740&quot;:360}\">\u00a0<\/span><\/p>\n<p><span data-contrast=\"auto\">Tamb\u00e9 recull els mecanismes que el centre estableix a l\u2019hora de resoldre els conflictes i de crear una atmosfera de treball i de conviv\u00e8ncia segura i saludable.<\/span><\/p>\n<p><strong><a href=\"https:\/\/drive.google.com\/file\/d\/1b0fW-CpYFZKzupjXTbSasl26l4YotYl9\/view?usp=sharing\">VEURE DOCUMENT<\/a><\/strong><\/p>\n","protected":false},"excerpt":{"rendered":"<p>La Conviv\u00e8ncia en un centre educatiu \u00e9s un element imprescindible per poder dur a terme l\u2019acci\u00f3 educadora pr\u00f2pia de l\u2019escola i\u202ffinalitat fonamental de cara a la formaci\u00f3 integral dels seus alumnes.\u202f L\u2019escola en aquest sentit, t\u00e9 com a missi\u00f3 educar per a la conviv\u00e8ncia en una societat cada vegada m\u00e9s heterog\u00e8nia i plural, amb el [&hellip;]<\/p>\n","protected":false},"author":1,"featured_media":0,"parent":64,"menu_order":5,"comment_status":"closed","ping_status":"closed","template":"page-templates\/side-menu.php","meta":{"_bbp_topic_count":0,"_bbp_reply_count":0,"_bbp_total_topic_count":0,"_bbp_total_reply_count":0,"_bbp_voice_count":0,"_bbp_anonymous_reply_count":0,"_bbp_topic_count_hidden":0,"_bbp_reply_count_hidden":0,"_bbp_forum_subforum_count":0,"site-sidebar-layout":"default","site-content-layout":"","ast-site-content-layout":"","site-content-style":"default","site-sidebar-style":"default","ast-global-header-display":"","ast-banner-title-visibility":"","ast-main-header-display":"","ast-hfb-above-header-display":"","ast-hfb-below-header-display":"","ast-hfb-mobile-header-display":"","site-post-title":"","ast-breadcrumbs-content":"","ast-featured-img":"","footer-sml-layout":"","theme-transparent-header-meta":"","adv-header-id-meta":"","stick-header-meta":"","header-above-stick-meta":"","header-main-stick-meta":"","header-below-stick-meta":"","astra-migrate-meta-layouts":"default","ast-page-background-enabled":"default","ast-page-background-meta":{"desktop":{"background-color":"var(--ast-global-color-4)","background-image":"","background-repeat":"repeat","background-position":"center center","background-size":"auto","background-attachment":"scroll","background-type":"","background-media":"","overlay-type":"","overlay-color":"","overlay-opacity":"","overlay-gradient":""},"tablet":{"background-color":"","background-image":"","background-repeat":"repeat","background-position":"center center","background-size":"auto","background-attachment":"scroll","background-type":"","background-media":"","overlay-type":"","overlay-color":"","overlay-opacity":"","overlay-gradient":""},"mobile":{"background-color":"","background-image":"","background-repeat":"repeat","background-position":"center center","background-size":"auto","background-attachment":"scroll","background-type":"","background-media":"","overlay-type":"","overlay-color":"","overlay-opacity":"","overlay-gradient":""}},"ast-content-background-meta":{"desktop":{"background-color":"var(--ast-global-color-5)","background-image":"","background-repeat":"repeat","background-position":"center center","background-size":"auto","background-attachment":"scroll","background-type":"","background-media":"","overlay-type":"","overlay-color":"","overlay-opacity":"","overlay-gradient":""},"tablet":{"background-color":"var(--ast-global-color-5)","background-image":"","background-repeat":"repeat","background-position":"center center","background-size":"auto","background-attachment":"scroll","background-type":"","background-media":"","overlay-type":"","overlay-color":"","overlay-opacity":"","overlay-gradient":""},"mobile":{"background-color":"var(--ast-global-color-5)","background-image":"","background-repeat":"repeat","background-position":"center center","background-size":"auto","background-attachment":"scroll","background-type":"","background-media":"","overlay-type":"","overlay-color":"","overlay-opacity":"","overlay-gradient":""}},"footnotes":""},"class_list":["post-549","page","type-page","status-publish","hentry"],"post_mailing_queue_ids":[],"_links":{"self":[{"href":"https:\/\/agora.xtec.cat\/escolasegre\/wp-json\/wp\/v2\/pages\/549","targetHints":{"allow":["GET"]}}],"collection":[{"href":"https:\/\/agora.xtec.cat\/escolasegre\/wp-json\/wp\/v2\/pages"}],"about":[{"href":"https:\/\/agora.xtec.cat\/escolasegre\/wp-json\/wp\/v2\/types\/page"}],"author":[{"embeddable":true,"href":"https:\/\/agora.xtec.cat\/escolasegre\/wp-json\/wp\/v2\/users\/1"}],"replies":[{"embeddable":true,"href":"https:\/\/agora.xtec.cat\/escolasegre\/wp-json\/wp\/v2\/comments?post=549"}],"version-history":[{"count":3,"href":"https:\/\/agora.xtec.cat\/escolasegre\/wp-json\/wp\/v2\/pages\/549\/revisions"}],"predecessor-version":[{"id":970,"href":"https:\/\/agora.xtec.cat\/escolasegre\/wp-json\/wp\/v2\/pages\/549\/revisions\/970"}],"up":[{"embeddable":true,"href":"https:\/\/agora.xtec.cat\/escolasegre\/wp-json\/wp\/v2\/pages\/64"}],"wp:attachment":[{"href":"https:\/\/agora.xtec.cat\/escolasegre\/wp-json\/wp\/v2\/media?parent=549"}],"curies":[{"name":"wp","href":"https:\/\/api.w.org\/{rel}","templated":true}]}}