{"id":543,"date":"2023-07-10T16:03:35","date_gmt":"2023-07-10T14:03:35","guid":{"rendered":"https:\/\/agora.xtec.cat\/escolasegre\/?page_id=543"},"modified":"2024-11-26T16:09:15","modified_gmt":"2024-11-26T15:09:15","slug":"estrategia-digital-de-centre","status":"publish","type":"page","link":"https:\/\/agora.xtec.cat\/escolasegre\/documents-de-centre\/estrategia-digital-de-centre\/","title":{"rendered":"Estrat\u00e8gia Digital de Centre"},"content":{"rendered":"<p><span style=\"font-weight: 400;\">El centre ha iniciat el curs 2022-2023 l\u2019elaboraci\u00f3 de l\u2019estrat\u00e8gia digital de centre amb l\u2019objectiu de millorar el centre i tots els integrants de la comunitat educativa.<\/span><\/p>\n<p><span style=\"font-weight: 400;\">Per a desenvolupar aquesta tasca, s\u2019ha creat una comissi\u00f3 digital liderada per un mentor extern, Mateu Tres, i dos membres del claustre docent.\u00a0<\/span><\/p>\n<p><span style=\"font-weight: 400;\">Els objectius d\u2019aquesta comissi\u00f3 han estat:<\/span><\/p>\n<ol>\n<li><span style=\"font-weight: 400;\"> Dinamitzar la comunitat educativa, especialment els equips did\u00e0ctics, perqu\u00e8 desenvolupi les l\u00ednies d\u2019acci\u00f3 acordades per la mateixa comissi\u00f3.\u00a0<\/span><\/li>\n<li><span style=\"font-weight: 400;\"> Traslladar les l\u00ednies de treball acordades amb tota la comunitat educativa (alumnat, docents, fam\u00edlies, PAS i Consell escolar).\u00a0<\/span><\/li>\n<li><span style=\"font-weight: 400;\"> Elaborar l\u2019EDC:\u00a0<\/span><\/li>\n<\/ol>\n<ul>\n<li style=\"font-weight: 400;\" aria-level=\"1\"><span style=\"font-weight: 400;\">Triar la metodologia de diagnosi.\u00a0<\/span><\/li>\n<li style=\"font-weight: 400;\" aria-level=\"1\"><span style=\"font-weight: 400;\">Fer i analitzar la diagnosi.\u00a0<\/span><\/li>\n<li style=\"font-weight: 400;\" aria-level=\"1\"><span style=\"font-weight: 400;\">Determinar els objectius i planificar-los.\u00a0<\/span><\/li>\n<li style=\"font-weight: 400;\" aria-level=\"1\"><span style=\"font-weight: 400;\">Determinar, planificar i fer un seguiment de les activitats per assolir els objectius.\u00a0<\/span><\/li>\n<li style=\"font-weight: 400;\" aria-level=\"1\"><span style=\"font-weight: 400;\">Planificar i implementar la metodologia de seguiment i avaluaci\u00f3.\u00a0<\/span><\/li>\n<li style=\"font-weight: 400;\" aria-level=\"1\"><span style=\"font-weight: 400;\">Recollir els protocols, procediments, instruccions, descripcions, etc. acordats, i documentar-los i recollir-los en un \u00fanic espai accessible.<\/span><\/li>\n<\/ul>\n<p><span style=\"font-weight: 400;\">S\u2019ha demanat la participaci\u00f3 de les fam\u00edlies per a l\u2019elaboraci\u00f3 del projecte, donant la seva visi\u00f3 i fent aportacions dirigides a la millora de la digitalitzaci\u00f3 del centre.<\/span><\/p>\n<p><span style=\"font-weight: 400;\">Les reunions s\u2019han anat realitzant mensualment, juntament amb la mentora del CEB que ha guiat la tasca que com a centre havien d\u2019anar fent.<\/span><\/p>\n<p><span style=\"font-weight: 400;\">El segon trimestre del curs 22-23 el claustre ha iniciat la formaci\u00f3 interna de centre en compet\u00e8ncia digital docent, que finalitzar\u00e0 el primer trimestre del curs 2023-24.<\/span><\/p>\n<p>ESTRAT\u00c8GIA DIGITAL DE CENTRE (<strong><a href=\"https:\/\/sites.google.com\/xtec.cat\/escola-segre\/p%C3%A0gina-principal\">veure<\/a><\/strong>)<\/p>\n","protected":false},"excerpt":{"rendered":"<p>El centre ha iniciat el curs 2022-2023 l\u2019elaboraci\u00f3 de l\u2019estrat\u00e8gia digital de centre amb l\u2019objectiu de millorar el centre i tots els integrants de la comunitat educativa. Per a desenvolupar aquesta tasca, s\u2019ha creat una comissi\u00f3 digital liderada per un mentor extern, Mateu Tres, i dos membres del claustre docent.\u00a0 Els objectius d\u2019aquesta comissi\u00f3 han [&hellip;]<\/p>\n","protected":false},"author":1,"featured_media":0,"parent":927,"menu_order":3,"comment_status":"closed","ping_status":"closed","template":"page-templates\/side-menu.php","meta":{"_bbp_topic_count":0,"_bbp_reply_count":0,"_bbp_total_topic_count":0,"_bbp_total_reply_count":0,"_bbp_voice_count":0,"_bbp_anonymous_reply_count":0,"_bbp_topic_count_hidden":0,"_bbp_reply_count_hidden":0,"_bbp_forum_subforum_count":0,"site-sidebar-layout":"default","site-content-layout":"","ast-site-content-layout":"","site-content-style":"default","site-sidebar-style":"default","ast-global-header-display":"","ast-banner-title-visibility":"","ast-main-header-display":"","ast-hfb-above-header-display":"","ast-hfb-below-header-display":"","ast-hfb-mobile-header-display":"","site-post-title":"","ast-breadcrumbs-content":"","ast-featured-img":"","footer-sml-layout":"","theme-transparent-header-meta":"","adv-header-id-meta":"","stick-header-meta":"","header-above-stick-meta":"","header-main-stick-meta":"","header-below-stick-meta":"","astra-migrate-meta-layouts":"default","ast-page-background-enabled":"default","ast-page-background-meta":{"desktop":{"background-color":"var(--ast-global-color-4)","background-image":"","background-repeat":"repeat","background-position":"center center","background-size":"auto","background-attachment":"scroll","background-type":"","background-media":"","overlay-type":"","overlay-color":"","overlay-opacity":"","overlay-gradient":""},"tablet":{"background-color":"","background-image":"","background-repeat":"repeat","background-position":"center center","background-size":"auto","background-attachment":"scroll","background-type":"","background-media":"","overlay-type":"","overlay-color":"","overlay-opacity":"","overlay-gradient":""},"mobile":{"background-color":"","background-image":"","background-repeat":"repeat","background-position":"center center","background-size":"auto","background-attachment":"scroll","background-type":"","background-media":"","overlay-type":"","overlay-color":"","overlay-opacity":"","overlay-gradient":""}},"ast-content-background-meta":{"desktop":{"background-color":"var(--ast-global-color-5)","background-image":"","background-repeat":"repeat","background-position":"center center","background-size":"auto","background-attachment":"scroll","background-type":"","background-media":"","overlay-type":"","overlay-color":"","overlay-opacity":"","overlay-gradient":""},"tablet":{"background-color":"var(--ast-global-color-5)","background-image":"","background-repeat":"repeat","background-position":"center center","background-size":"auto","background-attachment":"scroll","background-type":"","background-media":"","overlay-type":"","overlay-color":"","overlay-opacity":"","overlay-gradient":""},"mobile":{"background-color":"var(--ast-global-color-5)","background-image":"","background-repeat":"repeat","background-position":"center center","background-size":"auto","background-attachment":"scroll","background-type":"","background-media":"","overlay-type":"","overlay-color":"","overlay-opacity":"","overlay-gradient":""}},"footnotes":""},"class_list":["post-543","page","type-page","status-publish","hentry"],"post_mailing_queue_ids":[],"_links":{"self":[{"href":"https:\/\/agora.xtec.cat\/escolasegre\/wp-json\/wp\/v2\/pages\/543","targetHints":{"allow":["GET"]}}],"collection":[{"href":"https:\/\/agora.xtec.cat\/escolasegre\/wp-json\/wp\/v2\/pages"}],"about":[{"href":"https:\/\/agora.xtec.cat\/escolasegre\/wp-json\/wp\/v2\/types\/page"}],"author":[{"embeddable":true,"href":"https:\/\/agora.xtec.cat\/escolasegre\/wp-json\/wp\/v2\/users\/1"}],"replies":[{"embeddable":true,"href":"https:\/\/agora.xtec.cat\/escolasegre\/wp-json\/wp\/v2\/comments?post=543"}],"version-history":[{"count":3,"href":"https:\/\/agora.xtec.cat\/escolasegre\/wp-json\/wp\/v2\/pages\/543\/revisions"}],"predecessor-version":[{"id":799,"href":"https:\/\/agora.xtec.cat\/escolasegre\/wp-json\/wp\/v2\/pages\/543\/revisions\/799"}],"up":[{"embeddable":true,"href":"https:\/\/agora.xtec.cat\/escolasegre\/wp-json\/wp\/v2\/pages\/927"}],"wp:attachment":[{"href":"https:\/\/agora.xtec.cat\/escolasegre\/wp-json\/wp\/v2\/media?parent=543"}],"curies":[{"name":"wp","href":"https:\/\/api.w.org\/{rel}","templated":true}]}}