{"id":38,"date":"2014-09-18T12:34:08","date_gmt":"2014-09-18T11:34:08","guid":{"rendered":"http:\/\/agora.xtec.cat\/escolasegre\/?page_id=38"},"modified":"2024-11-12T10:45:58","modified_gmt":"2024-11-12T09:45:58","slug":"salut","status":"publish","type":"page","link":"https:\/\/agora.xtec.cat\/escolasegre\/lescola\/salut\/","title":{"rendered":"Salut"},"content":{"rendered":"<p><strong>Programes de Salut Escolar i Normes Sanit\u00e0ries<\/strong><\/p>\n<p>Els infants hauran d\u2019assistir a classe en condicions de salut i higiene que no comportin un risc anormal per a la resta de persones de la comunitat escolar. En cas d\u2019observar-ne alguna situaci\u00f3 de possible malaltia, el docent informar\u00e0 a la fam\u00edlia que haur\u00e0 de posar el remei que calgui. L\u2019alumnat amb malalties contagioses no podran assistir a l\u2019escola. Per admetre\u2019l caldr\u00e0 que porti un justificant conforme est\u00e0 recuperat i en condicions d\u2019assistir a classe.<\/p>\n<p>Peri\u00f2dicament, el centre, a trav\u00e9s de l\u2019equip directiu, mantindr\u00e0 els contactes amb el Centre d\u2019Atenci\u00f3 Prim\u00e0ria (CAP) que correspongui i amb la regidoria de salut per q\u00fcestions sanit\u00e0ries de l\u2019escola.<\/p>\n<p>El personal docent del centre procurar\u00e0 atendre les alumnes en cas de lesi\u00f3.<\/p>\n<p>Quan es detecti que un alumne t\u00e9 polls la tutora ho comunicar\u00e0 a les fam\u00edlies de tota la classe per tal que aquests apliquin el tractament oport\u00fa.<\/p>\n<p><a href=\"https:\/\/agora.xtec.cat\/escolasegre\/wp-content\/uploads\/usu2393\/2023\/07\/CartellAdeuPolls.pdf\"><strong>Adeu polls<\/strong><\/a><\/p>\n<p>Quan l\u2019alumne tingui febre, s\u2019intentar\u00e0 localitzar la fam\u00edlia, per tal de prendre les mesures m\u00e9s oportunes.<\/p>\n<p>&nbsp;<\/p>\n<p><strong>MEDICACIONS<\/strong><\/p>\n<p>Per norma general, l\u2019equip docent no administrar\u00e0 cap tipus de medicaci\u00f3.<\/p>\n<p>En cas que l\u2019infant n\u2019hagi de prendre, caldr\u00e0 que les fam\u00edlies presentin la prescripci\u00f3 m\u00e8dica i l\u2019autoritzaci\u00f3 a la mestra tutora.<\/p>\n<p><a href=\"https:\/\/drive.google.com\/file\/d\/1gMCoKEEXp11b4gZlcCQ3sK-wwAV24uIC\/view\">Autoritzaci\u00f3 medicaments<\/a><\/p>\n<p>L\u2019alumnat amb intoler\u00e0ncia o al\u00b7l\u00e8rgia a determinats aliments hauran de portar una certificaci\u00f3 m\u00e8dica tant si han de fer \u00fas del menjador com si no.<\/p>\n<p>&nbsp;<\/p>\n<p><strong>REVISIONS M\u00c8DIQUES. VACUNACIONS<\/strong><\/p>\n<p>La direcci\u00f3 de l\u2019escola facilitar\u00e0 espais al personal sanitari per a realitzar les campanyes sanit\u00e0ries (revisions dentals, vacunacions\u2026) marcades per l\u2019administraci\u00f3 o b\u00e9 organitzar\u00e0 el trasllat dels alumnes al CAP.<\/p>\n<p>Sempre que se n\u2019hagi de fer alguna, les fam\u00edlies dels alumnes seran avisats pr\u00e8viament, amb suficient antelaci\u00f3, per tal que donin la seva autoritzaci\u00f3 o la seva disconformitat.<\/p>\n<p>&nbsp;<\/p>\n<p>&nbsp;<\/p>\n<p>&nbsp;<\/p>\n<p>&nbsp;<\/p>\n<p>&nbsp;<\/p>\n","protected":false},"excerpt":{"rendered":"<p>Programes de Salut Escolar i Normes Sanit\u00e0ries Els infants hauran d\u2019assistir a classe en condicions de salut i higiene que no comportin un risc anormal per a la resta de persones de la comunitat escolar. En cas d\u2019observar-ne alguna situaci\u00f3 de possible malaltia, el docent informar\u00e0 a la fam\u00edlia que haur\u00e0 de posar el remei [&hellip;]<\/p>\n","protected":false},"author":1,"featured_media":0,"parent":22,"menu_order":9,"comment_status":"closed","ping_status":"closed","template":"page-templates\/side-menu.php","meta":{"_bbp_topic_count":0,"_bbp_reply_count":0,"_bbp_total_topic_count":0,"_bbp_total_reply_count":0,"_bbp_voice_count":0,"_bbp_anonymous_reply_count":0,"_bbp_topic_count_hidden":0,"_bbp_reply_count_hidden":0,"_bbp_forum_subforum_count":0,"site-sidebar-layout":"default","site-content-layout":"","ast-site-content-layout":"","site-content-style":"default","site-sidebar-style":"default","ast-global-header-display":"","ast-banner-title-visibility":"","ast-main-header-display":"","ast-hfb-above-header-display":"","ast-hfb-below-header-display":"","ast-hfb-mobile-header-display":"","site-post-title":"","ast-breadcrumbs-content":"","ast-featured-img":"","footer-sml-layout":"","theme-transparent-header-meta":"","adv-header-id-meta":"","stick-header-meta":"","header-above-stick-meta":"","header-main-stick-meta":"","header-below-stick-meta":"","astra-migrate-meta-layouts":"default","ast-page-background-enabled":"default","ast-page-background-meta":{"desktop":{"background-color":"var(--ast-global-color-4)","background-image":"","background-repeat":"repeat","background-position":"center center","background-size":"auto","background-attachment":"scroll","background-type":"","background-media":"","overlay-type":"","overlay-color":"","overlay-opacity":"","overlay-gradient":""},"tablet":{"background-color":"","background-image":"","background-repeat":"repeat","background-position":"center center","background-size":"auto","background-attachment":"scroll","background-type":"","background-media":"","overlay-type":"","overlay-color":"","overlay-opacity":"","overlay-gradient":""},"mobile":{"background-color":"","background-image":"","background-repeat":"repeat","background-position":"center center","background-size":"auto","background-attachment":"scroll","background-type":"","background-media":"","overlay-type":"","overlay-color":"","overlay-opacity":"","overlay-gradient":""}},"ast-content-background-meta":{"desktop":{"background-color":"var(--ast-global-color-5)","background-image":"","background-repeat":"repeat","background-position":"center center","background-size":"auto","background-attachment":"scroll","background-type":"","background-media":"","overlay-type":"","overlay-color":"","overlay-opacity":"","overlay-gradient":""},"tablet":{"background-color":"var(--ast-global-color-5)","background-image":"","background-repeat":"repeat","background-position":"center center","background-size":"auto","background-attachment":"scroll","background-type":"","background-media":"","overlay-type":"","overlay-color":"","overlay-opacity":"","overlay-gradient":""},"mobile":{"background-color":"var(--ast-global-color-5)","background-image":"","background-repeat":"repeat","background-position":"center center","background-size":"auto","background-attachment":"scroll","background-type":"","background-media":"","overlay-type":"","overlay-color":"","overlay-opacity":"","overlay-gradient":""}},"footnotes":""},"class_list":["post-38","page","type-page","status-publish","hentry"],"post_mailing_queue_ids":[],"_links":{"self":[{"href":"https:\/\/agora.xtec.cat\/escolasegre\/wp-json\/wp\/v2\/pages\/38","targetHints":{"allow":["GET"]}}],"collection":[{"href":"https:\/\/agora.xtec.cat\/escolasegre\/wp-json\/wp\/v2\/pages"}],"about":[{"href":"https:\/\/agora.xtec.cat\/escolasegre\/wp-json\/wp\/v2\/types\/page"}],"author":[{"embeddable":true,"href":"https:\/\/agora.xtec.cat\/escolasegre\/wp-json\/wp\/v2\/users\/1"}],"replies":[{"embeddable":true,"href":"https:\/\/agora.xtec.cat\/escolasegre\/wp-json\/wp\/v2\/comments?post=38"}],"version-history":[{"count":4,"href":"https:\/\/agora.xtec.cat\/escolasegre\/wp-json\/wp\/v2\/pages\/38\/revisions"}],"predecessor-version":[{"id":802,"href":"https:\/\/agora.xtec.cat\/escolasegre\/wp-json\/wp\/v2\/pages\/38\/revisions\/802"}],"up":[{"embeddable":true,"href":"https:\/\/agora.xtec.cat\/escolasegre\/wp-json\/wp\/v2\/pages\/22"}],"wp:attachment":[{"href":"https:\/\/agora.xtec.cat\/escolasegre\/wp-json\/wp\/v2\/media?parent=38"}],"curies":[{"name":"wp","href":"https:\/\/api.w.org\/{rel}","templated":true}]}}