{"id":30,"date":"2014-09-18T12:30:23","date_gmt":"2014-09-18T11:30:23","guid":{"rendered":"http:\/\/agora.xtec.cat\/escolasegre\/?page_id=30"},"modified":"2025-01-30T20:05:30","modified_gmt":"2025-01-30T19:05:30","slug":"instal%c2%b7lacions","status":"publish","type":"page","link":"https:\/\/agora.xtec.cat\/escolasegre\/lescola\/instal%c2%b7lacions\/","title":{"rendered":"Instal\u00b7lacions"},"content":{"rendered":"<p>L\u2019escola Segre consta de dos edificis, dotats d\u2019aules grans i lluminoses, destinades als cursos d\u2019Educaci\u00f3 Infantil i Prim\u00e0ria i altres espais educatius.<\/p>\n<ul>\n<li><strong>Edifici 1<\/strong>: Aules d\u2019Educaci\u00f3 Infantil, primer cicle d\u2019Educaci\u00f3 Prim\u00e0ria, teatre i dues sales polivalents.<\/li>\n<li><strong>Edifici 2<\/strong>: Aules de segon i tercer cicle d\u2019Educaci\u00f3 Prim\u00e0ria, aula d\u2019atenci\u00f3 individualitzada, aula d\u2019art, menjador, cuina i espais destinats a direcci\u00f3.<\/li>\n<li>Dos <strong>espais d\u2019esbarjo<\/strong>: un destinat per Educaci\u00f3 Infantil i l\u2019altre per Educaci\u00f3 Prim\u00e0ria (dues pistes de b\u00e0squet, una de futbol i una de v\u00f2lei).<\/li>\n<li>Espai de <strong>jard\u00ed i hort<\/strong>.<\/li>\n<\/ul>\n<p>&nbsp;<\/p>\n<p><iframe loading=\"lazy\" style=\"display: block; margin: 20px auto; border: 0 none; max-width: 880px; border-radius: 8px; box-shadow: 0 1px 1px rgba(0,0,0,0.11),0 2px 2px rgba(0,0,0,0.11),0 4px 4px rgba(0,0,0,0.11),0 6px 8px rgba(0,0,0,0.11),0 8px 16px rgba(0,0,0,0.11);\" src=\"https:\/\/panoraven.com\/es\/embed\/rULXVJnQB1\" width=\"90%\" height=\"500px\" allowfullscreen=\"allowfullscreen\"><\/iframe><\/p>\n<p>&nbsp;<\/p>\n<p>&nbsp;<\/p>\n","protected":false},"excerpt":{"rendered":"<p>L\u2019escola Segre consta de dos edificis, dotats d\u2019aules grans i lluminoses, destinades als cursos d\u2019Educaci\u00f3 Infantil i Prim\u00e0ria i altres espais educatius. Edifici 1: Aules d\u2019Educaci\u00f3 Infantil, primer cicle d\u2019Educaci\u00f3 Prim\u00e0ria, teatre i dues sales polivalents. Edifici 2: Aules de segon i tercer cicle d\u2019Educaci\u00f3 Prim\u00e0ria, aula d\u2019atenci\u00f3 individualitzada, aula d\u2019art, menjador, cuina i espais [&hellip;]<\/p>\n","protected":false},"author":1,"featured_media":0,"parent":22,"menu_order":4,"comment_status":"closed","ping_status":"closed","template":"page-templates\/side-menu.php","meta":{"_bbp_topic_count":0,"_bbp_reply_count":0,"_bbp_total_topic_count":0,"_bbp_total_reply_count":0,"_bbp_voice_count":0,"_bbp_anonymous_reply_count":0,"_bbp_topic_count_hidden":0,"_bbp_reply_count_hidden":0,"_bbp_forum_subforum_count":0,"site-sidebar-layout":"default","site-content-layout":"","ast-site-content-layout":"","site-content-style":"default","site-sidebar-style":"default","ast-global-header-display":"","ast-banner-title-visibility":"","ast-main-header-display":"","ast-hfb-above-header-display":"","ast-hfb-below-header-display":"","ast-hfb-mobile-header-display":"","site-post-title":"","ast-breadcrumbs-content":"","ast-featured-img":"","footer-sml-layout":"","theme-transparent-header-meta":"","adv-header-id-meta":"","stick-header-meta":"","header-above-stick-meta":"","header-main-stick-meta":"","header-below-stick-meta":"","astra-migrate-meta-layouts":"default","ast-page-background-enabled":"default","ast-page-background-meta":{"desktop":{"background-color":"var(--ast-global-color-4)","background-image":"","background-repeat":"repeat","background-position":"center center","background-size":"auto","background-attachment":"scroll","background-type":"","background-media":"","overlay-type":"","overlay-color":"","overlay-opacity":"","overlay-gradient":""},"tablet":{"background-color":"","background-image":"","background-repeat":"repeat","background-position":"center center","background-size":"auto","background-attachment":"scroll","background-type":"","background-media":"","overlay-type":"","overlay-color":"","overlay-opacity":"","overlay-gradient":""},"mobile":{"background-color":"","background-image":"","background-repeat":"repeat","background-position":"center center","background-size":"auto","background-attachment":"scroll","background-type":"","background-media":"","overlay-type":"","overlay-color":"","overlay-opacity":"","overlay-gradient":""}},"ast-content-background-meta":{"desktop":{"background-color":"var(--ast-global-color-5)","background-image":"","background-repeat":"repeat","background-position":"center center","background-size":"auto","background-attachment":"scroll","background-type":"","background-media":"","overlay-type":"","overlay-color":"","overlay-opacity":"","overlay-gradient":""},"tablet":{"background-color":"var(--ast-global-color-5)","background-image":"","background-repeat":"repeat","background-position":"center center","background-size":"auto","background-attachment":"scroll","background-type":"","background-media":"","overlay-type":"","overlay-color":"","overlay-opacity":"","overlay-gradient":""},"mobile":{"background-color":"var(--ast-global-color-5)","background-image":"","background-repeat":"repeat","background-position":"center center","background-size":"auto","background-attachment":"scroll","background-type":"","background-media":"","overlay-type":"","overlay-color":"","overlay-opacity":"","overlay-gradient":""}},"footnotes":""},"class_list":["post-30","page","type-page","status-publish","hentry"],"post_mailing_queue_ids":[],"_links":{"self":[{"href":"https:\/\/agora.xtec.cat\/escolasegre\/wp-json\/wp\/v2\/pages\/30","targetHints":{"allow":["GET"]}}],"collection":[{"href":"https:\/\/agora.xtec.cat\/escolasegre\/wp-json\/wp\/v2\/pages"}],"about":[{"href":"https:\/\/agora.xtec.cat\/escolasegre\/wp-json\/wp\/v2\/types\/page"}],"author":[{"embeddable":true,"href":"https:\/\/agora.xtec.cat\/escolasegre\/wp-json\/wp\/v2\/users\/1"}],"replies":[{"embeddable":true,"href":"https:\/\/agora.xtec.cat\/escolasegre\/wp-json\/wp\/v2\/comments?post=30"}],"version-history":[{"count":5,"href":"https:\/\/agora.xtec.cat\/escolasegre\/wp-json\/wp\/v2\/pages\/30\/revisions"}],"predecessor-version":[{"id":1025,"href":"https:\/\/agora.xtec.cat\/escolasegre\/wp-json\/wp\/v2\/pages\/30\/revisions\/1025"}],"up":[{"embeddable":true,"href":"https:\/\/agora.xtec.cat\/escolasegre\/wp-json\/wp\/v2\/pages\/22"}],"wp:attachment":[{"href":"https:\/\/agora.xtec.cat\/escolasegre\/wp-json\/wp\/v2\/media?parent=30"}],"curies":[{"name":"wp","href":"https:\/\/api.w.org\/{rel}","templated":true}]}}