{"id":26,"date":"2014-09-18T12:24:32","date_gmt":"2014-09-18T11:24:32","guid":{"rendered":"http:\/\/agora.xtec.cat\/escolasegre\/?page_id=26"},"modified":"2024-11-12T10:43:06","modified_gmt":"2024-11-12T09:43:06","slug":"historia","status":"publish","type":"page","link":"https:\/\/agora.xtec.cat\/escolasegre\/lescola\/historia\/","title":{"rendered":"Hist\u00f2ria"},"content":{"rendered":"<p><span style=\"font-weight: 400;\">L\u2019escola Segre \u00e9s un centre p\u00fablic al barri de Sant Andreu de Palomar (Barcelona) que inicia cam\u00ed a partir del curs 2023-24.<\/span><\/p>\n<p><span style=\"font-weight: 400;\">Esdev\u00e9 de la transformaci\u00f3 de les Salesianes de Sant Andreu en una escola p\u00fablica, per tant porta una llarga traject\u00f2ria de m\u00e9s de 70 anys en el barri.<\/span><\/p>\n<p><span style=\"font-weight: 400;\">La nostra escola es caracteritza pel tracte familiar i acollidor, un aprenentatge competencial i vivencial pel nostre alumnat i en la transmissi\u00f3 de valors personals i educatius.<\/span><\/p>\n<p><span style=\"font-weight: 400;\">Gaudim d\u2019uns espais de pati magn\u00edfics que enriqueixen la nostra experiencia de joc i d\u2019aprenentatges.<\/span><\/p>\n<p><a href=\"https:\/\/agora.xtec.cat\/escolasegre\/wp-content\/uploads\/usu2393\/2023\/07\/escola-historia-scaled.jpg\"><img loading=\"lazy\" decoding=\"async\" class=\"alignnone size-large wp-image-527\" src=\"https:\/\/agora.xtec.cat\/escolasegre\/wp-content\/uploads\/usu2393\/2023\/07\/escola-historia-1024x768.jpg\" alt=\"\" width=\"1024\" height=\"768\" srcset=\"https:\/\/agora.xtec.cat\/escolasegre\/wp-content\/uploads\/usu2393\/2023\/07\/escola-historia-1024x768.jpg 1024w, https:\/\/agora.xtec.cat\/escolasegre\/wp-content\/uploads\/usu2393\/2023\/07\/escola-historia-300x225.jpg 300w, https:\/\/agora.xtec.cat\/escolasegre\/wp-content\/uploads\/usu2393\/2023\/07\/escola-historia-768x576.jpg 768w, https:\/\/agora.xtec.cat\/escolasegre\/wp-content\/uploads\/usu2393\/2023\/07\/escola-historia-1536x1152.jpg 1536w, https:\/\/agora.xtec.cat\/escolasegre\/wp-content\/uploads\/usu2393\/2023\/07\/escola-historia-2048x1536.jpg 2048w, https:\/\/agora.xtec.cat\/escolasegre\/wp-content\/uploads\/usu2393\/2023\/07\/escola-historia-200x150.jpg 200w\" sizes=\"auto, (max-width: 1024px) 100vw, 1024px\" \/><\/a><\/p>\n","protected":false},"excerpt":{"rendered":"<p>L\u2019escola Segre \u00e9s un centre p\u00fablic al barri de Sant Andreu de Palomar (Barcelona) que inicia cam\u00ed a partir del curs 2023-24. Esdev\u00e9 de la transformaci\u00f3 de les Salesianes de Sant Andreu en una escola p\u00fablica, per tant porta una llarga traject\u00f2ria de m\u00e9s de 70 anys en el barri. La nostra escola es caracteritza [&hellip;]<\/p>\n","protected":false},"author":1,"featured_media":0,"parent":22,"menu_order":1,"comment_status":"closed","ping_status":"closed","template":"page-templates\/side-menu.php","meta":{"_bbp_topic_count":0,"_bbp_reply_count":0,"_bbp_total_topic_count":0,"_bbp_total_reply_count":0,"_bbp_voice_count":0,"_bbp_anonymous_reply_count":0,"_bbp_topic_count_hidden":0,"_bbp_reply_count_hidden":0,"_bbp_forum_subforum_count":0,"site-sidebar-layout":"default","site-content-layout":"","ast-site-content-layout":"","site-content-style":"default","site-sidebar-style":"default","ast-global-header-display":"","ast-banner-title-visibility":"","ast-main-header-display":"","ast-hfb-above-header-display":"","ast-hfb-below-header-display":"","ast-hfb-mobile-header-display":"","site-post-title":"","ast-breadcrumbs-content":"","ast-featured-img":"","footer-sml-layout":"","theme-transparent-header-meta":"","adv-header-id-meta":"","stick-header-meta":"","header-above-stick-meta":"","header-main-stick-meta":"","header-below-stick-meta":"","astra-migrate-meta-layouts":"default","ast-page-background-enabled":"default","ast-page-background-meta":{"desktop":{"background-color":"var(--ast-global-color-4)","background-image":"","background-repeat":"repeat","background-position":"center center","background-size":"auto","background-attachment":"scroll","background-type":"","background-media":"","overlay-type":"","overlay-color":"","overlay-opacity":"","overlay-gradient":""},"tablet":{"background-color":"","background-image":"","background-repeat":"repeat","background-position":"center center","background-size":"auto","background-attachment":"scroll","background-type":"","background-media":"","overlay-type":"","overlay-color":"","overlay-opacity":"","overlay-gradient":""},"mobile":{"background-color":"","background-image":"","background-repeat":"repeat","background-position":"center center","background-size":"auto","background-attachment":"scroll","background-type":"","background-media":"","overlay-type":"","overlay-color":"","overlay-opacity":"","overlay-gradient":""}},"ast-content-background-meta":{"desktop":{"background-color":"var(--ast-global-color-5)","background-image":"","background-repeat":"repeat","background-position":"center center","background-size":"auto","background-attachment":"scroll","background-type":"","background-media":"","overlay-type":"","overlay-color":"","overlay-opacity":"","overlay-gradient":""},"tablet":{"background-color":"var(--ast-global-color-5)","background-image":"","background-repeat":"repeat","background-position":"center center","background-size":"auto","background-attachment":"scroll","background-type":"","background-media":"","overlay-type":"","overlay-color":"","overlay-opacity":"","overlay-gradient":""},"mobile":{"background-color":"var(--ast-global-color-5)","background-image":"","background-repeat":"repeat","background-position":"center center","background-size":"auto","background-attachment":"scroll","background-type":"","background-media":"","overlay-type":"","overlay-color":"","overlay-opacity":"","overlay-gradient":""}},"footnotes":""},"class_list":["post-26","page","type-page","status-publish","hentry"],"post_mailing_queue_ids":[],"_links":{"self":[{"href":"https:\/\/agora.xtec.cat\/escolasegre\/wp-json\/wp\/v2\/pages\/26","targetHints":{"allow":["GET"]}}],"collection":[{"href":"https:\/\/agora.xtec.cat\/escolasegre\/wp-json\/wp\/v2\/pages"}],"about":[{"href":"https:\/\/agora.xtec.cat\/escolasegre\/wp-json\/wp\/v2\/types\/page"}],"author":[{"embeddable":true,"href":"https:\/\/agora.xtec.cat\/escolasegre\/wp-json\/wp\/v2\/users\/1"}],"replies":[{"embeddable":true,"href":"https:\/\/agora.xtec.cat\/escolasegre\/wp-json\/wp\/v2\/comments?post=26"}],"version-history":[{"count":3,"href":"https:\/\/agora.xtec.cat\/escolasegre\/wp-json\/wp\/v2\/pages\/26\/revisions"}],"predecessor-version":[{"id":910,"href":"https:\/\/agora.xtec.cat\/escolasegre\/wp-json\/wp\/v2\/pages\/26\/revisions\/910"}],"up":[{"embeddable":true,"href":"https:\/\/agora.xtec.cat\/escolasegre\/wp-json\/wp\/v2\/pages\/22"}],"wp:attachment":[{"href":"https:\/\/agora.xtec.cat\/escolasegre\/wp-json\/wp\/v2\/media?parent=26"}],"curies":[{"name":"wp","href":"https:\/\/api.w.org\/{rel}","templated":true}]}}