{"id":84,"date":"2014-09-18T14:11:31","date_gmt":"2014-09-18T13:11:31","guid":{"rendered":"http:\/\/agora.xtec.cat\/escolaseat\/?page_id=84"},"modified":"2024-10-27T20:00:42","modified_gmt":"2024-10-27T19:00:42","slug":"activitats-extraescolars","status":"publish","type":"page","link":"https:\/\/agora.xtec.cat\/escolaseat\/serveis\/activitats-extraescolars\/","title":{"rendered":"Activitats extraescolars"},"content":{"rendered":"<p style=\"text-align: justify;\"><span style=\"font-weight: 400;\">L\u2019empresa encarregada de les activitats extraescolars \u00e9s la A. E. Sant Andreu-UBAE. Les activitats que es realitzen s\u00f3n:<\/span><\/p>\n<ul style=\"text-align: justify;\">\n<li style=\"font-weight: 400;\" aria-level=\"1\"><span style=\"font-weight: 400;\">Dilluns i dimecres: <strong>Jocs en Angl\u00e8s<\/strong><\/span><\/li>\n<li style=\"font-weight: 400;\" aria-level=\"1\"><span style=\"font-weight: 400;\">Dimarts: <strong>Ball modern<\/strong><\/span><\/li>\n<li style=\"font-weight: 400;\" aria-level=\"1\"><span style=\"font-weight: 400;\">Jueves: Iniciaci\u00f3 i <strong>Patinatge art\u00edstic<\/strong> i <strong>Refor\u00e7<\/strong> escolar.<\/span><\/li>\n<li style=\"font-weight: 400;\" aria-level=\"1\"><span style=\"font-weight: 400;\">Divendres: <strong>Refor\u00e7<\/strong> i <strong>rob\u00f2tica<\/strong>.<\/span><\/li>\n<\/ul>\n<p style=\"text-align: justify;\"><span style=\"font-weight: 400;\">Altres activitats:<\/span><\/p>\n<p style=\"text-align: justify;\"><span style=\"font-weight: 400;\">L\u2019AFA organitza dues propostes d\u2019activitats:<\/span><\/p>\n<ul>\n<li style=\"font-weight: 400; text-align: justify;\" aria-level=\"1\"><span style=\"font-weight: 400;\">Dilluns i dimarts es fa l&#8217;extraescolar de <strong>futbol<\/strong> dinamitzada per <strong>Futbol A. Pedraza<\/strong> a les instal\u00b7lacions del nostre centre.\u00a0<\/span><\/li>\n<li style=\"font-weight: 400; text-align: justify;\" aria-level=\"1\"><span style=\"font-weight: 400;\">Dilluns i dimarts, <strong>angl\u00e8s<\/strong> al local <strong>Kids&amp;Us<\/strong>.<\/span><\/li>\n<\/ul>\n","protected":false},"excerpt":{"rendered":"<p>L\u2019empresa encarregada de les activitats extraescolars \u00e9s la A. E. Sant Andreu-UBAE. Les activitats que es realitzen s\u00f3n:<\/p>\n<ul style=\"text-align: justify;\">\n<li style=\"font-weight: 400;\" aria-level=\"1\">Dilluns i dimecres: Jocs en Angl\u00e8s<\/li>\n<li style=\"font-weight: 400;\" aria-level=\"1\">Dimarts: Ball modern<\/li>\n<li style=\"font-weight: 400;\" aria-level=\"1\">Jueves: Iniciaci\u00f3 i Patinatge art\u00edstic i Refor\u00e7 escolar.<\/li>\n<li style=\"font-weight: 400;\"&hellip;  <a href=\"https:\/\/agora.xtec.cat\/escolaseat\/serveis\/activitats-extraescolars\/\" title=\"Read Activitats extraescolars\">Llegeix m\u00e9s\u00bb<\/a><br \/>\n","protected":false},"author":1,"featured_media":0,"parent":628,"menu_order":60,"comment_status":"closed","ping_status":"closed","template":"page-templates\/side-menu.php","meta":{"footnotes":""},"class_list":["post-84","page","type-page","status-publish","hentry"],"post_mailing_queue_ids":[],"_links":{"self":[{"href":"https:\/\/agora.xtec.cat\/escolaseat\/wp-json\/wp\/v2\/pages\/84","targetHints":{"allow":["GET"]}}],"collection":[{"href":"https:\/\/agora.xtec.cat\/escolaseat\/wp-json\/wp\/v2\/pages"}],"about":[{"href":"https:\/\/agora.xtec.cat\/escolaseat\/wp-json\/wp\/v2\/types\/page"}],"author":[{"embeddable":true,"href":"https:\/\/agora.xtec.cat\/escolaseat\/wp-json\/wp\/v2\/users\/1"}],"replies":[{"embeddable":true,"href":"https:\/\/agora.xtec.cat\/escolaseat\/wp-json\/wp\/v2\/comments?post=84"}],"version-history":[{"count":2,"href":"https:\/\/agora.xtec.cat\/escolaseat\/wp-json\/wp\/v2\/pages\/84\/revisions"}],"predecessor-version":[{"id":735,"href":"https:\/\/agora.xtec.cat\/escolaseat\/wp-json\/wp\/v2\/pages\/84\/revisions\/735"}],"up":[{"embeddable":true,"href":"https:\/\/agora.xtec.cat\/escolaseat\/wp-json\/wp\/v2\/pages\/628"}],"wp:attachment":[{"href":"https:\/\/agora.xtec.cat\/escolaseat\/wp-json\/wp\/v2\/media?parent=84"}],"curies":[{"name":"wp","href":"https:\/\/api.w.org\/{rel}","templated":true}]}}