{"id":77,"date":"2014-09-18T14:05:08","date_gmt":"2014-09-18T13:05:08","guid":{"rendered":"http:\/\/agora.xtec.cat\/escolaseat\/?page_id=77"},"modified":"2026-05-04T12:05:13","modified_gmt":"2026-05-04T10:05:13","slug":"acollida","status":"publish","type":"page","link":"https:\/\/agora.xtec.cat\/escolaseat\/serveis\/acollida\/","title":{"rendered":"Menjador"},"content":{"rendered":"<p style=\"text-align: justify;\">El menjador, a part de tenir com a finalitat proporcionar aquest servei a les fam\u00edlies que ho necessiten, tamb\u00e9 \u00e9s un espai on s\u2019eduquen els h\u00e0bits alimentaris adequats i saludables i els h\u00e0bits socials i de relaci\u00f3.<\/p>\n<p style=\"text-align: justify;\">Se n\u2019encarrega una empresa externa:\u00a0<a href=\"https:\/\/menjadorsbiosca.cat\/\">Biosca<\/a> amb un equip de monitors\/es que dinamitzen les estones d\u2019esbarjo amb activitats l\u00fadiques a l\u2019hora que treballen els h\u00e0bits anteriorment esmentats. Com sabeu, durant l\u2019hora de menjador, a m\u00e9s del menjar, es realitzen altres activitats l\u00fadiques i educatives.<\/p>\n<p>A l&#8217;apartat de <a href=\"https:\/\/agora.xtec.cat\/escolaseat\/serveis\/acollida\/casal-destiu\/\" target=\"_blank\" rel=\"noopener\">Not\u00edcies del menjador<\/a> podreu consultar totes les novetats sobre el servei.<\/p>\n<p><a href=\"https:\/\/agora.xtec.cat\/escolaseat\/wp-content\/uploads\/usu3041\/2026\/01\/ORGANITZACIO-PATIO.pdf\" target=\"_blank\" rel=\"noopener\">Pla d&#8217;activitats de l&#8217;espai migdia<\/a><\/p>\n<p><b>PREU DEL SERVEI DE MENJADOR<\/b><\/p>\n<p><span style=\"font-weight: 400;\">Preu fix: <\/span><b>7,54\u20ac<\/b><span style=\"font-weight: 400;\"> per dia \u00a0 \u00a0 \u00a0 \u00a0 \u00a0 \u00a0 \u00a0 \u00a0 \u00a0 \u00a0 \u00a0 \u00a0 \u00a0 \u00a0 Preu dia espor\u00e0dic: <\/span><b>8,29\u20ac<\/b><span style=\"font-weight: 400;\"> per dia<\/span><\/p>\n<p>Es retornar\u00e0 al 100% l&#8217;import els dies que els infants estiguin de col\u00f2nies.<\/p>\n<p>Els rebuts del menjador es cobren a trav\u00e9s de Dinanita.<\/p>\n<p><a href=\"https:\/\/agora.xtec.cat\/escolaseat\/wp-content\/uploads\/usu3041\/2025\/10\/INFORMACIO-PICNICS-ESCOLA-SEAT.pdf\" target=\"_blank\" rel=\"noopener\">MEN\u00da DE MENJADOR EN CAS DE SORTIDA DE TOT EL DIA<\/a><\/p>\n<p>Si teniu qualsevol consulta us podeu posar en contacte mitjan\u00e7ant el <strong>tel\u00e8fon 646075489<\/strong>\u00a0o per\u00a0<strong>correu electr\u00f2nic<\/strong>\u00a0a\u00a0<a href=\"http:\/\/menjador@escolaseat.cat\" target=\"_blank\" rel=\"noreferrer noopener\">menjador@escolaseat.cat<\/a>\u00a0amb la\u00a0<strong>coordinadora de menjador (Patricia), de 9 a 12h<\/strong>\u00a0per ajudar-vos a resoldre qualsevol dubte.<\/p>\n<h3 style=\"text-align: center;\"><strong>MEN\u00daS DEL MES DE MAIG<\/strong><\/h3>\n<p><a href=\"https:\/\/agora.xtec.cat\/escolaseat\/wp-content\/uploads\/usu3041\/2026\/05\/MENU-DE-MAIG-ESCOLA-SEAT-1.jpg\"><img loading=\"lazy\" decoding=\"async\" class=\"aligncenter size-full wp-image-3611\" src=\"https:\/\/agora.xtec.cat\/escolaseat\/wp-content\/uploads\/usu3041\/2026\/05\/MENU-DE-MAIG-ESCOLA-SEAT-1.jpg\" alt=\"\" width=\"2000\" height=\"1414\" srcset=\"https:\/\/agora.xtec.cat\/escolaseat\/wp-content\/uploads\/usu3041\/2026\/05\/MENU-DE-MAIG-ESCOLA-SEAT-1.jpg 2000w, https:\/\/agora.xtec.cat\/escolaseat\/wp-content\/uploads\/usu3041\/2026\/05\/MENU-DE-MAIG-ESCOLA-SEAT-1-300x212.jpg 300w, https:\/\/agora.xtec.cat\/escolaseat\/wp-content\/uploads\/usu3041\/2026\/05\/MENU-DE-MAIG-ESCOLA-SEAT-1-1024x724.jpg 1024w, https:\/\/agora.xtec.cat\/escolaseat\/wp-content\/uploads\/usu3041\/2026\/05\/MENU-DE-MAIG-ESCOLA-SEAT-1-768x543.jpg 768w, https:\/\/agora.xtec.cat\/escolaseat\/wp-content\/uploads\/usu3041\/2026\/05\/MENU-DE-MAIG-ESCOLA-SEAT-1-1536x1086.jpg 1536w\" sizes=\"auto, (max-width: 2000px) 100vw, 2000px\" \/><\/a><a href=\"https:\/\/agora.xtec.cat\/escolaseat\/wp-content\/uploads\/usu3041\/2026\/05\/SEAT-PROPOSTA-DE-SOPARS-.jpg\"><img loading=\"lazy\" decoding=\"async\" class=\"aligncenter size-full wp-image-3612\" src=\"https:\/\/agora.xtec.cat\/escolaseat\/wp-content\/uploads\/usu3041\/2026\/05\/SEAT-PROPOSTA-DE-SOPARS-.jpg\" alt=\"\" width=\"2000\" height=\"1414\" srcset=\"https:\/\/agora.xtec.cat\/escolaseat\/wp-content\/uploads\/usu3041\/2026\/05\/SEAT-PROPOSTA-DE-SOPARS-.jpg 2000w, https:\/\/agora.xtec.cat\/escolaseat\/wp-content\/uploads\/usu3041\/2026\/05\/SEAT-PROPOSTA-DE-SOPARS--300x212.jpg 300w, https:\/\/agora.xtec.cat\/escolaseat\/wp-content\/uploads\/usu3041\/2026\/05\/SEAT-PROPOSTA-DE-SOPARS--1024x724.jpg 1024w, https:\/\/agora.xtec.cat\/escolaseat\/wp-content\/uploads\/usu3041\/2026\/05\/SEAT-PROPOSTA-DE-SOPARS--768x543.jpg 768w, https:\/\/agora.xtec.cat\/escolaseat\/wp-content\/uploads\/usu3041\/2026\/05\/SEAT-PROPOSTA-DE-SOPARS--1536x1086.jpg 1536w\" sizes=\"auto, (max-width: 2000px) 100vw, 2000px\" \/><\/a><a href=\"https:\/\/agora.xtec.cat\/escolaseat\/wp-content\/uploads\/usu3041\/2026\/05\/Fitxa-Maig.jpg\"><img loading=\"lazy\" decoding=\"async\" class=\"aligncenter size-full wp-image-3613\" src=\"https:\/\/agora.xtec.cat\/escolaseat\/wp-content\/uploads\/usu3041\/2026\/05\/Fitxa-Maig.jpg\" alt=\"\" width=\"2000\" height=\"1414\" srcset=\"https:\/\/agora.xtec.cat\/escolaseat\/wp-content\/uploads\/usu3041\/2026\/05\/Fitxa-Maig.jpg 2000w, https:\/\/agora.xtec.cat\/escolaseat\/wp-content\/uploads\/usu3041\/2026\/05\/Fitxa-Maig-300x212.jpg 300w, https:\/\/agora.xtec.cat\/escolaseat\/wp-content\/uploads\/usu3041\/2026\/05\/Fitxa-Maig-1024x724.jpg 1024w, https:\/\/agora.xtec.cat\/escolaseat\/wp-content\/uploads\/usu3041\/2026\/05\/Fitxa-Maig-768x543.jpg 768w, https:\/\/agora.xtec.cat\/escolaseat\/wp-content\/uploads\/usu3041\/2026\/05\/Fitxa-Maig-1536x1086.jpg 1536w\" sizes=\"auto, (max-width: 2000px) 100vw, 2000px\" \/><\/a><a href=\"https:\/\/agora.xtec.cat\/escolaseat\/wp-content\/uploads\/usu3041\/2026\/05\/MENU-SENSE-PORC-halal-DE-MAIG-ESCOLA-SEAT-.jpg\"><img loading=\"lazy\" decoding=\"async\" class=\"aligncenter size-full wp-image-3614\" src=\"https:\/\/agora.xtec.cat\/escolaseat\/wp-content\/uploads\/usu3041\/2026\/05\/MENU-SENSE-PORC-halal-DE-MAIG-ESCOLA-SEAT-.jpg\" alt=\"\" width=\"2000\" height=\"1414\" srcset=\"https:\/\/agora.xtec.cat\/escolaseat\/wp-content\/uploads\/usu3041\/2026\/05\/MENU-SENSE-PORC-halal-DE-MAIG-ESCOLA-SEAT-.jpg 2000w, https:\/\/agora.xtec.cat\/escolaseat\/wp-content\/uploads\/usu3041\/2026\/05\/MENU-SENSE-PORC-halal-DE-MAIG-ESCOLA-SEAT--300x212.jpg 300w, https:\/\/agora.xtec.cat\/escolaseat\/wp-content\/uploads\/usu3041\/2026\/05\/MENU-SENSE-PORC-halal-DE-MAIG-ESCOLA-SEAT--1024x724.jpg 1024w, https:\/\/agora.xtec.cat\/escolaseat\/wp-content\/uploads\/usu3041\/2026\/05\/MENU-SENSE-PORC-halal-DE-MAIG-ESCOLA-SEAT--768x543.jpg 768w, https:\/\/agora.xtec.cat\/escolaseat\/wp-content\/uploads\/usu3041\/2026\/05\/MENU-SENSE-PORC-halal-DE-MAIG-ESCOLA-SEAT--1536x1086.jpg 1536w\" sizes=\"auto, (max-width: 2000px) 100vw, 2000px\" \/><\/a> <a href=\"https:\/\/agora.xtec.cat\/escolaseat\/wp-content\/uploads\/usu3041\/2026\/05\/MENU-sense-gluten-DE-MAIG-ESCOLA-SEAT-.jpg\"><img loading=\"lazy\" decoding=\"async\" class=\"aligncenter size-full wp-image-3615\" src=\"https:\/\/agora.xtec.cat\/escolaseat\/wp-content\/uploads\/usu3041\/2026\/05\/MENU-sense-gluten-DE-MAIG-ESCOLA-SEAT-.jpg\" alt=\"\" width=\"2000\" height=\"1414\" srcset=\"https:\/\/agora.xtec.cat\/escolaseat\/wp-content\/uploads\/usu3041\/2026\/05\/MENU-sense-gluten-DE-MAIG-ESCOLA-SEAT-.jpg 2000w, https:\/\/agora.xtec.cat\/escolaseat\/wp-content\/uploads\/usu3041\/2026\/05\/MENU-sense-gluten-DE-MAIG-ESCOLA-SEAT--300x212.jpg 300w, https:\/\/agora.xtec.cat\/escolaseat\/wp-content\/uploads\/usu3041\/2026\/05\/MENU-sense-gluten-DE-MAIG-ESCOLA-SEAT--1024x724.jpg 1024w, https:\/\/agora.xtec.cat\/escolaseat\/wp-content\/uploads\/usu3041\/2026\/05\/MENU-sense-gluten-DE-MAIG-ESCOLA-SEAT--768x543.jpg 768w, https:\/\/agora.xtec.cat\/escolaseat\/wp-content\/uploads\/usu3041\/2026\/05\/MENU-sense-gluten-DE-MAIG-ESCOLA-SEAT--1536x1086.jpg 1536w\" sizes=\"auto, (max-width: 2000px) 100vw, 2000px\" \/><\/a> <a href=\"https:\/\/agora.xtec.cat\/escolaseat\/wp-content\/uploads\/usu3041\/2026\/05\/MENU-DISFAGIA-DE-MAIG-ESCOLA-SEAT-.jpg\"><img loading=\"lazy\" decoding=\"async\" class=\"aligncenter size-full wp-image-3616\" src=\"https:\/\/agora.xtec.cat\/escolaseat\/wp-content\/uploads\/usu3041\/2026\/05\/MENU-DISFAGIA-DE-MAIG-ESCOLA-SEAT-.jpg\" alt=\"\" width=\"2000\" height=\"1414\" srcset=\"https:\/\/agora.xtec.cat\/escolaseat\/wp-content\/uploads\/usu3041\/2026\/05\/MENU-DISFAGIA-DE-MAIG-ESCOLA-SEAT-.jpg 2000w, https:\/\/agora.xtec.cat\/escolaseat\/wp-content\/uploads\/usu3041\/2026\/05\/MENU-DISFAGIA-DE-MAIG-ESCOLA-SEAT--300x212.jpg 300w, https:\/\/agora.xtec.cat\/escolaseat\/wp-content\/uploads\/usu3041\/2026\/05\/MENU-DISFAGIA-DE-MAIG-ESCOLA-SEAT--1024x724.jpg 1024w, https:\/\/agora.xtec.cat\/escolaseat\/wp-content\/uploads\/usu3041\/2026\/05\/MENU-DISFAGIA-DE-MAIG-ESCOLA-SEAT--768x543.jpg 768w, https:\/\/agora.xtec.cat\/escolaseat\/wp-content\/uploads\/usu3041\/2026\/05\/MENU-DISFAGIA-DE-MAIG-ESCOLA-SEAT--1536x1086.jpg 1536w\" sizes=\"auto, (max-width: 2000px) 100vw, 2000px\" \/><\/a> <a href=\"https:\/\/agora.xtec.cat\/escolaseat\/wp-content\/uploads\/usu3041\/2026\/05\/MENU-SENSE-BACALLA-DE-MAIG-ESCOLA-SEAT-.jpg\"><img loading=\"lazy\" decoding=\"async\" class=\"aligncenter size-full wp-image-3617\" src=\"https:\/\/agora.xtec.cat\/escolaseat\/wp-content\/uploads\/usu3041\/2026\/05\/MENU-SENSE-BACALLA-DE-MAIG-ESCOLA-SEAT-.jpg\" alt=\"\" width=\"2000\" height=\"1414\" srcset=\"https:\/\/agora.xtec.cat\/escolaseat\/wp-content\/uploads\/usu3041\/2026\/05\/MENU-SENSE-BACALLA-DE-MAIG-ESCOLA-SEAT-.jpg 2000w, https:\/\/agora.xtec.cat\/escolaseat\/wp-content\/uploads\/usu3041\/2026\/05\/MENU-SENSE-BACALLA-DE-MAIG-ESCOLA-SEAT--300x212.jpg 300w, https:\/\/agora.xtec.cat\/escolaseat\/wp-content\/uploads\/usu3041\/2026\/05\/MENU-SENSE-BACALLA-DE-MAIG-ESCOLA-SEAT--1024x724.jpg 1024w, https:\/\/agora.xtec.cat\/escolaseat\/wp-content\/uploads\/usu3041\/2026\/05\/MENU-SENSE-BACALLA-DE-MAIG-ESCOLA-SEAT--768x543.jpg 768w, https:\/\/agora.xtec.cat\/escolaseat\/wp-content\/uploads\/usu3041\/2026\/05\/MENU-SENSE-BACALLA-DE-MAIG-ESCOLA-SEAT--1536x1086.jpg 1536w\" sizes=\"auto, (max-width: 2000px) 100vw, 2000px\" \/><\/a> <a href=\"https:\/\/agora.xtec.cat\/escolaseat\/wp-content\/uploads\/usu3041\/2026\/05\/MENU-SENSE-LACTOSA-DE-MAIG-ESCOLA-SEAT-.jpg\"><img loading=\"lazy\" decoding=\"async\" class=\"aligncenter size-full wp-image-3618\" src=\"https:\/\/agora.xtec.cat\/escolaseat\/wp-content\/uploads\/usu3041\/2026\/05\/MENU-SENSE-LACTOSA-DE-MAIG-ESCOLA-SEAT-.jpg\" alt=\"\" width=\"2000\" height=\"1414\" srcset=\"https:\/\/agora.xtec.cat\/escolaseat\/wp-content\/uploads\/usu3041\/2026\/05\/MENU-SENSE-LACTOSA-DE-MAIG-ESCOLA-SEAT-.jpg 2000w, https:\/\/agora.xtec.cat\/escolaseat\/wp-content\/uploads\/usu3041\/2026\/05\/MENU-SENSE-LACTOSA-DE-MAIG-ESCOLA-SEAT--300x212.jpg 300w, https:\/\/agora.xtec.cat\/escolaseat\/wp-content\/uploads\/usu3041\/2026\/05\/MENU-SENSE-LACTOSA-DE-MAIG-ESCOLA-SEAT--1024x724.jpg 1024w, https:\/\/agora.xtec.cat\/escolaseat\/wp-content\/uploads\/usu3041\/2026\/05\/MENU-SENSE-LACTOSA-DE-MAIG-ESCOLA-SEAT--768x543.jpg 768w, https:\/\/agora.xtec.cat\/escolaseat\/wp-content\/uploads\/usu3041\/2026\/05\/MENU-SENSE-LACTOSA-DE-MAIG-ESCOLA-SEAT--1536x1086.jpg 1536w\" sizes=\"auto, (max-width: 2000px) 100vw, 2000px\" \/><\/a> <a href=\"https:\/\/agora.xtec.cat\/escolaseat\/wp-content\/uploads\/usu3041\/2026\/05\/MENU-SENSE-LACTOSA-SENSE-OU-DE-MAIG-ESCOLA-SEAT-.jpg\"><img loading=\"lazy\" decoding=\"async\" class=\"aligncenter size-full wp-image-3619\" src=\"https:\/\/agora.xtec.cat\/escolaseat\/wp-content\/uploads\/usu3041\/2026\/05\/MENU-SENSE-LACTOSA-SENSE-OU-DE-MAIG-ESCOLA-SEAT-.jpg\" alt=\"\" width=\"2000\" height=\"1414\" srcset=\"https:\/\/agora.xtec.cat\/escolaseat\/wp-content\/uploads\/usu3041\/2026\/05\/MENU-SENSE-LACTOSA-SENSE-OU-DE-MAIG-ESCOLA-SEAT-.jpg 2000w, https:\/\/agora.xtec.cat\/escolaseat\/wp-content\/uploads\/usu3041\/2026\/05\/MENU-SENSE-LACTOSA-SENSE-OU-DE-MAIG-ESCOLA-SEAT--300x212.jpg 300w, https:\/\/agora.xtec.cat\/escolaseat\/wp-content\/uploads\/usu3041\/2026\/05\/MENU-SENSE-LACTOSA-SENSE-OU-DE-MAIG-ESCOLA-SEAT--1024x724.jpg 1024w, https:\/\/agora.xtec.cat\/escolaseat\/wp-content\/uploads\/usu3041\/2026\/05\/MENU-SENSE-LACTOSA-SENSE-OU-DE-MAIG-ESCOLA-SEAT--768x543.jpg 768w, https:\/\/agora.xtec.cat\/escolaseat\/wp-content\/uploads\/usu3041\/2026\/05\/MENU-SENSE-LACTOSA-SENSE-OU-DE-MAIG-ESCOLA-SEAT--1536x1086.jpg 1536w\" sizes=\"auto, (max-width: 2000px) 100vw, 2000px\" \/><\/a> <a href=\"https:\/\/agora.xtec.cat\/escolaseat\/wp-content\/uploads\/usu3041\/2026\/05\/MENU-SENSE-OU-DE-MAIG-ESCOLA-SEAT-.jpg\"><img loading=\"lazy\" decoding=\"async\" class=\"aligncenter size-full wp-image-3620\" src=\"https:\/\/agora.xtec.cat\/escolaseat\/wp-content\/uploads\/usu3041\/2026\/05\/MENU-SENSE-OU-DE-MAIG-ESCOLA-SEAT-.jpg\" alt=\"\" width=\"2000\" height=\"1414\" srcset=\"https:\/\/agora.xtec.cat\/escolaseat\/wp-content\/uploads\/usu3041\/2026\/05\/MENU-SENSE-OU-DE-MAIG-ESCOLA-SEAT-.jpg 2000w, https:\/\/agora.xtec.cat\/escolaseat\/wp-content\/uploads\/usu3041\/2026\/05\/MENU-SENSE-OU-DE-MAIG-ESCOLA-SEAT--300x212.jpg 300w, https:\/\/agora.xtec.cat\/escolaseat\/wp-content\/uploads\/usu3041\/2026\/05\/MENU-SENSE-OU-DE-MAIG-ESCOLA-SEAT--1024x724.jpg 1024w, https:\/\/agora.xtec.cat\/escolaseat\/wp-content\/uploads\/usu3041\/2026\/05\/MENU-SENSE-OU-DE-MAIG-ESCOLA-SEAT--768x543.jpg 768w, https:\/\/agora.xtec.cat\/escolaseat\/wp-content\/uploads\/usu3041\/2026\/05\/MENU-SENSE-OU-DE-MAIG-ESCOLA-SEAT--1536x1086.jpg 1536w\" sizes=\"auto, (max-width: 2000px) 100vw, 2000px\" \/><\/a> <a href=\"https:\/\/agora.xtec.cat\/escolaseat\/wp-content\/uploads\/usu3041\/2026\/05\/MENU-SENSE-OU-NI-CIGRONS-DE-MAIG-ESCOLA-SEAT-.jpg\"><img loading=\"lazy\" decoding=\"async\" class=\"aligncenter size-full wp-image-3621\" src=\"https:\/\/agora.xtec.cat\/escolaseat\/wp-content\/uploads\/usu3041\/2026\/05\/MENU-SENSE-OU-NI-CIGRONS-DE-MAIG-ESCOLA-SEAT-.jpg\" alt=\"\" width=\"2000\" height=\"1414\" srcset=\"https:\/\/agora.xtec.cat\/escolaseat\/wp-content\/uploads\/usu3041\/2026\/05\/MENU-SENSE-OU-NI-CIGRONS-DE-MAIG-ESCOLA-SEAT-.jpg 2000w, https:\/\/agora.xtec.cat\/escolaseat\/wp-content\/uploads\/usu3041\/2026\/05\/MENU-SENSE-OU-NI-CIGRONS-DE-MAIG-ESCOLA-SEAT--300x212.jpg 300w, https:\/\/agora.xtec.cat\/escolaseat\/wp-content\/uploads\/usu3041\/2026\/05\/MENU-SENSE-OU-NI-CIGRONS-DE-MAIG-ESCOLA-SEAT--1024x724.jpg 1024w, https:\/\/agora.xtec.cat\/escolaseat\/wp-content\/uploads\/usu3041\/2026\/05\/MENU-SENSE-OU-NI-CIGRONS-DE-MAIG-ESCOLA-SEAT--768x543.jpg 768w, https:\/\/agora.xtec.cat\/escolaseat\/wp-content\/uploads\/usu3041\/2026\/05\/MENU-SENSE-OU-NI-CIGRONS-DE-MAIG-ESCOLA-SEAT--1536x1086.jpg 1536w\" sizes=\"auto, (max-width: 2000px) 100vw, 2000px\" \/><\/a><\/p>\n<h2><\/h2>\n","protected":false},"excerpt":{"rendered":"<p>El menjador, a part de tenir com a finalitat proporcionar aquest servei a les fam\u00edlies que ho necessiten, tamb\u00e9 \u00e9s un espai on s\u2019eduquen els h\u00e0bits alimentaris adequats i saludables i els h\u00e0bits socials i de relaci\u00f3.<br \/>\nSe n\u2019encarrega una empresa externa:\u00a0<a href=\"https:\/\/menjadorsbiosca.cat\/\">Biosca<\/a> amb un equip&hellip;  <a href=\"https:\/\/agora.xtec.cat\/escolaseat\/serveis\/acollida\/\" title=\"Read Menjador\">Llegeix m\u00e9s\u00bb<\/a><\/p>\n","protected":false},"author":1,"featured_media":0,"parent":628,"menu_order":20,"comment_status":"closed","ping_status":"closed","template":"page-templates\/side-menu.php","meta":{"footnotes":""},"class_list":["post-77","page","type-page","status-publish","hentry"],"post_mailing_queue_ids":[],"_links":{"self":[{"href":"https:\/\/agora.xtec.cat\/escolaseat\/wp-json\/wp\/v2\/pages\/77","targetHints":{"allow":["GET"]}}],"collection":[{"href":"https:\/\/agora.xtec.cat\/escolaseat\/wp-json\/wp\/v2\/pages"}],"about":[{"href":"https:\/\/agora.xtec.cat\/escolaseat\/wp-json\/wp\/v2\/types\/page"}],"author":[{"embeddable":true,"href":"https:\/\/agora.xtec.cat\/escolaseat\/wp-json\/wp\/v2\/users\/1"}],"replies":[{"embeddable":true,"href":"https:\/\/agora.xtec.cat\/escolaseat\/wp-json\/wp\/v2\/comments?post=77"}],"version-history":[{"count":6,"href":"https:\/\/agora.xtec.cat\/escolaseat\/wp-json\/wp\/v2\/pages\/77\/revisions"}],"predecessor-version":[{"id":3622,"href":"https:\/\/agora.xtec.cat\/escolaseat\/wp-json\/wp\/v2\/pages\/77\/revisions\/3622"}],"up":[{"embeddable":true,"href":"https:\/\/agora.xtec.cat\/escolaseat\/wp-json\/wp\/v2\/pages\/628"}],"wp:attachment":[{"href":"https:\/\/agora.xtec.cat\/escolaseat\/wp-json\/wp\/v2\/media?parent=77"}],"curies":[{"name":"wp","href":"https:\/\/api.w.org\/{rel}","templated":true}]}}