{"id":759,"date":"2024-10-27T20:14:44","date_gmt":"2024-10-27T19:14:44","guid":{"rendered":"https:\/\/agora.xtec.cat\/escolaseat\/?page_id=759"},"modified":"2026-04-29T09:52:20","modified_gmt":"2026-04-29T07:52:20","slug":"preinscripcio-curs-2025-26","status":"publish","type":"page","link":"https:\/\/agora.xtec.cat\/escolaseat\/families\/preinscripcio-curs-2025-26\/","title":{"rendered":"Preinscripci\u00f3 curs 2026-27"},"content":{"rendered":"<p>Aqu\u00ed trobareu les darreres novetats sobre el proc\u00e9s de preinscripci\u00f3 del curs 2026-2027<\/p>\n<ul>\n<li style=\"list-style-type: none;\"><\/li>\n<\/ul>\n<p><a href=\"https:\/\/agora.xtec.cat\/escolaseat\/wp-content\/uploads\/usu3041\/2026\/03\/INFORME_OFERTA_OME_INFORME_OFERTA-3.pdf\" target=\"_blank\" rel=\"noopener\">OFERTA INICIAL DE PLACES<\/a><br \/>\n<a href=\"https:\/\/agora.xtec.cat\/escolaseat\/wp-content\/uploads\/usu3041\/2026\/04\/INFORME_BAREM_PROVISIONAL_BAREM-5.pdf\" target=\"_blank\" rel=\"noopener\">LLISTAT DE SOL\u00b7LICITUDS QUE HAN DEMANAT EL CENTRE EN PRIMERA PETICI\u00d3 AMB LA PUNTUACI\u00d3 PROVISIONAL\u00a0<\/a><br \/>\n<a href=\"https:\/\/agora.xtec.cat\/escolaseat\/wp-content\/uploads\/usu3041\/2026\/04\/INFORME_BAREM_RESOLTES_BAREM.pdf\" target=\"_blank\" rel=\"noopener\">LLISTAT DE SOL\u00b7LICITUDS QUE HAN DEMANAT EL CENTRE EN PRIMERA OPCI\u00d3 AMB PUNTUACI\u00d3 DEFINITIVA<\/a><br \/>\n<a href=\"https:\/\/agora.xtec.cat\/escolaseat\/wp-content\/uploads\/usu3041\/2026\/04\/INFORME_BAREM_DEFINITIU_BAREM-1.pdf\" target=\"_blank\" rel=\"noopener\">LLISTAT DE SOL\u00b7LICITUTS QUE HAN DEMANAT EL CENTRE EN PRIMERA OPCI\u00d3 ORDENADA\u00a0<\/a><\/p>\n","protected":false},"excerpt":{"rendered":"<p>Aqu\u00ed trobareu les darreres novetats sobre el proc\u00e9s de preinscripci\u00f3 del curs 2026-2027<\/p>\n<ul>\n<li style=\"list-style-type: none;\"><\/li>\n<\/ul>\n<p><a href=\"https:\/\/agora.xtec.cat\/escolaseat\/wp-content\/uploads\/usu3041\/2026\/03\/INFORME_OFERTA_OME_INFORME_OFERTA-3.pdf\" target=\"_blank\" rel=\"noopener\">OFERTA INICIAL DE PLACES<\/a><br \/>\n<a href=\"https:\/\/agora.xtec.cat\/escolaseat\/wp-content\/uploads\/usu3041\/2026\/04\/INFORME_BAREM_PROVISIONAL_BAREM-5.pdf\" target=\"_blank\" rel=\"noopener\">LLISTAT DE SOL\u00b7LICITUDS QUE HAN DEMANAT EL CENTRE EN PRIMERA PETICI\u00d3 AMB LA PUNTUACI\u00d3 PROVISIONAL\u00a0<\/a><br \/>\n<a href=\"https:\/\/agora.xtec.cat\/escolaseat\/wp-content\/uploads\/usu3041\/2026\/04\/INFORME_BAREM_RESOLTES_BAREM.pdf\" target=\"_blank\" rel=\"noopener\">LLISTAT DE SOL\u00b7LICITUDS QUE HAN&hellip;  <a href=\"https:\/\/agora.xtec.cat\/escolaseat\/families\/preinscripcio-curs-2025-26\/\" title=\"Read Preinscripci\u00f3 curs 2026-27\">Llegeix m\u00e9s\u00bb<\/a><\/p>\n","protected":false},"author":1,"featured_media":0,"parent":736,"menu_order":0,"comment_status":"closed","ping_status":"closed","template":"","meta":{"footnotes":""},"class_list":["post-759","page","type-page","status-publish","hentry"],"post_mailing_queue_ids":[],"_links":{"self":[{"href":"https:\/\/agora.xtec.cat\/escolaseat\/wp-json\/wp\/v2\/pages\/759","targetHints":{"allow":["GET"]}}],"collection":[{"href":"https:\/\/agora.xtec.cat\/escolaseat\/wp-json\/wp\/v2\/pages"}],"about":[{"href":"https:\/\/agora.xtec.cat\/escolaseat\/wp-json\/wp\/v2\/types\/page"}],"author":[{"embeddable":true,"href":"https:\/\/agora.xtec.cat\/escolaseat\/wp-json\/wp\/v2\/users\/1"}],"replies":[{"embeddable":true,"href":"https:\/\/agora.xtec.cat\/escolaseat\/wp-json\/wp\/v2\/comments?post=759"}],"version-history":[{"count":6,"href":"https:\/\/agora.xtec.cat\/escolaseat\/wp-json\/wp\/v2\/pages\/759\/revisions"}],"predecessor-version":[{"id":3570,"href":"https:\/\/agora.xtec.cat\/escolaseat\/wp-json\/wp\/v2\/pages\/759\/revisions\/3570"}],"up":[{"embeddable":true,"href":"https:\/\/agora.xtec.cat\/escolaseat\/wp-json\/wp\/v2\/pages\/736"}],"wp:attachment":[{"href":"https:\/\/agora.xtec.cat\/escolaseat\/wp-json\/wp\/v2\/media?parent=759"}],"curies":[{"name":"wp","href":"https:\/\/api.w.org\/{rel}","templated":true}]}}