{"id":751,"date":"2024-10-27T20:07:28","date_gmt":"2024-10-27T19:07:28","guid":{"rendered":"https:\/\/agora.xtec.cat\/escolaseat\/?page_id=751"},"modified":"2024-10-30T16:24:18","modified_gmt":"2024-10-30T15:24:18","slug":"comissions-mixtes","status":"publish","type":"page","link":"https:\/\/agora.xtec.cat\/escolaseat\/comissions-mixtes\/","title":{"rendered":"Comissions mixtes"},"content":{"rendered":"<p><span style=\"font-weight: 400;\">Les comissions mixtes s\u2019han configurat amb la finalitat d\u2019augmentar el sentiment de pertinen\u00e7a de les fam\u00edlies i l\u2019alumnat vers la seva escola.<\/span><\/p>\n<p><b>Comissions mixtes:<\/b><\/p>\n<p><b>COMISSI\u00d3 DE CONVIV\u00c8NCIA<\/b><\/p>\n<p><span style=\"font-weight: 400;\">Aquesta comissi\u00f3 \u00e9s <\/span><b>MIXTA<\/b><span style=\"font-weight: 400;\"> (fam\u00edlies, coordinadora de menjador, TIS, SSAE, COCOBE i alumnat) i s\u2019encarrega de vetllar per la implementaci\u00f3 del <\/span><b>Projecte de conviv\u00e8ncia,<\/b><span style=\"font-weight: 400;\">\u00a0 amb el desplegament de les <\/span><b>NOFC<\/b><span style=\"font-weight: 400;\"> de l\u2019escola, documents vius permanentment.<\/span><\/p>\n<p><b>COMISSI\u00d3 VERDA<\/b><\/p>\n<p><span style=\"font-weight: 400;\">Comissi\u00f3 MIXTA que dinamitza l&#8217;espai de l&#8217;hort enlla\u00e7ada amb el Projecte d&#8217;Escoles+Sostenibles.<\/span><\/p>\n<p><b>COMISSI\u00d3 DE FESTES<\/b><\/p>\n<p><span style=\"font-weight: 400;\">Comissi\u00f3 MIXTA que dinamitza les diferents festivitats que se celebren a l&#8217;escola. Les fam\u00edlies participen en algunes d&#8217;aquestes trobades proposant idees i col\u00b7laborant en totes les tasques que siguin necess\u00e0ries.<\/span><\/p>\n","protected":false},"excerpt":{"rendered":"<p>Les comissions mixtes s\u2019han configurat amb la finalitat d\u2019augmentar el sentiment de pertinen\u00e7a de les fam\u00edlies i l\u2019alumnat vers la seva escola.<br \/>\nComissions mixtes:<br \/>\nCOMISSI\u00d3 DE CONVIV\u00c8NCIA<br \/>\nAquesta comissi\u00f3 \u00e9s MIXTA (fam\u00edlies, coordinadora de menjador, TIS, SSAE, COCOBE i alumnat) i s\u2019encarrega de vetllar per la implementaci\u00f3 del&hellip;  <a href=\"https:\/\/agora.xtec.cat\/escolaseat\/comissions-mixtes\/\" title=\"Read Comissions mixtes\">Llegeix m\u00e9s\u00bb<\/a><\/p>\n","protected":false},"author":1,"featured_media":0,"parent":0,"menu_order":0,"comment_status":"closed","ping_status":"closed","template":"","meta":{"footnotes":""},"class_list":["post-751","page","type-page","status-publish","hentry"],"post_mailing_queue_ids":[],"_links":{"self":[{"href":"https:\/\/agora.xtec.cat\/escolaseat\/wp-json\/wp\/v2\/pages\/751","targetHints":{"allow":["GET"]}}],"collection":[{"href":"https:\/\/agora.xtec.cat\/escolaseat\/wp-json\/wp\/v2\/pages"}],"about":[{"href":"https:\/\/agora.xtec.cat\/escolaseat\/wp-json\/wp\/v2\/types\/page"}],"author":[{"embeddable":true,"href":"https:\/\/agora.xtec.cat\/escolaseat\/wp-json\/wp\/v2\/users\/1"}],"replies":[{"embeddable":true,"href":"https:\/\/agora.xtec.cat\/escolaseat\/wp-json\/wp\/v2\/comments?post=751"}],"version-history":[{"count":3,"href":"https:\/\/agora.xtec.cat\/escolaseat\/wp-json\/wp\/v2\/pages\/751\/revisions"}],"predecessor-version":[{"id":850,"href":"https:\/\/agora.xtec.cat\/escolaseat\/wp-json\/wp\/v2\/pages\/751\/revisions\/850"}],"wp:attachment":[{"href":"https:\/\/agora.xtec.cat\/escolaseat\/wp-json\/wp\/v2\/media?parent=751"}],"curies":[{"name":"wp","href":"https:\/\/api.w.org\/{rel}","templated":true}]}}