{"id":71,"date":"2014-09-18T12:44:56","date_gmt":"2014-09-18T11:44:56","guid":{"rendered":"http:\/\/agora.xtec.cat\/escolaseat\/?page_id=71"},"modified":"2025-12-17T11:54:52","modified_gmt":"2025-12-17T10:54:52","slug":"serveis-digitals","status":"publish","type":"page","link":"https:\/\/agora.xtec.cat\/escolaseat\/families\/serveis-digitals\/","title":{"rendered":"AFA"},"content":{"rendered":"<p style=\"text-align: justify;\">Les fam\u00edlies que vulgueu aquest curs 2025-26 ser socies de l\u2019AFA podeu fer ja l\u2019ingr\u00e9s al n\u00famero de compte: ES87 0081-1731-9100-0100-2404<\/p>\n<ul class=\"wp-block-list\" style=\"text-align: justify;\">\n<li>La quota \u00e9s de 25 \u20ac per a totes les fam\u00edlies independentment que tinguin un o m\u00e9s fills\/es. La data del l\u00edmit de pagament \u00e9s el 31 d\u2019octubre. Despr\u00e9s d\u00b4aquesta data el cost de soci de l\u00b4AFA \u00e9s de 30 euros.<\/li>\n<li><strong>Molt important:<\/strong>\u00a0POSAR NOM, COGNOM I CURS DEL NEN\/A<\/li>\n<li>Qualsevol dubte contacte amb l\u2019AFA a trav\u00e9s del correu:\u00a0 <a href=\"mailto:afaseat@gmail.com\" target=\"_blank\" rel=\"noreferrer noopener\">afaseat@gmail.com<\/a><\/li>\n<\/ul>\n<p style=\"text-align: justify;\">Som una AFA activa. Organitzem les activitats extraescolars, les festes de Carnestoltes i fi de curs, portem el patge per Nadal, fem activitats espor\u00e0diques per a les fam\u00edlies i ens encarreguem de la reutilitzaci\u00f3 dels llibres escolars.<\/p>\n","protected":false},"excerpt":{"rendered":"<p>Les fam\u00edlies que vulgueu aquest curs 2025-26 ser socies de l\u2019AFA podeu fer ja l\u2019ingr\u00e9s al n\u00famero de compte: ES87 0081-1731-9100-0100-2404<\/p>\n<ul class=\"wp-block-list\" style=\"text-align: justify;\">\n<li>La quota \u00e9s de 25 \u20ac per a totes les fam\u00edlies independentment que tinguin un o m\u00e9s fills\/es. La data del l\u00edmit&hellip;  <a href=\"https:\/\/agora.xtec.cat\/escolaseat\/families\/serveis-digitals\/\" title=\"Read AFA\">Llegeix m\u00e9s\u00bb<\/a><br \/>\n","protected":false},"author":1,"featured_media":0,"parent":736,"menu_order":10,"comment_status":"closed","ping_status":"closed","template":"page-templates\/side-menu.php","meta":{"footnotes":""},"class_list":["post-71","page","type-page","status-publish","hentry"],"post_mailing_queue_ids":[],"_links":{"self":[{"href":"https:\/\/agora.xtec.cat\/escolaseat\/wp-json\/wp\/v2\/pages\/71","targetHints":{"allow":["GET"]}}],"collection":[{"href":"https:\/\/agora.xtec.cat\/escolaseat\/wp-json\/wp\/v2\/pages"}],"about":[{"href":"https:\/\/agora.xtec.cat\/escolaseat\/wp-json\/wp\/v2\/types\/page"}],"author":[{"embeddable":true,"href":"https:\/\/agora.xtec.cat\/escolaseat\/wp-json\/wp\/v2\/users\/1"}],"replies":[{"embeddable":true,"href":"https:\/\/agora.xtec.cat\/escolaseat\/wp-json\/wp\/v2\/comments?post=71"}],"version-history":[{"count":4,"href":"https:\/\/agora.xtec.cat\/escolaseat\/wp-json\/wp\/v2\/pages\/71\/revisions"}],"predecessor-version":[{"id":2812,"href":"https:\/\/agora.xtec.cat\/escolaseat\/wp-json\/wp\/v2\/pages\/71\/revisions\/2812"}],"up":[{"embeddable":true,"href":"https:\/\/agora.xtec.cat\/escolaseat\/wp-json\/wp\/v2\/pages\/736"}],"wp:attachment":[{"href":"https:\/\/agora.xtec.cat\/escolaseat\/wp-json\/wp\/v2\/media?parent=71"}],"curies":[{"name":"wp","href":"https:\/\/api.w.org\/{rel}","templated":true}]}}