{"id":706,"date":"2024-10-27T19:11:54","date_gmt":"2024-10-27T18:11:54","guid":{"rendered":"https:\/\/agora.xtec.cat\/escolaseat\/?page_id=706"},"modified":"2024-10-27T19:19:50","modified_gmt":"2024-10-27T18:19:50","slug":"cantania","status":"publish","type":"page","link":"https:\/\/agora.xtec.cat\/escolaseat\/projectes\/cantania\/","title":{"rendered":"Cant\u00e0nia"},"content":{"rendered":"<p style=\"text-align: justify;\">La <strong>Cant\u00e0nia<\/strong> \u00e9s una activitat participativa\u00a0 en la qu\u00e8 els infants de <strong>5\u00e8 de prim\u00e0ria<\/strong> canta i interpreta una obra encarregada especialment a compositors i escriptors catalans de reconegut prestigi per aquesta activitat.<\/p>\n<p style=\"text-align: justify;\">L&#8217;espectacle, en el qu\u00e8 participen escoles de tota Catalunya, t\u00e9 lloc a <strong>L&#8217;Auditori de Barcelona<\/strong>.<\/p>\n<p><img decoding=\"async\" src=\"https:\/\/www.auditori.cat\/wp-content\/uploads\/Temporada%2022-23\/Cantania2022_Clara_lart_per_dins.jpg\" alt=\"Materials did\u00e0ctics de la Cant\u00e0nia \u201cClara, l'Art per dins\u201d\" \/><\/p>\n","protected":false},"excerpt":{"rendered":"<p>La Cant\u00e0nia \u00e9s una activitat participativa\u00a0 en la qu\u00e8 els infants de 5\u00e8 de prim\u00e0ria canta i interpreta una obra encarregada especialment a compositors i escriptors catalans de reconegut prestigi per aquesta activitat.<br \/>\nL&#8217;espectacle, en el qu\u00e8 participen escoles de tota Catalunya, t\u00e9 lloc a L&#8217;Auditori&hellip;  <a href=\"https:\/\/agora.xtec.cat\/escolaseat\/projectes\/cantania\/\" title=\"Read Cant\u00e0nia\">Llegeix m\u00e9s\u00bb<\/a><\/p>\n","protected":false},"author":1,"featured_media":0,"parent":693,"menu_order":0,"comment_status":"closed","ping_status":"closed","template":"","meta":{"footnotes":""},"class_list":["post-706","page","type-page","status-publish","hentry"],"post_mailing_queue_ids":[],"_links":{"self":[{"href":"https:\/\/agora.xtec.cat\/escolaseat\/wp-json\/wp\/v2\/pages\/706","targetHints":{"allow":["GET"]}}],"collection":[{"href":"https:\/\/agora.xtec.cat\/escolaseat\/wp-json\/wp\/v2\/pages"}],"about":[{"href":"https:\/\/agora.xtec.cat\/escolaseat\/wp-json\/wp\/v2\/types\/page"}],"author":[{"embeddable":true,"href":"https:\/\/agora.xtec.cat\/escolaseat\/wp-json\/wp\/v2\/users\/1"}],"replies":[{"embeddable":true,"href":"https:\/\/agora.xtec.cat\/escolaseat\/wp-json\/wp\/v2\/comments?post=706"}],"version-history":[{"count":3,"href":"https:\/\/agora.xtec.cat\/escolaseat\/wp-json\/wp\/v2\/pages\/706\/revisions"}],"predecessor-version":[{"id":711,"href":"https:\/\/agora.xtec.cat\/escolaseat\/wp-json\/wp\/v2\/pages\/706\/revisions\/711"}],"up":[{"embeddable":true,"href":"https:\/\/agora.xtec.cat\/escolaseat\/wp-json\/wp\/v2\/pages\/693"}],"wp:attachment":[{"href":"https:\/\/agora.xtec.cat\/escolaseat\/wp-json\/wp\/v2\/media?parent=706"}],"curies":[{"name":"wp","href":"https:\/\/api.w.org\/{rel}","templated":true}]}}