{"id":676,"date":"2024-10-27T17:00:17","date_gmt":"2024-10-27T16:00:17","guid":{"rendered":"https:\/\/agora.xtec.cat\/escolaseat\/?page_id=676"},"modified":"2024-10-27T17:17:15","modified_gmt":"2024-10-27T16:17:15","slug":"plec","status":"publish","type":"page","link":"https:\/\/agora.xtec.cat\/escolaseat\/documents-de-gestio-de-centre\/projecte-linguistic\/plec\/","title":{"rendered":"PLEC"},"content":{"rendered":"<p>La finalitat del Pla Lector de l&#8217;escola \u00e9s la de ser un document \u00e0gil i concret per crear una mateixa l\u00ednia de treball vers la compet\u00e8ncia lectora en tots els nivells educatius tant de l\u2019etapa d\u2019Infantil com de Prim\u00e0ria.<br \/>\nAquest document est\u00e0 pendent d&#8217;actualitzar-se durant aquest curs.<\/p>\n<p><a href=\"https:\/\/agora.xtec.cat\/escolaseat\/wp-content\/uploads\/usu3041\/2024\/10\/PLEC-ESCOLA-SEAT.pdf\" target=\"_blank\" rel=\"noopener\">PLEC ESCOLA SEAT<\/a><\/p>\n","protected":false},"excerpt":{"rendered":"<p>La finalitat del Pla Lector de l&#8217;escola \u00e9s la de ser un document \u00e0gil i concret per crear una mateixa l\u00ednia de treball vers la compet\u00e8ncia lectora en tots els nivells educatius tant de l\u2019etapa d\u2019Infantil com de Prim\u00e0ria.<br \/>\nAquest document est\u00e0 pendent d&#8217;actualitzar-se durant aquest&hellip;  <a href=\"https:\/\/agora.xtec.cat\/escolaseat\/documents-de-gestio-de-centre\/projecte-linguistic\/plec\/\" title=\"Read PLEC\">Llegeix m\u00e9s\u00bb<\/a><\/p>\n","protected":false},"author":1,"featured_media":0,"parent":675,"menu_order":0,"comment_status":"closed","ping_status":"closed","template":"","meta":{"footnotes":""},"class_list":["post-676","page","type-page","status-publish","hentry"],"post_mailing_queue_ids":[],"_links":{"self":[{"href":"https:\/\/agora.xtec.cat\/escolaseat\/wp-json\/wp\/v2\/pages\/676","targetHints":{"allow":["GET"]}}],"collection":[{"href":"https:\/\/agora.xtec.cat\/escolaseat\/wp-json\/wp\/v2\/pages"}],"about":[{"href":"https:\/\/agora.xtec.cat\/escolaseat\/wp-json\/wp\/v2\/types\/page"}],"author":[{"embeddable":true,"href":"https:\/\/agora.xtec.cat\/escolaseat\/wp-json\/wp\/v2\/users\/1"}],"replies":[{"embeddable":true,"href":"https:\/\/agora.xtec.cat\/escolaseat\/wp-json\/wp\/v2\/comments?post=676"}],"version-history":[{"count":3,"href":"https:\/\/agora.xtec.cat\/escolaseat\/wp-json\/wp\/v2\/pages\/676\/revisions"}],"predecessor-version":[{"id":686,"href":"https:\/\/agora.xtec.cat\/escolaseat\/wp-json\/wp\/v2\/pages\/676\/revisions\/686"}],"up":[{"embeddable":true,"href":"https:\/\/agora.xtec.cat\/escolaseat\/wp-json\/wp\/v2\/pages\/675"}],"wp:attachment":[{"href":"https:\/\/agora.xtec.cat\/escolaseat\/wp-json\/wp\/v2\/media?parent=676"}],"curies":[{"name":"wp","href":"https:\/\/api.w.org\/{rel}","templated":true}]}}