{"id":675,"date":"2024-10-27T17:00:17","date_gmt":"2024-10-27T16:00:17","guid":{"rendered":"https:\/\/agora.xtec.cat\/escolaseat\/?page_id=675"},"modified":"2024-10-27T17:09:59","modified_gmt":"2024-10-27T16:09:59","slug":"projecte-linguistic","status":"publish","type":"page","link":"https:\/\/agora.xtec.cat\/escolaseat\/documents-de-gestio-de-centre\/projecte-linguistic\/","title":{"rendered":"Projecte ling\u00fc\u00edstic"},"content":{"rendered":"<p>En aquesta p\u00e0gina trobareu el projecte ling\u00fc\u00edstic del centre, document que est\u00e0 pendent d&#8217;actualitzaci\u00f3.<\/p>\n","protected":false},"excerpt":{"rendered":"<p>En aquesta p\u00e0gina trobareu el projecte ling\u00fc\u00edstic del centre, document que est\u00e0 pendent d&#8217;actualitzaci\u00f3.<\/p>\n","protected":false},"author":1,"featured_media":0,"parent":644,"menu_order":0,"comment_status":"closed","ping_status":"closed","template":"","meta":{"footnotes":""},"class_list":["post-675","page","type-page","status-publish","hentry"],"post_mailing_queue_ids":[],"_links":{"self":[{"href":"https:\/\/agora.xtec.cat\/escolaseat\/wp-json\/wp\/v2\/pages\/675","targetHints":{"allow":["GET"]}}],"collection":[{"href":"https:\/\/agora.xtec.cat\/escolaseat\/wp-json\/wp\/v2\/pages"}],"about":[{"href":"https:\/\/agora.xtec.cat\/escolaseat\/wp-json\/wp\/v2\/types\/page"}],"author":[{"embeddable":true,"href":"https:\/\/agora.xtec.cat\/escolaseat\/wp-json\/wp\/v2\/users\/1"}],"replies":[{"embeddable":true,"href":"https:\/\/agora.xtec.cat\/escolaseat\/wp-json\/wp\/v2\/comments?post=675"}],"version-history":[{"count":2,"href":"https:\/\/agora.xtec.cat\/escolaseat\/wp-json\/wp\/v2\/pages\/675\/revisions"}],"predecessor-version":[{"id":682,"href":"https:\/\/agora.xtec.cat\/escolaseat\/wp-json\/wp\/v2\/pages\/675\/revisions\/682"}],"up":[{"embeddable":true,"href":"https:\/\/agora.xtec.cat\/escolaseat\/wp-json\/wp\/v2\/pages\/644"}],"wp:attachment":[{"href":"https:\/\/agora.xtec.cat\/escolaseat\/wp-json\/wp\/v2\/media?parent=675"}],"curies":[{"name":"wp","href":"https:\/\/api.w.org\/{rel}","templated":true}]}}