{"id":648,"date":"2024-10-27T13:03:56","date_gmt":"2024-10-27T12:03:56","guid":{"rendered":"https:\/\/agora.xtec.cat\/escolaseat\/?page_id=648"},"modified":"2024-10-27T17:05:12","modified_gmt":"2024-10-27T16:05:12","slug":"projecte-de-convivencia","status":"publish","type":"page","link":"https:\/\/agora.xtec.cat\/escolaseat\/documents-de-gestio-de-centre\/projecte-de-convivencia\/","title":{"rendered":"Projecte de conviv\u00e8ncia"},"content":{"rendered":"<blockquote><p>Aquest projecte t\u00e9 com a objectius:<\/p>\n<ol class=\"wp-block-list\">\n<li>Assegurar i garantir la participaci\u00f3, la implicaci\u00f3 i el comprom\u00eds de tota la comunitat escolar.<\/li>\n<li>Ajudar cada alumne a relacionar-se amb si mateix, amb els altres i amb el m\u00f3n.<\/li>\n<li>Fomentar la mediaci\u00f3 escolar i la cultura del di\u00e0leg com a eina b\u00e0sica en la gesti\u00f3 del conflicte.<\/li>\n<li>Fomentar una cultura de la pau i la no-viol\u00e8ncia, juntament amb els valors que fan possible preservar i enriquir la vida de totes les persones.<\/li>\n<\/ol>\n<p>Pots llegir tota la informaci\u00f3 detallada del projecte en el seg\u00fcent document:<\/p>\n<p><a href=\"https:\/\/agora.xtec.cat\/escolaseat\/wp-content\/uploads\/usu3041\/2024\/10\/Projecte-de-convivencia-Escola-Seat.pdf\" target=\"_blank\" rel=\"noopener\">Projecte de conviv\u00e8ncia Escola Seat<\/a><\/p><\/blockquote>\n","protected":false},"excerpt":{"rendered":"<p>Aquest projecte t\u00e9 com a objectius:<\/p>\n<ol class=\"wp-block-list\">\n<li>Assegurar i garantir la participaci\u00f3, la implicaci\u00f3 i el comprom\u00eds de tota la comunitat escolar.<\/li>\n<li>Ajudar cada alumne a relacionar-se amb si mateix, amb els altres i amb el m\u00f3n.<\/li>\n<li>Fomentar la mediaci\u00f3 escolar i la cultura del di\u00e0leg com a&hellip;  <a href=\"https:\/\/agora.xtec.cat\/escolaseat\/documents-de-gestio-de-centre\/projecte-de-convivencia\/\" title=\"Read Projecte de conviv\u00e8ncia\">Llegeix m\u00e9s\u00bb<\/a><br \/>\n","protected":false},"author":1,"featured_media":0,"parent":644,"menu_order":0,"comment_status":"closed","ping_status":"closed","template":"","meta":{"footnotes":""},"class_list":["post-648","page","type-page","status-publish","hentry"],"post_mailing_queue_ids":[],"_links":{"self":[{"href":"https:\/\/agora.xtec.cat\/escolaseat\/wp-json\/wp\/v2\/pages\/648","targetHints":{"allow":["GET"]}}],"collection":[{"href":"https:\/\/agora.xtec.cat\/escolaseat\/wp-json\/wp\/v2\/pages"}],"about":[{"href":"https:\/\/agora.xtec.cat\/escolaseat\/wp-json\/wp\/v2\/types\/page"}],"author":[{"embeddable":true,"href":"https:\/\/agora.xtec.cat\/escolaseat\/wp-json\/wp\/v2\/users\/1"}],"replies":[{"embeddable":true,"href":"https:\/\/agora.xtec.cat\/escolaseat\/wp-json\/wp\/v2\/comments?post=648"}],"version-history":[{"count":5,"href":"https:\/\/agora.xtec.cat\/escolaseat\/wp-json\/wp\/v2\/pages\/648\/revisions"}],"predecessor-version":[{"id":674,"href":"https:\/\/agora.xtec.cat\/escolaseat\/wp-json\/wp\/v2\/pages\/648\/revisions\/674"}],"up":[{"embeddable":true,"href":"https:\/\/agora.xtec.cat\/escolaseat\/wp-json\/wp\/v2\/pages\/644"}],"wp:attachment":[{"href":"https:\/\/agora.xtec.cat\/escolaseat\/wp-json\/wp\/v2\/media?parent=648"}],"curies":[{"name":"wp","href":"https:\/\/api.w.org\/{rel}","templated":true}]}}