{"id":5,"date":"2014-09-12T09:30:30","date_gmt":"2014-09-12T08:30:30","guid":{"rendered":"http:\/\/agora.xtec.cat\/escolaseat\/?page_id=5"},"modified":"2026-02-20T11:56:36","modified_gmt":"2026-02-20T10:56:36","slug":"activitat","status":"publish","type":"page","link":"https:\/\/agora.xtec.cat\/escolaseat\/families\/preinscripcio-curs-2025-26\/activitat\/","title":{"rendered":"Preinscripci\u00f3 curs 26-27"},"content":{"rendered":"<p>Enguany, la presentaci\u00f3 de\u00a0<strong>sol\u00b7licituds de preinscripci\u00f3 per al curs escolar 2026-2027<\/strong>\u00a0tindr\u00e0 lloc durant aquests per\u00edodes:<\/p>\n<ul>\n<li style=\"list-style-type: none;\">\n<ul>\n<li><strong>Educaci\u00f3 infantil de segon cicle i educaci\u00f3 prim\u00e0ria<\/strong> del 4 al 18 de mar\u00e7 de 2026<\/li>\n<li><strong>Educaci\u00f3 secund\u00e0ria obligat\u00f2ria<\/strong> del 6 al 18 de mar\u00e7 de 2026<\/li>\n<\/ul>\n<\/li>\n<\/ul>\n<p style=\"text-align: left;\">M\u00e9s\u00a0 <a href=\"https:\/\/www.edubcn.cat\/ca\/alumnat_i_familia\/informacio_general_matriculacio\/preinscripcio\">informaci\u00f3<\/a><\/p>\n<p><strong>Com heu de fer la preinscripci\u00f3:<\/strong><\/p>\n<p>El proc\u00e9s de preinscripci\u00f3 es far\u00e0 exclusivament <strong>de forma telem\u00e0tica<\/strong> a trav\u00e9s d\u2019un formulari al que trobareu a la <a href=\"https:\/\/www.edubcn.cat\/ca\/alumnat_i_familia\/informacio_general_matriculacio\/preinscripcio\" target=\"_blank\" rel=\"noopener\">p\u00e0gina web del Consorci<\/a>, on tamb\u00e9 hi ha \u00a0tota la informaci\u00f3 necess\u00e0ria per fer el tr\u00e0mit.<\/p>\n<p>Si disposeu d\u2019algun mitj\u00e0 d\u2019identificaci\u00f3 digital (<a href=\"https:\/\/web.gencat.cat\/ca\/tramits\/que-cal-fer-si\/Vull-identificar-me-digitalment\/idcat-mobil\/\">idCat M\u00f2bil<\/a>,\u00a0<a href=\"https:\/\/firmaelectronica.gob.es\/Home\/Ciudadanos\/DNI-Electronico.html?idioma=ca\">DNI electr\u00f2nic<\/a>,\u00a0<a href=\"https:\/\/www.aoc.cat\/portal-suport\/t-cat\/idservei\/tcat\/\">T-CAT<\/a>,\u00a0<a href=\"https:\/\/clave.gob.es\/clave_Home\/ca\/clave.html\">Cl@ve<\/a>, etc.), podeu utilitzar el formulari amb autenticaci\u00f3 electr\u00f2nica, si no haureu d\u2019utilitzar el formulari en suport inform\u00e0tic, on caldr\u00e0 que adjunteu el vostre DNI o NIF pr\u00e8viament escanejat o fotografiat per acreditar la vostra identitat. Si acrediteu la vostra identitat amb passaport o document d\u2019identitat d\u2019un pa\u00eds membre de la UE, caldr\u00e0 que l\u2019adjunteu escanejat o fotografiat en ambd\u00f3s casos.<\/p>\n<p><strong>Qui no pugui fer la preinscripci\u00f3 telem\u00e0tica:<\/strong><\/p>\n<p>Les fam\u00edlies que tingueu dificultats per fer la preinscripci\u00f3 o no disposeu dels mitjans necessaris, podeu despla\u00e7ar-vos a qualsevol de les oficines habilitades per donar suport en el proc\u00e9s de preinscripci\u00f3 telem\u00e0tic:<\/p>\n<ul>\n<li>Sants-Montju\u00efc (Imeb &#8211; Pla\u00e7a d&#8217;Espanya, 5)<\/li>\n<\/ul>\n<div class=\"wDYxhc\" data-attrid=\"kc:\/location\/location:address\" data-md=\"1002\" data-hveid=\"CCYQAA\" data-ved=\"2ahUKEwi31Jrc2KeLAxVHVaQEHS-YBlkQkCl6BAgmEAA\">\n<div class=\"Z1hOCe\">\n<div class=\"zloOqf PZPZlf\" data-dtype=\"d3ifr\" data-local-attribute=\"d3adr\" data-mid=\"\/g\/12qh56n2v\" data-ved=\"2ahUKEwi31Jrc2KeLAxVHVaQEHS-YBlkQghwoAHoECCYQAQ\"><span class=\"w8qArf FoJoyf\"><a class=\"fl\" href=\"https:\/\/www.google.com\/search?sca_esv=794ca49ae42723f1&amp;q=imeb+adre%C3%A7a&amp;ludocid=12819656357396322652&amp;sa=X&amp;ved=2ahUKEwi31Jrc2KeLAxVHVaQEHS-YBlkQ6BN6BAgmEAI\" data-ved=\"2ahUKEwi31Jrc2KeLAxVHVaQEHS-YBlkQ6BN6BAgmEAI\">Adre\u00e7a<\/a>: <\/span><a tabindex=\"0\" href=\"https:\/\/www.google.com\/maps\/place\/\/data=!4m2!3m1!1s0x12a4a2b5ca6e7ad5:0xb1e891891d2f995c?sa=X&amp;ved=1t:8290&amp;ictx=111\" data-url=\"\/maps\/place\/\/data=!4m2!3m1!1s0x12a4a2b5ca6e7ad5:0xb1e891891d2f995c?sa=X&amp;ved=2ahUKEwi31Jrc2KeLAxVHVaQEHS-YBlkQ4kB6BAgFEAA\">Pl. d&#8217;Espanya, 5, Sants-Montju\u00efc, 08014 Barcelona<\/a><\/div>\n<\/div>\n<\/div>\n<div class=\"wDYxhc\" data-attrid=\"kc:\/location\/location:hours\" data-md=\"1005\" data-hveid=\"CCIQAA\" data-ved=\"2ahUKEwi31Jrc2KeLAxVHVaQEHS-YBlkQkCl6BAgiEAA\">\n<div class=\"zloOqf PZPZlf\"><span class=\"w8qArf FoJoyf\"><a class=\"fl\" href=\"https:\/\/www.google.com\/search?sca_esv=794ca49ae42723f1&amp;q=imeb+horari&amp;ludocid=12819656357396322652&amp;sa=X&amp;ved=2ahUKEwi31Jrc2KeLAxVHVaQEHS-YBlkQ6BN6BAgiEAI\" data-ved=\"2ahUKEwi31Jrc2KeLAxVHVaQEHS-YBlkQ6BN6BAgiEAI\">Horari<\/a>: de dilluns a divendres de 8:00 a 15:00h<\/span><\/div>\n<\/div>\n<div class=\"wDYxhc\" data-attrid=\"kc:\/local:alt phone\" data-md=\"1006\" data-hveid=\"CCQQAA\" data-ved=\"2ahUKEwi31Jrc2KeLAxVHVaQEHS-YBlkQkCl6BAgkEAA\">\n<div class=\"Z1hOCe\">\n<div class=\"zloOqf PZPZlf\" data-dtype=\"d3ifr\" data-local-attribute=\"d3ph\" data-ved=\"2ahUKEwi31Jrc2KeLAxVHVaQEHS-YBlkQ8I0BKAB6BAgkEAE\"><span class=\"w8qArf FoJoyf\">Tel\u00e8fon:\u00a0<\/span><span class=\"LrzXr zdqRlf kno-fv\"><a href=\"https:\/\/www.google.com\/search?q=IMEB&amp;sca_esv=794ca49ae42723f1&amp;ei=1c-gZ9abE_WbkdUPzsfXyQY&amp;ved=0ahUKEwiW2qLa2KeLAxX1TaQEHc7jNWkQ4dUDCBA&amp;uact=5&amp;oq=IMEB&amp;gs_lp=Egxnd3Mtd2l6LXNlcnAiBElNRUIyDhAuGIAEGMcBGI4FGK8BMgsQLhiABBjHARivATIFEAAYgAQyBRAAGIAEMg4QLhiABBjHARiOBRivATIFEAAYgAQyDhAuGIAEGMcBGI4FGK8BMgUQABiABDIFEAAYgAQyBRAAGIAEMh0QLhiABBjHARiOBRivARiXBRjcBBjeBBjgBNgBAUiaClCgCFigCHABeAGQAQCYAXGgAXGqAQMwLjG4AQPIAQD4AQGYAgKgApUBwgIKEAAYsAMY1gQYR8ICDRAAGIAEGLADGEMYigWYAwCIBgGQBgq6BgYIARABGBSSBwMxLjGgB5wR&amp;sclient=gws-wiz-serp#\" data-dtype=\"d3ph\" data-local-attribute=\"d3ph\" data-ved=\"2ahUKEwi31Jrc2KeLAxVHVaQEHS-YBlkQkAgoAHoECCQQAg\"><span aria-label=\"Truca al n\u00famero de tel\u00e8fon 934 02 36 63\">934 02 36 63<\/span><\/a><\/span><\/div>\n<\/div>\n<\/div>\n<div class=\"zloOqf PZPZlf\" data-ved=\"2ahUKEwi31Jrc2KeLAxVHVaQEHS-YBlkQyxMoAHoECCUQAQ\"><\/div>\n<div data-ved=\"2ahUKEwi31Jrc2KeLAxVHVaQEHS-YBlkQyxMoAHoECCUQAQ\"><\/div>\n<div data-ved=\"2ahUKEwi31Jrc2KeLAxVHVaQEHS-YBlkQyxMoAHoECCUQAQ\"><\/div>\n<p>Recordeu que caldr\u00e0\u00a0<strong>demanar cita pr\u00e8via pel canal corresponent<\/strong>.<\/p>\n","protected":false},"excerpt":{"rendered":"<p>Enguany, la presentaci\u00f3 de\u00a0sol\u00b7licituds de preinscripci\u00f3 per al curs escolar 2026-2027\u00a0tindr\u00e0 lloc durant aquests per\u00edodes:<\/p>\n<ul>\n<li style=\"list-style-type: none;\">\n<ul>\n<li>Educaci\u00f3 infantil de segon cicle i educaci\u00f3 prim\u00e0ria del 4 al 18 de mar\u00e7 de 2026<\/li>\n<li>Educaci\u00f3 secund\u00e0ria obligat\u00f2ria del 6 al 18 de mar\u00e7 de 2026<\/li>\n<\/ul>\n<\/li>\n<\/ul>\n<p>M\u00e9s\u00a0 <a href=\"https:\/\/www.edubcn.cat\/ca\/alumnat_i_familia\/informacio_general_matriculacio\/preinscripcio\">informaci\u00f3<\/a><br \/>\nCom heu&hellip;  <a href=\"https:\/\/agora.xtec.cat\/escolaseat\/families\/preinscripcio-curs-2025-26\/activitat\/\" title=\"Read Preinscripci\u00f3 curs 26-27\">Llegeix m\u00e9s\u00bb<\/a><\/p>\n","protected":false},"author":1,"featured_media":0,"parent":759,"menu_order":0,"comment_status":"closed","ping_status":"closed","template":"","meta":{"footnotes":""},"class_list":["post-5","page","type-page","status-publish","hentry"],"post_mailing_queue_ids":[],"_links":{"self":[{"href":"https:\/\/agora.xtec.cat\/escolaseat\/wp-json\/wp\/v2\/pages\/5","targetHints":{"allow":["GET"]}}],"collection":[{"href":"https:\/\/agora.xtec.cat\/escolaseat\/wp-json\/wp\/v2\/pages"}],"about":[{"href":"https:\/\/agora.xtec.cat\/escolaseat\/wp-json\/wp\/v2\/types\/page"}],"author":[{"embeddable":true,"href":"https:\/\/agora.xtec.cat\/escolaseat\/wp-json\/wp\/v2\/users\/1"}],"replies":[{"embeddable":true,"href":"https:\/\/agora.xtec.cat\/escolaseat\/wp-json\/wp\/v2\/comments?post=5"}],"version-history":[{"count":6,"href":"https:\/\/agora.xtec.cat\/escolaseat\/wp-json\/wp\/v2\/pages\/5\/revisions"}],"predecessor-version":[{"id":3222,"href":"https:\/\/agora.xtec.cat\/escolaseat\/wp-json\/wp\/v2\/pages\/5\/revisions\/3222"}],"up":[{"embeddable":true,"href":"https:\/\/agora.xtec.cat\/escolaseat\/wp-json\/wp\/v2\/pages\/759"}],"wp:attachment":[{"href":"https:\/\/agora.xtec.cat\/escolaseat\/wp-json\/wp\/v2\/media?parent=5"}],"curies":[{"name":"wp","href":"https:\/\/api.w.org\/{rel}","templated":true}]}}