{"id":656,"date":"2024-03-13T11:26:23","date_gmt":"2024-03-13T10:26:23","guid":{"rendered":"https:\/\/agora.xtec.cat\/escolasantvicenc\/?page_id=656"},"modified":"2024-11-02T11:26:07","modified_gmt":"2024-11-02T10:26:07","slug":"projecte-ui-ui","status":"publish","type":"page","link":"https:\/\/agora.xtec.cat\/escolasantvicenc\/projectes-descola\/projecte-ui-ui\/","title":{"rendered":"Projecte UI-UI"},"content":{"rendered":"<p>El projecte Un infant, Un instrument (UiUi)\u00a0 t\u00e9 per objectiu realitzar un treball conjunt entre l\u2019Escola Municipal de M\u00fasica i els centres de prim\u00e0ria de Sant Vicen\u00e7 de Castellet, per tal d\u2019apropar la pr\u00e0ctica d\u2019un instrument de m\u00fasica a tot l\u2019alumnat, sense excepcions, democratitzant aix\u00ed la m\u00fasica i la cultura en general.<\/p>\n<p>Actualment aquest projecte es duu a terme a 6\u00e8 a la nostra escola i treballen amb sax\u00f2fons, fiscorns i instruments de percussi\u00f3 per tal de crear una banda. L&#8217;alumnat rep classe per part de professorat especialista de l\u2019escola municipal de m\u00fasica i tamb\u00e9 la mestra de m\u00fasica de l\u2019escola, sense necessitat de despla\u00e7ar-se, ja que les classes s\u00f3n dins l&#8217;horari lectiu de prim\u00e0ria a la nostra escola.<\/p>\n<p>Amb aquesta iniciativa, es pret\u00e9n fer una iniciaci\u00f3 a la pr\u00e0ctica instrumental, de manera que aquests alumnes millorin la seva coordinaci\u00f3, concentraci\u00f3 i sentiment de pertinen\u00e7a al grup, mitjan\u00e7ant\u00a0 la pr\u00e0ctica instrumental en grup.<\/p>\n<p>Per saber m\u00e9s d&#8217;aquest projecte, podeu visitar la web de l&#8217;escola de m\u00fasica de Sant Vicen\u00e7 de Castellet <a href=\"http:\/\/escolademusica.svc.cat\/musica-a-primaria\/\" target=\"_blank\" rel=\"noopener\">aqu\u00ed<\/a>.<\/p>\n<p>&nbsp;<\/p>\n","protected":false},"excerpt":{"rendered":"<p>El projecte Un infant, Un instrument (UiUi)\u00a0 t\u00e9 per objectiu realitzar un treball conjunt entre l\u2019Escola Municipal de M\u00fasica i els centres de prim\u00e0ria de Sant Vicen\u00e7 de Castellet, per tal d\u2019apropar la pr\u00e0ctica d\u2019un instrument de m\u00fasica a tot l\u2019alumnat, sense excepcions, democratitzant aix\u00ed&hellip;  <a href=\"https:\/\/agora.xtec.cat\/escolasantvicenc\/projectes-descola\/projecte-ui-ui\/\" title=\"Read Projecte UI-UI\">Llegeix m\u00e9s\u00bb<\/a><\/p>\n","protected":false},"author":1,"featured_media":0,"parent":572,"menu_order":0,"comment_status":"closed","ping_status":"closed","template":"page-templates\/side-menu.php","meta":{"_bbp_topic_count":0,"_bbp_reply_count":0,"_bbp_total_topic_count":0,"_bbp_total_reply_count":0,"_bbp_voice_count":0,"_bbp_anonymous_reply_count":0,"_bbp_topic_count_hidden":0,"_bbp_reply_count_hidden":0,"_bbp_forum_subforum_count":0,"footnotes":""},"class_list":["post-656","page","type-page","status-publish","hentry"],"post_mailing_queue_ids":[],"_links":{"self":[{"href":"https:\/\/agora.xtec.cat\/escolasantvicenc\/wp-json\/wp\/v2\/pages\/656","targetHints":{"allow":["GET"]}}],"collection":[{"href":"https:\/\/agora.xtec.cat\/escolasantvicenc\/wp-json\/wp\/v2\/pages"}],"about":[{"href":"https:\/\/agora.xtec.cat\/escolasantvicenc\/wp-json\/wp\/v2\/types\/page"}],"author":[{"embeddable":true,"href":"https:\/\/agora.xtec.cat\/escolasantvicenc\/wp-json\/wp\/v2\/users\/1"}],"replies":[{"embeddable":true,"href":"https:\/\/agora.xtec.cat\/escolasantvicenc\/wp-json\/wp\/v2\/comments?post=656"}],"version-history":[{"count":3,"href":"https:\/\/agora.xtec.cat\/escolasantvicenc\/wp-json\/wp\/v2\/pages\/656\/revisions"}],"predecessor-version":[{"id":847,"href":"https:\/\/agora.xtec.cat\/escolasantvicenc\/wp-json\/wp\/v2\/pages\/656\/revisions\/847"}],"up":[{"embeddable":true,"href":"https:\/\/agora.xtec.cat\/escolasantvicenc\/wp-json\/wp\/v2\/pages\/572"}],"wp:attachment":[{"href":"https:\/\/agora.xtec.cat\/escolasantvicenc\/wp-json\/wp\/v2\/media?parent=656"}],"curies":[{"name":"wp","href":"https:\/\/api.w.org\/{rel}","templated":true}]}}