{"id":635,"date":"2024-03-10T19:00:02","date_gmt":"2024-03-10T18:00:02","guid":{"rendered":"https:\/\/agora.xtec.cat\/escolasantvicenc\/?page_id=635"},"modified":"2026-03-23T17:48:16","modified_gmt":"2026-03-23T16:48:16","slug":"podcast-santvi","status":"publish","type":"page","link":"https:\/\/agora.xtec.cat\/escolasantvicenc\/projectes-descola\/podcast-santvi\/","title":{"rendered":"Podcast Santvi"},"content":{"rendered":"<div id=\"post-body-6821218821370986704\" class=\"post-body entry-content\">\n<p>Ja tenim aqu\u00ed els PODCAST de <strong>Radio Santvi<\/strong>. Un projecte d&#8217;escola on cada setmana expliquem coses relacionades amb la vida a l&#8217;escola.<\/p>\n<p><strong>-Qui s&#8217;encarrega de fer i gravar els podcasts?<\/strong><\/p>\n<p>Els mesos de setembre i juny ser\u00e0 la comissi\u00f3 d&#8217;estrat\u00e8gia digital.<\/p>\n<p>A partir de l&#8217;octubre fins al maig es compten les semanes que hi ha i es reparteixen equitativament entre els nivells de 2n fins a 6\u00e8.<\/p>\n<p>Seran els de 6\u00e8 qui comencen, despr\u00e9s els de 5\u00e8 i aix\u00ed fins als de 2n.<\/p>\n<p>Us convidem a escoltar-ho cada primer dia de la setmana a les 8,35h i a les 16.27h. I si no l&#8217;heu pogut escoltar en directe, podeu fer clic als seg\u00fcents enlla\u00e7os:<\/p>\n<\/div>\n<table style=\"border-collapse: collapse; width: 100%;\">\n<tbody>\n<tr>\n<td style=\"width: 33.333333%;\">\n<div id=\"post-body-6821218821370986704\" class=\"post-body entry-content\">\n<p>1r trimestre:<\/p>\n<\/div>\n<p><a href=\"https:\/\/drive.google.com\/file\/d\/1ZO1e9bjNOziXCviH_erXIujcCcRfi-rs\/view?usp=drive_link\" target=\"_blank\" rel=\"noopener\">8 de Setembre 2025<\/a><\/p>\n<p><a href=\"https:\/\/drive.google.com\/file\/d\/1Nt4I2n8VXBfpMkIfK7LtXwG3udbUB8OL\/view?usp=share_link\" target=\"_blank\" rel=\"noopener\">15 de Setembre 2025<\/a><\/p>\n<p><a href=\"https:\/\/drive.google.com\/file\/d\/1KUPRI7MkkeIbR0FIm1LP6Rep4j0n7gWp\/view?usp=share_link\" target=\"_blank\" rel=\"noopener\">22 de Setembre 2025<\/a><\/p>\n<p><a href=\"https:\/\/drive.google.com\/file\/d\/1s4dNmVvnI3NqEjoy5-3TN2dqgwgSlH0r\/view?usp=sharing\" target=\"_blank\" rel=\"noopener\">29 de Setembre 2025<\/a><\/p>\n<p><a href=\"https:\/\/drive.google.com\/file\/d\/1ST2jvinj_NIvfGfC3kKu2e9FaY1_SXYU\/view?usp=share_link\" target=\"_blank\" rel=\"noopener\">6 d&#8217;Octubre 2025<\/a><\/p>\n<p><a href=\"https:\/\/drive.google.com\/file\/d\/1eC05qOz-BrGsmhuB02B0saQFkUVpgtnz\/view?usp=share_link\" target=\"_blank\" rel=\"noopener\">13 d&#8217;Octubre 2025<\/a><\/p>\n<p><a href=\"https:\/\/drive.google.com\/file\/d\/1EJ_L5JABPxcXAZW9FW6a4nugHp68i_jQ\/view?usp=drive_link\" target=\"_blank\" rel=\"noopener\">20 d&#8217;Octubre 2025<\/a><\/p>\n<p><a href=\"https:\/\/drive.google.com\/file\/d\/1ltbq26SwfLY-f1RPMxLnNuBo910YNdb4\/view?usp=drive_link\" target=\"_blank\" rel=\"noopener\">27 d&#8217;Octubre 2025<\/a><\/p>\n<p><a href=\"https:\/\/drive.google.com\/file\/d\/1ljRYN09O7VjRGUs2xFshuQiFROPvXiBb\/view?usp=drive_link\" target=\"_blank\" rel=\"noopener\">3 de Novembre 2025<\/a><\/p>\n<p><a href=\"https:\/\/drive.google.com\/file\/d\/1_jKb5Jwcts538Zd2svKhn9nmBzTZEkUD\/view?usp=drive_link\" target=\"_blank\" rel=\"noopener\">10 de Novembre 2025<\/a><\/p>\n<p><a href=\"https:\/\/drive.google.com\/file\/d\/1XzxlmjAHqnmOAiG1OadW9RvgAN8bBlth\/view?usp=drive_link\" target=\"_blank\" rel=\"noopener\">17 de Novembre 2025<\/a><\/p>\n<p><a href=\"https:\/\/drive.google.com\/file\/d\/1Z77lmn6rlfFMfv6S8JTNsPJjX7ciHgf6\/view?usp=drive_link\" target=\"_blank\" rel=\"noopener\">24 de Novembre 2025<\/a><\/p>\n<p><a href=\"https:\/\/drive.google.com\/file\/d\/1ux3O5Wv6488uQLjY-oqNcxN8qeERkWyC\/view?usp=sharing\" target=\"_blank\" rel=\"noopener\">1 de Desembre 2025<\/a><\/p>\n<p><a href=\"https:\/\/drive.google.com\/file\/d\/19H5xxMQihktG4ZvhxLgifezy6MtdEm2a\/view?usp=drive_link\" target=\"_blank\" rel=\"noopener\">9 de Desembre 2025<\/a><\/p>\n<p><a href=\"https:\/\/drive.google.com\/file\/d\/1nrSE_xR-FfdVIKftEPbeXQm60ryANg31\/view?usp=drive_link\" target=\"_blank\" rel=\"noopener\">15 de Desembre 2025<\/a><\/td>\n<td style=\"width: 33.333333%;\">2n trimestre:<\/p>\n<p><a href=\"https:\/\/drive.google.com\/file\/d\/1KXn2JvnxD8fUl7FzszrigjEi-KfcOiFd\/view?usp=drive_link\" target=\"_blank\" rel=\"noopener\">8 de gener 2026<\/a><\/p>\n<p><a href=\"https:\/\/drive.google.com\/file\/d\/1sSV0Xn-mMHk4Xe0FZCSIo1UQffzV3wQE\/view?usp=drive_link\" target=\"_blank\" rel=\"noopener\">12 de gener 2026<\/a><\/p>\n<p><a href=\"https:\/\/drive.google.com\/file\/d\/1jSDStxGjzPNncA5CjafMnANxRnlyRs4C\/view?usp=drive_link\" target=\"_blank\" rel=\"noopener\">19 de gener 2026<\/a><\/p>\n<p><a href=\"https:\/\/drive.google.com\/file\/d\/1Yp0wStHCzn7bp2xAny2TXaLquJDg_yGq\/view?usp=drive_link\" target=\"_blank\" rel=\"noopener\">26 de gener 2026<\/a><\/p>\n<p><a href=\"https:\/\/drive.google.com\/file\/d\/1IvcSxDzxIjqQMzjVV9a9PEEQtfVTZIWL\/view?usp=share_link\" target=\"_blank\" rel=\"noopener\">2 de febrer 2026<\/a><\/p>\n<p><a href=\"https:\/\/drive.google.com\/file\/d\/1quDpbR3QLkQO4jojWZZ9WTysbzQTx0UT\/view?usp=share_link\" target=\"_blank\" rel=\"noopener\">9 de febrer 2026<\/a><\/p>\n<p><a href=\"https:\/\/drive.google.com\/file\/d\/1rsnoU-yICYs_BjOf8F3v9v3vhf2STSVE\/view?usp=share_link\" target=\"_blank\" rel=\"noopener\">16 de febrer 2026<\/a><\/p>\n<p><a href=\"https:\/\/drive.google.com\/file\/d\/1fKxa4AE9DVX7bsCYrdtchrcaI7qxi461\/view?usp=share_link\" target=\"_blank\" rel=\"noopener\">23 de febrer 2026<\/a><\/p>\n<p><a href=\"https:\/\/drive.google.com\/file\/d\/1IDVmaaLZJF5buCxkd0dA6HVZ41LKiCIO\/view?usp=share_link\" target=\"_blank\" rel=\"noopener\">2 de mar\u00e7 2026<\/a><\/p>\n<p><a href=\"https:\/\/drive.google.com\/file\/d\/1PB_6J-yhDhZUuk_Uu_y_xJmja34o_i-N\/view?usp=share_link\" target=\"_blank\" rel=\"noopener\">9 de mar\u00e7 2026<\/a><\/p>\n<p><a href=\"https:\/\/drive.google.com\/file\/d\/1QXGCDRiztrKl4ttgGtB9JkJlKMyeti-s\/view?usp=share_link\" target=\"_blank\" rel=\"noopener\">16 de mar\u00e7 2026<\/a><\/p>\n<p><a href=\"https:\/\/drive.google.com\/file\/d\/1_hDl9fEci4D4qR33gr1Yer6nPUdql72G\/view?usp=share_link\" target=\"_blank\" rel=\"noopener\">23 de mar\u00e7 2026<\/a><\/td>\n<td style=\"width: 33.333333%;\">3r trimestre:<\/p>\n<p>7 d&#8217;abril 2026<\/p>\n<p>13 d&#8217;abril 2026<\/p>\n<p>20 d&#8217;abril 2026<\/p>\n<p>27 d&#8217;abril 2026<\/p>\n<p>4 de maig 2026<\/p>\n<p>11 de maig 2026<\/p>\n<p>18 de maig 2026<\/p>\n<p>25 de maig 2026<\/p>\n<p>1 de juny 2026<\/p>\n<p>8 de juny 2026<\/p>\n<p>15 de juny 2026<\/p>\n<p>22 de juny 2026<\/td>\n<\/tr>\n<\/tbody>\n<\/table>\n<p>&nbsp;<\/p>\n<p><a href=\"https:\/\/drive.google.com\/drive\/folders\/1esgn882lo67ERHAQzQni40IoQIFtIm3l?usp=drive_link\" target=\"_blank\" rel=\"noopener\">PODCASTS CURS 24-25<\/a><\/p>\n<div id=\"post-body-6821218821370986704\" class=\"post-body entry-content\">\n<p><a href=\"https:\/\/drive.google.com\/drive\/folders\/1ViEW2i0Tz8E2g95plmbEA-Gnuxf5OJPs?usp=drive_link\" target=\"_blank\" rel=\"noopener\">PODCASTS CURS 23-24<\/a><\/p>\n<p>&nbsp;<\/p>\n<p>&nbsp;<\/p>\n<\/div>\n<p>&nbsp;<\/p>\n<p>&nbsp;<\/p>\n<p>&nbsp;<\/p>\n<div><\/div>\n<div id=\"post-body-6821218821370986704\" class=\"post-body entry-content\">\n<div><\/div>\n<div><\/div>\n<\/div>\n<div class=\"post-footer\"><\/div>\n","protected":false},"excerpt":{"rendered":"<p>Ja tenim aqu\u00ed els PODCAST de Radio Santvi. Un projecte d&#8217;escola on cada setmana expliquem coses relacionades amb la vida a l&#8217;escola.<br \/>\n-Qui s&#8217;encarrega de fer i gravar els podcasts?<br \/>\nEls mesos de setembre i juny ser\u00e0 la comissi\u00f3 d&#8217;estrat\u00e8gia digital.<br \/>\nA partir de l&#8217;octubre fins al maig&hellip;  <a href=\"https:\/\/agora.xtec.cat\/escolasantvicenc\/projectes-descola\/podcast-santvi\/\" title=\"Read Podcast Santvi\">Llegeix m\u00e9s\u00bb<\/a><\/p>\n","protected":false},"author":1,"featured_media":0,"parent":572,"menu_order":0,"comment_status":"closed","ping_status":"closed","template":"page-templates\/side-menu.php","meta":{"_bbp_topic_count":0,"_bbp_reply_count":0,"_bbp_total_topic_count":0,"_bbp_total_reply_count":0,"_bbp_voice_count":0,"_bbp_anonymous_reply_count":0,"_bbp_topic_count_hidden":0,"_bbp_reply_count_hidden":0,"_bbp_forum_subforum_count":0,"footnotes":""},"class_list":["post-635","page","type-page","status-publish","hentry"],"post_mailing_queue_ids":[],"_links":{"self":[{"href":"https:\/\/agora.xtec.cat\/escolasantvicenc\/wp-json\/wp\/v2\/pages\/635","targetHints":{"allow":["GET"]}}],"collection":[{"href":"https:\/\/agora.xtec.cat\/escolasantvicenc\/wp-json\/wp\/v2\/pages"}],"about":[{"href":"https:\/\/agora.xtec.cat\/escolasantvicenc\/wp-json\/wp\/v2\/types\/page"}],"author":[{"embeddable":true,"href":"https:\/\/agora.xtec.cat\/escolasantvicenc\/wp-json\/wp\/v2\/users\/1"}],"replies":[{"embeddable":true,"href":"https:\/\/agora.xtec.cat\/escolasantvicenc\/wp-json\/wp\/v2\/comments?post=635"}],"version-history":[{"count":6,"href":"https:\/\/agora.xtec.cat\/escolasantvicenc\/wp-json\/wp\/v2\/pages\/635\/revisions"}],"predecessor-version":[{"id":1778,"href":"https:\/\/agora.xtec.cat\/escolasantvicenc\/wp-json\/wp\/v2\/pages\/635\/revisions\/1778"}],"up":[{"embeddable":true,"href":"https:\/\/agora.xtec.cat\/escolasantvicenc\/wp-json\/wp\/v2\/pages\/572"}],"wp:attachment":[{"href":"https:\/\/agora.xtec.cat\/escolasantvicenc\/wp-json\/wp\/v2\/media?parent=635"}],"curies":[{"name":"wp","href":"https:\/\/api.w.org\/{rel}","templated":true}]}}