{"id":28,"date":"2014-09-18T12:29:35","date_gmt":"2014-09-18T11:29:35","guid":{"rendered":"http:\/\/agora.xtec.cat\/escolasantvicenc\/?page_id=28"},"modified":"2025-09-12T13:29:01","modified_gmt":"2025-09-12T11:29:01","slug":"consell-escolar","status":"publish","type":"page","link":"https:\/\/agora.xtec.cat\/escolasantvicenc\/lescola\/consell-escolar\/","title":{"rendered":"Consell escolar"},"content":{"rendered":"<p><strong>Qu\u00e8 \u00e9s?<\/strong><\/p>\n<p>El Consell Escolar de Centre \u00e9s l&#8217;\u00f2rgan de decisi\u00f3 i representaci\u00f3 m\u00e0xima de l&#8217;escola.<br \/>\nEn aquest,\u00a0estan representats tots els sectors de la comunitat educativa: mestres, alumnes, pares i mares, personal no docent, ajuntament i equip directiu.<\/p>\n<p>Aquests representants s\u00f3n elegits democr\u00e0ticament mitjan\u00e7ant un proc\u00e9s d&#8217;eleccions cada 4 anys. Tot i que es fa una renovaci\u00f3 de la meitat dels membres, cada 2 cursos (tamb\u00e9 via eleccions).<\/p>\n<p>El Consell Escolar est\u00e0 format per diferents comissions de treball: Econ\u00f2mica, Permanent, Reciclatge de llibres, Conviv\u00e8ncia i coeducaci\u00f3, Projecte Escola i Menjador.<\/p>\n<p><strong>Quines funcions t\u00e9?<\/strong><\/p>\n<p>Alguna de les tasques d&#8217;aquest \u00f2rgan s\u00f3n: aprovar el Projecte de Direcci\u00f3, aprovar la Programaci\u00f3 Anual de centre, aprovar el Calendari de Sortides i Col\u00f2nies, aprovar el Calendari i Horari Escolar, aprovar el pressupost i balan\u00e7 econ\u00f2mic, establir el preu de la quota de material, vetllar pel manteniment de les instal\u00b7lacions del centre&#8230;<\/p>\n<p>Si vols veure&#8217;n el seu <strong>reglament de funcionament<\/strong>, clica\u00a0<a href=\"https:\/\/drive.google.com\/file\/d\/0ByzoFZCAGL0TM3RLVXZDQ0NpZjQ\/view?usp=sharing\" target=\"_blank\" rel=\"noopener\">aqu\u00ed<\/a><\/p>\n<p>Si vols veure&#8217;n els <strong>acords de cada sessi\u00f3,<\/strong> consulta la cartellera de l&#8217;escola.<\/p>\n<p>+Els <strong>representants<\/strong> del consell escolar s\u00f3n:<\/p>\n<p><strong>Equip directiu:<\/strong> Yurema, Victor Vera i D\u00e9borah de San Nicol\u00e1s<\/p>\n<p><strong>Mestres:<\/strong> Laura Pedragosa, Carmen S\u00e1nchez, Laura Soler, Irma de Arcos, Bernat Navarro, Laura Vilalta<\/p>\n<p><strong>Pares i Mares:<\/strong> Salma Melehi, Ferran Collado, \u00c1ngela de la Saz, Anna Casals<\/p>\n<p><strong>Representant AFA: <\/strong>Natalia V\u00e1zquez<strong><br \/>\n<\/strong><\/p>\n<p><strong>PAS<\/strong>:<\/p>\n<p><strong>PAE:<\/strong><\/p>\n<p><strong>Regidora Ajuntament:<\/strong> Isabel Molina<\/p>\n<p>&nbsp;<\/p>\n","protected":false},"excerpt":{"rendered":"<p>Qu\u00e8 \u00e9s?<br \/>\nEl Consell Escolar de Centre \u00e9s l&#8217;\u00f2rgan de decisi\u00f3 i representaci\u00f3 m\u00e0xima de l&#8217;escola.<br \/>\nEn aquest,\u00a0estan representats tots els sectors de la comunitat educativa: mestres, alumnes, pares i mares, personal no docent, ajuntament i equip directiu.<br \/>\nAquests representants s\u00f3n elegits democr\u00e0ticament mitjan\u00e7ant un proc\u00e9s d&#8217;eleccions cada&hellip;  <a href=\"https:\/\/agora.xtec.cat\/escolasantvicenc\/lescola\/consell-escolar\/\" title=\"Read Consell escolar\">Llegeix m\u00e9s\u00bb<\/a><\/p>\n","protected":false},"author":1,"featured_media":0,"parent":22,"menu_order":30,"comment_status":"closed","ping_status":"closed","template":"page-templates\/side-menu.php","meta":{"_bbp_topic_count":0,"_bbp_reply_count":0,"_bbp_total_topic_count":0,"_bbp_total_reply_count":0,"_bbp_voice_count":0,"_bbp_anonymous_reply_count":0,"_bbp_topic_count_hidden":0,"_bbp_reply_count_hidden":0,"_bbp_forum_subforum_count":0,"footnotes":""},"class_list":["post-28","page","type-page","status-publish","hentry"],"post_mailing_queue_ids":[],"_links":{"self":[{"href":"https:\/\/agora.xtec.cat\/escolasantvicenc\/wp-json\/wp\/v2\/pages\/28","targetHints":{"allow":["GET"]}}],"collection":[{"href":"https:\/\/agora.xtec.cat\/escolasantvicenc\/wp-json\/wp\/v2\/pages"}],"about":[{"href":"https:\/\/agora.xtec.cat\/escolasantvicenc\/wp-json\/wp\/v2\/types\/page"}],"author":[{"embeddable":true,"href":"https:\/\/agora.xtec.cat\/escolasantvicenc\/wp-json\/wp\/v2\/users\/1"}],"replies":[{"embeddable":true,"href":"https:\/\/agora.xtec.cat\/escolasantvicenc\/wp-json\/wp\/v2\/comments?post=28"}],"version-history":[{"count":6,"href":"https:\/\/agora.xtec.cat\/escolasantvicenc\/wp-json\/wp\/v2\/pages\/28\/revisions"}],"predecessor-version":[{"id":1491,"href":"https:\/\/agora.xtec.cat\/escolasantvicenc\/wp-json\/wp\/v2\/pages\/28\/revisions\/1491"}],"up":[{"embeddable":true,"href":"https:\/\/agora.xtec.cat\/escolasantvicenc\/wp-json\/wp\/v2\/pages\/22"}],"wp:attachment":[{"href":"https:\/\/agora.xtec.cat\/escolasantvicenc\/wp-json\/wp\/v2\/media?parent=28"}],"curies":[{"name":"wp","href":"https:\/\/api.w.org\/{rel}","templated":true}]}}