{"id":26,"date":"2014-09-18T12:24:32","date_gmt":"2014-09-18T11:24:32","guid":{"rendered":"http:\/\/agora.xtec.cat\/escolasantvicenc\/?page_id=26"},"modified":"2024-02-26T11:49:21","modified_gmt":"2024-02-26T10:49:21","slug":"historia","status":"publish","type":"page","link":"https:\/\/agora.xtec.cat\/escolasantvicenc\/lescola\/historia\/","title":{"rendered":"Hist\u00f2ria"},"content":{"rendered":"<p><a href=\"https:\/\/agora.xtec.cat\/escolasantvicenc\/wp-content\/uploads\/usu2936\/2024\/02\/foto.jpg\"><img loading=\"lazy\" decoding=\"async\" class=\"wp-image-529 aligncenter\" src=\"https:\/\/agora.xtec.cat\/escolasantvicenc\/wp-content\/uploads\/usu2936\/2024\/02\/foto.jpg\" alt=\"\" width=\"221\" height=\"150\" srcset=\"https:\/\/agora.xtec.cat\/escolasantvicenc\/wp-content\/uploads\/usu2936\/2024\/02\/foto.jpg 350w, https:\/\/agora.xtec.cat\/escolasantvicenc\/wp-content\/uploads\/usu2936\/2024\/02\/foto-300x204.jpg 300w\" sizes=\"auto, (max-width: 221px) 100vw, 221px\" \/><\/a><\/p>\n<p><b><i>L&#8217;Escola P\u00fablica Sant Vicen\u00e7 va obrir portes l&#8217;abril de l&#8217;any 1975. D&#8217;aquesta manera, els nens i nenes van deixar d&#8217;anar a les Escoles Nacionals Graduades, les que avui anomenem &#8220;escoles velles&#8221;. Abans, l&#8217;any 1974, el BOE havia publicat el decret de la seva creaci\u00f3. El gener de 1975, el &#8220;Ministerio d&#8217;Educaci\u00f3n y Ciencia&#8221; dictava l&#8217;Ordre Ministerial en que autoritzava el funcionament del nou centre.<\/i><\/b><\/p>\n<p style=\"text-align: center;\">\n<figure class=\"figure wp-caption aligncenter\"><a href=\"https:\/\/agora.xtec.cat\/escolasantvicenc\/wp-content\/uploads\/usu2936\/2024\/02\/governador.jpg\"><img loading=\"lazy\" decoding=\"async\" class=\"size-full wp-image-528\" src=\"https:\/\/agora.xtec.cat\/escolasantvicenc\/wp-content\/uploads\/usu2936\/2024\/02\/governador.jpg\" alt=\"\" width=\"400\" height=\"245\" srcset=\"https:\/\/agora.xtec.cat\/escolasantvicenc\/wp-content\/uploads\/usu2936\/2024\/02\/governador.jpg 400w, https:\/\/agora.xtec.cat\/escolasantvicenc\/wp-content\/uploads\/usu2936\/2024\/02\/governador-300x184.jpg 300w\" sizes=\"auto, (max-width: 400px) 100vw, 400px\" \/><\/a><figcaption class=\"wp-caption-text\">El 30 de juliol de 1975 el Governador de la Prov\u00edncia, en Rodolfo Mart\u00edn Villa, va visitar l&#8217;escola recentment constru\u00efda. L&#8217;acompanyaven, entre altres personalitats, en Joan Antoni Samaranch, aleshores president de la Diputaci\u00f3, i la Delegada d'&#8221;Educaci\u00f3n y Ciencia&#8221;. L&#8217;alcalde, que tamb\u00e9 va participar als actes, era en Jaume Carn\u00e9 i Bellmunt.<br \/>Tant la foto com la informaci\u00f3 \u00e9s extreta de la revista &#8220;El Breny&#8221; de setembre de 1975.<\/figcaption><\/figure>\n<p>&nbsp;<\/p>\n<p><b><i>En un principi, la nostra escola impartia nom\u00e9s EGB, per\u00f2 l&#8217;any 1978 es va construir l&#8217;edifici petit i tamb\u00e9 es va comen\u00e7ar a fer Parvulari al centre: el 14 de mar\u00e7 de 1979 la classe de p\u00e0rvuls de P5 i una de les dues de Sis\u00e8, el 6\u00e8B, van ocupar dues de les aules de l&#8217;edifici petit i el dia 20 de mar\u00e7 de 1979 van comen\u00e7ar-hi els nens i nenes de P4.<\/i><\/b><\/p>\n<figure class=\"figure wp-caption aligncenter\"><a href=\"https:\/\/agora.xtec.cat\/escolasantvicenc\/wp-content\/uploads\/usu2936\/2024\/02\/edificipetit.jpg\"><img loading=\"lazy\" decoding=\"async\" class=\" wp-image-530\" src=\"https:\/\/agora.xtec.cat\/escolasantvicenc\/wp-content\/uploads\/usu2936\/2024\/02\/edificipetit.jpg\" alt=\"\" width=\"333\" height=\"250\" srcset=\"https:\/\/agora.xtec.cat\/escolasantvicenc\/wp-content\/uploads\/usu2936\/2024\/02\/edificipetit.jpg 400w, https:\/\/agora.xtec.cat\/escolasantvicenc\/wp-content\/uploads\/usu2936\/2024\/02\/edificipetit-300x225.jpg 300w, https:\/\/agora.xtec.cat\/escolasantvicenc\/wp-content\/uploads\/usu2936\/2024\/02\/edificipetit-200x150.jpg 200w\" sizes=\"auto, (max-width: 333px) 100vw, 333px\" \/><\/a><figcaption class=\"wp-caption-text\">Vista de l&#8217;edifici petit de l&#8217;escola, tamb\u00e9 anomenat &#8220;el parvulari&#8221;. Curiosament, l&#8217;any 1979 s&#8217;hi va impartir Sis\u00e8 d&#8217;EGB.<\/figcaption><\/figure>\n<p>&nbsp;<\/p>\n<p><b><i>Durant els primers anys, el col\u00b7legi no es deia &#8220;Escola Sant Vicen\u00e7&#8221;. Al 1975 encara s&#8217;anomenava &#8220;Escuela Graduada Mixta de San Vicente de Castellet&#8221;. Al juny del mateix any se li deia, oficialment, &#8220;Colegio Nacional Mixto San Vicente&#8221;. Tamb\u00e9 s&#8217;havia dit &#8220;Agrupaci\u00f3n Escolar Mixta San Vicente de Castellet&#8221; abans d&#8217;esdevenir l&#8217;Escola Sant Vicen\u00e7. A l&#8217;actualitat, el nom oficial del centre \u00e9s &#8220;CEIP Sant Vicen\u00e7&#8221;, \u00e9s a dir, &#8220;Centre d&#8217;Ensenyament d&#8217;Infantil i de Prim\u00e0ria&#8221;. Tot i aix\u00ed, encara hi ha qui anomena l&#8217;escola com &#8220;Els nacionals&#8221;, &#8220;L&#8217;escola p\u00fablica&#8221; o, fins i tot, &#8220;L&#8217;escola de les piscines&#8221;.<\/i><\/b><\/p>\n<figure class=\"figure wp-caption aligncenter\"><a href=\"https:\/\/agora.xtec.cat\/escolasantvicenc\/wp-content\/uploads\/usu2936\/2024\/02\/edifici2.jpg\"><img loading=\"lazy\" decoding=\"async\" class=\"size-full wp-image-532\" src=\"https:\/\/agora.xtec.cat\/escolasantvicenc\/wp-content\/uploads\/usu2936\/2024\/02\/edifici2.jpg\" alt=\"\" width=\"400\" height=\"267\" srcset=\"https:\/\/agora.xtec.cat\/escolasantvicenc\/wp-content\/uploads\/usu2936\/2024\/02\/edifici2.jpg 400w, https:\/\/agora.xtec.cat\/escolasantvicenc\/wp-content\/uploads\/usu2936\/2024\/02\/edifici2-300x200.jpg 300w\" sizes=\"auto, (max-width: 400px) 100vw, 400px\" \/><\/a><figcaption class=\"wp-caption-text\">A finals dels anys 80, l&#8217;escola Sant Vicen\u00e7 va adoptar el seu actual logotip: &#8220;el llapisset&#8221; va ser el disseny guanyador del concurs per triar un s\u00edmbol gr\u00e0fic per al col\u00b7legi. Hi van participar alumnes de totes les edats; el dibuix escollit havia estat fet per un alumne de cicle mitj\u00e0.<\/figcaption><\/figure>\n<p>&nbsp;<\/p>\n<p><b><i>En els primers mesos de vida, el catal\u00e0 nom\u00e9s era una assignatura optativa i d&#8217;una hora setmanal. Tot es feia en castell\u00e0. Per\u00f2 ja l&#8217;any 1976 es van comen\u00e7ar a impartir classes en llengua catalana a la nostra escola. Des de llavors, el catal\u00e0 ha estat, de mica en mica, per\u00f2 sempre endavant, la principal llengua de comunicaci\u00f3 del centre. Avui es fan totes les \u00e0rees en llengua catalana a excepci\u00f3, l\u00f2gicament, de les de Llengua Castellana i Llengua Anglesa.<\/i><\/b><\/p>\n<figure class=\"figure wp-caption aligncenter\"><a href=\"https:\/\/agora.xtec.cat\/escolasantvicenc\/wp-content\/uploads\/usu2936\/2024\/02\/edifici.jpg\"><img loading=\"lazy\" decoding=\"async\" class=\"size-full wp-image-533\" src=\"https:\/\/agora.xtec.cat\/escolasantvicenc\/wp-content\/uploads\/usu2936\/2024\/02\/edifici.jpg\" alt=\"\" width=\"400\" height=\"189\" srcset=\"https:\/\/agora.xtec.cat\/escolasantvicenc\/wp-content\/uploads\/usu2936\/2024\/02\/edifici.jpg 400w, https:\/\/agora.xtec.cat\/escolasantvicenc\/wp-content\/uploads\/usu2936\/2024\/02\/edifici-300x142.jpg 300w\" sizes=\"auto, (max-width: 400px) 100vw, 400px\" \/><\/a><figcaption class=\"wp-caption-text\">Una perspectiva de l&#8217;edifici gran de l&#8217;escola. Aquesta foto apareixia a la portada de la revista &#8220;El Breny&#8221; del mar\u00e7 de 1975 i est\u00e0 feta des del lloc on actualment hi ha el pati gran.<\/figcaption><\/figure>\n<p>&nbsp;<\/p>\n<p><b><i>L&#8217;any 1984 es va crear el Col\u00b7legi P\u00fablic Castellet. Va ser la resposta necess\u00e0ria al creixement que experimentava el poble i al lloc on l&#8217;experimentava. L&#8217;edifici era situat al carrer Bisbe Perell\u00f3, al lloc on actualment hi ha l&#8217;institut. En els primers cursos no s&#8217;hi feia Parvulari, per\u00f2 ben aviat es van impartir tots els cursos d&#8217;Infantil i d&#8217;EGB. Per fi, el poble tenia dues escoles p\u00fabliques i la quitxalla ja no havia de fer grans despla\u00e7aments per poder anar a col\u00b7legi.<\/i><\/b><\/p>\n<p><b><i>L&#8217;any 1994, per\u00f2, es va produir la fusi\u00f3 de les dues escoles p\u00fabliques de Sant Vicen\u00e7 de Castellet. Aquesta uni\u00f3 d&#8217;escoles havia estat dissenyada per la Generalitat de Catalunya i la va fer efectiva, malgrat que la comunitat educativa i tot el poble no van recolzar-la mai: per a tothom era evident que Sant Vicen\u00e7 perdia un centre d&#8217;ensenyament que complia un servei molt important. Aix\u00ed doncs, mestres i alumnes de la Castellet es van haver de traslladar als edificis de la Pla\u00e7a Onze de Setembre i es va constituir, aix\u00ed, la nostra actual Escola Sant Vicen\u00e7.<\/i><\/b><\/p>\n<figure class=\"figure wp-caption aligncenter\"><a href=\"https:\/\/agora.xtec.cat\/escolasantvicenc\/wp-content\/uploads\/usu2936\/2024\/02\/cp_castellet.jpg\"><img loading=\"lazy\" decoding=\"async\" class=\"size-full wp-image-534\" src=\"https:\/\/agora.xtec.cat\/escolasantvicenc\/wp-content\/uploads\/usu2936\/2024\/02\/cp_castellet.jpg\" alt=\"\" width=\"400\" height=\"291\" srcset=\"https:\/\/agora.xtec.cat\/escolasantvicenc\/wp-content\/uploads\/usu2936\/2024\/02\/cp_castellet.jpg 400w, https:\/\/agora.xtec.cat\/escolasantvicenc\/wp-content\/uploads\/usu2936\/2024\/02\/cp_castellet-300x218.jpg 300w\" sizes=\"auto, (max-width: 400px) 100vw, 400px\" \/><\/a><figcaption class=\"wp-caption-text\">Vista de l&#8217;escola Castellet.<\/figcaption><\/figure>\n<p style=\"text-align: center;\"><a href=\"http:\/\/www.xtec.cat\/ceip-santvi\/historia\/25anys\/index.htm\" target=\"_blank\" rel=\"noopener\"><strong>Festa del 25\u00e8 Aniversar<\/strong>i<\/a><\/p>\n<p><i><span style=\"color: #ffffff; font-family: Arial, Helvetica, sans-serif; font-size: small;\">Vista de l&#8217;edifici petit de l&#8217;escola, tamb\u00e9 anomenat &#8220;el parvulari&#8221;. Curiosament, l&#8217;any 1979 s&#8217;hi va impartir Sis\u00e8 d&#8217;EGB.<\/span><\/i><\/p>\n<p>&nbsp;<\/p>\n","protected":false},"excerpt":{"rendered":"<p><a href=\"https:\/\/agora.xtec.cat\/escolasantvicenc\/wp-content\/uploads\/usu2936\/2024\/02\/foto.jpg\"><\/a><br \/>\nL&#8217;Escola P\u00fablica Sant Vicen\u00e7 va obrir portes l&#8217;abril de l&#8217;any 1975. D&#8217;aquesta manera, els nens i nenes van deixar d&#8217;anar a les Escoles Nacionals Graduades, les que avui anomenem &#8220;escoles velles&#8221;. Abans, l&#8217;any 1974, el BOE havia publicat el decret de la seva creaci\u00f3.&hellip;  <a href=\"https:\/\/agora.xtec.cat\/escolasantvicenc\/lescola\/historia\/\" title=\"Read Hist\u00f2ria\">Llegeix m\u00e9s\u00bb<\/a><\/p>\n","protected":false},"author":1,"featured_media":0,"parent":22,"menu_order":20,"comment_status":"closed","ping_status":"closed","template":"page-templates\/side-menu.php","meta":{"_bbp_topic_count":0,"_bbp_reply_count":0,"_bbp_total_topic_count":0,"_bbp_total_reply_count":0,"_bbp_voice_count":0,"_bbp_anonymous_reply_count":0,"_bbp_topic_count_hidden":0,"_bbp_reply_count_hidden":0,"_bbp_forum_subforum_count":0,"footnotes":""},"class_list":["post-26","page","type-page","status-publish","hentry"],"post_mailing_queue_ids":[],"_links":{"self":[{"href":"https:\/\/agora.xtec.cat\/escolasantvicenc\/wp-json\/wp\/v2\/pages\/26","targetHints":{"allow":["GET"]}}],"collection":[{"href":"https:\/\/agora.xtec.cat\/escolasantvicenc\/wp-json\/wp\/v2\/pages"}],"about":[{"href":"https:\/\/agora.xtec.cat\/escolasantvicenc\/wp-json\/wp\/v2\/types\/page"}],"author":[{"embeddable":true,"href":"https:\/\/agora.xtec.cat\/escolasantvicenc\/wp-json\/wp\/v2\/users\/1"}],"replies":[{"embeddable":true,"href":"https:\/\/agora.xtec.cat\/escolasantvicenc\/wp-json\/wp\/v2\/comments?post=26"}],"version-history":[{"count":3,"href":"https:\/\/agora.xtec.cat\/escolasantvicenc\/wp-json\/wp\/v2\/pages\/26\/revisions"}],"predecessor-version":[{"id":536,"href":"https:\/\/agora.xtec.cat\/escolasantvicenc\/wp-json\/wp\/v2\/pages\/26\/revisions\/536"}],"up":[{"embeddable":true,"href":"https:\/\/agora.xtec.cat\/escolasantvicenc\/wp-json\/wp\/v2\/pages\/22"}],"wp:attachment":[{"href":"https:\/\/agora.xtec.cat\/escolasantvicenc\/wp-json\/wp\/v2\/media?parent=26"}],"curies":[{"name":"wp","href":"https:\/\/api.w.org\/{rel}","templated":true}]}}