{"id":1314,"date":"2025-05-26T16:11:59","date_gmt":"2025-05-26T14:11:59","guid":{"rendered":"https:\/\/agora.xtec.cat\/escolasantvicenc\/?page_id=1314"},"modified":"2025-05-26T16:14:31","modified_gmt":"2025-05-26T14:14:31","slug":"que-es-lafa","status":"publish","type":"page","link":"https:\/\/agora.xtec.cat\/escolasantvicenc\/afa\/que-es-lafa\/","title":{"rendered":"Qu\u00e8 \u00e9s l&#8217;AFA?"},"content":{"rendered":"<p>Qu\u00e8 fa?<\/p>\n<p>&nbsp;<\/p>\n<p>Estatuts<\/p>\n","protected":false},"excerpt":{"rendered":"<p>Qu\u00e8 fa?<br \/>\n&nbsp;<br \/>\nEstatuts<\/p>\n","protected":false},"author":1,"featured_media":0,"parent":1316,"menu_order":0,"comment_status":"closed","ping_status":"closed","template":"page-templates\/side-menu.php","meta":{"_bbp_topic_count":0,"_bbp_reply_count":0,"_bbp_total_topic_count":0,"_bbp_total_reply_count":0,"_bbp_voice_count":0,"_bbp_anonymous_reply_count":0,"_bbp_topic_count_hidden":0,"_bbp_reply_count_hidden":0,"_bbp_forum_subforum_count":0,"footnotes":""},"class_list":["post-1314","page","type-page","status-publish","hentry"],"post_mailing_queue_ids":[],"_links":{"self":[{"href":"https:\/\/agora.xtec.cat\/escolasantvicenc\/wp-json\/wp\/v2\/pages\/1314","targetHints":{"allow":["GET"]}}],"collection":[{"href":"https:\/\/agora.xtec.cat\/escolasantvicenc\/wp-json\/wp\/v2\/pages"}],"about":[{"href":"https:\/\/agora.xtec.cat\/escolasantvicenc\/wp-json\/wp\/v2\/types\/page"}],"author":[{"embeddable":true,"href":"https:\/\/agora.xtec.cat\/escolasantvicenc\/wp-json\/wp\/v2\/users\/1"}],"replies":[{"embeddable":true,"href":"https:\/\/agora.xtec.cat\/escolasantvicenc\/wp-json\/wp\/v2\/comments?post=1314"}],"version-history":[{"count":1,"href":"https:\/\/agora.xtec.cat\/escolasantvicenc\/wp-json\/wp\/v2\/pages\/1314\/revisions"}],"predecessor-version":[{"id":1315,"href":"https:\/\/agora.xtec.cat\/escolasantvicenc\/wp-json\/wp\/v2\/pages\/1314\/revisions\/1315"}],"up":[{"embeddable":true,"href":"https:\/\/agora.xtec.cat\/escolasantvicenc\/wp-json\/wp\/v2\/pages\/1316"}],"wp:attachment":[{"href":"https:\/\/agora.xtec.cat\/escolasantvicenc\/wp-json\/wp\/v2\/media?parent=1314"}],"curies":[{"name":"wp","href":"https:\/\/api.w.org\/{rel}","templated":true}]}}