{"id":87,"date":"2021-09-18T14:28:12","date_gmt":"2021-09-18T12:28:12","guid":{"rendered":"http:\/\/agora.xtec.cat\/escolasantvi\/?page_id=87"},"modified":"2022-07-29T12:32:38","modified_gmt":"2022-07-29T10:32:38","slug":"nivells","status":"publish","type":"page","link":"https:\/\/agora.xtec.cat\/escolasantvi\/nivells\/","title":{"rendered":"Nivells Educatius"},"content":{"rendered":"<h5>Cliqueu sobre els nivells\u00a0 per consultar articles de cada categoria:<\/h5>\n<h5><span style=\"color: #993366;\"><a style=\"color: #993366;\" href=\"https:\/\/agora.xtec.cat\/escolasantvi\/categoria\/infantil\/\" target=\"_blank\" rel=\"noopener\">Educaci\u00f3 Infantil <\/a><\/span><\/h5>\n<h5><span style=\"color: #993366;\"><a style=\"color: #993366;\" href=\"https:\/\/agora.xtec.cat\/escolasantvi\/categoria\/primaria\/\" target=\"_blank\" rel=\"noopener\">Educaci\u00f3 Prim\u00e0ria<\/a><\/span><\/h5>\n<h5><span style=\"color: #993366;\"><a style=\"color: #993366;\" href=\"https:\/\/agora.xtec.cat\/escolasantvi\/categoria\/suport-intensiu-educacio-inclusiva\/\" target=\"_blank\" rel=\"noopener\">SIEI (Suport a l&#8217;Educaci\u00f3 Inclusiva)<\/a><\/span><\/h5>\n<h5><span style=\"color: #993366;\"><a style=\"color: #993366;\" href=\"https:\/\/agora.xtec.cat\/escolasantvi\/categoria\/uall\/\" target=\"_blank\" rel=\"noopener\">SIAL (Suport Intensiu Audici\u00f3 i Llenguatge)<\/a><\/span><\/h5>\n<h5>Tots els nivells educatius tenen Google Classroom. Les fam\u00edlies i els alumnes accedeixen a les aules virtuals amb el correu electr\u00f2nic personal.<\/h5>\n<p><a href=\"https:\/\/agora.xtec.cat\/escolasantvi\/wp-content\/uploads\/usu1759\/2018\/01\/02-Aula-dangl\u00e8s.jpg\"><img loading=\"lazy\" decoding=\"async\" class=\"aligncenter size-full wp-image-2204\" src=\"https:\/\/agora.xtec.cat\/escolasantvi\/wp-content\/uploads\/usu1759\/2018\/01\/02-Aula-dangl\u00e8s.jpg\" alt=\"\" width=\"2304\" height=\"1728\" srcset=\"https:\/\/agora.xtec.cat\/escolasantvi\/wp-content\/uploads\/usu1759\/2018\/01\/02-Aula-dangl\u00e8s.jpg 2304w, https:\/\/agora.xtec.cat\/escolasantvi\/wp-content\/uploads\/usu1759\/2018\/01\/02-Aula-dangl\u00e8s-300x225.jpg 300w, https:\/\/agora.xtec.cat\/escolasantvi\/wp-content\/uploads\/usu1759\/2018\/01\/02-Aula-dangl\u00e8s-768x576.jpg 768w, https:\/\/agora.xtec.cat\/escolasantvi\/wp-content\/uploads\/usu1759\/2018\/01\/02-Aula-dangl\u00e8s-1024x768.jpg 1024w, https:\/\/agora.xtec.cat\/escolasantvi\/wp-content\/uploads\/usu1759\/2018\/01\/02-Aula-dangl\u00e8s-200x150.jpg 200w\" sizes=\"auto, (max-width: 2304px) 100vw, 2304px\" \/><\/a><\/p>\n","protected":false},"excerpt":{"rendered":"<p>Cliqueu sobre els nivells\u00a0 per consultar articles de cada categoria: Educaci\u00f3 Infantil Educaci\u00f3 Prim\u00e0ria SIEI (Suport a l&#8217;Educaci\u00f3 Inclusiva) SIAL [&hellip;]<\/p>\n","protected":false},"author":1,"featured_media":0,"parent":0,"menu_order":0,"comment_status":"closed","ping_status":"closed","template":"page-templates\/side-menu.php","meta":{"_bbp_topic_count":0,"_bbp_reply_count":0,"_bbp_total_topic_count":0,"_bbp_total_reply_count":0,"_bbp_voice_count":0,"_bbp_anonymous_reply_count":0,"_bbp_topic_count_hidden":0,"_bbp_reply_count_hidden":0,"_bbp_forum_subforum_count":0,"site-sidebar-layout":"default","site-content-layout":"","ast-site-content-layout":"","site-content-style":"default","site-sidebar-style":"default","ast-global-header-display":"","ast-banner-title-visibility":"","ast-main-header-display":"","ast-hfb-above-header-display":"","ast-hfb-below-header-display":"","ast-hfb-mobile-header-display":"","site-post-title":"","ast-breadcrumbs-content":"","ast-featured-img":"","footer-sml-layout":"","theme-transparent-header-meta":"","adv-header-id-meta":"","stick-header-meta":"","header-above-stick-meta":"","header-main-stick-meta":"","header-below-stick-meta":"","astra-migrate-meta-layouts":"default","ast-page-background-enabled":"default","ast-page-background-meta":{"desktop":{"background-color":"var(--ast-global-color-4)","background-image":"","background-repeat":"repeat","background-position":"center center","background-size":"auto","background-attachment":"scroll","background-type":"","background-media":"","overlay-type":"","overlay-color":"","overlay-opacity":"","overlay-gradient":""},"tablet":{"background-color":"","background-image":"","background-repeat":"repeat","background-position":"center center","background-size":"auto","background-attachment":"scroll","background-type":"","background-media":"","overlay-type":"","overlay-color":"","overlay-opacity":"","overlay-gradient":""},"mobile":{"background-color":"","background-image":"","background-repeat":"repeat","background-position":"center center","background-size":"auto","background-attachment":"scroll","background-type":"","background-media":"","overlay-type":"","overlay-color":"","overlay-opacity":"","overlay-gradient":""}},"ast-content-background-meta":{"desktop":{"background-color":"var(--ast-global-color-5)","background-image":"","background-repeat":"repeat","background-position":"center center","background-size":"auto","background-attachment":"scroll","background-type":"","background-media":"","overlay-type":"","overlay-color":"","overlay-opacity":"","overlay-gradient":""},"tablet":{"background-color":"var(--ast-global-color-5)","background-image":"","background-repeat":"repeat","background-position":"center center","background-size":"auto","background-attachment":"scroll","background-type":"","background-media":"","overlay-type":"","overlay-color":"","overlay-opacity":"","overlay-gradient":""},"mobile":{"background-color":"var(--ast-global-color-5)","background-image":"","background-repeat":"repeat","background-position":"center center","background-size":"auto","background-attachment":"scroll","background-type":"","background-media":"","overlay-type":"","overlay-color":"","overlay-opacity":"","overlay-gradient":""}},"footnotes":""},"class_list":["post-87","page","type-page","status-publish","hentry"],"post_mailing_queue_ids":[],"_links":{"self":[{"href":"https:\/\/agora.xtec.cat\/escolasantvi\/wp-json\/wp\/v2\/pages\/87","targetHints":{"allow":["GET"]}}],"collection":[{"href":"https:\/\/agora.xtec.cat\/escolasantvi\/wp-json\/wp\/v2\/pages"}],"about":[{"href":"https:\/\/agora.xtec.cat\/escolasantvi\/wp-json\/wp\/v2\/types\/page"}],"author":[{"embeddable":true,"href":"https:\/\/agora.xtec.cat\/escolasantvi\/wp-json\/wp\/v2\/users\/1"}],"replies":[{"embeddable":true,"href":"https:\/\/agora.xtec.cat\/escolasantvi\/wp-json\/wp\/v2\/comments?post=87"}],"version-history":[{"count":3,"href":"https:\/\/agora.xtec.cat\/escolasantvi\/wp-json\/wp\/v2\/pages\/87\/revisions"}],"predecessor-version":[{"id":4068,"href":"https:\/\/agora.xtec.cat\/escolasantvi\/wp-json\/wp\/v2\/pages\/87\/revisions\/4068"}],"wp:attachment":[{"href":"https:\/\/agora.xtec.cat\/escolasantvi\/wp-json\/wp\/v2\/media?parent=87"}],"curies":[{"name":"wp","href":"https:\/\/api.w.org\/{rel}","templated":true}]}}