{"id":77,"date":"2024-09-03T14:05:08","date_gmt":"2024-09-03T12:05:08","guid":{"rendered":"http:\/\/agora.xtec.cat\/escolasantvi\/?page_id=77"},"modified":"2025-08-08T11:37:55","modified_gmt":"2025-08-08T09:37:55","slug":"acollida","status":"publish","type":"page","link":"https:\/\/agora.xtec.cat\/escolasantvi\/afa\/acollida\/","title":{"rendered":"ACOLLIDA DE MAT\u00cd I DE TARDA"},"content":{"rendered":"<h4>L&#8217;Associaci\u00f3 de Fam\u00edlies d&#8217;Alumnes organitza el servei d&#8217;acollida dels alumnes mitjan\u00e7ant l&#8217;empresa Badalleure.<\/h4>\n<h6>HORARI:<\/h6>\n<h6>Mat\u00ed: de 7:30 a 9:00.\u00a0 Tarda: de 16:30 a 18:00.<a href=\"https:\/\/drive.google.com\/file\/d\/1tDSBfvWxDbPM072nwXabQ5evDk4ya__K\/view?usp=sharing\"><img loading=\"lazy\" decoding=\"async\" class=\"wp-image-3977 alignright\" src=\"https:\/\/agora.xtec.cat\/escolasantvi\/wp-content\/uploads\/usu1759\/2022\/06\/GALL.jpg\" alt=\"\" width=\"402\" height=\"358\" srcset=\"https:\/\/agora.xtec.cat\/escolasantvi\/wp-content\/uploads\/usu1759\/2022\/06\/GALL.jpg 404w, https:\/\/agora.xtec.cat\/escolasantvi\/wp-content\/uploads\/usu1759\/2022\/06\/GALL-300x267.jpg 300w\" sizes=\"auto, (max-width: 402px) 100vw, 402px\" \/><\/a><\/h6>\n<h5><span style=\"color: #800080;\"><a style=\"color: #800080;\" href=\"mailto:acollidasantvicen@barnalleure.cat\">acollidasantvicen@barnalleure.cat<\/a><\/span><\/h5>\n<h5>689 12 75 51<\/h5>\n<h5><span style=\"color: #800080;\"><a style=\"color: #800080;\" href=\"https:\/\/drive.google.com\/file\/d\/1wcsrLDgO54s4pD5f4MaY3KgqDnN5MD3g\/view?usp=share_link\">PREUS (clica per baixar el fitxer):<\/a><\/span><\/h5>\n<table style=\"width: 25.8084%;\">\n<tbody>\n<tr>\n<td style=\"width: 181px;\" width=\"181\">Usuari\/a Fixe<\/td>\n<td style=\"width: 84px;\" width=\"84\">Preu mensual<\/td>\n<td style=\"width: 85px;\" width=\"85\">Preu mensual (germ\u00e0)<\/td>\n<\/tr>\n<tr>\n<td style=\"width: 181px;\" width=\"181\">30 min<\/td>\n<td style=\"width: 84px; text-align: center;\" width=\"84\">20\u202f\u20ac<\/td>\n<td style=\"width: 85px; text-align: center;\" width=\"85\">18 \u20ac<\/td>\n<\/tr>\n<tr>\n<td style=\"width: 181px;\" width=\"181\">1 hora<\/td>\n<td style=\"width: 84px; text-align: center;\" width=\"84\">30\u202f\u20ac<\/td>\n<td style=\"width: 85px; text-align: center;\" width=\"85\">28 \u20ac<\/td>\n<\/tr>\n<tr>\n<td style=\"width: 181px;\" width=\"181\">1 hora i 30 min<\/td>\n<td style=\"width: 84px; text-align: center;\" width=\"84\">40 \u20ac<\/td>\n<td style=\"width: 85px; text-align: center;\" width=\"85\">38 \u20ac<\/td>\n<\/tr>\n<tr>\n<td style=\"width: 181px;\" width=\"181\">2 hores<\/td>\n<td style=\"width: 84px; text-align: center;\" width=\"84\">50\u202f\u20ac<\/td>\n<td style=\"width: 85px; text-align: center;\" width=\"85\">48 \u20ac<\/td>\n<\/tr>\n<tr>\n<td style=\"width: 181px;\" width=\"181\">2 hores i 30 min<\/td>\n<td style=\"width: 84px; text-align: center;\" width=\"84\">55 \u20ac<\/td>\n<td style=\"width: 85px; text-align: center;\" width=\"85\">53 \u20ac<\/td>\n<\/tr>\n<tr>\n<td style=\"width: 181px;\">3 hores<\/td>\n<td style=\"width: 84px; text-align: center;\">60 \u20ac<\/td>\n<td style=\"width: 85px; text-align: center;\">58 \u20ac<\/td>\n<\/tr>\n<\/tbody>\n<\/table>\n<p>Es considera usuari fix si fa \u00fas del servei 3 o m\u00e9s dies setmanals<\/p>\n<table style=\"width: 20.4675%; height: 81px;\">\n<tbody>\n<tr style=\"height: 33px;\">\n<td style=\"height: 33px; width: 52.7344%;\" colspan=\"2\" width=\"140\">\n<h6>Usuaris espor\u00e0dics<\/h6>\n<\/td>\n<\/tr>\n<tr style=\"height: 33px;\">\n<td style=\"height: 33px; width: 15.4122%;\" width=\"140\">\n<h6>30 min<\/h6>\n<\/td>\n<td style=\"height: 33px; width: 37.3222%;\" width=\"94\">\n<h6 style=\"text-align: center;\">1,5 \u20ac<\/h6>\n<\/td>\n<\/tr>\n<tr style=\"height: 33px;\">\n<td style=\"height: 15px; width: 15.4122%;\" width=\"140\">\n<h6>1 hora<\/h6>\n<\/td>\n<td style=\"height: 15px; width: 37.3222%;\" width=\"94\">\n<h6 style=\"text-align: center;\">3 \u20ac<\/h6>\n<\/td>\n<\/tr>\n<\/tbody>\n<\/table>\n<p><a href=\"https:\/\/agora.xtec.cat\/escolasantvi\/wp-content\/uploads\/usu1759\/2023\/10\/imatge-acollida-23_24.png\"><img loading=\"lazy\" decoding=\"async\" class=\"size-full wp-image-4357 alignleft\" src=\"https:\/\/agora.xtec.cat\/escolasantvi\/wp-content\/uploads\/usu1759\/2023\/10\/imatge-acollida-23_24.png\" alt=\"\" width=\"248\" height=\"171\" \/><\/a><\/p>\n<ul>\n<li>Per fer \u00fas del servei d\u2019acollida s\u2019ha d\u2019estar al corrent de pagament de la quota de cooperativa de l\u2019AFA.<\/li>\n<\/ul>\n","protected":false},"excerpt":{"rendered":"<p>L&#8217;Associaci\u00f3 de Fam\u00edlies d&#8217;Alumnes organitza el servei d&#8217;acollida dels alumnes mitjan\u00e7ant l&#8217;empresa Badalleure. HORARI: Mat\u00ed: de 7:30 a 9:00.\u00a0 Tarda: [&hellip;]<\/p>\n","protected":false},"author":1,"featured_media":0,"parent":2867,"menu_order":6,"comment_status":"closed","ping_status":"closed","template":"","meta":{"_bbp_topic_count":0,"_bbp_reply_count":0,"_bbp_total_topic_count":0,"_bbp_total_reply_count":0,"_bbp_voice_count":0,"_bbp_anonymous_reply_count":0,"_bbp_topic_count_hidden":0,"_bbp_reply_count_hidden":0,"_bbp_forum_subforum_count":0,"site-sidebar-layout":"default","site-content-layout":"","ast-site-content-layout":"default","site-content-style":"default","site-sidebar-style":"default","ast-global-header-display":"","ast-banner-title-visibility":"","ast-main-header-display":"","ast-hfb-above-header-display":"","ast-hfb-below-header-display":"","ast-hfb-mobile-header-display":"","site-post-title":"","ast-breadcrumbs-content":"","ast-featured-img":"","footer-sml-layout":"","theme-transparent-header-meta":"","adv-header-id-meta":"","stick-header-meta":"","header-above-stick-meta":"","header-main-stick-meta":"","header-below-stick-meta":"","astra-migrate-meta-layouts":"set","ast-page-background-enabled":"default","ast-page-background-meta":{"desktop":{"background-color":"var(--ast-global-color-4)","background-image":"","background-repeat":"repeat","background-position":"center center","background-size":"auto","background-attachment":"scroll","background-type":"","background-media":"","overlay-type":"","overlay-color":"","overlay-opacity":"","overlay-gradient":""},"tablet":{"background-color":"","background-image":"","background-repeat":"repeat","background-position":"center center","background-size":"auto","background-attachment":"scroll","background-type":"","background-media":"","overlay-type":"","overlay-color":"","overlay-opacity":"","overlay-gradient":""},"mobile":{"background-color":"","background-image":"","background-repeat":"repeat","background-position":"center center","background-size":"auto","background-attachment":"scroll","background-type":"","background-media":"","overlay-type":"","overlay-color":"","overlay-opacity":"","overlay-gradient":""}},"ast-content-background-meta":{"desktop":{"background-color":"var(--ast-global-color-5)","background-image":"","background-repeat":"repeat","background-position":"center center","background-size":"auto","background-attachment":"scroll","background-type":"","background-media":"","overlay-type":"","overlay-color":"","overlay-opacity":"","overlay-gradient":""},"tablet":{"background-color":"var(--ast-global-color-5)","background-image":"","background-repeat":"repeat","background-position":"center center","background-size":"auto","background-attachment":"scroll","background-type":"","background-media":"","overlay-type":"","overlay-color":"","overlay-opacity":"","overlay-gradient":""},"mobile":{"background-color":"var(--ast-global-color-5)","background-image":"","background-repeat":"repeat","background-position":"center center","background-size":"auto","background-attachment":"scroll","background-type":"","background-media":"","overlay-type":"","overlay-color":"","overlay-opacity":"","overlay-gradient":""}},"footnotes":""},"class_list":["post-77","page","type-page","status-publish","hentry"],"post_mailing_queue_ids":[],"_links":{"self":[{"href":"https:\/\/agora.xtec.cat\/escolasantvi\/wp-json\/wp\/v2\/pages\/77","targetHints":{"allow":["GET"]}}],"collection":[{"href":"https:\/\/agora.xtec.cat\/escolasantvi\/wp-json\/wp\/v2\/pages"}],"about":[{"href":"https:\/\/agora.xtec.cat\/escolasantvi\/wp-json\/wp\/v2\/types\/page"}],"author":[{"embeddable":true,"href":"https:\/\/agora.xtec.cat\/escolasantvi\/wp-json\/wp\/v2\/users\/1"}],"replies":[{"embeddable":true,"href":"https:\/\/agora.xtec.cat\/escolasantvi\/wp-json\/wp\/v2\/comments?post=77"}],"version-history":[{"count":6,"href":"https:\/\/agora.xtec.cat\/escolasantvi\/wp-json\/wp\/v2\/pages\/77\/revisions"}],"predecessor-version":[{"id":5045,"href":"https:\/\/agora.xtec.cat\/escolasantvi\/wp-json\/wp\/v2\/pages\/77\/revisions\/5045"}],"up":[{"embeddable":true,"href":"https:\/\/agora.xtec.cat\/escolasantvi\/wp-json\/wp\/v2\/pages\/2867"}],"wp:attachment":[{"href":"https:\/\/agora.xtec.cat\/escolasantvi\/wp-json\/wp\/v2\/media?parent=77"}],"curies":[{"name":"wp","href":"https:\/\/api.w.org\/{rel}","templated":true}]}}