{"id":66,"date":"2017-09-18T12:40:47","date_gmt":"2017-09-18T10:40:47","guid":{"rendered":"http:\/\/agora.xtec.cat\/escolasantvi\/?page_id=66"},"modified":"2025-02-04T18:48:17","modified_gmt":"2025-02-04T17:48:17","slug":"material-escolar","status":"publish","type":"page","link":"https:\/\/agora.xtec.cat\/escolasantvi\/afa\/material-escolar\/","title":{"rendered":"Cooperativa de l&#8217;AFA"},"content":{"rendered":"<p><a href=\"http:\/\/agora.xtec.cat\/escolasantvi\/wp-content\/uploads\/usu1759\/2018\/01\/material-petita-ok.jpg\"><img loading=\"lazy\" decoding=\"async\" class=\"wp-image-2328 alignleft\" src=\"http:\/\/agora.xtec.cat\/escolasantvi\/wp-content\/uploads\/usu1759\/2018\/01\/material-petita-ok-150x150.jpg\" alt=\"\" width=\"190\" height=\"190\" \/><\/a><\/p>\n<p>L&#8217;escola promou la reutilitzaci\u00f3 i la socialitzaci\u00f3 del material escolar. La cooperativa de l&#8217;AFA t\u00e9 com a objectiu que tots els nens i nenes disposin de materials i llibres socialitzats. Tamb\u00e9 inclou les excursions que es fan en horari lectiu.<\/p>\n<p>La quota anual del curs 2024- 2025 \u00e9s de 215\u20ac. Cada curs s&#8217;aprova el seu import en l&#8217;assemblea de l&#8217;AFA.<\/p>\n","protected":false},"excerpt":{"rendered":"<p>L&#8217;escola promou la reutilitzaci\u00f3 i la socialitzaci\u00f3 del material escolar. La cooperativa de l&#8217;AFA t\u00e9 com a objectiu que tots [&hellip;]<\/p>\n","protected":false},"author":1,"featured_media":0,"parent":2867,"menu_order":4,"comment_status":"closed","ping_status":"closed","template":"page-templates\/side-menu.php","meta":{"_bbp_topic_count":0,"_bbp_reply_count":0,"_bbp_total_topic_count":0,"_bbp_total_reply_count":0,"_bbp_voice_count":0,"_bbp_anonymous_reply_count":0,"_bbp_topic_count_hidden":0,"_bbp_reply_count_hidden":0,"_bbp_forum_subforum_count":0,"site-sidebar-layout":"default","site-content-layout":"","ast-site-content-layout":"","site-content-style":"default","site-sidebar-style":"default","ast-global-header-display":"","ast-banner-title-visibility":"","ast-main-header-display":"","ast-hfb-above-header-display":"","ast-hfb-below-header-display":"","ast-hfb-mobile-header-display":"","site-post-title":"","ast-breadcrumbs-content":"","ast-featured-img":"","footer-sml-layout":"","theme-transparent-header-meta":"","adv-header-id-meta":"","stick-header-meta":"","header-above-stick-meta":"","header-main-stick-meta":"","header-below-stick-meta":"","astra-migrate-meta-layouts":"default","ast-page-background-enabled":"default","ast-page-background-meta":{"desktop":{"background-color":"var(--ast-global-color-4)","background-image":"","background-repeat":"repeat","background-position":"center center","background-size":"auto","background-attachment":"scroll","background-type":"","background-media":"","overlay-type":"","overlay-color":"","overlay-opacity":"","overlay-gradient":""},"tablet":{"background-color":"","background-image":"","background-repeat":"repeat","background-position":"center center","background-size":"auto","background-attachment":"scroll","background-type":"","background-media":"","overlay-type":"","overlay-color":"","overlay-opacity":"","overlay-gradient":""},"mobile":{"background-color":"","background-image":"","background-repeat":"repeat","background-position":"center center","background-size":"auto","background-attachment":"scroll","background-type":"","background-media":"","overlay-type":"","overlay-color":"","overlay-opacity":"","overlay-gradient":""}},"ast-content-background-meta":{"desktop":{"background-color":"var(--ast-global-color-5)","background-image":"","background-repeat":"repeat","background-position":"center center","background-size":"auto","background-attachment":"scroll","background-type":"","background-media":"","overlay-type":"","overlay-color":"","overlay-opacity":"","overlay-gradient":""},"tablet":{"background-color":"var(--ast-global-color-5)","background-image":"","background-repeat":"repeat","background-position":"center center","background-size":"auto","background-attachment":"scroll","background-type":"","background-media":"","overlay-type":"","overlay-color":"","overlay-opacity":"","overlay-gradient":""},"mobile":{"background-color":"var(--ast-global-color-5)","background-image":"","background-repeat":"repeat","background-position":"center center","background-size":"auto","background-attachment":"scroll","background-type":"","background-media":"","overlay-type":"","overlay-color":"","overlay-opacity":"","overlay-gradient":""}},"footnotes":""},"class_list":["post-66","page","type-page","status-publish","hentry"],"post_mailing_queue_ids":[],"_links":{"self":[{"href":"https:\/\/agora.xtec.cat\/escolasantvi\/wp-json\/wp\/v2\/pages\/66","targetHints":{"allow":["GET"]}}],"collection":[{"href":"https:\/\/agora.xtec.cat\/escolasantvi\/wp-json\/wp\/v2\/pages"}],"about":[{"href":"https:\/\/agora.xtec.cat\/escolasantvi\/wp-json\/wp\/v2\/types\/page"}],"author":[{"embeddable":true,"href":"https:\/\/agora.xtec.cat\/escolasantvi\/wp-json\/wp\/v2\/users\/1"}],"replies":[{"embeddable":true,"href":"https:\/\/agora.xtec.cat\/escolasantvi\/wp-json\/wp\/v2\/comments?post=66"}],"version-history":[{"count":6,"href":"https:\/\/agora.xtec.cat\/escolasantvi\/wp-json\/wp\/v2\/pages\/66\/revisions"}],"predecessor-version":[{"id":4719,"href":"https:\/\/agora.xtec.cat\/escolasantvi\/wp-json\/wp\/v2\/pages\/66\/revisions\/4719"}],"up":[{"embeddable":true,"href":"https:\/\/agora.xtec.cat\/escolasantvi\/wp-json\/wp\/v2\/pages\/2867"}],"wp:attachment":[{"href":"https:\/\/agora.xtec.cat\/escolasantvi\/wp-json\/wp\/v2\/media?parent=66"}],"curies":[{"name":"wp","href":"https:\/\/api.w.org\/{rel}","templated":true}]}}