{"id":64,"date":"2025-05-26T12:39:08","date_gmt":"2025-05-26T10:39:08","guid":{"rendered":"http:\/\/agora.xtec.cat\/escolasantvi\/?page_id=64"},"modified":"2026-01-10T11:10:03","modified_gmt":"2026-01-10T10:10:03","slug":"projecte-educatiu","status":"publish","type":"page","link":"https:\/\/agora.xtec.cat\/escolasantvi\/projecte-educatiu\/","title":{"rendered":"PROJECTE EDUCATIU"},"content":{"rendered":"<h3>La nostra missi\u00f3: &#8220;Formar persones competents i amb una s\u00f2lida base de coneixements i habilitats. Persones responsables, cr\u00edtiques i emprenedores&#8221;.<\/h3>\n<p><div class=\"ast-oembed-container \" style=\"height: 100%;\"><iframe loading=\"lazy\" title=\"Escola Sant Vicen\u00e7 Projecte Educatiu maig 2025\" width=\"500\" height=\"281\" src=\"https:\/\/www.youtube.com\/embed\/HDnQF75OCxQ?feature=oembed\" frameborder=\"0\" allow=\"accelerometer; autoplay; clipboard-write; encrypted-media; gyroscope; picture-in-picture; web-share\" referrerpolicy=\"strict-origin-when-cross-origin\" allowfullscreen><\/iframe><\/div><\/p>\n<table style=\"border-collapse: collapse; width: 100%; height: 259px;\">\n<tbody>\n<tr style=\"height: 71px;\">\n<td style=\"width: 25%; height: 71px;\"><span style=\"color: #800080;\"><a style=\"color: #800080;\" href=\"https:\/\/drive.google.com\/file\/d\/1nxbkGAFe3unCxNYke1ot4rasJDbnR3Ns\/view?usp=sharing\">Projecte Educatiu<\/a><\/span><\/td>\n<td style=\"width: 25%; height: 71px;\"><span style=\"color: #800080;\"><a style=\"color: #800080;\" href=\"https:\/\/drive.google.com\/file\/d\/1pmGdLWNb6umJP9GCM5wQ_zaCFQt1eJb4\/view?usp=sharing\">Projecte Ling\u00fc\u00edstic<\/a><\/span><\/td>\n<td style=\"width: 25%; height: 71px;\"><span style=\"color: #800080;\"><a style=\"color: #800080;\" href=\"https:\/\/drive.google.com\/file\/d\/1jQfi-TaHV0b78xbimuIAR2TZN1bzUcYn\/view?usp=sharing\">Generaci\u00f3 pluriling\u00fce (GEP)<\/a><\/span><\/td>\n<\/tr>\n<tr style=\"height: 32px;\">\n<td style=\"width: 25%; height: 32px;\"><span style=\"color: #800080;\"><a style=\"color: #800080;\" href=\"https:\/\/drive.google.com\/file\/d\/16HQwVrqFdOiCGP6lWpqeBVUO5Uu90Ff4\/view?usp=sharing\">Normes d&#8217;Organitzaci\u00f3 i Funcionament de Centre (NOFC)<\/a><\/span><\/td>\n<td style=\"width: 25%; height: 32px;\"><span style=\"color: #800080;\"><a style=\"color: #800080;\" href=\"https:\/\/drive.google.com\/file\/d\/1CQnGpW83czUyfHwy9Z1fqRQT1Plwqjvx\/view?usp=sharing\">Projecte de Conviv\u00e8ncia<\/a><\/span><\/td>\n<td style=\"width: 25%; height: 32px;\"><span style=\"color: #800080;\"><a style=\"color: #800080;\" href=\"https:\/\/drive.google.com\/file\/d\/15W6l39ZwqgtYQQNo22YLysppZmtrAYC2\/view?usp=sharing\">Pla de lectura<\/a><\/span><\/td>\n<\/tr>\n<tr style=\"height: 156px;\">\n<td style=\"width: 25%; height: 156px;\"><span style=\"color: #993366;\"><a style=\"color: #993366;\" href=\"https:\/\/drive.google.com\/file\/d\/1CU9ZNkumecN_Uksxo3zM98zQ45qnDaoJ\/view?usp=sharing\" target=\"_blank\" rel=\"noopener\">Pla d&#8217;acollida<\/a><\/span><\/td>\n<td style=\"width: 25%; height: 156px;\"><span style=\"color: #800080;\"><a style=\"color: #800080;\" href=\"https:\/\/drive.google.com\/open?id=0Bywkl6BVONx0NFNKNTQxQjlsSFVFRTlMYy1zZFFPeGdNaTRn\">Matem\u00e0tiques vivencials i manipulatives, Reglets<\/a><\/span><\/td>\n<td style=\"width: 25%; height: 156px;\"><span style=\"color: #800080;\"><a style=\"color: #800080;\" href=\"https:\/\/drive.google.com\/file\/d\/1FYdrkR4E1u1bFN_N7rgyG-bPsuU61m9T\/view?usp=sharing\">Revista de l&#8217;escola La Vinyota<\/a><\/span><\/td>\n<\/tr>\n<\/tbody>\n<\/table>\n\n\n<p><\/p>\n\n\n\n<p><\/p>\n\n\n<div style=\"width: 100%;\">\n<div style=\"position: relative; padding-bottom: 56.25%; padding-top: 0; height: 0;\"><iframe loading=\"lazy\" title=\"PdD 2022_26 Montse Farell\" frameborder=\"0\" width=\"1200\" height=\"675\" style=\"position: absolute; top: 0; left: 0; width: 100%; height: 100%;\" src=\"https:\/\/view.genially.com\/628bc5ea97fc8d0011f19380\" type=\"text\/html\" allowscriptaccess=\"always\" allowfullscreen=\"true\" scrolling=\"yes\" allownetworking=\"all\"><\/iframe> <\/div>\n<\/p><\/div>\n\n\n\n<p><\/p>\n","protected":false},"excerpt":{"rendered":"<p>La nostra missi\u00f3: &#8220;Formar persones competents i amb una s\u00f2lida base de coneixements i habilitats. Persones responsables, cr\u00edtiques i emprenedores&#8221;. [&hellip;]<\/p>\n","protected":false},"author":1,"featured_media":0,"parent":0,"menu_order":0,"comment_status":"closed","ping_status":"closed","template":"","meta":{"_bbp_topic_count":0,"_bbp_reply_count":0,"_bbp_total_topic_count":0,"_bbp_total_reply_count":0,"_bbp_voice_count":0,"_bbp_anonymous_reply_count":0,"_bbp_topic_count_hidden":0,"_bbp_reply_count_hidden":0,"_bbp_forum_subforum_count":0,"site-sidebar-layout":"default","site-content-layout":"","ast-site-content-layout":"default","site-content-style":"default","site-sidebar-style":"default","ast-global-header-display":"","ast-banner-title-visibility":"","ast-main-header-display":"","ast-hfb-above-header-display":"","ast-hfb-below-header-display":"","ast-hfb-mobile-header-display":"","site-post-title":"","ast-breadcrumbs-content":"","ast-featured-img":"","footer-sml-layout":"","theme-transparent-header-meta":"default","adv-header-id-meta":"","stick-header-meta":"","header-above-stick-meta":"","header-main-stick-meta":"","header-below-stick-meta":"","astra-migrate-meta-layouts":"set","ast-page-background-enabled":"default","ast-page-background-meta":{"desktop":{"background-color":"var(--ast-global-color-4)","background-image":"","background-repeat":"repeat","background-position":"center center","background-size":"auto","background-attachment":"scroll","background-type":"","background-media":"","overlay-type":"","overlay-color":"","overlay-opacity":"","overlay-gradient":""},"tablet":{"background-color":"","background-image":"","background-repeat":"repeat","background-position":"center center","background-size":"auto","background-attachment":"scroll","background-type":"","background-media":"","overlay-type":"","overlay-color":"","overlay-opacity":"","overlay-gradient":""},"mobile":{"background-color":"","background-image":"","background-repeat":"repeat","background-position":"center center","background-size":"auto","background-attachment":"scroll","background-type":"","background-media":"","overlay-type":"","overlay-color":"","overlay-opacity":"","overlay-gradient":""}},"ast-content-background-meta":{"desktop":{"background-color":"var(--ast-global-color-5)","background-image":"","background-repeat":"repeat","background-position":"center center","background-size":"auto","background-attachment":"scroll","background-type":"","background-media":"","overlay-type":"","overlay-color":"","overlay-opacity":"","overlay-gradient":""},"tablet":{"background-color":"var(--ast-global-color-5)","background-image":"","background-repeat":"repeat","background-position":"center center","background-size":"auto","background-attachment":"scroll","background-type":"","background-media":"","overlay-type":"","overlay-color":"","overlay-opacity":"","overlay-gradient":""},"mobile":{"background-color":"var(--ast-global-color-5)","background-image":"","background-repeat":"repeat","background-position":"center center","background-size":"auto","background-attachment":"scroll","background-type":"","background-media":"","overlay-type":"","overlay-color":"","overlay-opacity":"","overlay-gradient":""}},"footnotes":""},"class_list":["post-64","page","type-page","status-publish","hentry"],"post_mailing_queue_ids":[],"_links":{"self":[{"href":"https:\/\/agora.xtec.cat\/escolasantvi\/wp-json\/wp\/v2\/pages\/64","targetHints":{"allow":["GET"]}}],"collection":[{"href":"https:\/\/agora.xtec.cat\/escolasantvi\/wp-json\/wp\/v2\/pages"}],"about":[{"href":"https:\/\/agora.xtec.cat\/escolasantvi\/wp-json\/wp\/v2\/types\/page"}],"author":[{"embeddable":true,"href":"https:\/\/agora.xtec.cat\/escolasantvi\/wp-json\/wp\/v2\/users\/1"}],"replies":[{"embeddable":true,"href":"https:\/\/agora.xtec.cat\/escolasantvi\/wp-json\/wp\/v2\/comments?post=64"}],"version-history":[{"count":6,"href":"https:\/\/agora.xtec.cat\/escolasantvi\/wp-json\/wp\/v2\/pages\/64\/revisions"}],"predecessor-version":[{"id":5190,"href":"https:\/\/agora.xtec.cat\/escolasantvi\/wp-json\/wp\/v2\/pages\/64\/revisions\/5190"}],"wp:attachment":[{"href":"https:\/\/agora.xtec.cat\/escolasantvi\/wp-json\/wp\/v2\/media?parent=64"}],"curies":[{"name":"wp","href":"https:\/\/api.w.org\/{rel}","templated":true}]}}