{"id":514,"date":"2021-02-14T21:05:44","date_gmt":"2021-02-14T20:05:44","guid":{"rendered":"http:\/\/agora.xtec.cat\/escolasantvi\/?page_id=514"},"modified":"2024-03-28T16:12:35","modified_gmt":"2024-03-28T15:12:35","slug":"consell-alumnes","status":"publish","type":"page","link":"https:\/\/agora.xtec.cat\/escolasantvi\/projecte-educatiu\/consell-alumnes\/","title":{"rendered":"Consell d&#8217;Alumnes"},"content":{"rendered":"<p style=\"font-weight: 400;\"><a href=\"https:\/\/sites.google.com\/xtec.cat\/consell-alumnes\/inici\"><img loading=\"lazy\" decoding=\"async\" class=\"alignnone size-full wp-image-4575\" src=\"https:\/\/agora.xtec.cat\/escolasantvi\/wp-content\/uploads\/usu1759\/2024\/03\/Captura-web-consell-alumnes.png\" alt=\"\" width=\"1889\" height=\"549\" srcset=\"https:\/\/agora.xtec.cat\/escolasantvi\/wp-content\/uploads\/usu1759\/2024\/03\/Captura-web-consell-alumnes.png 1889w, https:\/\/agora.xtec.cat\/escolasantvi\/wp-content\/uploads\/usu1759\/2024\/03\/Captura-web-consell-alumnes-300x87.png 300w, https:\/\/agora.xtec.cat\/escolasantvi\/wp-content\/uploads\/usu1759\/2024\/03\/Captura-web-consell-alumnes-1024x298.png 1024w, https:\/\/agora.xtec.cat\/escolasantvi\/wp-content\/uploads\/usu1759\/2024\/03\/Captura-web-consell-alumnes-768x223.png 768w, https:\/\/agora.xtec.cat\/escolasantvi\/wp-content\/uploads\/usu1759\/2024\/03\/Captura-web-consell-alumnes-1536x446.png 1536w\" sizes=\"auto, (max-width: 1889px) 100vw, 1889px\" \/><\/a><a href=\"http:\/\/agora.xtec.cat\/escolasantvi\/wp-content\/uploads\/usu1759\/2017\/12\/Consell-dalumnes-peque\u00f1o.jpg\"><img loading=\"lazy\" decoding=\"async\" class=\" wp-image-535 alignleft\" src=\"http:\/\/agora.xtec.cat\/escolasantvi\/wp-content\/uploads\/usu1759\/2017\/12\/Consell-dalumnes-peque\u00f1o.jpg\" alt=\"\" width=\"288\" height=\"223\" srcset=\"https:\/\/agora.xtec.cat\/escolasantvi\/wp-content\/uploads\/usu1759\/2017\/12\/Consell-dalumnes-peque\u00f1o.jpg 661w, https:\/\/agora.xtec.cat\/escolasantvi\/wp-content\/uploads\/usu1759\/2017\/12\/Consell-dalumnes-peque\u00f1o-300x232.jpg 300w\" sizes=\"auto, (max-width: 288px) 100vw, 288px\" \/><\/a><\/p>\n<h4><a href=\"https:\/\/sites.google.com\/xtec.cat\/consell-alumnes\/inici\"><span style=\"text-decoration: underline;\"><span style=\"color: #800080; text-decoration: underline;\">ENLLA\u00c7 al nou web del CONSELL D&#8217;ALUMNES\u00a0<\/span><\/span><\/a><\/h4>\n<p style=\"font-weight: 400;\">Les reunions del Consell d\u2019Alumnes s\u00f3n mensuals en horari de migdia i hi assisteixen els delegats de tots els grups de Prim\u00e0ria, els delegats de 6\u00e8 fan de dinamitzadors.<\/p>\n<p style=\"font-weight: 400;\">Els temes tractats al Consell d&#8217;Alumnes, sovint sorgeixen de les inquietuds dels propis delegats d\u2019aula despr\u00e9s d\u2019haver fet l\u2019assemblea d\u2019aula o tutoria. Aix\u00f2 implica que els delegats actu\u00efn de dinamitzadors i secretaris en les dues activitats i, al mateix temps, que els docents que participen en el Consell facin arribar els temes tractats al Consell i les din\u00e0miques treballades als tutors i tutores de grup per tal que el treball sigui ric i efectiu.<\/p>\n<p><a href=\"http:\/\/xtec.gencat.cat\/ca\/centres\/projeducatiu\/convivencia\/xarxa\/\">FORMEM PART DE LA XARXA DE CENTRES PER A LA CONVIV\u00c8NCIA <\/a>El Consell d&#8217;Alumnes i les activitats que teixim al seu voltant ens han portat a ser un centre de refer\u00e8ncia en conviv\u00e8ncia i mediaci\u00f3 escolar. Des que es va iniciar el programa de conviv\u00e8ncia i mediaci\u00f3 escolar, molts centres educatius hem incorporat la mediaci\u00f3 no tan sols com una estrat\u00e8gia de gesti\u00f3 positiva dels conflictes, sin\u00f3 tamb\u00e9 com a cultura de centre.<\/p>\n<p><iframe loading=\"lazy\" src=\"https:\/\/www.google.com\/maps\/d\/embed?mid=1z2Jv8yLV1IJIdIE0RlWfIKZhsOGS5Zn3&amp;ehbc=2E312F\" width=\"640\" height=\"480\"><\/iframe><\/p>\n<p>Exemples d&#8217;activitats que han sorgit o hem dinamitzat des del Consell d&#8217;Alumnes: <a href=\"https:\/\/drive.google.com\/drive\/folders\/1gB6y6qKheUtPHiy2tzw1FxGyE5ensJ7K?usp=sharing\">Projecte restablim les relacions<\/a>,\u00a0 <a href=\"https:\/\/teachersforfuturespain.org\/que-hacemos\/recreos-residuo-cero\/\">Patis residu zero<\/a>, <a href=\"https:\/\/twitter.com\/santvimollet\/status\/1355191872906473472?s=20\">La paraula del dia<\/a>, Projectes relacionats amb la <a href=\"https:\/\/agora.xtec.cat\/escolasantvi\/projecte-educatiu\/energetic-5050\/\">sostenibilitat<\/a>, la transici\u00f3 energ\u00e8tica i l&#8217;economia circular, L&#8217;arbre dels desitjos, <a href=\"https:\/\/twitter.com\/santvimollet\/status\/1230799023591821312?s=20\">comissions del consell<\/a>, <a href=\"https:\/\/twitter.com\/santvimollet\/status\/1225847688362676224?s=20\">delegats i assemblees d&#8217;aula<\/a>, <a href=\"https:\/\/twitter.com\/santvimollet\/status\/1181526771310702599?s=20\">etc.<\/a><\/p>\n<p style=\"font-weight: 400;\"><a href=\"https:\/\/drive.google.com\/file\/d\/0Bywkl6BVONx0MFM3OGUtYVhocnM\/view?usp=sharing\">V\u00eddeo Consell d&#8217;Alumnes televisi\u00f3 https:\/\/drive.google.com\/file\/d\/0Bywkl6BVONx0MFM3OGUtYVhocnM\/view?usp=sharing<\/a><\/p>\n<blockquote class=\"twitter-tweet\" data-width=\"500\" data-dnt=\"true\">\n<p lang=\"ca\" dir=\"ltr\">Propostes d\u2019equip per compartir i fer arribar a les assemblees d\u2019aula <a href=\"https:\/\/t.co\/UsTH4Zh7RR\">pic.twitter.com\/UsTH4Zh7RR<\/a><\/p>\n<p>&mdash; Escola Sant Vicen\u00e7 (@santvimollet) <a href=\"https:\/\/twitter.com\/santvimollet\/status\/1181527388653527040?ref_src=twsrc%5Etfw\">October 8, 2019<\/a><\/p><\/blockquote>\n<p><script async src=\"https:\/\/platform.twitter.com\/widgets.js\" charset=\"utf-8\"><\/script><\/p>\n<p>V\u00eddeo Consell d&#8217;Alumnes curs 2018 &#8211; 2019 <a href=\"https:\/\/drive.google.com\/open?id=0Bywkl6BVONx0dVJlU2RjSUttUkgzRG5VVVJGU0g0MV9Md3BZ\">https:\/\/drive.google.com\/open?id=0Bywkl6BVONx0dVJlU2RjSUttUkgzRG5VVVJGU0g0MV9Md3BZ<\/a><\/p>\n<p>Premi Baldiri i Reixac al Consell d&#8217;Alumnes<a href=\"https:\/\/drive.google.com\/file\/d\/1Q841FGmeIgMpuM3RidWCPMJdwbqKE2x-\/view?usp=sharing\"> https:\/\/drive.google.com\/file\/d\/1Q841FGmeIgMpuM3RidWCPMJdwbqKE2x-\/view?usp=sharing<\/a><\/p>\n<p style=\"font-weight: 400;\">Inicis del Consell d&#8217;Alumnes curs 2012 &#8211; 2013 <a href=\"https:\/\/drive.google.com\/open?id=0B0Oi90lK1QwpZjZjZGhwa041ems\">https:\/\/drive.google.com\/open?id=0B0Oi90lK1QwpZjZjZGhwa041ems<\/a><\/p>\n<blockquote class=\"twitter-tweet\" data-width=\"500\" data-dnt=\"true\">\n<p lang=\"ca\" dir=\"ltr\">Fent Consell d&#39;Alumnes a <a href=\"https:\/\/twitter.com\/santvimollet?ref_src=twsrc%5Etfw\">@santvimollet<\/a> Avui preparem el Carnaval. <a href=\"https:\/\/t.co\/R9WXFHN4xj\">pic.twitter.com\/R9WXFHN4xj<\/a><\/p>\n<p>&mdash; Escola Sant Vicen\u00e7 (@santvimollet) <a href=\"https:\/\/twitter.com\/santvimollet\/status\/957954739400052738?ref_src=twsrc%5Etfw\">January 29, 2018<\/a><\/p><\/blockquote>\n<p><script async src=\"https:\/\/platform.twitter.com\/widgets.js\" charset=\"utf-8\"><\/script><\/p>\n","protected":false},"excerpt":{"rendered":"<p>ENLLA\u00c7 al nou web del CONSELL D&#8217;ALUMNES\u00a0 Les reunions del Consell d\u2019Alumnes s\u00f3n mensuals en horari de migdia i hi [&hellip;]<\/p>\n","protected":false},"author":1,"featured_media":0,"parent":64,"menu_order":8,"comment_status":"closed","ping_status":"closed","template":"","meta":{"_bbp_topic_count":0,"_bbp_reply_count":0,"_bbp_total_topic_count":0,"_bbp_total_reply_count":0,"_bbp_voice_count":0,"_bbp_anonymous_reply_count":0,"_bbp_topic_count_hidden":0,"_bbp_reply_count_hidden":0,"_bbp_forum_subforum_count":0,"site-sidebar-layout":"default","site-content-layout":"","ast-site-content-layout":"","site-content-style":"default","site-sidebar-style":"default","ast-global-header-display":"","ast-banner-title-visibility":"","ast-main-header-display":"","ast-hfb-above-header-display":"","ast-hfb-below-header-display":"","ast-hfb-mobile-header-display":"","site-post-title":"","ast-breadcrumbs-content":"","ast-featured-img":"","footer-sml-layout":"","theme-transparent-header-meta":"","adv-header-id-meta":"","stick-header-meta":"","header-above-stick-meta":"","header-main-stick-meta":"","header-below-stick-meta":"","astra-migrate-meta-layouts":"default","ast-page-background-enabled":"default","ast-page-background-meta":{"desktop":{"background-color":"var(--ast-global-color-4)","background-image":"","background-repeat":"repeat","background-position":"center center","background-size":"auto","background-attachment":"scroll","background-type":"","background-media":"","overlay-type":"","overlay-color":"","overlay-opacity":"","overlay-gradient":""},"tablet":{"background-color":"","background-image":"","background-repeat":"repeat","background-position":"center center","background-size":"auto","background-attachment":"scroll","background-type":"","background-media":"","overlay-type":"","overlay-color":"","overlay-opacity":"","overlay-gradient":""},"mobile":{"background-color":"","background-image":"","background-repeat":"repeat","background-position":"center center","background-size":"auto","background-attachment":"scroll","background-type":"","background-media":"","overlay-type":"","overlay-color":"","overlay-opacity":"","overlay-gradient":""}},"ast-content-background-meta":{"desktop":{"background-color":"var(--ast-global-color-5)","background-image":"","background-repeat":"repeat","background-position":"center center","background-size":"auto","background-attachment":"scroll","background-type":"","background-media":"","overlay-type":"","overlay-color":"","overlay-opacity":"","overlay-gradient":""},"tablet":{"background-color":"var(--ast-global-color-5)","background-image":"","background-repeat":"repeat","background-position":"center center","background-size":"auto","background-attachment":"scroll","background-type":"","background-media":"","overlay-type":"","overlay-color":"","overlay-opacity":"","overlay-gradient":""},"mobile":{"background-color":"var(--ast-global-color-5)","background-image":"","background-repeat":"repeat","background-position":"center center","background-size":"auto","background-attachment":"scroll","background-type":"","background-media":"","overlay-type":"","overlay-color":"","overlay-opacity":"","overlay-gradient":""}},"footnotes":""},"class_list":["post-514","page","type-page","status-publish","hentry"],"post_mailing_queue_ids":[],"_links":{"self":[{"href":"https:\/\/agora.xtec.cat\/escolasantvi\/wp-json\/wp\/v2\/pages\/514","targetHints":{"allow":["GET"]}}],"collection":[{"href":"https:\/\/agora.xtec.cat\/escolasantvi\/wp-json\/wp\/v2\/pages"}],"about":[{"href":"https:\/\/agora.xtec.cat\/escolasantvi\/wp-json\/wp\/v2\/types\/page"}],"author":[{"embeddable":true,"href":"https:\/\/agora.xtec.cat\/escolasantvi\/wp-json\/wp\/v2\/users\/1"}],"replies":[{"embeddable":true,"href":"https:\/\/agora.xtec.cat\/escolasantvi\/wp-json\/wp\/v2\/comments?post=514"}],"version-history":[{"count":7,"href":"https:\/\/agora.xtec.cat\/escolasantvi\/wp-json\/wp\/v2\/pages\/514\/revisions"}],"predecessor-version":[{"id":4576,"href":"https:\/\/agora.xtec.cat\/escolasantvi\/wp-json\/wp\/v2\/pages\/514\/revisions\/4576"}],"up":[{"embeddable":true,"href":"https:\/\/agora.xtec.cat\/escolasantvi\/wp-json\/wp\/v2\/pages\/64"}],"wp:attachment":[{"href":"https:\/\/agora.xtec.cat\/escolasantvi\/wp-json\/wp\/v2\/media?parent=514"}],"curies":[{"name":"wp","href":"https:\/\/api.w.org\/{rel}","templated":true}]}}