{"id":510,"date":"2021-12-16T21:05:44","date_gmt":"2021-12-16T20:05:44","guid":{"rendered":"http:\/\/agora.xtec.cat\/escolasantvi\/?page_id=510"},"modified":"2023-12-09T18:47:44","modified_gmt":"2023-12-09T17:47:44","slug":"projectes-sostenibles","status":"publish","type":"page","link":"https:\/\/agora.xtec.cat\/escolasantvi\/projecte-educatiu\/projectes-sostenibles\/","title":{"rendered":"Projectes Sostenibles"},"content":{"rendered":"<h2><span style=\"text-decoration: underline;\">OLINET<\/span><\/h2>\n<p><a href=\"https:\/\/agora.xtec.cat\/escolasantvi\/wp-content\/uploads\/usu1759\/2023\/04\/olinet.jpg\"><img loading=\"lazy\" decoding=\"async\" class=\" wp-image-4198 alignleft\" src=\"https:\/\/agora.xtec.cat\/escolasantvi\/wp-content\/uploads\/usu1759\/2023\/04\/olinet-300x215.jpg\" alt=\"\" width=\"385\" height=\"276\" srcset=\"https:\/\/agora.xtec.cat\/escolasantvi\/wp-content\/uploads\/usu1759\/2023\/04\/olinet-300x215.jpg 300w, https:\/\/agora.xtec.cat\/escolasantvi\/wp-content\/uploads\/usu1759\/2023\/04\/olinet-768x551.jpg 768w, https:\/\/agora.xtec.cat\/escolasantvi\/wp-content\/uploads\/usu1759\/2023\/04\/olinet.jpg 869w\" sizes=\"auto, (max-width: 385px) 100vw, 385px\" \/><\/a><\/p>\n<h3 style=\"text-align: left;\"><span style=\"font-size: small;\"><span lang=\"ca-ES\">El funcionament <\/span><\/span><span style=\"font-size: small;\"><span lang=\"ca-ES\">del <\/span><\/span> <span style=\"color: #800080;\"><a style=\"color: #800080;\" href=\"https:\/\/docs.google.com\/document\/d\/1TK22TaAIQUb5fQcUp99AJdkUTJM45q4w\/edit?usp=share_link&amp;ouid=102364031715041499114&amp;rtpof=true&amp;sd=true\"><span style=\"font-size: small;\"><span lang=\"ca-ES\">Programa OLINET <\/span><\/span><\/a><\/span><span style=\"font-size: small;\"><span lang=\"ca-ES\">consisteix a distribuir de forma gratu\u00efta <\/span><\/span><span style=\"font-size: small;\"><span lang=\"ca-ES\">als alumnes <\/span><\/span><span style=\"font-size: small;\"><span lang=\"ca-ES\">uns recipients (CLAKIS) perqu\u00e8 se\u2019ls emporten a casa <\/span><\/span><span style=\"font-size: small;\"><span lang=\"ca-ES\">per omplir-los d\u2019oli usat de cuina.<\/span><\/span><\/h3>\n<h3 style=\"text-align: left;\"><span style=\"color: #000000;\"><span style=\"font-family: Arial, serif;\"><span style=\"font-size: medium;\"><span style=\"font-size: small;\"><span lang=\"ca-ES\">El punt de recollida de clakis est\u00e0 al porxo dels grans, al costat de la taula de ping-pong. Porteu el vostre Claki ple d\u2019oli, el deixeu a la caixa de color negre i agafeu un altre de la caixa blanca. \u00c9s selfservice!<\/span><\/span><\/span><\/span><\/span><\/h3>\n<h3 style=\"text-align: left;\"><span style=\"color: #000000;\"><span style=\"font-family: Arial, serif;\"><span style=\"font-size: medium;\"><span style=\"font-size: small;\"><span lang=\"ca-ES\">L\u2019entitat APINDEP RON\u00c7ANA s\u2019encarrega de la recollida i neteja dels CLAKIS i posterior gesti\u00f3 de l\u2019oli recollit (es recupera per a la seva utilitzaci\u00f3 com a biodi\u00e8sel). APINDEP RON\u00c7ANA \u00e9s una cooperativa d\u2019iniciativa social que gestiona serveis integrals i suports per a la qualitat de vida de les persones amb discapacitat, les seves fam\u00edlies i altres col\u00b7lectius amb risc d\u2019exclusi\u00f3 social.<\/span><\/span><\/span><\/span><\/span><\/h3>\n<h3><\/h3>\n<p>&nbsp;<\/p>\n<h3><span style=\"text-decoration: underline;\">RECOLLIDA D&#8217;ESTRIS D&#8217;ESCRIPTURA I HIGIENE DENTAL<\/span><\/h3>\n<h3><span style=\"font-size: small;\"><span lang=\"ca-ES\">Des del Consell d\u2019Alumnes hem preparat dues noves recollides selectives a l\u2019escola: <\/span><\/span><\/h3>\n<h3><a href=\"https:\/\/agora.xtec.cat\/escolasantvi\/wp-content\/uploads\/usu1759\/2023\/04\/Philips-higiene-dental.jpg\"><img loading=\"lazy\" decoding=\"async\" class=\"alignleft wp-image-4204\" src=\"https:\/\/agora.xtec.cat\/escolasantvi\/wp-content\/uploads\/usu1759\/2023\/04\/Philips-higiene-dental-300x248.jpg\" alt=\"\" width=\"400\" height=\"330\" \/><\/a><\/h3>\n<h3><a href=\"https:\/\/agora.xtec.cat\/escolasantvi\/wp-content\/uploads\/usu1759\/2023\/04\/cartell-reduit-Raspall-Santvi.jpg\"><img loading=\"lazy\" decoding=\"async\" class=\"wp-image-4202 size-full alignleft\" src=\"https:\/\/agora.xtec.cat\/escolasantvi\/wp-content\/uploads\/usu1759\/2023\/04\/cartell-reduit-Raspall-Santvi.jpg\" alt=\"\" width=\"336\" height=\"448\" srcset=\"https:\/\/agora.xtec.cat\/escolasantvi\/wp-content\/uploads\/usu1759\/2023\/04\/cartell-reduit-Raspall-Santvi.jpg 336w, https:\/\/agora.xtec.cat\/escolasantvi\/wp-content\/uploads\/usu1759\/2023\/04\/cartell-reduit-Raspall-Santvi-225x300.jpg 225w\" sizes=\"auto, (max-width: 336px) 100vw, 336px\" \/><\/a><a href=\"https:\/\/agora.xtec.cat\/escolasantvi\/wp-content\/uploads\/usu1759\/2023\/04\/BIC-estris-escriptura.jpg\"><img loading=\"lazy\" decoding=\"async\" class=\"wp-image-4203 alignleft\" src=\"https:\/\/agora.xtec.cat\/escolasantvi\/wp-content\/uploads\/usu1759\/2023\/04\/BIC-estris-escriptura-300x248.jpg\" alt=\"\" width=\"314\" height=\"260\" srcset=\"https:\/\/agora.xtec.cat\/escolasantvi\/wp-content\/uploads\/usu1759\/2023\/04\/BIC-estris-escriptura-300x248.jpg 300w, https:\/\/agora.xtec.cat\/escolasantvi\/wp-content\/uploads\/usu1759\/2023\/04\/BIC-estris-escriptura.jpg 768w\" sizes=\"auto, (max-width: 314px) 100vw, 314px\" \/><\/a><\/h3>\n<h3><\/h3>\n<h3><\/h3>\n<h3><\/h3>\n<h3><\/h3>\n<h3><\/h3>\n<h3><\/h3>\n<h3><\/h3>\n<h3><\/h3>\n<h3><\/h3>\n<h3><span style=\"color: #000000;\"><span style=\"font-family: Arial, serif;\"><span style=\"font-size: medium;\"><span style=\"font-size: small;\"><span lang=\"ca-ES\">-CAIXA BLANCA: Recollida de bol\u00edgrafs, retoladors i estris d\u2019escriptura (col\u00b7laboraci\u00f3 amb l\u2019Institut Gallecs i Terracycle).<\/span><\/span><\/span><\/span><\/span><\/h3>\n<h3><span style=\"color: #000000;\"><span style=\"font-family: Arial, serif;\"><span style=\"font-size: medium;\"><span style=\"font-size: small;\"><span lang=\"ca-ES\">-CAIXA DE COLOR BLAU CLAR: Recollida d\u2019estris d\u2019higiene dental: raspalls de dents, capses de fil de seda (projecte propi de Terracycle).<\/span><\/span><\/span><\/span><\/span><\/h3>\n<p>&nbsp;<\/p>\n<blockquote class=\"twitter-tweet\">\n<p dir=\"ltr\" lang=\"es\">RECREOS RESIDUO CERO 22-23 &#8211; <a href=\"https:\/\/t.co\/nv6cadAQuh\">https:\/\/t.co\/nv6cadAQuh<\/a> <a href=\"https:\/\/twitter.com\/santvimollet?ref_src=twsrc%5Etfw\">@santvimollet<\/a> <a href=\"https:\/\/twitter.com\/SSTTMVO?ref_src=twsrc%5Etfw\">@SSTTMVO<\/a> <a href=\"https:\/\/twitter.com\/ajmollet?ref_src=twsrc%5Etfw\">@ajmollet<\/a> <a href=\"https:\/\/twitter.com\/CRPVOII?ref_src=twsrc%5Etfw\">@CRPVOII<\/a><\/p>\n<p>\u2014 Escola Sant Vicen\u00e7 (@santvimollet) <a href=\"https:\/\/twitter.com\/santvimollet\/status\/1594667044066271233?ref_src=twsrc%5Etfw\">November 21, 2022<\/a><\/p><\/blockquote>\n<p><script async src=\"https:\/\/platform.twitter.com\/widgets.js\" charset=\"utf-8\"><\/script><\/p>\n<h3><\/h3>\n<p>&nbsp;<\/p>\n<blockquote class=\"twitter-tweet\" data-media-max-width=\"560\">\n<p dir=\"ltr\" lang=\"ca\">Al Consell d\u2019Alumnes hem compartit idees per al Projecte Patis Residu Zero de <a href=\"https:\/\/twitter.com\/future_spain?ref_src=twsrc%5Etfw\">@future_spain<\/a> Tamb\u00e9 hem vist que hi ha moltes escoles implicades amb Google Maps <a href=\"https:\/\/twitter.com\/santvimollet?ref_src=twsrc%5Etfw\">@santvimollet<\/a> <a href=\"https:\/\/twitter.com\/ajmollet?ref_src=twsrc%5Etfw\">@ajmollet<\/a> <a href=\"https:\/\/twitter.com\/SSTTMVO?ref_src=twsrc%5Etfw\">@SSTTMVO<\/a> <a href=\"https:\/\/twitter.com\/CRPVOII?ref_src=twsrc%5Etfw\">@CRPVOII<\/a> <a href=\"https:\/\/t.co\/oGyxlt8JeE\">pic.twitter.com\/oGyxlt8JeE<\/a><\/p>\n<p>\u2014 Escola Sant Vicen\u00e7 (@santvimollet) <a href=\"https:\/\/twitter.com\/santvimollet\/status\/1594667844230582272?ref_src=twsrc%5Etfw\">November 21, 2022<\/a><\/p><\/blockquote>\n<p><script async src=\"https:\/\/platform.twitter.com\/widgets.js\" charset=\"utf-8\"><\/script><\/p>\n<h3><span style=\"text-decoration: underline;\">A-PRENEM EL SOL<\/span><\/h3>\n<p>El projecte A-prenem el Sol \u00e9s fruit d&#8217;una col\u00b7laboraci\u00f3 entre l&#8217;ajuntament de Mollet del Vall\u00e8s, la Diputaci\u00f3 de Barcelona, l&#8217;AMPA i tota la comunitat de l&#8217;escola. Aquesta col\u00b7laboraci\u00f3 ha comportat la instal\u00b7laci\u00f3 de plaques solars fotovoltaiques al sostre de l&#8217;escola, dues plaques per a \u00fas edu<a href=\"https:\/\/agora.xtec.cat\/escolasantvi\/wp-content\/uploads\/usu1759\/2022\/02\/A-team.jpeg\"><img loading=\"lazy\" decoding=\"async\" class=\"wp-image-3589 alignleft\" src=\"https:\/\/agora.xtec.cat\/escolasantvi\/wp-content\/uploads\/usu1759\/2022\/02\/A-team.jpeg\" alt=\"\" width=\"350\" height=\"263\" srcset=\"https:\/\/agora.xtec.cat\/escolasantvi\/wp-content\/uploads\/usu1759\/2022\/02\/A-team.jpeg 1280w, https:\/\/agora.xtec.cat\/escolasantvi\/wp-content\/uploads\/usu1759\/2022\/02\/A-team-300x225.jpeg 300w, https:\/\/agora.xtec.cat\/escolasantvi\/wp-content\/uploads\/usu1759\/2022\/02\/A-team-1024x768.jpeg 1024w, https:\/\/agora.xtec.cat\/escolasantvi\/wp-content\/uploads\/usu1759\/2022\/02\/A-team-768x576.jpeg 768w, https:\/\/agora.xtec.cat\/escolasantvi\/wp-content\/uploads\/usu1759\/2022\/02\/A-team-200x150.jpeg 200w\" sizes=\"auto, (max-width: 350px) 100vw, 350px\" \/><\/a>catiu, un monitor per veure el consum i l&#8217;estalvi el\u00e8ctric.<a href=\"https:\/\/drive.google.com\/file\/d\/1AeRi5VHsSQ24EouxTGMkjKvKLr_2OPX4\/view?usp=sharing\"><img loading=\"lazy\" decoding=\"async\" class=\"wp-image-3587 alignright\" src=\"https:\/\/agora.xtec.cat\/escolasantvi\/wp-content\/uploads\/usu1759\/2022\/02\/taller-coneixem-lenergia-solar.jpg\" alt=\"\" width=\"384\" height=\"214\" srcset=\"https:\/\/agora.xtec.cat\/escolasantvi\/wp-content\/uploads\/usu1759\/2022\/02\/taller-coneixem-lenergia-solar.jpg 1547w, https:\/\/agora.xtec.cat\/escolasantvi\/wp-content\/uploads\/usu1759\/2022\/02\/taller-coneixem-lenergia-solar-300x167.jpg 300w, https:\/\/agora.xtec.cat\/escolasantvi\/wp-content\/uploads\/usu1759\/2022\/02\/taller-coneixem-lenergia-solar-1024x571.jpg 1024w, https:\/\/agora.xtec.cat\/escolasantvi\/wp-content\/uploads\/usu1759\/2022\/02\/taller-coneixem-lenergia-solar-768x428.jpg 768w, https:\/\/agora.xtec.cat\/escolasantvi\/wp-content\/uploads\/usu1759\/2022\/02\/taller-coneixem-lenergia-solar-1536x857.jpg 1536w\" sizes=\"auto, (max-width: 384px) 100vw, 384px\" \/><\/a><\/p>\n<p>L&#8217;A-Team \u00e9s l&#8217;equip dinamitzador del projecte durant el curs. Fem activitats diverses per promoure la transici\u00f3 energ\u00e8tica cap a energies renovables, l&#8217;estalvi energ\u00e8tic i tots aquells temes relacionats amb el medi ambient i la sostenibilitat.<\/p>\n<h6><a href=\"https:\/\/agora.xtec.cat\/escolasantvi\/wp-content\/uploads\/usu1759\/2022\/02\/IMG-5364-scaled.jpg\"><img loading=\"lazy\" decoding=\"async\" class=\"wp-image-3775 alignleft\" src=\"https:\/\/agora.xtec.cat\/escolasantvi\/wp-content\/uploads\/usu1759\/2022\/02\/IMG-5364-scaled.jpg\" alt=\"\" width=\"383\" height=\"287\" srcset=\"https:\/\/agora.xtec.cat\/escolasantvi\/wp-content\/uploads\/usu1759\/2022\/02\/IMG-5364-scaled.jpg 2560w, https:\/\/agora.xtec.cat\/escolasantvi\/wp-content\/uploads\/usu1759\/2022\/02\/IMG-5364-300x225.jpg 300w, https:\/\/agora.xtec.cat\/escolasantvi\/wp-content\/uploads\/usu1759\/2022\/02\/IMG-5364-1024x768.jpg 1024w, https:\/\/agora.xtec.cat\/escolasantvi\/wp-content\/uploads\/usu1759\/2022\/02\/IMG-5364-768x576.jpg 768w, https:\/\/agora.xtec.cat\/escolasantvi\/wp-content\/uploads\/usu1759\/2022\/02\/IMG-5364-1536x1152.jpg 1536w, https:\/\/agora.xtec.cat\/escolasantvi\/wp-content\/uploads\/usu1759\/2022\/02\/IMG-5364-2048x1536.jpg 2048w, https:\/\/agora.xtec.cat\/escolasantvi\/wp-content\/uploads\/usu1759\/2022\/02\/IMG-5364-200x150.jpg 200w\" sizes=\"auto, (max-width: 383px) 100vw, 383px\" \/><\/a><\/h6>\n<h4><\/h4>\n<h4><a href=\"https:\/\/youtu.be\/WdgLxMdH3Hg\"><span style=\"color: #800080;\">https:\/\/youtu.be\/WdgLxMdH3Hg<\/span><\/a><\/h4>\n<p>&nbsp;<\/p>\n<p>&nbsp;<\/p>\n<h3><\/h3>\n<h3><\/h3>\n<h3><\/h3>\n<h3><span style=\"color: #800080;\"><a style=\"color: #800080;\" href=\"https:\/\/agora.xtec.cat\/escolasantvi\/steam\/aprenem-el-sol-article-al-critic-cat\/\" target=\"_blank\" rel=\"noopener\">Article sobre l&#8217;A-prenem el Sol article al Critic.cat<\/a><\/span><\/h3>\n<h3><\/h3>\n<h3><\/h3>\n<blockquote class=\"twitter-tweet\" data-media-max-width=\"560\">\n<p lang=\"ca\" dir=\"ltr\">Portes obertes a les plaques solars. Setmana Europea de l\u2019Energia. <a href=\"https:\/\/twitter.com\/diba?ref_src=twsrc%5Etfw\">@diba<\/a> <a href=\"https:\/\/twitter.com\/ajmollet?ref_src=twsrc%5Etfw\">@ajmollet<\/a> <a href=\"https:\/\/twitter.com\/SSTTMVO?ref_src=twsrc%5Etfw\">@SSTTMVO<\/a> <a href=\"https:\/\/twitter.com\/santvimollet?ref_src=twsrc%5Etfw\">@santvimollet<\/a> <a href=\"https:\/\/t.co\/nQRc9SOgmp\">pic.twitter.com\/nQRc9SOgmp<\/a><\/p>\n<p>&mdash; Escola Sant Vicen\u00e7 (@santvimollet) <a href=\"https:\/\/twitter.com\/santvimollet\/status\/1575433527293890560?ref_src=twsrc%5Etfw\">September 29, 2022<\/a><\/p><\/blockquote>\n<p> <script async src=\"https:\/\/platform.twitter.com\/widgets.js\" charset=\"utf-8\"><\/script> <\/p>\n<h3><span style=\"text-decoration: underline;\">PROJECTE DE L&#8217;HORT<\/span><\/h3>\n<h3>Perqu\u00e8 un hort a l&#8217;escola?<\/h3>\n<p>El treball de l&#8217;hort ecol\u00f2gic a l&#8217;escola, \u00e9s la manera m\u00e9s adient d&#8217;oferir als nostres alumnes una educaci\u00f3 mediambiental, basada en la cura, respecte i defensa de la natura.<\/p>\n<h3>Objectius generals:<a href=\"https:\/\/agora.xtec.cat\/escolasantvi\/wp-content\/uploads\/usu1759\/2022\/02\/hort-vertical-rotated-e1644088513992.jpg\"><img loading=\"lazy\" decoding=\"async\" class=\"wp-image-3417 alignleft\" src=\"https:\/\/agora.xtec.cat\/escolasantvi\/wp-content\/uploads\/usu1759\/2022\/02\/hort-vertical-rotated-e1644088513992-213x300.jpg\" alt=\"\" width=\"302\" height=\"425\" srcset=\"https:\/\/agora.xtec.cat\/escolasantvi\/wp-content\/uploads\/usu1759\/2022\/02\/hort-vertical-rotated-e1644088513992-213x300.jpg 213w, https:\/\/agora.xtec.cat\/escolasantvi\/wp-content\/uploads\/usu1759\/2022\/02\/hort-vertical-rotated-e1644088513992.jpg 667w\" sizes=\"auto, (max-width: 302px) 100vw, 302px\" \/><\/a><\/h3>\n<p>1. Ajudar als alumnes a prendre consci\u00e8ncia i sensibilitat davant les q\u00fcestions mediambientals.<br \/>\n2. Promoure el coneixement del medi, les seves interrelacions i els seus problemes.<br \/>\n3. Fomentar l&#8217;adquisici\u00f3 de valors que els motivin a sentir preocupaci\u00f3 pel medi ambient.<br \/>\n4. Capacitar els alumnes perqu\u00e8 puguin trobar solucions als problemes ambientals.<br \/>\n5. Con\u00e8ixer i aprendre els productes, les eines les t\u00e8cniques de treball agr\u00edcola.<br \/>\n6. Recon\u00e8ixer la depend\u00e8ncia de l&#8217;agricultura que t\u00e9 la humanitat.<br \/>\n7. Fomentar la ci\u00e8ncia ciutadana.<\/p>\n<p><a href=\"http:\/\/agora.xtec.cat\/escolasantvi\/wp-content\/uploads\/usu1759\/2018\/01\/resized_hort-prim\u00e0ria-1.jpg\"><img loading=\"lazy\" decoding=\"async\" class=\"alignnone wp-image-2197\" src=\"http:\/\/agora.xtec.cat\/escolasantvi\/wp-content\/uploads\/usu1759\/2018\/01\/resized_hort-prim\u00e0ria-1-300x225.jpg\" alt=\"\" width=\"380\" height=\"285\" srcset=\"https:\/\/agora.xtec.cat\/escolasantvi\/wp-content\/uploads\/usu1759\/2018\/01\/resized_hort-prim\u00e0ria-1-300x225.jpg 300w, https:\/\/agora.xtec.cat\/escolasantvi\/wp-content\/uploads\/usu1759\/2018\/01\/resized_hort-prim\u00e0ria-1-768x576.jpg 768w, https:\/\/agora.xtec.cat\/escolasantvi\/wp-content\/uploads\/usu1759\/2018\/01\/resized_hort-prim\u00e0ria-1-1024x768.jpg 1024w, https:\/\/agora.xtec.cat\/escolasantvi\/wp-content\/uploads\/usu1759\/2018\/01\/resized_hort-prim\u00e0ria-1-200x150.jpg 200w\" sizes=\"auto, (max-width: 380px) 100vw, 380px\" \/><\/a> <a href=\"http:\/\/agora.xtec.cat\/escolasantvi\/wp-content\/uploads\/usu1759\/2018\/01\/resized_hort-infantil-2.jpg\"><img loading=\"lazy\" decoding=\"async\" class=\"alignnone wp-image-2196\" src=\"http:\/\/agora.xtec.cat\/escolasantvi\/wp-content\/uploads\/usu1759\/2018\/01\/resized_hort-infantil-2-300x225.jpg\" alt=\"\" width=\"376\" height=\"282\" srcset=\"https:\/\/agora.xtec.cat\/escolasantvi\/wp-content\/uploads\/usu1759\/2018\/01\/resized_hort-infantil-2-300x225.jpg 300w, https:\/\/agora.xtec.cat\/escolasantvi\/wp-content\/uploads\/usu1759\/2018\/01\/resized_hort-infantil-2-768x576.jpg 768w, https:\/\/agora.xtec.cat\/escolasantvi\/wp-content\/uploads\/usu1759\/2018\/01\/resized_hort-infantil-2-1024x768.jpg 1024w, https:\/\/agora.xtec.cat\/escolasantvi\/wp-content\/uploads\/usu1759\/2018\/01\/resized_hort-infantil-2-200x150.jpg 200w\" sizes=\"auto, (max-width: 376px) 100vw, 376px\" \/><\/a><\/p>\n<p>&nbsp;<\/p>\n<h3><span style=\"text-decoration: underline;\">PROJECTE ENERG\u00c8TIC 50\/50<\/span><\/h3>\n<p><a href=\"http:\/\/agora.xtec.cat\/escolasantvi\/wp-content\/uploads\/usu1759\/2017\/12\/5050.jpg\"><img loading=\"lazy\" decoding=\"async\" class=\"wp-image-526 alignleft\" src=\"http:\/\/agora.xtec.cat\/escolasantvi\/wp-content\/uploads\/usu1759\/2017\/12\/5050.jpg\" alt=\"\" width=\"204\" height=\"261\" \/><\/a><\/p>\n<p>&nbsp;<\/p>\n<p>&nbsp;<\/p>\n<p>El projecte d&#8217;estalvi energ\u00e8tic 50\/50 va ser una iniciativa de diferents municipis per reduir la despesa energ\u00e8tica a les escoles publiques.<\/p>\n<p>Actualment, a les classes hi ha encarregats energ\u00e8tics i prenem mesures per no malbaratar energia i endegar propostes sostenibles.<\/p>\n<p>&nbsp;<\/p>\n<h4><\/h4>\n<h3><\/h3>\n<h3><\/h3>\n<p>&nbsp;<\/p>\n<p>&nbsp;<\/p>\n<h3><\/h3>\n<p>&nbsp;<\/p>\n<p>&nbsp;<\/p>\n","protected":false},"excerpt":{"rendered":"<p>OLINET El funcionament del Programa OLINET consisteix a distribuir de forma gratu\u00efta als alumnes uns recipients (CLAKIS) perqu\u00e8 se\u2019ls emporten [&hellip;]<\/p>\n","protected":false},"author":1,"featured_media":0,"parent":64,"menu_order":6,"comment_status":"closed","ping_status":"closed","template":"page-templates\/side-menu.php","meta":{"_bbp_topic_count":0,"_bbp_reply_count":0,"_bbp_total_topic_count":0,"_bbp_total_reply_count":0,"_bbp_voice_count":0,"_bbp_anonymous_reply_count":0,"_bbp_topic_count_hidden":0,"_bbp_reply_count_hidden":0,"_bbp_forum_subforum_count":0,"site-sidebar-layout":"default","site-content-layout":"","ast-site-content-layout":"","site-content-style":"default","site-sidebar-style":"default","ast-global-header-display":"","ast-banner-title-visibility":"","ast-main-header-display":"","ast-hfb-above-header-display":"","ast-hfb-below-header-display":"","ast-hfb-mobile-header-display":"","site-post-title":"","ast-breadcrumbs-content":"","ast-featured-img":"","footer-sml-layout":"","theme-transparent-header-meta":"","adv-header-id-meta":"","stick-header-meta":"","header-above-stick-meta":"","header-main-stick-meta":"","header-below-stick-meta":"","astra-migrate-meta-layouts":"default","ast-page-background-enabled":"default","ast-page-background-meta":{"desktop":{"background-color":"var(--ast-global-color-4)","background-image":"","background-repeat":"repeat","background-position":"center center","background-size":"auto","background-attachment":"scroll","background-type":"","background-media":"","overlay-type":"","overlay-color":"","overlay-opacity":"","overlay-gradient":""},"tablet":{"background-color":"","background-image":"","background-repeat":"repeat","background-position":"center center","background-size":"auto","background-attachment":"scroll","background-type":"","background-media":"","overlay-type":"","overlay-color":"","overlay-opacity":"","overlay-gradient":""},"mobile":{"background-color":"","background-image":"","background-repeat":"repeat","background-position":"center center","background-size":"auto","background-attachment":"scroll","background-type":"","background-media":"","overlay-type":"","overlay-color":"","overlay-opacity":"","overlay-gradient":""}},"ast-content-background-meta":{"desktop":{"background-color":"var(--ast-global-color-5)","background-image":"","background-repeat":"repeat","background-position":"center center","background-size":"auto","background-attachment":"scroll","background-type":"","background-media":"","overlay-type":"","overlay-color":"","overlay-opacity":"","overlay-gradient":""},"tablet":{"background-color":"var(--ast-global-color-5)","background-image":"","background-repeat":"repeat","background-position":"center center","background-size":"auto","background-attachment":"scroll","background-type":"","background-media":"","overlay-type":"","overlay-color":"","overlay-opacity":"","overlay-gradient":""},"mobile":{"background-color":"var(--ast-global-color-5)","background-image":"","background-repeat":"repeat","background-position":"center center","background-size":"auto","background-attachment":"scroll","background-type":"","background-media":"","overlay-type":"","overlay-color":"","overlay-opacity":"","overlay-gradient":""}},"footnotes":""},"class_list":["post-510","page","type-page","status-publish","hentry"],"post_mailing_queue_ids":[],"_links":{"self":[{"href":"https:\/\/agora.xtec.cat\/escolasantvi\/wp-json\/wp\/v2\/pages\/510","targetHints":{"allow":["GET"]}}],"collection":[{"href":"https:\/\/agora.xtec.cat\/escolasantvi\/wp-json\/wp\/v2\/pages"}],"about":[{"href":"https:\/\/agora.xtec.cat\/escolasantvi\/wp-json\/wp\/v2\/types\/page"}],"author":[{"embeddable":true,"href":"https:\/\/agora.xtec.cat\/escolasantvi\/wp-json\/wp\/v2\/users\/1"}],"replies":[{"embeddable":true,"href":"https:\/\/agora.xtec.cat\/escolasantvi\/wp-json\/wp\/v2\/comments?post=510"}],"version-history":[{"count":6,"href":"https:\/\/agora.xtec.cat\/escolasantvi\/wp-json\/wp\/v2\/pages\/510\/revisions"}],"predecessor-version":[{"id":4420,"href":"https:\/\/agora.xtec.cat\/escolasantvi\/wp-json\/wp\/v2\/pages\/510\/revisions\/4420"}],"up":[{"embeddable":true,"href":"https:\/\/agora.xtec.cat\/escolasantvi\/wp-json\/wp\/v2\/pages\/64"}],"wp:attachment":[{"href":"https:\/\/agora.xtec.cat\/escolasantvi\/wp-json\/wp\/v2\/media?parent=510"}],"curies":[{"name":"wp","href":"https:\/\/api.w.org\/{rel}","templated":true}]}}