{"id":3912,"date":"2022-05-18T17:38:34","date_gmt":"2022-05-18T15:38:34","guid":{"rendered":"https:\/\/agora.xtec.cat\/escolasantvi\/?page_id=3912"},"modified":"2024-02-23T19:20:38","modified_gmt":"2024-02-23T18:20:38","slug":"app-tpvescola-comunicacions-i-pagaments","status":"publish","type":"page","link":"https:\/\/agora.xtec.cat\/escolasantvi\/app-tpvescola-comunicacions-i-pagaments\/","title":{"rendered":"TPVescola  Comunicacions i Pagaments"},"content":{"rendered":"<h2><a href=\"https:\/\/tpvescola.com\/Default2.aspx?eid=432\" target=\"_blank\" rel=\"noopener\"><img loading=\"lazy\" decoding=\"async\" class=\" wp-image-3938 alignright\" src=\"https:\/\/agora.xtec.cat\/escolasantvi\/wp-content\/uploads\/usu1759\/2022\/05\/imatge-tpvescola.jpg\" alt=\"\" width=\"539\" height=\"317\" srcset=\"https:\/\/agora.xtec.cat\/escolasantvi\/wp-content\/uploads\/usu1759\/2022\/05\/imatge-tpvescola.jpg 858w, https:\/\/agora.xtec.cat\/escolasantvi\/wp-content\/uploads\/usu1759\/2022\/05\/imatge-tpvescola-300x177.jpg 300w, https:\/\/agora.xtec.cat\/escolasantvi\/wp-content\/uploads\/usu1759\/2022\/05\/imatge-tpvescola-768x452.jpg 768w\" sizes=\"auto, (max-width: 539px) 100vw, 539px\" \/><\/a><\/h2>\n<h2><span style=\"color: #800080;\"><a style=\"color: #800080;\" href=\"https:\/\/tpvescola.com\/Default2.aspx?eid=432\" target=\"_blank\" rel=\"noopener\" data-saferedirecturl=\"https:\/\/www.google.com\/url?q=https:\/\/www.blogger.com\/u\/4\/blog\/page\/edit\/1421394951424840133\/1249192813863943165%23&amp;source=gmail&amp;ust=1652973017067000&amp;usg=AOvVaw2uQoZtMdBS5L-tveP49shw\">\u00a0Link de TPVEscola<\/a><\/span><\/h2>\n<h6 dir=\"ltr\"><\/h6>\n<header class=\"entry-header\">\n<h1 class=\"entry-title\"><\/h1>\n<\/header>\n<div class=\"entry-content\">\n<p>L\u2019escola i l&#8217;AMPA utilitzen un sistema de registre d\u2019autoritzacions i de pagaments mitjan\u00e7ant la plataforma virtual TPV Escola.<\/p>\n<p>Es pot accedir a la plataforma a trav\u00e9s de la seva p\u00e0gina web:\u00a0<a href=\"http:\/\/www.tpvescola.com\/\">http:\/\/www.tpvescola.com<\/a>; o a trav\u00e9s del vostre tel\u00e8fon m\u00f2bil, per l\u2019App TPVESCOLA, que us podreu descarregar de forma gratu\u00efta.<\/p>\n<p>Per accedir-hi necessitareu un codi d\u2019usuari i una contrasenya que us facilitarem des del centre.<\/p>\n<p><img loading=\"lazy\" decoding=\"async\" class=\"wp-image-2916 aligncenter\" src=\"https:\/\/agora.xtec.cat\/escolalesllisses\/wp-content\/uploads\/usu2000\/2021\/09\/wapp-copy-517.png\" sizes=\"auto, (max-width: 419px) 100vw, 419px\" srcset=\"https:\/\/agora.xtec.cat\/escolalesllisses\/wp-content\/uploads\/usu2000\/2021\/09\/wapp-copy-517.png 517w, https:\/\/agora.xtec.cat\/escolalesllisses\/wp-content\/uploads\/usu2000\/2021\/09\/wapp-copy-517-300x201.png 300w\" alt=\"\" width=\"419\" height=\"281\" \/><\/p>\n<p>Tot seguit trobareu informaci\u00f3 important per familiaritzar-vos amb la nova plataforma.<\/p>\n<p><a href=\"https:\/\/drive.google.com\/file\/d\/1GvJamEqX-mieC0N9GBvl6UUYstAEpmtJ\/view?usp=sharing\" data-saferedirecturl=\"https:\/\/www.google.com\/url?q=https:\/\/drive.google.com\/file\/d\/1GvJamEqX-mieC0N9GBvl6UUYstAEpmtJ\/view?usp%3Dsharing&amp;source=gmail&amp;ust=1630601157250000&amp;usg=AFQjCNH68U0O0sRBN3vWLzJxecxABP_ZRg\">ACC\u00c9S AL MANUAL D\u2019\u00daS PER LES FAM\u00cdLIES<\/a>\u00a0(molt recomanable)<\/p>\n<p><iframe loading=\"lazy\" title=\"YouTube video player\" src=\"https:\/\/www.youtube.com\/embed\/8H48TrocMR4\" width=\"560\" height=\"315\" frameborder=\"0\" allowfullscreen=\"allowfullscreen\" data-mce-fragment=\"1\"><\/iframe><\/p>\n<p><strong><u>PREGUNTES FREQ\u00dcENTS:<\/u><\/strong><\/p>\n<p><strong>QUIN \u00c9S EL MEU USUARI?<\/strong><\/p>\n<p>Rebreu un mail de l\u2019escola amb l\u2019usuari i contrasenya.<\/p>\n<p>&nbsp;<\/p>\n<p><strong>COM ES POT GARANTIR QUE LA MEVA CONTRASENYA NOM\u00c9S LA CONEC JO?<\/strong><\/p>\n<p>La contrasenya s\u2019ha de canviar el primer cop que entreu, des de l\u2019apartat el Meu Compte.<\/p>\n<p>&nbsp;<\/p>\n<p><strong>QUIN \u00c9S EL PRIMER PAS QUE HE DE FER A L\u2019APP?\u00a0<\/strong><\/p>\n<p>Registrar la teva signatura.<\/p>\n<p><u>Com ho faig?<\/u><\/p>\n<ol>\n<li>OBRIR l\u2019APLICACI\u00d3<\/li>\n<li>Clicar a MI CUENTA\/EL MEU COMPTE<\/li>\n<li>Clicar FIRMA\/SIGNATURA<\/li>\n<li>Signar el REQUADRE amb el dit<\/li>\n<li>Omplir DADES DE SIGNATURA.<\/li>\n<\/ol>\n<p>Ara ja tenim la signatura registrada i podem signar qualsevol document\/autoritzaci\u00f3.<\/p>\n<p><img loading=\"lazy\" decoding=\"async\" class=\"wp-image-2918 aligncenter\" src=\"https:\/\/agora.xtec.cat\/escolalesllisses\/wp-content\/uploads\/usu2000\/2021\/09\/signatura.png\" sizes=\"auto, (max-width: 593px) 100vw, 593px\" srcset=\"https:\/\/agora.xtec.cat\/escolalesllisses\/wp-content\/uploads\/usu2000\/2021\/09\/signatura.png 647w, https:\/\/agora.xtec.cat\/escolalesllisses\/wp-content\/uploads\/usu2000\/2021\/09\/signatura-300x132.png 300w\" alt=\"\" width=\"593\" height=\"261\" \/><\/p>\n<p>Cada vegada\u00a0que signeu un document us demanar\u00e0 un codi de seguretat per assegurar que sou vosaltres els que signeu i no una altra persona. Aquest codi arriba mitjan\u00e7ant un\u00a0 missatge al m\u00f2bil o al mail associat.<\/p>\n<p><strong>\u00a0<\/strong><\/p>\n<p><strong>COM SABREM QUE HEM DE FER UN PAGAMENT?\u00a0<\/strong><\/p>\n<p>Quan obriu l\u2019APP us sortir\u00e0 un missatge\u00a0 amb els pagaments pendents.<\/p>\n<p><img loading=\"lazy\" decoding=\"async\" class=\"wp-image-2919 aligncenter\" src=\"https:\/\/agora.xtec.cat\/escolalesllisses\/wp-content\/uploads\/usu2000\/2021\/09\/pasted-image-417.png\" sizes=\"auto, (max-width: 357px) 100vw, 357px\" srcset=\"https:\/\/agora.xtec.cat\/escolalesllisses\/wp-content\/uploads\/usu2000\/2021\/09\/pasted-image-417.png 417w, https:\/\/agora.xtec.cat\/escolalesllisses\/wp-content\/uploads\/usu2000\/2021\/09\/pasted-image-417-218x300.png 218w\" alt=\"\" width=\"257\" height=\"353\" \/><\/p>\n<p><strong>AMB\u00a0 EL NOU SISTEMA DE PAGAMENT, QUINES SERAN LES DATES DE LES QUOTES?<\/strong><\/p>\n<p>De juny a principis de setembre.<\/p>\n<p>Els alumnes becats tindran la quantitat a pagar assignada en el seu pagament, i quan obrin l\u2019APP podran abonar-la\u00a0com a m\u00e0xim el mes de novembre.<\/p>\n<p><strong><img loading=\"lazy\" decoding=\"async\" class=\"wp-image-2920 aligncenter\" src=\"https:\/\/agora.xtec.cat\/escolalesllisses\/wp-content\/uploads\/usu2000\/2021\/09\/PAGAMENTS.png\" sizes=\"auto, (max-width: 565px) 100vw, 565px\" srcset=\"https:\/\/agora.xtec.cat\/escolalesllisses\/wp-content\/uploads\/usu2000\/2021\/09\/PAGAMENTS.png 799w, https:\/\/agora.xtec.cat\/escolalesllisses\/wp-content\/uploads\/usu2000\/2021\/09\/PAGAMENTS-300x55.png 300w, https:\/\/agora.xtec.cat\/escolalesllisses\/wp-content\/uploads\/usu2000\/2021\/09\/PAGAMENTS-768x141.png 768w\" alt=\"\" width=\"565\" height=\"104\" \/><\/strong><\/p>\n<p><strong>COM SABREM SI TINC UNA AUTORITZACI\u00d3 PER SIGNAR?<\/strong><\/p>\n<p>Quan obriu l\u2019APP hi haur\u00e0 un missatge amb les autoritzacions\/comunicacions pendents.<\/p>\n<\/div>\n<div class=\"ast-oembed-container \" style=\"height: 100%;\"><iframe loading=\"lazy\" title=\"Com signar documents amb TPVEscola\" width=\"500\" height=\"281\" src=\"https:\/\/www.youtube.com\/embed\/msjXTfLvAu4?feature=oembed\" frameborder=\"0\" allow=\"accelerometer; autoplay; clipboard-write; encrypted-media; gyroscope; picture-in-picture; web-share\" referrerpolicy=\"strict-origin-when-cross-origin\" allowfullscreen><\/iframe><\/div>\n<h6 dir=\"ltr\"><\/h6>\n<p dir=\"ltr\">Dins la web de TPVEscola podeu consultar m\u00e9s dubtes i en cas de que no es resolguin podeu escriure a trav\u00e9s de la B\u00daSTIA DE L&#8217;AMPA<strong><span style=\"color: #800080;\"> <a style=\"color: #800080;\" href=\"mailto:ampasantvicenc@gmail.com\">ampasantvicenc@gmail.com<\/a><\/span><\/strong> o a l\u2019Escola <span style=\"color: #800080;\"><strong><a style=\"color: #800080;\" href=\"mailto:a8032491@gmail.com\">a8032491@gmail.com <\/a><\/strong><\/span>per correu o de forma presencial a secretaria.<\/p>\n","protected":false},"excerpt":{"rendered":"<p>\u00a0Link de TPVEscola L\u2019escola i l&#8217;AMPA utilitzen un sistema de registre d\u2019autoritzacions i de pagaments mitjan\u00e7ant la plataforma virtual TPV [&hellip;]<\/p>\n","protected":false},"author":1,"featured_media":0,"parent":0,"menu_order":0,"comment_status":"closed","ping_status":"closed","template":"","meta":{"_bbp_topic_count":0,"_bbp_reply_count":0,"_bbp_total_topic_count":0,"_bbp_total_reply_count":0,"_bbp_voice_count":0,"_bbp_anonymous_reply_count":0,"_bbp_topic_count_hidden":0,"_bbp_reply_count_hidden":0,"_bbp_forum_subforum_count":0,"site-sidebar-layout":"default","site-content-layout":"","ast-site-content-layout":"","site-content-style":"default","site-sidebar-style":"default","ast-global-header-display":"","ast-banner-title-visibility":"","ast-main-header-display":"","ast-hfb-above-header-display":"","ast-hfb-below-header-display":"","ast-hfb-mobile-header-display":"","site-post-title":"","ast-breadcrumbs-content":"","ast-featured-img":"","footer-sml-layout":"","theme-transparent-header-meta":"","adv-header-id-meta":"","stick-header-meta":"","header-above-stick-meta":"","header-main-stick-meta":"","header-below-stick-meta":"","astra-migrate-meta-layouts":"default","ast-page-background-enabled":"default","ast-page-background-meta":{"desktop":{"background-color":"var(--ast-global-color-4)","background-image":"","background-repeat":"repeat","background-position":"center center","background-size":"auto","background-attachment":"scroll","background-type":"","background-media":"","overlay-type":"","overlay-color":"","overlay-opacity":"","overlay-gradient":""},"tablet":{"background-color":"","background-image":"","background-repeat":"repeat","background-position":"center center","background-size":"auto","background-attachment":"scroll","background-type":"","background-media":"","overlay-type":"","overlay-color":"","overlay-opacity":"","overlay-gradient":""},"mobile":{"background-color":"","background-image":"","background-repeat":"repeat","background-position":"center center","background-size":"auto","background-attachment":"scroll","background-type":"","background-media":"","overlay-type":"","overlay-color":"","overlay-opacity":"","overlay-gradient":""}},"ast-content-background-meta":{"desktop":{"background-color":"var(--ast-global-color-5)","background-image":"","background-repeat":"repeat","background-position":"center center","background-size":"auto","background-attachment":"scroll","background-type":"","background-media":"","overlay-type":"","overlay-color":"","overlay-opacity":"","overlay-gradient":""},"tablet":{"background-color":"var(--ast-global-color-5)","background-image":"","background-repeat":"repeat","background-position":"center center","background-size":"auto","background-attachment":"scroll","background-type":"","background-media":"","overlay-type":"","overlay-color":"","overlay-opacity":"","overlay-gradient":""},"mobile":{"background-color":"var(--ast-global-color-5)","background-image":"","background-repeat":"repeat","background-position":"center center","background-size":"auto","background-attachment":"scroll","background-type":"","background-media":"","overlay-type":"","overlay-color":"","overlay-opacity":"","overlay-gradient":""}},"footnotes":""},"class_list":["post-3912","page","type-page","status-publish","hentry"],"post_mailing_queue_ids":[],"_links":{"self":[{"href":"https:\/\/agora.xtec.cat\/escolasantvi\/wp-json\/wp\/v2\/pages\/3912","targetHints":{"allow":["GET"]}}],"collection":[{"href":"https:\/\/agora.xtec.cat\/escolasantvi\/wp-json\/wp\/v2\/pages"}],"about":[{"href":"https:\/\/agora.xtec.cat\/escolasantvi\/wp-json\/wp\/v2\/types\/page"}],"author":[{"embeddable":true,"href":"https:\/\/agora.xtec.cat\/escolasantvi\/wp-json\/wp\/v2\/users\/1"}],"replies":[{"embeddable":true,"href":"https:\/\/agora.xtec.cat\/escolasantvi\/wp-json\/wp\/v2\/comments?post=3912"}],"version-history":[{"count":5,"href":"https:\/\/agora.xtec.cat\/escolasantvi\/wp-json\/wp\/v2\/pages\/3912\/revisions"}],"predecessor-version":[{"id":4539,"href":"https:\/\/agora.xtec.cat\/escolasantvi\/wp-json\/wp\/v2\/pages\/3912\/revisions\/4539"}],"wp:attachment":[{"href":"https:\/\/agora.xtec.cat\/escolasantvi\/wp-json\/wp\/v2\/media?parent=3912"}],"curies":[{"name":"wp","href":"https:\/\/api.w.org\/{rel}","templated":true}]}}