{"id":38,"date":"2023-09-18T12:34:08","date_gmt":"2023-09-18T10:34:08","guid":{"rendered":"http:\/\/agora.xtec.cat\/escolasantvi\/?page_id=38"},"modified":"2024-02-12T12:07:47","modified_gmt":"2024-02-12T11:07:47","slug":"salut-i-seguretat","status":"publish","type":"page","link":"https:\/\/agora.xtec.cat\/escolasantvi\/lescola\/salut-i-seguretat\/","title":{"rendered":"SALUT I SEGURETAT"},"content":{"rendered":"<p><a href=\"https:\/\/agora.xtec.cat\/escolasantvi\/wp-content\/uploads\/usu1759\/2022\/02\/nen-malalt.jpg\"><img loading=\"lazy\" decoding=\"async\" class=\" wp-image-3430 alignright\" src=\"https:\/\/agora.xtec.cat\/escolasantvi\/wp-content\/uploads\/usu1759\/2022\/02\/nen-malalt.jpg\" alt=\"\" width=\"341\" height=\"292\" \/><\/a><\/p>\n<h3>Coordinaci\u00f3 amb el CAP<\/h3>\n<p>L&#8217;escola es coordina amb el Centre d&#8217;Atenci\u00f3 Prim\u00e0ria i col\u00b7laborem en diferents campanyes de salut: vacunaci\u00f3 alumnes, salut dental, etc. Les fam\u00edlies sempre tenen informaci\u00f3 pr\u00e8via sobre aquestes campanyes i han de signar les autoritzacions corresponents.<\/p>\n<h3>Medicaments<\/h3>\n<p>Per poder administrar medicaments als nens i nens, sempre que sigui imprescindible fer-ho en horari lectiu, cal que els pares i les mares aportin un informe m\u00e8dic on consti el nom de l&#8217;infant, el nom del medicament que ha de prendre i la pauta d&#8217;administraci\u00f3. Aix\u00ed mateix, la fam\u00edlia ha d&#8217;aportar una autoritzaci\u00f3 on es demani l&#8217;administraci\u00f3 del medicament prescrit d&#8217;acord amb les pautes que constin en l&#8217;informe esmentat i se n&#8217;autoritzi l&#8217;administraci\u00f3 als professionals del centre.<br \/>\nEn el apartat de documents trobareu l&#8217;autoritzaci\u00f3 per que la pugueu signar-la i donar-li al tutor o tutora del vostre fill o filla.<\/p>\n<h3>Febre<\/h3>\n<p>La febre \u00e9s un s\u00edmptoma caracteritzat per un augment de temperatura per sobre de 37 \u00baC que sovint s\u2019acompanya de malestar. \u00c9s molt freq\u00fcent en l\u2019infant. La febre \u00e9s en si mateixa un mecanisme de defensa de l\u2019organisme contra la malaltia i, per tant, no cal tractar-la de forma immediata amb medicaments. Podem utilitzar mesures f\u00edsiques per fer abaixar la temperatura i disminuir-ne les mol\u00e8sties: si t\u00e9 malestar, fred o esgarrifances es recomana no abrigar-lo i donar-li aigua a glopets.<\/p>\n<p>Davant d\u2019un infant amb febre de 38 \u00baC o m\u00e9s l\u2019escola ha de contactar amb el pare, mare o tutor i demanar-li que el reculli tan aviat com pugui.<\/p>\n<p><span style=\"text-decoration: underline;\"><strong>Encara que no es tracti d\u2019una urg\u00e8ncia, un infant amb febre NO ha de quedar-se a l\u2019escola fins que finalitzi la jornada escolar.<\/strong><\/span><\/p>\n<h3>Polls<\/h3>\n<p>\u00c9s important que els infants afectats es tractin i tamb\u00e9 revisar tota la fam\u00edlia. Quan hi ha un grup classe afectat cal que tot el grup faci el tractament el mateix dia.<br \/>\nEls convivents familiars s\u2019han de revisar el cap b\u00e9 i pentinar-se repetidament amb la pinta fina especial per detectar els polls, caldr\u00e0 revisar-los durant dos o tres dies seguits.<br \/>\nSi no es veuen polls per\u00f2 hi ha ll\u00e9menes, cal tractament. Les ll\u00e9menes s\u00f3n els ous que posen els polls femella, els posen a menys d\u2019un cent\u00edmetre de la base del cabell, per\u00f2 poden estar a m\u00e9s si la temperatura els va b\u00e9. S\u00f3n de forma oval, d\u2019un mil\u00b7l\u00edmetre, transl\u00facides o blanques i estan ben enganxades als cabells. Una lupa ens pot ajudar molt a visualitzar-los i diferenciar-los de la caspa. Cal ser constants fins que no quedi cap ll\u00e9mena.<\/p>\n<p><span style=\"text-decoration: underline;\"><strong>Prevenci\u00f3<br \/>\n<\/strong><\/span>&#8211; Portar els cabells curts o ben lligats i estrets amb trenes o cues.<br \/>\n&#8211; No compartir pintes, gorres, gomes ni cintes dels cabells.<br \/>\n&#8211; Evitar el contacte entre els caps.<br \/>\n&#8211; Pentinar tres cops al dia i revisar les pintes i raspalls.<br \/>\n&#8211; Utilitzar suavitzant pels cabells i pentinar-los b\u00e9 sense embolics.<br \/>\n&#8211; Evitar recolzar el cap en sof\u00e0s, coixins, etc. que hagin estat amb contacte amb una persona infestada.<br \/>\n&#8211; Si observem a la canalla que es rasca o diu que t\u00e9 picor al cap, mirar-li de seguida si t\u00e9 polls.<br \/>\n&#8211; Dediqueu-hi temps, teniu paci\u00e8ncia.<br \/>\n&#8211; No serveixen els xamp\u00fas ni locions com a prevenci\u00f3. Per\u00f2 si qu\u00e8 podeu mullar els cabells una bona estona amb vinagre. Es pot utilitzar vinagre de poma que \u00e9s m\u00e9s suau.<\/p>\n<h3>Pla d&#8217;emerg\u00e8ncia de Centre<\/h3>\n<p><a href=\"https:\/\/agora.xtec.cat\/escolasantvi\/wp-content\/uploads\/usu1759\/2023\/11\/resum-pla-emergencia-i-accident-laboral.pdf\">Resum pla emerg\u00e8ncia i accident laboral<\/a><\/p>\n<p>&nbsp;<\/p>\n<div style=\"position: relative; width: 100%; height: 0; padding-top: 56.2500%; padding-bottom: 0; box-shadow: 0 2px 8px 0 rgba(63,69,81,0.16); margin-top: 1.6em; margin-bottom: 0.9em; overflow: hidden; border-radius: 8px; will-change: transform;\"><iframe style=\"position: absolute; width: 100%; height: 100%; top: 0; left: 0; border: none; padding: 0; margin: 0;\" src=\"https:\/\/www.canva.com\/design\/DAF1dnt0lsY\/view?embed\" allowfullscreen=\"allowfullscreen\"><br \/>\n<\/iframe><\/div>\n<p><a href=\"https:\/\/www.canva.com\/design\/DAF1dnt0lsY\/view?utm_content=DAF1dnt0lsY&amp;utm_campaign=designshare&amp;utm_medium=embeds&amp;utm_source=link\" target=\"_blank\" rel=\"noopener\">resum pla emerg\u00e8ncia i accident laboral.pdf<\/a> de Escola Sant Vicen\u00e7<\/p>\n","protected":false},"excerpt":{"rendered":"<p>Coordinaci\u00f3 amb el CAP L&#8217;escola es coordina amb el Centre d&#8217;Atenci\u00f3 Prim\u00e0ria i col\u00b7laborem en diferents campanyes de salut: vacunaci\u00f3 [&hellip;]<\/p>\n","protected":false},"author":1,"featured_media":0,"parent":22,"menu_order":6,"comment_status":"closed","ping_status":"closed","template":"page-templates\/side-menu.php","meta":{"_bbp_topic_count":0,"_bbp_reply_count":0,"_bbp_total_topic_count":0,"_bbp_total_reply_count":0,"_bbp_voice_count":0,"_bbp_anonymous_reply_count":0,"_bbp_topic_count_hidden":0,"_bbp_reply_count_hidden":0,"_bbp_forum_subforum_count":0,"site-sidebar-layout":"default","site-content-layout":"","ast-site-content-layout":"","site-content-style":"default","site-sidebar-style":"default","ast-global-header-display":"","ast-banner-title-visibility":"","ast-main-header-display":"","ast-hfb-above-header-display":"","ast-hfb-below-header-display":"","ast-hfb-mobile-header-display":"","site-post-title":"","ast-breadcrumbs-content":"","ast-featured-img":"","footer-sml-layout":"","theme-transparent-header-meta":"","adv-header-id-meta":"","stick-header-meta":"","header-above-stick-meta":"","header-main-stick-meta":"","header-below-stick-meta":"","astra-migrate-meta-layouts":"default","ast-page-background-enabled":"default","ast-page-background-meta":{"desktop":{"background-color":"var(--ast-global-color-4)","background-image":"","background-repeat":"repeat","background-position":"center center","background-size":"auto","background-attachment":"scroll","background-type":"","background-media":"","overlay-type":"","overlay-color":"","overlay-opacity":"","overlay-gradient":""},"tablet":{"background-color":"","background-image":"","background-repeat":"repeat","background-position":"center center","background-size":"auto","background-attachment":"scroll","background-type":"","background-media":"","overlay-type":"","overlay-color":"","overlay-opacity":"","overlay-gradient":""},"mobile":{"background-color":"","background-image":"","background-repeat":"repeat","background-position":"center center","background-size":"auto","background-attachment":"scroll","background-type":"","background-media":"","overlay-type":"","overlay-color":"","overlay-opacity":"","overlay-gradient":""}},"ast-content-background-meta":{"desktop":{"background-color":"var(--ast-global-color-5)","background-image":"","background-repeat":"repeat","background-position":"center center","background-size":"auto","background-attachment":"scroll","background-type":"","background-media":"","overlay-type":"","overlay-color":"","overlay-opacity":"","overlay-gradient":""},"tablet":{"background-color":"var(--ast-global-color-5)","background-image":"","background-repeat":"repeat","background-position":"center center","background-size":"auto","background-attachment":"scroll","background-type":"","background-media":"","overlay-type":"","overlay-color":"","overlay-opacity":"","overlay-gradient":""},"mobile":{"background-color":"var(--ast-global-color-5)","background-image":"","background-repeat":"repeat","background-position":"center center","background-size":"auto","background-attachment":"scroll","background-type":"","background-media":"","overlay-type":"","overlay-color":"","overlay-opacity":"","overlay-gradient":""}},"footnotes":""},"class_list":["post-38","page","type-page","status-publish","hentry"],"post_mailing_queue_ids":[],"_links":{"self":[{"href":"https:\/\/agora.xtec.cat\/escolasantvi\/wp-json\/wp\/v2\/pages\/38","targetHints":{"allow":["GET"]}}],"collection":[{"href":"https:\/\/agora.xtec.cat\/escolasantvi\/wp-json\/wp\/v2\/pages"}],"about":[{"href":"https:\/\/agora.xtec.cat\/escolasantvi\/wp-json\/wp\/v2\/types\/page"}],"author":[{"embeddable":true,"href":"https:\/\/agora.xtec.cat\/escolasantvi\/wp-json\/wp\/v2\/users\/1"}],"replies":[{"embeddable":true,"href":"https:\/\/agora.xtec.cat\/escolasantvi\/wp-json\/wp\/v2\/comments?post=38"}],"version-history":[{"count":7,"href":"https:\/\/agora.xtec.cat\/escolasantvi\/wp-json\/wp\/v2\/pages\/38\/revisions"}],"predecessor-version":[{"id":4497,"href":"https:\/\/agora.xtec.cat\/escolasantvi\/wp-json\/wp\/v2\/pages\/38\/revisions\/4497"}],"up":[{"embeddable":true,"href":"https:\/\/agora.xtec.cat\/escolasantvi\/wp-json\/wp\/v2\/pages\/22"}],"wp:attachment":[{"href":"https:\/\/agora.xtec.cat\/escolasantvi\/wp-json\/wp\/v2\/media?parent=38"}],"curies":[{"name":"wp","href":"https:\/\/api.w.org\/{rel}","templated":true}]}}