{"id":3717,"date":"2022-02-18T16:26:39","date_gmt":"2022-02-18T15:26:39","guid":{"rendered":"https:\/\/agora.xtec.cat\/escolasantvi\/?page_id=3717"},"modified":"2024-03-04T18:33:59","modified_gmt":"2024-03-04T17:33:59","slug":"educacio-emocional","status":"publish","type":"page","link":"https:\/\/agora.xtec.cat\/escolasantvi\/projecte-educatiu\/educacio-emocional\/","title":{"rendered":"Educaci\u00f3 Emocional"},"content":{"rendered":"<p>&nbsp;<\/p>\n<h5>L&#8217;educaci\u00f3 emocional s&#8217;inicia des d&#8217;Infantil mitjan\u00e7ant els monstres de les emocions que permeten entrar de forma l\u00fadica en el vocabulari i gesti\u00f3 de les emocions pr\u00f2pies i les dels altres.<\/h5>\n<table style=\"border-collapse: collapse; width: 100%; height: 363px;\">\n<tbody>\n<tr style=\"height: 363px;\">\n<td style=\"width: 25.2569%; height: 363px;\"><a href=\"https:\/\/agora.xtec.cat\/escolasantvi\/wp-content\/uploads\/usu1759\/2024\/03\/Gresca.jpg\"><img loading=\"lazy\" decoding=\"async\" class=\"aligncenter wp-image-4544\" src=\"https:\/\/agora.xtec.cat\/escolasantvi\/wp-content\/uploads\/usu1759\/2024\/03\/Gresca.jpg\" alt=\"\" width=\"252\" height=\"349\" srcset=\"https:\/\/agora.xtec.cat\/escolasantvi\/wp-content\/uploads\/usu1759\/2024\/03\/Gresca.jpg 272w, https:\/\/agora.xtec.cat\/escolasantvi\/wp-content\/uploads\/usu1759\/2024\/03\/Gresca-216x300.jpg 216w\" sizes=\"auto, (max-width: 252px) 100vw, 252px\" \/><\/a><\/td>\n<td style=\"width: 26.5787%; height: 363px;\"><a href=\"https:\/\/agora.xtec.cat\/escolasantvi\/wp-content\/uploads\/usu1759\/2024\/03\/plof.jpg\"><img loading=\"lazy\" decoding=\"async\" class=\"wp-image-4541 aligncenter\" src=\"https:\/\/agora.xtec.cat\/escolasantvi\/wp-content\/uploads\/usu1759\/2024\/03\/plof.jpg\" alt=\"\" width=\"298\" height=\"224\" srcset=\"https:\/\/agora.xtec.cat\/escolasantvi\/wp-content\/uploads\/usu1759\/2024\/03\/plof.jpg 320w, https:\/\/agora.xtec.cat\/escolasantvi\/wp-content\/uploads\/usu1759\/2024\/03\/plof-300x225.jpg 300w, https:\/\/agora.xtec.cat\/escolasantvi\/wp-content\/uploads\/usu1759\/2024\/03\/plof-200x150.jpg 200w\" sizes=\"auto, (max-width: 298px) 100vw, 298px\" \/><\/a><\/td>\n<td style=\"width: 48.1643%; height: 363px;\">\n<h6 class=\"western\" align=\"justify\"><span style=\"font-family: Arial, sans-serif;\">Per tractar cadascun dels sentiments es segueix la seq\u00fc\u00e8ncia seg\u00fcent:<\/span><\/h6>\n<h6 class=\"western\" align=\"justify\"><span style=\"font-family: Arial, sans-serif;\">1. Presentar l\u2019emoci\u00f3 que es tractar\u00e0 mitjan\u00e7ant un monstre de les emocions, per exemple en &#8220;PLOF&#8221;.<\/span><\/h6>\n<h6 class=\"western\" align=\"justify\"><span style=\"font-family: Arial, sans-serif;\">2. Ensenyar dibuixos i fotografies amb aquesta expressi\u00f3 emocional.<\/span><\/h6>\n<h6 class=\"western\" align=\"justify\"><span style=\"font-family: Arial, sans-serif;\">3. Proporcionar exemples de situacions de les quals f\u00e0cilment se\u2019n pugui deduir el sentiment que ens interessa.<\/span><\/h6>\n<h6 class=\"western\" align=\"justify\"><span style=\"font-family: Arial, sans-serif;\">4. Animar els infants a explicar viv\u00e8ncies de quan han experimentat aquesta emoci\u00f3. La tutora, el tutor o qui estigui conduint la sessi\u00f3 tamb\u00e9 explica quan l\u2019ha sentit.<\/span><\/h6>\n<h6 class=\"western\" align=\"justify\"><span style=\"font-family: Arial, sans-serif;\">5. Donar categoria d\u2019agradable o desagradable.<\/span><\/h6>\n<h6 class=\"western\" align=\"justify\"><span style=\"font-family: Arial, sans-serif;\">6. Fer expressar f\u00edsicament aquesta emoci\u00f3.<\/span><\/h6>\n<h6 class=\"western\" align=\"justify\"><span style=\"font-family: Arial, sans-serif;\">7. Fer entre tots una llista de quines s\u00f3n les coses que provoquen aquesta emoci\u00f3.<\/span><\/h6>\n<h6 class=\"western\" align=\"justify\"><span style=\"font-family: Arial, sans-serif;\">8. Fer llistes d\u2019actituds i comportaments que pren la gent amb aquesta emoci\u00f3.<\/span><\/h6>\n<h6 class=\"western\" align=\"justify\"><span style=\"font-family: Arial, sans-serif;\">9. Proporcionar una activitat a trav\u00e9s de la qual l\u2019emoci\u00f3 es pugui experimentar a un nivell m\u00e9s personal ( jocs, contes, dibuixos&#8230;).<\/span><\/h6>\n<\/td>\n<\/tr>\n<\/tbody>\n<\/table>\n<h5>Aquest treball t\u00e9 continu\u00eftat a Prim\u00e0ria mitjan\u00e7ant el desenvolupament de les habilitats socials i la resoluci\u00f3 de conflictes. Tant a les tutories d&#8217;aula com al <a href=\"https:\/\/agora.xtec.cat\/escolasantvi\/projecte-educatiu\/consell-alumnes\/\"><span style=\"color: #800080;\">Consell d&#8217;Alumnes<\/span><\/a>.<\/h5>\n<h5><\/h5>\n<h5>Paral\u00b7lelament a aquest treball de gesti\u00f3 i alfabetitzaci\u00f3 emocional, aportem la mirada sist\u00e8mica per acompanyar el desenvolupament emocional de forma personalitzada.<\/h5>\n<blockquote class=\"instagram-media\" style=\"background: #FFF; border: 0; border-radius: 3px; box-shadow: 0 0 1px 0 rgba(0,0,0,0.5),0 1px 10px 0 rgba(0,0,0,0.15); margin: 1px; max-width: 540px; min-width: 326px; padding: 0; width: calc(100% - 2px);\" data-instgrm-captioned=\"\" data-instgrm-permalink=\"https:\/\/www.instagram.com\/p\/CZeXQ3qoCgF\/?utm_source=ig_embed&amp;utm_campaign=loading\" data-instgrm-version=\"14\">\n<div style=\"padding: 16px;\">\n<p>&nbsp;<\/p>\n<div style=\"display: flex; flex-direction: row; align-items: center;\">\n<div style=\"background-color: #f4f4f4; border-radius: 50%; flex-grow: 0; height: 40px; margin-right: 14px; width: 40px;\"><\/div>\n<div style=\"display: flex; flex-direction: column; flex-grow: 1; justify-content: center;\">\n<div style=\"background-color: #f4f4f4; border-radius: 4px; flex-grow: 0; height: 14px; margin-bottom: 6px; width: 100px;\"><\/div>\n<div style=\"background-color: #f4f4f4; border-radius: 4px; flex-grow: 0; height: 14px; width: 60px;\"><\/div>\n<\/div>\n<\/div>\n<div style=\"padding: 19% 0;\"><\/div>\n<div style=\"display: block; height: 50px; margin: 0 auto 12px; width: 50px;\"><\/div>\n<div style=\"padding-top: 8px;\">\n<div style=\"color: #3897f0; font-family: Arial,sans-serif; font-size: 14px; font-style: normal; font-weight: 550; line-height: 18px;\">View this post on Instagram<\/div>\n<\/div>\n<div style=\"padding: 12.5% 0;\"><\/div>\n<div style=\"display: flex; flex-direction: row; margin-bottom: 14px; align-items: center;\">\n<div>\n<div style=\"background-color: #f4f4f4; border-radius: 50%; height: 12.5px; width: 12.5px; transform: translateX(0px) translateY(7px);\"><\/div>\n<div style=\"background-color: #f4f4f4; height: 12.5px; transform: rotate(-45deg) translateX(3px) translateY(1px); width: 12.5px; flex-grow: 0; margin-right: 14px; margin-left: 2px;\"><\/div>\n<div style=\"background-color: #f4f4f4; border-radius: 50%; height: 12.5px; width: 12.5px; transform: translateX(9px) translateY(-18px);\"><\/div>\n<\/div>\n<div style=\"margin-left: 8px;\">\n<div style=\"background-color: #f4f4f4; border-radius: 50%; flex-grow: 0; height: 20px; width: 20px;\"><\/div>\n<div style=\"width: 0; height: 0; border-top: 2px solid transparent; border-left: 6px solid #f4f4f4; border-bottom: 2px solid transparent; transform: translateX(16px) translateY(-4px) rotate(30deg);\"><\/div>\n<\/div>\n<div style=\"margin-left: auto;\">\n<div style=\"width: 0px; border-top: 8px solid #F4F4F4; border-right: 8px solid transparent; transform: translateY(16px);\"><\/div>\n<div style=\"background-color: #f4f4f4; flex-grow: 0; height: 12px; width: 16px; transform: translateY(-4px);\"><\/div>\n<div style=\"width: 0; height: 0; border-top: 8px solid #F4F4F4; border-left: 8px solid transparent; transform: translateY(-4px) translateX(8px);\"><\/div>\n<\/div>\n<\/div>\n<div style=\"display: flex; flex-direction: column; flex-grow: 1; justify-content: center; margin-bottom: 24px;\">\n<div style=\"background-color: #f4f4f4; border-radius: 4px; flex-grow: 0; height: 14px; margin-bottom: 6px; width: 224px;\"><\/div>\n<div style=\"background-color: #f4f4f4; border-radius: 4px; flex-grow: 0; height: 14px; width: 144px;\"><\/div>\n<\/div>\n<p>&nbsp;<\/p>\n<p style=\"color: #c9c8cd; font-family: Arial,sans-serif; font-size: 14px; line-height: 17px; margin-bottom: 0; margin-top: 8px; overflow: hidden; padding: 8px 0 7px; text-align: center; text-overflow: ellipsis; white-space: nowrap;\"><a style=\"color: #c9c8cd; font-family: Arial,sans-serif; font-size: 14px; font-style: normal; font-weight: normal; line-height: 17px; text-decoration: none;\" href=\"https:\/\/www.instagram.com\/p\/CZeXQ3qoCgF\/?utm_source=ig_embed&amp;utm_campaign=loading\" target=\"_blank\" rel=\"noopener\">A post shared by Escola Sant Vicenc\u0327 Mollet (@escola_sant_vicenc)<\/a><\/p>\n<\/div>\n<\/blockquote>\n<p><script async src=\"\/\/www.instagram.com\/embed.js\"><\/script><\/p>\n","protected":false},"excerpt":{"rendered":"<p>&nbsp; L&#8217;educaci\u00f3 emocional s&#8217;inicia des d&#8217;Infantil mitjan\u00e7ant els monstres de les emocions que permeten entrar de forma l\u00fadica en el [&hellip;]<\/p>\n","protected":false},"author":1,"featured_media":0,"parent":64,"menu_order":5,"comment_status":"closed","ping_status":"closed","template":"page-templates\/side-menu.php","meta":{"_bbp_topic_count":0,"_bbp_reply_count":0,"_bbp_total_topic_count":0,"_bbp_total_reply_count":0,"_bbp_voice_count":0,"_bbp_anonymous_reply_count":0,"_bbp_topic_count_hidden":0,"_bbp_reply_count_hidden":0,"_bbp_forum_subforum_count":0,"site-sidebar-layout":"default","site-content-layout":"","ast-site-content-layout":"","site-content-style":"default","site-sidebar-style":"default","ast-global-header-display":"","ast-banner-title-visibility":"","ast-main-header-display":"","ast-hfb-above-header-display":"","ast-hfb-below-header-display":"","ast-hfb-mobile-header-display":"","site-post-title":"","ast-breadcrumbs-content":"","ast-featured-img":"","footer-sml-layout":"","theme-transparent-header-meta":"","adv-header-id-meta":"","stick-header-meta":"","header-above-stick-meta":"","header-main-stick-meta":"","header-below-stick-meta":"","astra-migrate-meta-layouts":"default","ast-page-background-enabled":"default","ast-page-background-meta":{"desktop":{"background-color":"var(--ast-global-color-4)","background-image":"","background-repeat":"repeat","background-position":"center center","background-size":"auto","background-attachment":"scroll","background-type":"","background-media":"","overlay-type":"","overlay-color":"","overlay-opacity":"","overlay-gradient":""},"tablet":{"background-color":"","background-image":"","background-repeat":"repeat","background-position":"center center","background-size":"auto","background-attachment":"scroll","background-type":"","background-media":"","overlay-type":"","overlay-color":"","overlay-opacity":"","overlay-gradient":""},"mobile":{"background-color":"","background-image":"","background-repeat":"repeat","background-position":"center center","background-size":"auto","background-attachment":"scroll","background-type":"","background-media":"","overlay-type":"","overlay-color":"","overlay-opacity":"","overlay-gradient":""}},"ast-content-background-meta":{"desktop":{"background-color":"var(--ast-global-color-5)","background-image":"","background-repeat":"repeat","background-position":"center center","background-size":"auto","background-attachment":"scroll","background-type":"","background-media":"","overlay-type":"","overlay-color":"","overlay-opacity":"","overlay-gradient":""},"tablet":{"background-color":"var(--ast-global-color-5)","background-image":"","background-repeat":"repeat","background-position":"center center","background-size":"auto","background-attachment":"scroll","background-type":"","background-media":"","overlay-type":"","overlay-color":"","overlay-opacity":"","overlay-gradient":""},"mobile":{"background-color":"var(--ast-global-color-5)","background-image":"","background-repeat":"repeat","background-position":"center center","background-size":"auto","background-attachment":"scroll","background-type":"","background-media":"","overlay-type":"","overlay-color":"","overlay-opacity":"","overlay-gradient":""}},"footnotes":""},"class_list":["post-3717","page","type-page","status-publish","hentry"],"post_mailing_queue_ids":[],"_links":{"self":[{"href":"https:\/\/agora.xtec.cat\/escolasantvi\/wp-json\/wp\/v2\/pages\/3717","targetHints":{"allow":["GET"]}}],"collection":[{"href":"https:\/\/agora.xtec.cat\/escolasantvi\/wp-json\/wp\/v2\/pages"}],"about":[{"href":"https:\/\/agora.xtec.cat\/escolasantvi\/wp-json\/wp\/v2\/types\/page"}],"author":[{"embeddable":true,"href":"https:\/\/agora.xtec.cat\/escolasantvi\/wp-json\/wp\/v2\/users\/1"}],"replies":[{"embeddable":true,"href":"https:\/\/agora.xtec.cat\/escolasantvi\/wp-json\/wp\/v2\/comments?post=3717"}],"version-history":[{"count":7,"href":"https:\/\/agora.xtec.cat\/escolasantvi\/wp-json\/wp\/v2\/pages\/3717\/revisions"}],"predecessor-version":[{"id":4549,"href":"https:\/\/agora.xtec.cat\/escolasantvi\/wp-json\/wp\/v2\/pages\/3717\/revisions\/4549"}],"up":[{"embeddable":true,"href":"https:\/\/agora.xtec.cat\/escolasantvi\/wp-json\/wp\/v2\/pages\/64"}],"wp:attachment":[{"href":"https:\/\/agora.xtec.cat\/escolasantvi\/wp-json\/wp\/v2\/media?parent=3717"}],"curies":[{"name":"wp","href":"https:\/\/api.w.org\/{rel}","templated":true}]}}