{"id":36,"date":"2025-07-03T12:33:11","date_gmt":"2025-07-03T10:33:11","guid":{"rendered":"http:\/\/agora.xtec.cat\/escolasantvi\/?page_id=36"},"modified":"2026-01-31T19:32:32","modified_gmt":"2026-01-31T18:32:32","slug":"documents","status":"publish","type":"page","link":"https:\/\/agora.xtec.cat\/escolasantvi\/documents\/","title":{"rendered":"DOCUMENTS"},"content":{"rendered":"<ul style=\"list-style-type: disc;\">\n<li>\n<h4><span style=\"color: #800080;\"><strong>AUTORITZACIONS:<\/strong><\/span><\/h4>\n<\/li>\n<li>\n<h4><span style=\"color: #800080;\"><a style=\"color: #800080;\" href=\"https:\/\/drive.google.com\/file\/d\/1c6bKvj3DXrDVunTETSkqlbhpkwFdPKJ6\/view?usp=sharing\">Autoritzaci\u00f3 medicaments<\/a><\/span><\/h4>\n<\/li>\n<li>\n<h4><span style=\"color: #800080;\"><a style=\"color: #800080;\" href=\"https:\/\/drive.google.com\/file\/d\/1QiS2PGWZEk3rW6IpmFrP1_wmHfcOSFCs\/view?usp=sharing\">Autoritzaci\u00f3 recollida d&#8217;alumnes<\/a><\/span><\/h4>\n<\/li>\n<li>\n<h4><span style=\"color: #800080;\"><a style=\"color: #800080;\" href=\"https:\/\/drive.google.com\/file\/d\/1l0fY9yEw12yqt-9VboqMqTCpdvUxRUYZ\/view?usp=sharing\">Autoritzaci\u00f3 sortides Mollet<\/a><\/span><\/h4>\n<\/li>\n<\/ul>\n<h4>\u00a0<\/h4>\n<ul style=\"list-style-type: disc;\">\n<li>\n<h4><span style=\"color: #800080;\"><strong>INSCRIPCIONS SERVEIS O ACTIVITATS<\/strong><\/span><\/h4>\n<\/li>\n<li>\n<h4><span style=\"color: #800080;\"><a style=\"color: #800080;\" href=\"https:\/\/agora.xtec.cat\/escolasantvi\/ampa\/httpagora-xtec-catescolasantvicategoriaampaactivitats-extraescolars\/\">Extraescolars\u00a0<\/a><\/span><\/h4>\n<\/li>\n<li>\n<h4><span style=\"color: #800080;\"><a style=\"color: #800080;\" href=\"https:\/\/drive.google.com\/drive\/folders\/1Ohx_QCHKDNKXw5BULe7qGfYKtL2lTGMj?usp=sharing\">Inscripcions menjador\u00a0<\/a><\/span><\/h4>\n<\/li>\n<\/ul>\n<h4>\u00a0<\/h4>\n<ul style=\"list-style-type: disc;\">\n<li>\n<h4><span style=\"color: #800080;\"><strong>DOCUMENTS SECRETARIA:<\/strong><\/span><\/h4>\n<\/li>\n<li>\n<h4><a href=\"https:\/\/drive.google.com\/file\/d\/1N3nzMtKlGYrxs4_XcD8bKt-BZ57dsP0O\/view?usp=sharing\"><span style=\"color: #800080;\">Calendari 25_26<\/span><\/a><\/h4>\n<\/li>\n<li>\n<h4><span style=\"color: #800080;\"><a style=\"color: #800080;\" href=\"https:\/\/drive.google.com\/file\/d\/1Ll6OYrztoPCPBh5IIFux0u7foFqLPQ-A\/view?usp=sharing\">Carta de comprom\u00eds educatiu<\/a><\/span><\/h4>\n<\/li>\n<li>\n<h4><span style=\"color: #800080;\"><a style=\"color: #800080;\" href=\"https:\/\/drive.google.com\/file\/d\/1T2jYHMH9t8h7B3L9RxeJzpZXtJQhiTmJ\/view?usp=sharing\">Entrevista fam\u00edlia<\/a><\/span><\/h4>\n<\/li>\n<li>\n<h4><span style=\"color: #800080;\"><a style=\"color: #800080;\" href=\"https:\/\/drive.google.com\/drive\/folders\/1IEpUR45jSy8wZPT0gcOHzvWEDpBH6adX?usp=share_link\">Llistat llibres de text socialitzats<\/a><\/span><\/h4>\n<\/li>\n<li>\n<h4><span style=\"color: #800080;\"><a style=\"color: #800080;\" href=\"https:\/\/drive.google.com\/file\/d\/1BA91RU4QfARmuB_CvKyQacSOyQOVTkG-\/view?usp=sharing\">Pares col\u00b7laboradors sol\u00b7licitud certificat abs\u00e8ncia delictes sexuals<\/a><\/span><\/h4>\n<\/li>\n<li>\n<h4><span style=\"color: #800080;\"><a style=\"color: #800080;\" href=\"https:\/\/drive.google.com\/drive\/folders\/1LXIsaVBGGBPjLpwUosNBHXQEQOUAXgvy?usp=sharing\">Gesti\u00f3 econ\u00f2mica resum<\/a><\/span><\/h4>\n<\/li>\n<li>\n<h4><span style=\"color: #800080;\"><a style=\"color: #800080;\" href=\"https:\/\/agora.xtec.cat\/escolasantvi\/projecte-educatiu\/\">Projecte Educatiu de Centre<\/a> i altres documents de Centre.<\/span><\/h4>\n<\/li>\n<\/ul>\n<h4>\u00a0<\/h4>\n<ul style=\"list-style-type: disc;\">\n<li>\n<h4><span style=\"color: #800080;\"><strong>DOCUMENTS FORMACI\u00d3 I ORIENTACI\u00d3 A LES FAM\u00cdLIES<\/strong><\/span><\/h4>\n<\/li>\n<li>\n<h4><span style=\"color: #800080;\"><a style=\"color: #800080;\" href=\"https:\/\/drive.google.com\/file\/d\/1DZhRxX70GCP3nmasQlFkyyqGB3ZR7wjZ\/view?usp=sharing\">Activitats d&#8217;estiu abans de comen\u00e7ar I3<\/a><\/span><\/h4>\n<\/li>\n<li>\n<h4><span style=\"color: #800080;\"><a style=\"color: #800080;\" href=\"https:\/\/drive.google.com\/file\/d\/1E0K5aSWyFC9Tovdq3qlPHRsxi4HM1er1\/view?usp=sharing\">Normes i Orientacions Educaci\u00f3 Infantil<\/a><\/span><\/h4>\n<\/li>\n<li>\n<h4><span style=\"color: #800080;\"><a style=\"color: #800080;\" href=\"https:\/\/youtu.be\/TZJ1icox-jM\">Orientacions fam\u00edlies algorismes matem\u00e0tics (v\u00eddeos Youtube),<\/a><\/span><\/h4>\n<\/li>\n<li>\n<h4><span style=\"color: #800080;\"><a style=\"color: #800080;\" href=\"https:\/\/drive.google.com\/open?id=0Bywkl6BVONx0NFNKNTQxQjlsSFVFRTlMYy1zZFFPeGdNaTRn\">Orientacions fam\u00edlies algorismes matem\u00e0tics document en paper<\/a><\/span><\/h4>\n<\/li>\n<li>\n<h4><span style=\"color: #800080;\"><a style=\"color: #800080;\" href=\"https:\/\/drive.google.com\/open?id=1FkTJWfE2Avy7MALygygOa89dd4mCpOIj\">Orientacions control parental TAC del CESICAT<\/a><\/span><\/h4>\n<\/li>\n<li>\n<h4><span style=\"color: #800080;\"><a style=\"color: #800080;\" href=\"https:\/\/drive.google.com\/file\/d\/1BAhcakq1nw9nsCnylGe1-SiZ3G5sZ90T\/view?usp=sharing\">Orientacions de centre sobre l&#8217;\u00fas de les TAC<\/a><\/span><\/h4>\n<\/li>\n<\/ul>\n<h4>\u00a0<\/h4>\n<ul style=\"list-style-type: disc;\">\n<li>\n<h4><span style=\"color: #800080;\"><strong>ALTRES:<\/strong><\/span><\/h4>\n<\/li>\n<\/ul>\n<p><a href=\"https:\/\/es.slideshare.net\/secret\/2CmHCnzkaLypRl\">https:\/\/es.slideshare.net\/secret\/2CmHCnzkaLypRl<\/a><\/p>\n<p><iframe loading=\"lazy\" src=\"https:\/\/www.slideshare.net\/slideshow\/embed_code\/key\/2oez5618zot4Wh?hostedIn=slideshare&amp;page=upload\" width=\"476\" height=\"400\" frameborder=\"0\" marginwidth=\"0\" marginheight=\"0\" scrolling=\"no\"><\/iframe><\/p>\n<h3><a href=\"https:\/\/drive.google.com\/file\/d\/1dT8juBQf0lkEBtz0e2ItuiV8qPu0rck8\/view?usp=drive_link\"><span style=\"color: #800080;\">Revista 2023 <\/span><\/a><\/h3>\n<p><a href=\"https:\/\/www.canva.com\/design\/DAFHVP7r6R4\/view?utm_content=DAFHVP7r6R4&amp;utm_campaign=designshare&amp;utm_medium=embeds&amp;utm_source=link\" target=\"_blank\" rel=\"noopener\">Revista_2022.pdf<\/a> de Escola Sant Vicen\u00e7<\/p>\n\n\n<p><\/p>\n","protected":false},"excerpt":{"rendered":"<p>AUTORITZACIONS: Autoritzaci\u00f3 medicaments Autoritzaci\u00f3 recollida d&#8217;alumnes Autoritzaci\u00f3 sortides Mollet \u00a0 INSCRIPCIONS SERVEIS O ACTIVITATS Extraescolars\u00a0 Inscripcions menjador\u00a0 \u00a0 DOCUMENTS SECRETARIA: [&hellip;]<\/p>\n","protected":false},"author":1,"featured_media":0,"parent":0,"menu_order":0,"comment_status":"closed","ping_status":"closed","template":"","meta":{"_bbp_topic_count":0,"_bbp_reply_count":0,"_bbp_total_topic_count":0,"_bbp_total_reply_count":0,"_bbp_voice_count":0,"_bbp_anonymous_reply_count":0,"_bbp_topic_count_hidden":0,"_bbp_reply_count_hidden":0,"_bbp_forum_subforum_count":0,"site-sidebar-layout":"default","site-content-layout":"","ast-site-content-layout":"full-width-container","site-content-style":"default","site-sidebar-style":"default","ast-global-header-display":"","ast-banner-title-visibility":"","ast-main-header-display":"","ast-hfb-above-header-display":"","ast-hfb-below-header-display":"","ast-hfb-mobile-header-display":"","site-post-title":"","ast-breadcrumbs-content":"","ast-featured-img":"","footer-sml-layout":"","theme-transparent-header-meta":"default","adv-header-id-meta":"","stick-header-meta":"","header-above-stick-meta":"","header-main-stick-meta":"","header-below-stick-meta":"","astra-migrate-meta-layouts":"set","ast-page-background-enabled":"default","ast-page-background-meta":{"desktop":{"background-color":"var(--ast-global-color-4)","background-image":"","background-repeat":"repeat","background-position":"center center","background-size":"auto","background-attachment":"scroll","background-type":"","background-media":"","overlay-type":"","overlay-color":"","overlay-opacity":"","overlay-gradient":""},"tablet":{"background-color":"","background-image":"","background-repeat":"repeat","background-position":"center center","background-size":"auto","background-attachment":"scroll","background-type":"","background-media":"","overlay-type":"","overlay-color":"","overlay-opacity":"","overlay-gradient":""},"mobile":{"background-color":"","background-image":"","background-repeat":"repeat","background-position":"center center","background-size":"auto","background-attachment":"scroll","background-type":"","background-media":"","overlay-type":"","overlay-color":"","overlay-opacity":"","overlay-gradient":""}},"ast-content-background-meta":{"desktop":{"background-color":"var(--ast-global-color-5)","background-image":"","background-repeat":"repeat","background-position":"center center","background-size":"auto","background-attachment":"scroll","background-type":"","background-media":"","overlay-type":"","overlay-color":"","overlay-opacity":"","overlay-gradient":""},"tablet":{"background-color":"var(--ast-global-color-5)","background-image":"","background-repeat":"repeat","background-position":"center center","background-size":"auto","background-attachment":"scroll","background-type":"","background-media":"","overlay-type":"","overlay-color":"","overlay-opacity":"","overlay-gradient":""},"mobile":{"background-color":"var(--ast-global-color-5)","background-image":"","background-repeat":"repeat","background-position":"center center","background-size":"auto","background-attachment":"scroll","background-type":"","background-media":"","overlay-type":"","overlay-color":"","overlay-opacity":"","overlay-gradient":""}},"footnotes":""},"class_list":["post-36","page","type-page","status-publish","hentry"],"post_mailing_queue_ids":[],"_links":{"self":[{"href":"https:\/\/agora.xtec.cat\/escolasantvi\/wp-json\/wp\/v2\/pages\/36","targetHints":{"allow":["GET"]}}],"collection":[{"href":"https:\/\/agora.xtec.cat\/escolasantvi\/wp-json\/wp\/v2\/pages"}],"about":[{"href":"https:\/\/agora.xtec.cat\/escolasantvi\/wp-json\/wp\/v2\/types\/page"}],"author":[{"embeddable":true,"href":"https:\/\/agora.xtec.cat\/escolasantvi\/wp-json\/wp\/v2\/users\/1"}],"replies":[{"embeddable":true,"href":"https:\/\/agora.xtec.cat\/escolasantvi\/wp-json\/wp\/v2\/comments?post=36"}],"version-history":[{"count":5,"href":"https:\/\/agora.xtec.cat\/escolasantvi\/wp-json\/wp\/v2\/pages\/36\/revisions"}],"predecessor-version":[{"id":5232,"href":"https:\/\/agora.xtec.cat\/escolasantvi\/wp-json\/wp\/v2\/pages\/36\/revisions\/5232"}],"wp:attachment":[{"href":"https:\/\/agora.xtec.cat\/escolasantvi\/wp-json\/wp\/v2\/media?parent=36"}],"curies":[{"name":"wp","href":"https:\/\/api.w.org\/{rel}","templated":true}]}}