{"id":3598,"date":"2022-02-15T13:16:46","date_gmt":"2022-02-15T12:16:46","guid":{"rendered":"https:\/\/agora.xtec.cat\/escolasantvi\/?page_id=3598"},"modified":"2026-02-22T12:32:14","modified_gmt":"2026-02-22T11:32:14","slug":"equip-educatiu-2","status":"publish","type":"page","link":"https:\/\/agora.xtec.cat\/escolasantvi\/equip-educatiu-2\/","title":{"rendered":"Equip Educatiu"},"content":{"rendered":"\n<div class=\"wp-block-getwid-section alignfull getwid-section-content-custom-width\"><div class=\"wp-block-getwid-section__wrapper getwid-padding-top-large getwid-padding-bottom-large getwid-padding-left-medium getwid-padding-right-medium\" style=\"min-height:50vh\"><div class=\"wp-block-getwid-section__inner-wrapper\" style=\"max-width:740px\"><div class=\"wp-block-getwid-section__background-holder\"><div class=\"wp-block-getwid-section__background has-background has-cyan-bluish-gray-background-color\" style=\"background-image:url('https:\/\/agora.xtec.cat\/escolasantvi\/wp-content\/uploads\/usu1759\/2025\/09\/87e12b0c-9240-4308-a345-de5ab0c72d1f.jpeg')\"><div class=\"wp-block-getwid-section__background-image-wrapper\"><img decoding=\"async\" class=\"wp-block-getwid-section__background-image\" src=\"https:\/\/agora.xtec.cat\/escolasantvi\/wp-content\/uploads\/usu1759\/2025\/09\/87e12b0c-9240-4308-a345-de5ab0c72d1f.jpeg\" alt=\"mestres 25_26\"\/><\/div><\/div><div class=\"wp-block-getwid-section__foreground\"><\/div><\/div><div class=\"wp-block-getwid-section__content\"><div class=\"wp-block-getwid-section__inner-content\">\n<div class=\"wp-block-getwid-advanced-spacer\" style=\"height:21px\" aria-hidden=\"true\"><\/div>\n<\/div><\/div><\/div><\/div><\/div>\n\n\n\n<figure class=\"wp-block-table\"><table class=\"has-fixed-layout\"><tbody><tr><td><strong>EQUIP DIRECTIU<\/strong><\/td><\/tr><tr><td>Directora:<br><a href=\"https:\/\/drive.google.com\/file\/d\/1tFoKY3OxX6yCRYEYLzR4P2_dHwJrS9d9\/view?usp=sharing\">Montse Farell<\/a> &nbsp; &nbsp; &nbsp; &nbsp; &nbsp; &nbsp; &nbsp; &nbsp; &nbsp; &nbsp; &nbsp; montsefarell@escolasantvi.cat<br>Cap d&#8217;estudis<br><a href=\"https:\/\/drive.google.com\/file\/d\/1QTAWS5cPmZZVeLh4kD1aL3tVox_duNFV\/view?usp=sharing\">Raquel Fern\u00e1ndez<\/a>&nbsp; &nbsp; &nbsp; &nbsp; &nbsp; raquelfernandez@escolasantvi.cat<br>Secret\u00e0ria<br><a href=\"https:\/\/drive.google.com\/file\/d\/17iPIevhBlXsIxZQAmL3QfxvsUZsvCJTV\/view?usp=sharing\">Pilar Ramos<\/a>&nbsp; &nbsp; &nbsp; &nbsp; &nbsp; &nbsp; &nbsp; &nbsp; &nbsp; &nbsp; &nbsp; &nbsp; &nbsp; &nbsp; &nbsp; secretaria@escolasantvi.cat<\/td><\/tr><tr><td><strong>COORDINADORES<\/strong><\/td><\/tr><tr><td>TRAM PETITS<br>Carme Reina<br>TRAM MITJANS<br>Marta Serra<br>TRAM GRANS<br>Susana L\u00f3pez<br>TAC<br>Al\u00edcia G\u00f3mez<br>RISCOS LABORALS<br>Miquel Coll<br>LIC<br>Erika Calder\u00f3n<br>COCOBE<br>Marta L\u00f3pez&nbsp;<\/td><\/tr><tr><td><strong>TUTORIES<\/strong><\/td><\/tr><tr><td><strong>INFANTIL<\/strong><br>I3A_Marta Arjona, I3B_Chus S\u00e1nchez, I4A_Ruth Moral, I4B_Merc\u00e8 Celma, I5_Elena Mihi.<br><br><strong>PRIM\u00c0RIA<\/strong><br>Primer cicle<br>1A_Mati Hern\u00e1ndez, 1B_Llu\u00efsa Santana,_2n Marta Serra.<br>Segon cicle<br>3A_Irene Macedo\/Mar Bud\u00ed, 3B_Marta Vicente, 4A_Erika Calder\u00f3n, 4B_Pilar Ramos<br>Tercer cicle<br>5A_Alba Ib\u00e1\u00f1ez, 5B_Rub\u00e8n Fuertes, 6A_Eva Morata, 6B_Alicia G\u00f3mez<\/td><\/tr><tr><td><strong>ESPECIALISTES<\/strong><\/td><\/tr><tr><td>MESI<br>Susana L\u00f3pez, M\u00edriam Miras, Alba Ib\u00e1\u00f1ez i Montse Farell<br>Angl\u00e8s<br>Raquel Fern\u00e1ndez, Al\u00edcia G\u00f3mez i Marta L\u00f3pez<br>Ed. F\u00edsica<br>Rub\u00e9n Palma i Miquel Coll<br>M\u00fasica<br>Raquel Santoro<br>SIEI<br>Pere Jaume<br>Castell\u00e0<br>Lupe Sayabera<\/td><\/tr><tr><td><strong>PAS&nbsp; i ALTRE PERSONAL<\/strong><\/td><\/tr><tr><td>TEI<br>Fran Ruiz<br>AEE<br>Maria Jos\u00e9 Bautista<br>Administrativa<br>S\u00f2nia L\u00f3pez<br>Vetlladora<br>Juani Blaya<br>Conserge<br>Anabel Salguero<br>Coordinadora de menjador<br>Karla Gasc\u00f3n<\/td><\/tr><\/tbody><\/table><\/figure>\n\n\n\n<p><\/p>\n","protected":false},"excerpt":{"rendered":"<p>EQUIP DIRECTIU Directora:Montse Farell &nbsp; &nbsp; &nbsp; &nbsp; &nbsp; &nbsp; &nbsp; &nbsp; &nbsp; &nbsp; &nbsp; montsefarell@escolasantvi.catCap d&#8217;estudisRaquel Fern\u00e1ndez&nbsp; &nbsp; &nbsp; [&hellip;]<\/p>\n","protected":false},"author":1,"featured_media":0,"parent":0,"menu_order":0,"comment_status":"closed","ping_status":"closed","template":"","meta":{"_bbp_topic_count":0,"_bbp_reply_count":0,"_bbp_total_topic_count":0,"_bbp_total_reply_count":0,"_bbp_voice_count":0,"_bbp_anonymous_reply_count":0,"_bbp_topic_count_hidden":0,"_bbp_reply_count_hidden":0,"_bbp_forum_subforum_count":0,"site-sidebar-layout":"default","site-content-layout":"","ast-site-content-layout":"default","site-content-style":"default","site-sidebar-style":"default","ast-global-header-display":"","ast-banner-title-visibility":"","ast-main-header-display":"","ast-hfb-above-header-display":"","ast-hfb-below-header-display":"","ast-hfb-mobile-header-display":"","site-post-title":"disabled","ast-breadcrumbs-content":"","ast-featured-img":"","footer-sml-layout":"","theme-transparent-header-meta":"","adv-header-id-meta":"","stick-header-meta":"","header-above-stick-meta":"","header-main-stick-meta":"","header-below-stick-meta":"","astra-migrate-meta-layouts":"set","ast-page-background-enabled":"default","ast-page-background-meta":{"desktop":{"background-color":"var(--ast-global-color-4)","background-image":"","background-repeat":"repeat","background-position":"center center","background-size":"auto","background-attachment":"scroll","background-type":"","background-media":"","overlay-type":"","overlay-color":"","overlay-opacity":"","overlay-gradient":""},"tablet":{"background-color":"","background-image":"","background-repeat":"repeat","background-position":"center center","background-size":"auto","background-attachment":"scroll","background-type":"","background-media":"","overlay-type":"","overlay-color":"","overlay-opacity":"","overlay-gradient":""},"mobile":{"background-color":"","background-image":"","background-repeat":"repeat","background-position":"center center","background-size":"auto","background-attachment":"scroll","background-type":"","background-media":"","overlay-type":"","overlay-color":"","overlay-opacity":"","overlay-gradient":""}},"ast-content-background-meta":{"desktop":{"background-color":"var(--ast-global-color-5)","background-image":"","background-repeat":"repeat","background-position":"center center","background-size":"auto","background-attachment":"scroll","background-type":"","background-media":"","overlay-type":"","overlay-color":"","overlay-opacity":"","overlay-gradient":""},"tablet":{"background-color":"var(--ast-global-color-5)","background-image":"","background-repeat":"repeat","background-position":"center center","background-size":"auto","background-attachment":"scroll","background-type":"","background-media":"","overlay-type":"","overlay-color":"","overlay-opacity":"","overlay-gradient":""},"mobile":{"background-color":"var(--ast-global-color-5)","background-image":"","background-repeat":"repeat","background-position":"center center","background-size":"auto","background-attachment":"scroll","background-type":"","background-media":"","overlay-type":"","overlay-color":"","overlay-opacity":"","overlay-gradient":""}},"footnotes":""},"class_list":["post-3598","page","type-page","status-publish","hentry"],"post_mailing_queue_ids":[],"_links":{"self":[{"href":"https:\/\/agora.xtec.cat\/escolasantvi\/wp-json\/wp\/v2\/pages\/3598","targetHints":{"allow":["GET"]}}],"collection":[{"href":"https:\/\/agora.xtec.cat\/escolasantvi\/wp-json\/wp\/v2\/pages"}],"about":[{"href":"https:\/\/agora.xtec.cat\/escolasantvi\/wp-json\/wp\/v2\/types\/page"}],"author":[{"embeddable":true,"href":"https:\/\/agora.xtec.cat\/escolasantvi\/wp-json\/wp\/v2\/users\/1"}],"replies":[{"embeddable":true,"href":"https:\/\/agora.xtec.cat\/escolasantvi\/wp-json\/wp\/v2\/comments?post=3598"}],"version-history":[{"count":5,"href":"https:\/\/agora.xtec.cat\/escolasantvi\/wp-json\/wp\/v2\/pages\/3598\/revisions"}],"predecessor-version":[{"id":5267,"href":"https:\/\/agora.xtec.cat\/escolasantvi\/wp-json\/wp\/v2\/pages\/3598\/revisions\/5267"}],"wp:attachment":[{"href":"https:\/\/agora.xtec.cat\/escolasantvi\/wp-json\/wp\/v2\/media?parent=3598"}],"curies":[{"name":"wp","href":"https:\/\/api.w.org\/{rel}","templated":true}]}}