{"id":3032,"date":"2023-12-17T12:10:57","date_gmt":"2023-12-17T11:10:57","guid":{"rendered":"http:\/\/agora.xtec.cat\/escolasantvi\/?page_id=3032"},"modified":"2025-08-04T11:12:57","modified_gmt":"2025-08-04T09:12:57","slug":"innovacio-steamcat","status":"publish","type":"page","link":"https:\/\/agora.xtec.cat\/escolasantvi\/projecte-educatiu\/innovacio-steamcat\/","title":{"rendered":"Innovaci\u00f3 STEAMcat"},"content":{"rendered":"<h3><\/h3>\n<h3><a href=\"https:\/\/sites.google.com\/xtec.cat\/tallers-cientfics-sant-vicen?usp=sharing\" target=\"_blank\" rel=\"noopener\"><span style=\"color: #808080;\">Espai web de Tallers cient\u00edfics Escola Sant Vicen\u00e7<\/span><\/a><a href=\"https:\/\/sites.google.com\/xtec.cat\/tallers-cientfics-sant-vicen?usp=sharing\" target=\"_blank\" rel=\"noopener\"><img loading=\"lazy\" decoding=\"async\" class=\"aligncenter wp-image-4552 size-full\" src=\"https:\/\/agora.xtec.cat\/escolasantvi\/wp-content\/uploads\/usu1759\/2024\/03\/capcalera-web-tallers-cientifics.jpg\" alt=\"\" width=\"1523\" height=\"441\" srcset=\"https:\/\/agora.xtec.cat\/escolasantvi\/wp-content\/uploads\/usu1759\/2024\/03\/capcalera-web-tallers-cientifics.jpg 1523w, https:\/\/agora.xtec.cat\/escolasantvi\/wp-content\/uploads\/usu1759\/2024\/03\/capcalera-web-tallers-cientifics-300x87.jpg 300w, https:\/\/agora.xtec.cat\/escolasantvi\/wp-content\/uploads\/usu1759\/2024\/03\/capcalera-web-tallers-cientifics-1024x297.jpg 1024w, https:\/\/agora.xtec.cat\/escolasantvi\/wp-content\/uploads\/usu1759\/2024\/03\/capcalera-web-tallers-cientifics-768x222.jpg 768w\" sizes=\"auto, (max-width: 1523px) 100vw, 1523px\" \/><\/a><\/h3>\n<h4><\/h4>\n<h4><a href=\"https:\/\/sites.google.com\/xtec.cat\/art-escolasantvi\/inici\" target=\"_blank\" rel=\"https:\/\/sites.google.com\/xtec.cat\/art-escolasantvi\/inici noopener\"><img loading=\"lazy\" decoding=\"async\" class=\"aligncenter wp-image-4554 size-full\" src=\"https:\/\/agora.xtec.cat\/escolasantvi\/wp-content\/uploads\/usu1759\/2024\/03\/capcalera-art-escolasantvi.png\" alt=\"\" width=\"1591\" height=\"368\" srcset=\"https:\/\/agora.xtec.cat\/escolasantvi\/wp-content\/uploads\/usu1759\/2024\/03\/capcalera-art-escolasantvi.png 1591w, https:\/\/agora.xtec.cat\/escolasantvi\/wp-content\/uploads\/usu1759\/2024\/03\/capcalera-art-escolasantvi-300x69.png 300w, https:\/\/agora.xtec.cat\/escolasantvi\/wp-content\/uploads\/usu1759\/2024\/03\/capcalera-art-escolasantvi-1024x237.png 1024w, https:\/\/agora.xtec.cat\/escolasantvi\/wp-content\/uploads\/usu1759\/2024\/03\/capcalera-art-escolasantvi-768x178.png 768w, https:\/\/agora.xtec.cat\/escolasantvi\/wp-content\/uploads\/usu1759\/2024\/03\/capcalera-art-escolasantvi-1536x355.png 1536w\" sizes=\"auto, (max-width: 1591px) 100vw, 1591px\" \/><\/a><\/h4>\n<h3><span style=\"color: #808080;\"><a style=\"color: #808080;\" href=\"https:\/\/sites.google.com\/xtec.cat\/art-escolasantvi\/inici\">Visita el nou espai web de Tallers art\u00edstics<\/a><\/span><\/h3>\n<h3><span style=\"color: #808080;\">Coneixes el Projecte d&#8217;Innovaci\u00f3 Steamcat?<\/span><\/h3>\n<p>Connectem la ci\u00e8ncia, l&#8217;enginyeria, la tecnologia, l&#8217;art i les matem\u00e0tiques a trav\u00e9s de projectes, reptes i situacions de forma interdisciplin\u00e0ria.<\/p>\n<p>A l&#8217;escola Sant Vicen\u00e7, volem que els nens i les nenes tinguin l&#8217;oportunitat de con\u00e8ixer el m\u00f3n amb les eines i saber que aquestes disciplines ens ofereixen. De vegades, a trav\u00e9s de l&#8217;exploraci\u00f3 lliure, altres vegades a trav\u00e9s de reptes investigables&#8230; i sempre, sempre, amb el guiatge de les bones preguntes.<\/p>\n<p>S\u00f3m escola Steamcat! Formant part del programa d&#8217;innovaci\u00f3 educativa del Departament d&#8217;Educaci\u00f3.<\/p>\n<div class=\"ast-oembed-container \" style=\"height: 100%;\"><iframe loading=\"lazy\" title=\"Visita Formativa STEAMcat, Escola Sant Vicen\u00e7\" width=\"500\" height=\"281\" src=\"https:\/\/www.youtube.com\/embed\/oO-AoQEWEfs?feature=oembed\" frameborder=\"0\" allow=\"accelerometer; autoplay; clipboard-write; encrypted-media; gyroscope; picture-in-picture; web-share\" referrerpolicy=\"strict-origin-when-cross-origin\" allowfullscreen><\/iframe><\/div>\n<h3>L&#8217;espai Tinkering reconegut com a pr\u00e0ctica educativa de refer\u00e8ncia <span style=\"color: #800080;\"><a style=\"color: #800080;\" href=\"https:\/\/drive.google.com\/file\/d\/1GTCwgXQ95mNIVIvsi7E_3AhZpmCBROYZ\/view?usp=drive_link\">2023_2024<\/a><\/span><\/h3>\n<div class=\"ast-oembed-container \" style=\"height: 100%;\"><iframe loading=\"lazy\" title=\"Escola Sant Vicen\u00e7 Mollet Participaire 4t 2024\" width=\"500\" height=\"375\" src=\"https:\/\/www.youtube.com\/embed\/i3Oe9YvVejA?feature=oembed\" frameborder=\"0\" allow=\"accelerometer; autoplay; clipboard-write; encrypted-media; gyroscope; picture-in-picture; web-share\" referrerpolicy=\"strict-origin-when-cross-origin\" allowfullscreen><\/iframe><\/div>\n<h5><span style=\"color: #808080;\">Els grups de 4t treballem el ParticipAire a partir del projecte de les plantes. Hem rebut la visita de l&#8217;Elia Tena que ens ha ajudat en la recerca.<\/span><\/h5>\n<h4><span style=\"color: #808080;\">#100t\u00edfiques. Celebrem el dia de la Dona Cient\u00edfica amb l&#8217;Andrea Villamizar.\u00a0<\/span><\/h4>\n<p><span style=\"color: #808080;\">L&#8217;Andrea \u00e9s una enginyera qu\u00edmica que treballa a una empresa de cosm\u00e8tica a Gav\u00e0. Ens ha explicat com ha arribat a ser enginyera i moltes coses sobre la feina que fa a la seva empresa.<\/span><\/p>\n<blockquote class=\"instagram-media\" style=\"background: #FFF; border: 0; border-radius: 3px; box-shadow: 0 0 1px 0 rgba(0,0,0,0.5),0 1px 10px 0 rgba(0,0,0,0.15); margin: 1px; max-width: 540px; min-width: 326px; padding: 0; width: calc(100% - 2px);\" data-instgrm-captioned=\"\" data-instgrm-permalink=\"https:\/\/www.instagram.com\/p\/C3GKvTLI6IC\/?utm_source=ig_embed&amp;utm_campaign=loading\" data-instgrm-version=\"14\">\n<div style=\"padding: 16px;\">\n<div style=\"display: flex; flex-direction: row; align-items: center;\">\n<div style=\"background-color: #f4f4f4; border-radius: 50%; flex-grow: 0; height: 40px; margin-right: 14px; width: 40px;\"><\/div>\n<div style=\"display: flex; flex-direction: column; flex-grow: 1; justify-content: center;\">\n<div style=\"background-color: #f4f4f4; border-radius: 4px; flex-grow: 0; height: 14px; margin-bottom: 6px; width: 100px;\"><\/div>\n<div style=\"background-color: #f4f4f4; border-radius: 4px; flex-grow: 0; height: 14px; width: 60px;\"><\/div>\n<\/div>\n<\/div>\n<div style=\"padding: 19% 0;\"><\/div>\n<div style=\"display: block; height: 50px; margin: 0 auto 12px; width: 50px;\"><\/div>\n<div style=\"padding-top: 8px;\">\n<div style=\"color: #3897f0; font-family: Arial,sans-serif; font-size: 14px; font-style: normal; font-weight: 550; line-height: 18px;\">Ver esta publicaci\u00f3n en Instagram<\/div>\n<\/div>\n<div style=\"padding: 12.5% 0;\"><\/div>\n<div style=\"display: flex; flex-direction: row; margin-bottom: 14px; align-items: center;\">\n<div>\n<div style=\"background-color: #f4f4f4; border-radius: 50%; height: 12.5px; width: 12.5px; transform: translateX(0px) translateY(7px);\"><\/div>\n<div style=\"background-color: #f4f4f4; height: 12.5px; transform: rotate(-45deg) translateX(3px) translateY(1px); width: 12.5px; flex-grow: 0; margin-right: 14px; margin-left: 2px;\"><\/div>\n<div style=\"background-color: #f4f4f4; border-radius: 50%; height: 12.5px; width: 12.5px; transform: translateX(9px) translateY(-18px);\"><\/div>\n<\/div>\n<div style=\"margin-left: 8px;\">\n<div style=\"background-color: #f4f4f4; border-radius: 50%; flex-grow: 0; height: 20px; width: 20px;\"><\/div>\n<div style=\"width: 0; height: 0; border-top: 2px solid transparent; border-left: 6px solid #f4f4f4; border-bottom: 2px solid transparent; transform: translateX(16px) translateY(-4px) rotate(30deg);\"><\/div>\n<\/div>\n<div style=\"margin-left: auto;\">\n<div style=\"width: 0px; border-top: 8px solid #F4F4F4; border-right: 8px solid transparent; transform: translateY(16px);\"><\/div>\n<div style=\"background-color: #f4f4f4; flex-grow: 0; height: 12px; width: 16px; transform: translateY(-4px);\"><\/div>\n<div style=\"width: 0; height: 0; border-top: 8px solid #F4F4F4; border-left: 8px solid transparent; transform: translateY(-4px) translateX(8px);\"><\/div>\n<\/div>\n<\/div>\n<div style=\"display: flex; flex-direction: column; flex-grow: 1; justify-content: center; margin-bottom: 24px;\">\n<div style=\"background-color: #f4f4f4; border-radius: 4px; flex-grow: 0; height: 14px; margin-bottom: 6px; width: 224px;\"><\/div>\n<div style=\"background-color: #f4f4f4; border-radius: 4px; flex-grow: 0; height: 14px; width: 144px;\"><\/div>\n<\/div>\n<p style=\"color: #c9c8cd; font-family: Arial,sans-serif; font-size: 14px; line-height: 17px; margin-bottom: 0; margin-top: 8px; overflow: hidden; padding: 8px 0 7px; text-align: center; text-overflow: ellipsis; white-space: nowrap;\"><a style=\"color: #c9c8cd; font-family: Arial,sans-serif; font-size: 14px; font-style: normal; font-weight: normal; line-height: 17px; text-decoration: none;\" href=\"https:\/\/www.instagram.com\/p\/C3GKvTLI6IC\/?utm_source=ig_embed&amp;utm_campaign=loading\" target=\"_blank\" rel=\"noopener\">Una publicaci\u00f3n compartida por Escola Sant Vicen\u00e7 Mollet (@escola_sant_vicenc)<\/a><\/p>\n<\/div>\n<\/blockquote>\n<p><script async src=\"\/\/www.instagram.com\/embed.js\"><\/script><\/p>\n<h3><span style=\"color: #808080;\"><a style=\"color: #808080;\" href=\"https:\/\/drive.google.com\/file\/d\/1uXTy8Nj0rIoIjc0KCInNY8RMtkRjl6Fc\/view?usp=sharing\">L&#8217;Espai Tinkering a la Revista <span class=\"il\">Guix<\/span><\/a><\/span><\/h3>\n<h5>L\u2019espai Tinkering Sant Vicen\u00e7 a la revista Guix\u00a0 <a href=\"https:\/\/drive.google.com\/file\/d\/1uXTy8Nj0rIoIjc0KCInNY8RMtkRjl6Fc\/view?usp=sharing\">(Guix n\u00ba 464 \u2022 Mar\u00e7 2020)<\/a>. Tamb\u00e9 revista Aula <a href=\"https:\/\/drive.google.com\/file\/d\/14Ew0ja5Kjh6Zw0mcoyqsKpen98EGQmYK\/view?usp=sharing\">(Aula n\u00ba291 \u2022 Marzo 2020)<\/a>.<\/h5>\n<blockquote class=\"wp-embedded-content\" data-secret=\"o3Ezn24rte\"><p><a href=\"https:\/\/agora.xtec.cat\/escolasantvi\/primaria\/espai-tinkering-curs-2019-2020\/\">Espai Tinkering curs 2019 &#8211; 2020<\/a><\/p><\/blockquote>\n<p><iframe loading=\"lazy\" class=\"wp-embedded-content\" sandbox=\"allow-scripts\" security=\"restricted\" style=\"position: absolute; visibility: hidden;\" title=\"&#8220;Espai Tinkering curs 2019 &#8211; 2020&#8221; &#8212; Escola Sant Vicen\u00e7\" src=\"https:\/\/agora.xtec.cat\/escolasantvi\/primaria\/espai-tinkering-curs-2019-2020\/embed\/#?secret=s9ZBrWGN42#?secret=o3Ezn24rte\" data-secret=\"o3Ezn24rte\" width=\"500\" height=\"282\" frameborder=\"0\" marginwidth=\"0\" marginheight=\"0\" scrolling=\"no\"><\/iframe><\/p>\n<blockquote class=\"twitter-tweet\" data-width=\"500\" data-dnt=\"true\">\n<p lang=\"ca\" dir=\"ltr\">A punt per reflexionar sobre el nou espai <a href=\"https:\/\/t.co\/7QZBZtLL9d\">pic.twitter.com\/7QZBZtLL9d<\/a><\/p>\n<p>&mdash; Escola Sant Vicen\u00e7 (@santvimollet) <a href=\"https:\/\/twitter.com\/santvimollet\/status\/1141671039820345345?ref_src=twsrc%5Etfw\">June 20, 2019<\/a><\/p><\/blockquote>\n<p><script async src=\"https:\/\/platform.twitter.com\/widgets.js\" charset=\"utf-8\"><\/script><\/p>\n<h5 class=\"gmail_attr\">Participem en el projecte de rob\u00f2tica educativa Retotech de la Fundaci\u00f3\u00a0 Endesa. Aquest mes de juny, el grup impulsor d\u2019aquest projecte anirem al congr\u00e9s de Barcelona.<\/h5>\n<h5 class=\"gmail_attr\"><a href=\"https:\/\/agora.xtec.cat\/escolasantvi\/wp-content\/uploads\/usu1759\/2022\/05\/Santvibot.jpg\"><img loading=\"lazy\" decoding=\"async\" class=\"wp-image-3902 alignleft\" src=\"https:\/\/agora.xtec.cat\/escolasantvi\/wp-content\/uploads\/usu1759\/2022\/05\/Santvibot.jpg\" alt=\"\" width=\"422\" height=\"271\" srcset=\"https:\/\/agora.xtec.cat\/escolasantvi\/wp-content\/uploads\/usu1759\/2022\/05\/Santvibot.jpg 770w, https:\/\/agora.xtec.cat\/escolasantvi\/wp-content\/uploads\/usu1759\/2022\/05\/Santvibot-300x193.jpg 300w, https:\/\/agora.xtec.cat\/escolasantvi\/wp-content\/uploads\/usu1759\/2022\/05\/Santvibot-768x494.jpg 768w\" sizes=\"auto, (max-width: 422px) 100vw, 422px\" \/><\/a><\/h5>\n<h5><a href=\"https:\/\/www.fundacionendesa.org\/es\/educacion\/retotech-proyecto-de-innovacion-educativa\/centros-participantes-tecnologia-educativa\/Col-legi-Sant-Vicenc\" target=\"_blank\" rel=\"noopener\" data-saferedirecturl=\"https:\/\/www.google.com\/url?q=https:\/\/www.fundacionendesa.org\/es\/educacion\/retotech-proyecto-de-innovacion-educativa\/centros-participantes-tecnologia-educativa\/Col-legi-Sant-Vicenc&amp;source=gmail&amp;ust=1651942290790000&amp;usg=AOvVaw1IvJK-vMHbzHMaXiKtugVr\">https:\/\/www.fundacionendesa.<wbr \/>org\/es\/educacion\/retotech-<wbr \/>proyecto-de-innovacion-<wbr \/>educativa\/centros-<wbr \/>participantes-tecnologia-<wbr \/>educativa\/Col-legi-Sant-Vicenc<\/a><\/h5>\n<p><iframe loading=\"lazy\" title=\"YouTube video player\" src=\"https:\/\/www.youtube.com\/embed\/Z6rc0VIc8tM\" width=\"560\" height=\"315\" frameborder=\"0\" allowfullscreen=\"allowfullscreen\"><\/iframe><\/p>\n<blockquote class=\"twitter-tweet\" data-width=\"500\" data-dnt=\"true\">\n<p lang=\"ca\" dir=\"ltr\">Als tallers STEAM, els nens i nenes de cicle mitj\u00e0, hem observat insectes amb les lupes binoculars. Hem apreciat detalls impossibles de veure a ull no. <a href=\"https:\/\/twitter.com\/hashtag\/STEAM?src=hash&amp;ref_src=twsrc%5Etfw\">#STEAM<\/a> <a href=\"https:\/\/twitter.com\/santvimollet?ref_src=twsrc%5Etfw\">@santvimollet<\/a> <a href=\"https:\/\/twitter.com\/ajmollet?ref_src=twsrc%5Etfw\">@ajmollet<\/a> <a href=\"https:\/\/twitter.com\/SSTTMVO?ref_src=twsrc%5Etfw\">@SSTTMVO<\/a> <a href=\"https:\/\/twitter.com\/CRPVOII?ref_src=twsrc%5Etfw\">@CRPVOII<\/a> <a href=\"https:\/\/t.co\/MjfWh61R9d\">pic.twitter.com\/MjfWh61R9d<\/a><\/p>\n<p>&mdash; Escola Sant Vicen\u00e7 (@santvimollet) <a href=\"https:\/\/twitter.com\/santvimollet\/status\/1197097570943881216?ref_src=twsrc%5Etfw\">November 20, 2019<\/a><\/p><\/blockquote>\n<p><script async src=\"https:\/\/platform.twitter.com\/widgets.js\" charset=\"utf-8\"><\/script><\/p>\n<blockquote class=\"twitter-tweet\" data-width=\"500\" data-dnt=\"true\">\n<p lang=\"ca\" dir=\"ltr\">Ara mateix 6\u00e8 immers en el projecte <a href=\"https:\/\/twitter.com\/hashtag\/ParticipAire?src=hash&amp;ref_src=twsrc%5Etfw\">#ParticipAire<\/a>. Els grups observen els filtres de registre de contaminaci\u00f3 a ull nu i tamb\u00e9 amb les lupes. <a href=\"https:\/\/twitter.com\/hashtag\/Ciencia?src=hash&amp;ref_src=twsrc%5Etfw\">#Ciencia<\/a> <a href=\"https:\/\/twitter.com\/hashtag\/Steam?src=hash&amp;ref_src=twsrc%5Etfw\">#Steam<\/a> <a href=\"https:\/\/twitter.com\/santvimollet?ref_src=twsrc%5Etfw\">@santvimollet<\/a> <a href=\"https:\/\/twitter.com\/CrecimUab?ref_src=twsrc%5Etfw\">@CrecimUab<\/a> <a href=\"https:\/\/twitter.com\/ajmollet?ref_src=twsrc%5Etfw\">@ajmollet<\/a> <a href=\"https:\/\/twitter.com\/SSTTMVO?ref_src=twsrc%5Etfw\">@SSTTMVO<\/a> <a href=\"https:\/\/t.co\/qMM68oVos1\">pic.twitter.com\/qMM68oVos1<\/a><\/p>\n<p>&mdash; Escola Sant Vicen\u00e7 (@santvimollet) <a href=\"https:\/\/twitter.com\/santvimollet\/status\/1215659958601121793?ref_src=twsrc%5Etfw\">January 10, 2020<\/a><\/p><\/blockquote>\n<p><script async src=\"https:\/\/platform.twitter.com\/widgets.js\" charset=\"utf-8\"><\/script><\/p>\n<blockquote class=\"twitter-tweet\" data-width=\"500\" data-dnt=\"true\">\n<p lang=\"ca\" dir=\"ltr\">Avui als tallers STEAM, els nens i nenes de 3r i 4t hem treballat amb les lupes binoculars. Hem pogut analitzar insectes i cabells entre d&#39;altres elements. <a href=\"https:\/\/twitter.com\/santvimollet?ref_src=twsrc%5Etfw\">@santvimollet<\/a> <a href=\"https:\/\/twitter.com\/ajmollet?ref_src=twsrc%5Etfw\">@ajmollet<\/a> <a href=\"https:\/\/twitter.com\/SSTTMVO?ref_src=twsrc%5Etfw\">@SSTTMVO<\/a> <a href=\"https:\/\/twitter.com\/hashtag\/STEAM?src=hash&amp;ref_src=twsrc%5Etfw\">#STEAM<\/a> <a href=\"https:\/\/t.co\/51SJj81HoH\">pic.twitter.com\/51SJj81HoH<\/a><\/p>\n<p>&mdash; Escola Sant Vicen\u00e7 (@santvimollet) <a href=\"https:\/\/twitter.com\/santvimollet\/status\/1228069951233286147?ref_src=twsrc%5Etfw\">February 13, 2020<\/a><\/p><\/blockquote>\n<p><script async src=\"https:\/\/platform.twitter.com\/widgets.js\" charset=\"utf-8\"><\/script><\/p>\n<blockquote class=\"twitter-tweet\" data-width=\"500\" data-dnt=\"true\">\n<p lang=\"ca\" dir=\"ltr\">Projecte Recerkids 5\u00e8. Recollim mostres d\u2019aigua per estudiar la contaminaci\u00f3 del riu Bes\u00f3s. <a href=\"https:\/\/twitter.com\/santvimollet?ref_src=twsrc%5Etfw\">@santvimollet<\/a> <a href=\"https:\/\/twitter.com\/ajmollet?ref_src=twsrc%5Etfw\">@ajmollet<\/a> <a href=\"https:\/\/twitter.com\/hashtag\/Recerkids?src=hash&amp;ref_src=twsrc%5Etfw\">#Recerkids<\/a> <a href=\"https:\/\/twitter.com\/hashtag\/ciencia?src=hash&amp;ref_src=twsrc%5Etfw\">#ciencia<\/a> <a href=\"https:\/\/twitter.com\/hashtag\/Bes%C3%B3s?src=hash&amp;ref_src=twsrc%5Etfw\">#Bes\u00f3s<\/a> <a href=\"https:\/\/t.co\/n9LjPJwGB1\">pic.twitter.com\/n9LjPJwGB1<\/a><\/p>\n<p>&mdash; Escola Sant Vicen\u00e7 (@santvimollet) <a href=\"https:\/\/twitter.com\/santvimollet\/status\/1229405245203210240?ref_src=twsrc%5Etfw\">February 17, 2020<\/a><\/p><\/blockquote>\n<p><script async src=\"https:\/\/platform.twitter.com\/widgets.js\" charset=\"utf-8\"><\/script><\/p>\n<blockquote class=\"twitter-tweet\" data-width=\"500\" data-dnt=\"true\">\n<p lang=\"ca\" dir=\"ltr\">Els de quart seguim amb el projecte STEAM sobre l\u2019energia. Avui provem els nostres forns solars! <a href=\"https:\/\/twitter.com\/hashtag\/Aprenemelsol?src=hash&amp;ref_src=twsrc%5Etfw\">#Aprenemelsol<\/a> <a href=\"https:\/\/twitter.com\/hashtag\/renovables?src=hash&amp;ref_src=twsrc%5Etfw\">#renovables<\/a> <a href=\"https:\/\/twitter.com\/hashtag\/ciencia?src=hash&amp;ref_src=twsrc%5Etfw\">#ciencia<\/a> <a href=\"https:\/\/twitter.com\/santvimollet?ref_src=twsrc%5Etfw\">@santvimollet<\/a> <a href=\"https:\/\/twitter.com\/ajmollet?ref_src=twsrc%5Etfw\">@ajmollet<\/a> <a href=\"https:\/\/twitter.com\/SSTTMVO?ref_src=twsrc%5Etfw\">@SSTTMVO<\/a> <a href=\"https:\/\/twitter.com\/CRPVOII?ref_src=twsrc%5Etfw\">@CRPVOII<\/a> <a href=\"https:\/\/t.co\/xbhcaeq69d\">pic.twitter.com\/xbhcaeq69d<\/a><\/p>\n<p>&mdash; Escola Sant Vicen\u00e7 (@santvimollet) <a href=\"https:\/\/twitter.com\/santvimollet\/status\/1349305698233024517?ref_src=twsrc%5Etfw\">January 13, 2021<\/a><\/p><\/blockquote>\n<p><script async src=\"https:\/\/platform.twitter.com\/widgets.js\" charset=\"utf-8\"><\/script><\/p>\n<blockquote class=\"twitter-tweet\" data-width=\"500\" data-dnt=\"true\">\n<p lang=\"ca\" dir=\"ltr\">Ho dibuixem. <a href=\"https:\/\/t.co\/92gQMNHmA8\">pic.twitter.com\/92gQMNHmA8<\/a><\/p>\n<p>&mdash; Escola Sant Vicen\u00e7 (@santvimollet) <a href=\"https:\/\/twitter.com\/santvimollet\/status\/1235510940642217985?ref_src=twsrc%5Etfw\">March 5, 2020<\/a><\/p><\/blockquote>\n<p><script async src=\"https:\/\/platform.twitter.com\/widgets.js\" charset=\"utf-8\"><\/script><\/p>\n<blockquote class=\"twitter-tweet\" data-width=\"500\" data-dnt=\"true\">\n<p lang=\"ca\" dir=\"ltr\">Hem observat la mesura de l\u2019electricitat provinent de les plaques solars i tamb\u00e9 el consum d\u2019una r\u00e0dio. Endevineu qu\u00e8 passa quan puges el nivell de so&#8230; <a href=\"https:\/\/t.co\/Q20vxdvp8F\">pic.twitter.com\/Q20vxdvp8F<\/a><\/p>\n<p>&mdash; Escola Sant Vicen\u00e7 (@santvimollet) <a href=\"https:\/\/twitter.com\/santvimollet\/status\/1235509503791165440?ref_src=twsrc%5Etfw\">March 5, 2020<\/a><\/p><\/blockquote>\n<p><script async src=\"https:\/\/platform.twitter.com\/widgets.js\" charset=\"utf-8\"><\/script><\/p>\n","protected":false},"excerpt":{"rendered":"<p>Espai web de Tallers cient\u00edfics Escola Sant Vicen\u00e7 Visita el nou espai web de Tallers art\u00edstics Coneixes el Projecte d&#8217;Innovaci\u00f3 [&hellip;]<\/p>\n","protected":false},"author":1,"featured_media":0,"parent":64,"menu_order":3,"comment_status":"closed","ping_status":"closed","template":"","meta":{"_bbp_topic_count":0,"_bbp_reply_count":0,"_bbp_total_topic_count":0,"_bbp_total_reply_count":0,"_bbp_voice_count":0,"_bbp_anonymous_reply_count":0,"_bbp_topic_count_hidden":0,"_bbp_reply_count_hidden":0,"_bbp_forum_subforum_count":0,"site-sidebar-layout":"default","site-content-layout":"","ast-site-content-layout":"default","site-content-style":"default","site-sidebar-style":"default","ast-global-header-display":"","ast-banner-title-visibility":"","ast-main-header-display":"","ast-hfb-above-header-display":"","ast-hfb-below-header-display":"","ast-hfb-mobile-header-display":"","site-post-title":"","ast-breadcrumbs-content":"","ast-featured-img":"","footer-sml-layout":"","theme-transparent-header-meta":"","adv-header-id-meta":"","stick-header-meta":"","header-above-stick-meta":"","header-main-stick-meta":"","header-below-stick-meta":"","astra-migrate-meta-layouts":"set","ast-page-background-enabled":"default","ast-page-background-meta":{"desktop":{"background-color":"var(--ast-global-color-4)","background-image":"","background-repeat":"repeat","background-position":"center center","background-size":"auto","background-attachment":"scroll","background-type":"","background-media":"","overlay-type":"","overlay-color":"","overlay-opacity":"","overlay-gradient":""},"tablet":{"background-color":"","background-image":"","background-repeat":"repeat","background-position":"center center","background-size":"auto","background-attachment":"scroll","background-type":"","background-media":"","overlay-type":"","overlay-color":"","overlay-opacity":"","overlay-gradient":""},"mobile":{"background-color":"","background-image":"","background-repeat":"repeat","background-position":"center center","background-size":"auto","background-attachment":"scroll","background-type":"","background-media":"","overlay-type":"","overlay-color":"","overlay-opacity":"","overlay-gradient":""}},"ast-content-background-meta":{"desktop":{"background-color":"var(--ast-global-color-5)","background-image":"","background-repeat":"repeat","background-position":"center center","background-size":"auto","background-attachment":"scroll","background-type":"","background-media":"","overlay-type":"","overlay-color":"","overlay-opacity":"","overlay-gradient":""},"tablet":{"background-color":"var(--ast-global-color-5)","background-image":"","background-repeat":"repeat","background-position":"center center","background-size":"auto","background-attachment":"scroll","background-type":"","background-media":"","overlay-type":"","overlay-color":"","overlay-opacity":"","overlay-gradient":""},"mobile":{"background-color":"var(--ast-global-color-5)","background-image":"","background-repeat":"repeat","background-position":"center center","background-size":"auto","background-attachment":"scroll","background-type":"","background-media":"","overlay-type":"","overlay-color":"","overlay-opacity":"","overlay-gradient":""}},"footnotes":""},"class_list":["post-3032","page","type-page","status-publish","hentry"],"post_mailing_queue_ids":[],"_links":{"self":[{"href":"https:\/\/agora.xtec.cat\/escolasantvi\/wp-json\/wp\/v2\/pages\/3032","targetHints":{"allow":["GET"]}}],"collection":[{"href":"https:\/\/agora.xtec.cat\/escolasantvi\/wp-json\/wp\/v2\/pages"}],"about":[{"href":"https:\/\/agora.xtec.cat\/escolasantvi\/wp-json\/wp\/v2\/types\/page"}],"author":[{"embeddable":true,"href":"https:\/\/agora.xtec.cat\/escolasantvi\/wp-json\/wp\/v2\/users\/1"}],"replies":[{"embeddable":true,"href":"https:\/\/agora.xtec.cat\/escolasantvi\/wp-json\/wp\/v2\/comments?post=3032"}],"version-history":[{"count":6,"href":"https:\/\/agora.xtec.cat\/escolasantvi\/wp-json\/wp\/v2\/pages\/3032\/revisions"}],"predecessor-version":[{"id":5033,"href":"https:\/\/agora.xtec.cat\/escolasantvi\/wp-json\/wp\/v2\/pages\/3032\/revisions\/5033"}],"up":[{"embeddable":true,"href":"https:\/\/agora.xtec.cat\/escolasantvi\/wp-json\/wp\/v2\/pages\/64"}],"wp:attachment":[{"href":"https:\/\/agora.xtec.cat\/escolasantvi\/wp-json\/wp\/v2\/media?parent=3032"}],"curies":[{"name":"wp","href":"https:\/\/api.w.org\/{rel}","templated":true}]}}