{"id":2934,"date":"2022-11-14T18:36:24","date_gmt":"2022-11-14T17:36:24","guid":{"rendered":"http:\/\/agora.xtec.cat\/escolasantvi\/?page_id=2934"},"modified":"2023-11-28T18:46:10","modified_gmt":"2023-11-28T17:46:10","slug":"https-sites-google-com-xtec-cat-santviuspsharing","status":"publish","type":"page","link":"https:\/\/agora.xtec.cat\/escolasantvi\/projecte-educatiu\/https-sites-google-com-xtec-cat-santviuspsharing\/","title":{"rendered":"Estrat\u00e8gia Digital de Centre"},"content":{"rendered":"<p><a href=\"https:\/\/agora.xtec.cat\/escolasantvi\/wp-content\/uploads\/usu1759\/2022\/02\/web-bee-bots.jpg\"><img loading=\"lazy\" decoding=\"async\" class=\" wp-image-3411 alignleft\" src=\"https:\/\/agora.xtec.cat\/escolasantvi\/wp-content\/uploads\/usu1759\/2022\/02\/web-bee-bots.jpg\" alt=\"\" width=\"689\" height=\"463\" srcset=\"https:\/\/agora.xtec.cat\/escolasantvi\/wp-content\/uploads\/usu1759\/2022\/02\/web-bee-bots.jpg 1024w, https:\/\/agora.xtec.cat\/escolasantvi\/wp-content\/uploads\/usu1759\/2022\/02\/web-bee-bots-300x202.jpg 300w, https:\/\/agora.xtec.cat\/escolasantvi\/wp-content\/uploads\/usu1759\/2022\/02\/web-bee-bots-768x516.jpg 768w\" sizes=\"auto, (max-width: 689px) 100vw, 689px\" \/><\/a><\/p>\n<h4><a href=\"https:\/\/sites.google.com\/xtec.cat\/santvi?usp=sharing\"><span style=\"color: #800080;\">ENLLA\u00c7 AL WEB D&#8217;ESTRAT\u00c8GIA DIGITAL DE CENTRE<\/span><\/a><\/h4>\n<p>A l\u2019escola Sant Vicen\u00e7 vetllem per l&#8217;equitat de tots els nens i nenes en l&#8217;acc\u00e9s a la tecnologia i als recursos digitals, impliquem a tota la comunitat educativa en les activitats digitals.<\/p>\n<p>Treballem la compet\u00e8ncia digital amb els infants treballant la seguretat de la xarxa i la idone\u00eftat dels usos tecnol\u00f2gics, actuant per prevenir el ciberassetjament, acc\u00e9s a continguts no apropiats, propagaci\u00f3 de <em>malware <\/em>o acc\u00e9s indegut a dades personals. Creiem que les tecnologies no s\u00f3n ni bones ni dolentes, dep\u00e8n de l\u00b4\u00fas que nosaltres i els infants en sapiguem fer.<\/p>\n<p>Organitzem el treball de la compet\u00e8ncia digital dels nens i nenes a nivell interdisciplinar. Un treball que \u00e9s concreta en les aules virtuals classroom de Google, l&#8217;\u00fas educatiu de les pissarres digitals, les sessions d&#8217;alfabetitzaci\u00f3 digital, l&#8217;\u00fas de tablets i port\u00e0tils en situacions d&#8217;aprenentatge significatives, l&#8217;\u00fas d&#8217;Apps educatives i de programaci\u00f3, etc. Per\u00f2 tamb\u00e9 vetllem pel compliment de la normativa vigent en relaci\u00f3 a la protecci\u00f3 de dades, l&#8217;\u00fas de les eines virtuals per comunicar i informar, la difusi\u00f3 de la tasca educativa a trav\u00e9s de la p\u00e0gina web, etc.<\/p>\n<p><a href=\"https:\/\/agora.xtec.cat\/escolasantvi\/wp-content\/uploads\/usu1759\/2022\/02\/web-allargada-informatica.jpg\"><img loading=\"lazy\" decoding=\"async\" class=\"wp-image-3412 alignright\" src=\"https:\/\/agora.xtec.cat\/escolasantvi\/wp-content\/uploads\/usu1759\/2022\/02\/web-allargada-informatica.jpg\" alt=\"\" width=\"710\" height=\"242\" srcset=\"https:\/\/agora.xtec.cat\/escolasantvi\/wp-content\/uploads\/usu1759\/2022\/02\/web-allargada-informatica.jpg 1024w, https:\/\/agora.xtec.cat\/escolasantvi\/wp-content\/uploads\/usu1759\/2022\/02\/web-allargada-informatica-300x102.jpg 300w, https:\/\/agora.xtec.cat\/escolasantvi\/wp-content\/uploads\/usu1759\/2022\/02\/web-allargada-informatica-768x262.jpg 768w\" sizes=\"auto, (max-width: 710px) 100vw, 710px\" \/><\/a><\/p>\n<p>Si voleu saber-ne m\u00e9s us enllacem uns documents:<\/p>\n<p><a href=\"https:\/\/drive.google.com\/file\/d\/1BAhcakq1nw9nsCnylGe1-SiZ3G5sZ90T\/view?usp=sharing\"><strong><span style=\"color: #800080;\">Document orientatiu per fam\u00edlies, alumnes i mestres TAC SEGURA<\/span><\/strong><\/a><\/p>\n<p><span style=\"color: #800080;\"><a style=\"color: #800080;\" href=\"https:\/\/drive.google.com\/file\/d\/1mJHwiKa8qFqIaQU1UsIrvZ-6XGOp7lYS\/view?usp=sharing2lVHkoo5watCsR78w2kGqN\"><strong>Pla TAC 2021 Escola Sant Vicen\u00e7<\/strong><\/a><\/span><\/p>\n<p><strong><span style=\"color: #800080;\"><a style=\"color: #800080;\" href=\"https:\/\/drive.google.com\/file\/d\/1tc3Uh5fXe7nuINmoga7kU-yIzLm8sDSy\/view?usp=sharing\">Pla TAC infantil<\/a><\/span><\/strong><\/p>\n<p><span style=\"color: #800080;\"><a style=\"color: #800080;\" href=\"https:\/\/drive.google.com\/file\/d\/1z8udWhYfitccENa4w5siB7e6geZIZTZ6\/view?usp=sharing\"><strong>\u00das_segur_de_les_xarxes_socials<\/strong><\/a>,\u00a0<strong>\u00a0<\/strong><a style=\"color: #800080;\" href=\"https:\/\/drive.google.com\/file\/d\/1FkTJWfE2Avy7MALygygOa89dd4mCpOIj\/view?usp=sharing\"><strong> Guia_control_parental,<\/strong><\/a><\/span><\/p>\n<h5><span style=\"color: #800080;\"><a style=\"color: #800080;\" href=\"https:\/\/www.aepd.es\/es\/prensa-y-comunicacion\/notas-de-prensa\/la-aepd-y-unicef-espana-ofrecen-las-familias-las-claves-que\">ABANS DE REGALAR UN M\u00d2BIL<\/a><\/span><\/h5>\n<p>&nbsp;<\/p>\n<h4><\/h4>\n<p>&nbsp;<\/p>\n","protected":false},"excerpt":{"rendered":"<p>ENLLA\u00c7 AL WEB D&#8217;ESTRAT\u00c8GIA DIGITAL DE CENTRE A l\u2019escola Sant Vicen\u00e7 vetllem per l&#8217;equitat de tots els nens i nenes [&hellip;]<\/p>\n","protected":false},"author":1,"featured_media":0,"parent":64,"menu_order":2,"comment_status":"closed","ping_status":"closed","template":"page-templates\/side-menu.php","meta":{"_bbp_topic_count":0,"_bbp_reply_count":0,"_bbp_total_topic_count":0,"_bbp_total_reply_count":0,"_bbp_voice_count":0,"_bbp_anonymous_reply_count":0,"_bbp_topic_count_hidden":0,"_bbp_reply_count_hidden":0,"_bbp_forum_subforum_count":0,"site-sidebar-layout":"default","site-content-layout":"","ast-site-content-layout":"","site-content-style":"default","site-sidebar-style":"default","ast-global-header-display":"","ast-banner-title-visibility":"","ast-main-header-display":"","ast-hfb-above-header-display":"","ast-hfb-below-header-display":"","ast-hfb-mobile-header-display":"","site-post-title":"","ast-breadcrumbs-content":"","ast-featured-img":"","footer-sml-layout":"","theme-transparent-header-meta":"","adv-header-id-meta":"","stick-header-meta":"","header-above-stick-meta":"","header-main-stick-meta":"","header-below-stick-meta":"","astra-migrate-meta-layouts":"default","ast-page-background-enabled":"default","ast-page-background-meta":{"desktop":{"background-color":"var(--ast-global-color-4)","background-image":"","background-repeat":"repeat","background-position":"center center","background-size":"auto","background-attachment":"scroll","background-type":"","background-media":"","overlay-type":"","overlay-color":"","overlay-opacity":"","overlay-gradient":""},"tablet":{"background-color":"","background-image":"","background-repeat":"repeat","background-position":"center center","background-size":"auto","background-attachment":"scroll","background-type":"","background-media":"","overlay-type":"","overlay-color":"","overlay-opacity":"","overlay-gradient":""},"mobile":{"background-color":"","background-image":"","background-repeat":"repeat","background-position":"center center","background-size":"auto","background-attachment":"scroll","background-type":"","background-media":"","overlay-type":"","overlay-color":"","overlay-opacity":"","overlay-gradient":""}},"ast-content-background-meta":{"desktop":{"background-color":"var(--ast-global-color-5)","background-image":"","background-repeat":"repeat","background-position":"center center","background-size":"auto","background-attachment":"scroll","background-type":"","background-media":"","overlay-type":"","overlay-color":"","overlay-opacity":"","overlay-gradient":""},"tablet":{"background-color":"var(--ast-global-color-5)","background-image":"","background-repeat":"repeat","background-position":"center center","background-size":"auto","background-attachment":"scroll","background-type":"","background-media":"","overlay-type":"","overlay-color":"","overlay-opacity":"","overlay-gradient":""},"mobile":{"background-color":"var(--ast-global-color-5)","background-image":"","background-repeat":"repeat","background-position":"center center","background-size":"auto","background-attachment":"scroll","background-type":"","background-media":"","overlay-type":"","overlay-color":"","overlay-opacity":"","overlay-gradient":""}},"footnotes":""},"class_list":["post-2934","page","type-page","status-publish","hentry"],"post_mailing_queue_ids":[],"_links":{"self":[{"href":"https:\/\/agora.xtec.cat\/escolasantvi\/wp-json\/wp\/v2\/pages\/2934","targetHints":{"allow":["GET"]}}],"collection":[{"href":"https:\/\/agora.xtec.cat\/escolasantvi\/wp-json\/wp\/v2\/pages"}],"about":[{"href":"https:\/\/agora.xtec.cat\/escolasantvi\/wp-json\/wp\/v2\/types\/page"}],"author":[{"embeddable":true,"href":"https:\/\/agora.xtec.cat\/escolasantvi\/wp-json\/wp\/v2\/users\/1"}],"replies":[{"embeddable":true,"href":"https:\/\/agora.xtec.cat\/escolasantvi\/wp-json\/wp\/v2\/comments?post=2934"}],"version-history":[{"count":5,"href":"https:\/\/agora.xtec.cat\/escolasantvi\/wp-json\/wp\/v2\/pages\/2934\/revisions"}],"predecessor-version":[{"id":4412,"href":"https:\/\/agora.xtec.cat\/escolasantvi\/wp-json\/wp\/v2\/pages\/2934\/revisions\/4412"}],"up":[{"embeddable":true,"href":"https:\/\/agora.xtec.cat\/escolasantvi\/wp-json\/wp\/v2\/pages\/64"}],"wp:attachment":[{"href":"https:\/\/agora.xtec.cat\/escolasantvi\/wp-json\/wp\/v2\/media?parent=2934"}],"curies":[{"name":"wp","href":"https:\/\/api.w.org\/{rel}","templated":true}]}}