{"id":2867,"date":"2025-04-07T17:34:46","date_gmt":"2025-04-07T15:34:46","guid":{"rendered":"http:\/\/agora.xtec.cat\/escolasantvi\/?page_id=2867"},"modified":"2025-04-07T19:51:10","modified_gmt":"2025-04-07T17:51:10","slug":"afa","status":"publish","type":"page","link":"https:\/\/agora.xtec.cat\/escolasantvi\/afa\/","title":{"rendered":"Associaci\u00f3 de Fam\u00edlies d&#8217;Alumnes (AFA)"},"content":{"rendered":"<h5>Totes les mares i pares de l&#8217;escola som membres de l&#8217;AFA. L&#8217;AFA \u00e9s un element dinamitzador molt important de la nostra escola. Organitzem les activitats extraescolars, el servei d&#8217;acollida de mat\u00ed i tarda, la quota de cooperativa, excursions, festes, etc.<\/h5>\n<h3>CONTACTA AMB L&#8217;AFA<\/h3>\n<p><a href=\"https:\/\/agora.xtec.cat\/escolasantvi\/wp-content\/uploads\/usu1759\/2020\/10\/telefon.jpg\"><img loading=\"lazy\" decoding=\"async\" class=\" wp-image-3176 alignleft\" src=\"https:\/\/agora.xtec.cat\/escolasantvi\/wp-content\/uploads\/usu1759\/2020\/10\/telefon.jpg\" alt=\"\" width=\"141\" height=\"112\" \/><\/a><\/p>\n<h5>TEL. 935795610<\/h5>\n<h6>ampasantvicenc@gmail.com<\/h6>\n<p>&nbsp;<\/p>\n<p><a href=\"https:\/\/agora.xtec.cat\/escolasantvi\/portada\/festa-de-la-primavera\/attachment\/festa-primavera\/\" rel=\"attachment wp-att-4828\"><img loading=\"lazy\" decoding=\"async\" class=\"alignnone wp-image-4828 size-full\" src=\"https:\/\/agora.xtec.cat\/escolasantvi\/wp-content\/uploads\/usu1759\/2025\/04\/festa-primavera.jpg\" alt=\"\" width=\"1600\" height=\"900\" srcset=\"https:\/\/agora.xtec.cat\/escolasantvi\/wp-content\/uploads\/usu1759\/2025\/04\/festa-primavera.jpg 1600w, https:\/\/agora.xtec.cat\/escolasantvi\/wp-content\/uploads\/usu1759\/2025\/04\/festa-primavera-300x169.jpg 300w, https:\/\/agora.xtec.cat\/escolasantvi\/wp-content\/uploads\/usu1759\/2025\/04\/festa-primavera-1024x576.jpg 1024w, https:\/\/agora.xtec.cat\/escolasantvi\/wp-content\/uploads\/usu1759\/2025\/04\/festa-primavera-768x432.jpg 768w, https:\/\/agora.xtec.cat\/escolasantvi\/wp-content\/uploads\/usu1759\/2025\/04\/festa-primavera-1536x864.jpg 1536w\" sizes=\"auto, (max-width: 1600px) 100vw, 1600px\" \/><\/a><\/p>\n<p>Aquest any la Festa de la Primavera ha comptat amb tallers, jocs, inflables, xocolatada i el tradicional sorteig de Paneres de 6\u00e8. Ha fet un dia espectacular i ens ho hem passat d&#8217;all\u00f2 m\u00e9s b\u00e9! <a href=\"https:\/\/agora.xtec.cat\/escolasantvi\/portada\/festa-de-la-primavera\/\">(llegeix m\u00e9s)<\/a><\/p>\n<h5>La junta de l&#8217;AFA i les comissions organitzem les activitats i festes que fem durant el curs. Un cop a l&#8217;any fem una <a href=\"https:\/\/drive.google.com\/drive\/folders\/1E6Js7ENkQ-DVXIwukC3M2zstd8Pj3sYu?usp=drive_link\">assemblea general<\/a> per fer balan\u00e7 del curs i planificar el curs seg\u00fcent.<\/h5>\n<h5>L&#8217;AFA compta uns estatuts de la <a href=\"https:\/\/drive.google.com\/file\/d\/1efjC0um8A_Yidl3qzXvHVBr-716sZm7-\/view?usp=sharing\">COOPERATIVA ESCOLAR<\/a><\/h5>\n<p>&nbsp;<\/p>\n","protected":false},"excerpt":{"rendered":"<p>Totes les mares i pares de l&#8217;escola som membres de l&#8217;AFA. L&#8217;AFA \u00e9s un element dinamitzador molt important de la [&hellip;]<\/p>\n","protected":false},"author":1,"featured_media":0,"parent":0,"menu_order":0,"comment_status":"closed","ping_status":"closed","template":"","meta":{"_bbp_topic_count":0,"_bbp_reply_count":0,"_bbp_total_topic_count":0,"_bbp_total_reply_count":0,"_bbp_voice_count":0,"_bbp_anonymous_reply_count":0,"_bbp_topic_count_hidden":0,"_bbp_reply_count_hidden":0,"_bbp_forum_subforum_count":0,"site-sidebar-layout":"default","site-content-layout":"","ast-site-content-layout":"default","site-content-style":"default","site-sidebar-style":"default","ast-global-header-display":"","ast-banner-title-visibility":"","ast-main-header-display":"","ast-hfb-above-header-display":"","ast-hfb-below-header-display":"","ast-hfb-mobile-header-display":"","site-post-title":"","ast-breadcrumbs-content":"","ast-featured-img":"","footer-sml-layout":"","theme-transparent-header-meta":"default","adv-header-id-meta":"","stick-header-meta":"","header-above-stick-meta":"","header-main-stick-meta":"","header-below-stick-meta":"","astra-migrate-meta-layouts":"set","ast-page-background-enabled":"default","ast-page-background-meta":{"desktop":{"background-color":"var(--ast-global-color-4)","background-image":"","background-repeat":"repeat","background-position":"center center","background-size":"auto","background-attachment":"scroll","background-type":"","background-media":"","overlay-type":"","overlay-color":"","overlay-opacity":"","overlay-gradient":""},"tablet":{"background-color":"","background-image":"","background-repeat":"repeat","background-position":"center center","background-size":"auto","background-attachment":"scroll","background-type":"","background-media":"","overlay-type":"","overlay-color":"","overlay-opacity":"","overlay-gradient":""},"mobile":{"background-color":"","background-image":"","background-repeat":"repeat","background-position":"center center","background-size":"auto","background-attachment":"scroll","background-type":"","background-media":"","overlay-type":"","overlay-color":"","overlay-opacity":"","overlay-gradient":""}},"ast-content-background-meta":{"desktop":{"background-color":"var(--ast-global-color-5)","background-image":"","background-repeat":"repeat","background-position":"center center","background-size":"auto","background-attachment":"scroll","background-type":"","background-media":"","overlay-type":"","overlay-color":"","overlay-opacity":"","overlay-gradient":""},"tablet":{"background-color":"var(--ast-global-color-5)","background-image":"","background-repeat":"repeat","background-position":"center center","background-size":"auto","background-attachment":"scroll","background-type":"","background-media":"","overlay-type":"","overlay-color":"","overlay-opacity":"","overlay-gradient":""},"mobile":{"background-color":"var(--ast-global-color-5)","background-image":"","background-repeat":"repeat","background-position":"center center","background-size":"auto","background-attachment":"scroll","background-type":"","background-media":"","overlay-type":"","overlay-color":"","overlay-opacity":"","overlay-gradient":""}},"footnotes":""},"class_list":["post-2867","page","type-page","status-publish","hentry"],"post_mailing_queue_ids":[],"_links":{"self":[{"href":"https:\/\/agora.xtec.cat\/escolasantvi\/wp-json\/wp\/v2\/pages\/2867","targetHints":{"allow":["GET"]}}],"collection":[{"href":"https:\/\/agora.xtec.cat\/escolasantvi\/wp-json\/wp\/v2\/pages"}],"about":[{"href":"https:\/\/agora.xtec.cat\/escolasantvi\/wp-json\/wp\/v2\/types\/page"}],"author":[{"embeddable":true,"href":"https:\/\/agora.xtec.cat\/escolasantvi\/wp-json\/wp\/v2\/users\/1"}],"replies":[{"embeddable":true,"href":"https:\/\/agora.xtec.cat\/escolasantvi\/wp-json\/wp\/v2\/comments?post=2867"}],"version-history":[{"count":5,"href":"https:\/\/agora.xtec.cat\/escolasantvi\/wp-json\/wp\/v2\/pages\/2867\/revisions"}],"predecessor-version":[{"id":4834,"href":"https:\/\/agora.xtec.cat\/escolasantvi\/wp-json\/wp\/v2\/pages\/2867\/revisions\/4834"}],"wp:attachment":[{"href":"https:\/\/agora.xtec.cat\/escolasantvi\/wp-json\/wp\/v2\/media?parent=2867"}],"curies":[{"name":"wp","href":"https:\/\/api.w.org\/{rel}","templated":true}]}}